{"id":5303,"date":"2025-09-17T07:27:22","date_gmt":"2025-09-17T06:27:22","guid":{"rendered":"https:\/\/medicaltravel.ch\/tibbi-seyahat\/"},"modified":"2026-01-27T11:52:41","modified_gmt":"2026-01-27T10:52:41","slug":"tibbi-seyahat","status":"publish","type":"page","link":"https:\/\/medicaltravel.ch\/tr\/tibbi-seyahat\/","title":{"rendered":"T\u0131bbi Seyahat"},"content":{"rendered":"\t\t<div data-elementor-type=\"wp-page\" data-elementor-id=\"5303\" class=\"elementor elementor-5303 elementor-10\" data-elementor-post-type=\"page\">\n\t\t\t\t<div class=\"elementor-element elementor-element-305987de e-flex e-con-boxed wpr-particle-no wpr-jarallax-no wpr-parallax-no wpr-sticky-section-no e-con e-parent\" data-id=\"305987de\" data-element_type=\"container\" data-e-type=\"container\">\n\t\t\t\t\t<div class=\"e-con-inner\">\n\t\t\t\t<div class=\"elementor-element elementor-element-3a8b7047 elementor-widget elementor-widget-text-editor\" data-id=\"3a8b7047\" data-element_type=\"widget\" data-e-type=\"widget\" data-widget_type=\"text-editor.default\">\n\t\t\t\t\t\t\t\t\t<h2 class=\"wp-block-heading\">MEDICALTRAVEL HAKKINDA<\/h2><figure class=\"wp-block-image size-full\"><img fetchpriority=\"high\" decoding=\"async\" width=\"200\" height=\"250\" class=\"wp-image-263\" src=\"https:\/\/medicaltravel.ch\/wp-content\/uploads\/2025\/09\/MedicalTravel-Grunder-und-Geschaftsleiter-Serdar-Karaagacli.jpg\" alt=\"\" \/><\/figure><p>MedicalTravel, 4 Nisan 2006 tarihinde Serdar Karaaga\u00e7li taraf\u0131ndan sa\u011fl\u0131k turizmi dan\u0131\u015fmanl\u0131\u011f\u0131 firmas\u0131 olarak kurulmu\u015ftur.<\/p><p>MedicalTravel, istedi\u011finiz tedaviyi t\u0131bbi ve organizasyonel olarak y\u00fcksek kaliteli bir \u015fekilde ger\u00e7ekle\u015ftirmenizi sa\u011flamay\u0131 hedeflemektedir. Ayr\u0131ca, <a href=\"https:\/\/medicaltravel.ch\/warum-tuerkei\/staedte-der-tuerkei\/istanbul-als-stadt\/\" data-type=\"page\" data-id=\"20\">bu tedaviye \u0130stanbul<\/a>, Antalya veya \u0130zmir gibi g\u00fczel d\u00fcnya metropollerini ziyaret etmeyi de ekleyebilirsiniz.<\/p><p>Felsefemiz<br \/>Hizmetlerimizden ve operasyonunuzun kalitesinden memnuniyetinizi en y\u00fcksek \u00f6ncelik olarak kabul ediyoruz. Sizin iyili\u011finiz ve sa\u011fl\u0131\u011f\u0131n\u0131z, seyahatiniz ve operasyonunuz boyunca merkezde yer almaktad\u0131r. Sa\u011fl\u0131\u011f\u0131n\u0131zdan daha \u00f6nemli hi\u00e7bir \u015fey olamaz. Y\u00fczde 100 emin olmad\u0131\u011f\u0131m\u0131z hizmetleri sunmuyoruz.<\/p><h3 class=\"wp-block-heading\">Neden MedicalTravel?<\/h3><ul class=\"wp-block-list\"><li>T\u00fcrkiye&#8217;ye y\u00f6nelik t\u0131bbi turizm konusunda uzmanla\u015fm\u0131\u015f bir firmay\u0131z.<\/li><li>Uzun y\u0131llara dayanan deneyimimiz, sorunsuz bir s\u00fcre\u00e7 sa\u011flar.<\/li><li>Hizmetlerimizden halihaz\u0131rda y\u00fczlerce memnun hasta faydaland\u0131.<\/li><li>Sadece T\u00fcrkiye&#8217;de de\u011fil, \u0130svi\u00e7re&#8217;de de yetkin bir irtibat ki\u015fisine ihtiyac\u0131n\u0131z var.<\/li><li>A&#8217;dan Z&#8217;ye eksiksiz organizasyonumuz sayesinde hi\u00e7bir \u015fey i\u00e7in endi\u015felenmenize gerek yok.<\/li><li>Ameliyat sonras\u0131nda da sizinle ileti\u015fimde kalmaya devam edece\u011fiz.<\/li><li>\u0130svi\u00e7re&#8217;de \u00f6n ve son muayeneler bizimle m\u00fcmk\u00fcn; bu hizmeti ba\u015fka hi\u00e7bir sa\u011flay\u0131c\u0131 sunmuyor.<\/li><li>T\u00fcrkiye&#8217;nin en iyi klinikleriyle i\u015f birli\u011fi yapmak bizim i\u00e7in do\u011fal bir durumdur.<\/li><li>Orijinal fiyat garantimizi sunuyoruz: \u00fccretsiz ve ba\u011flay\u0131c\u0131 olmayan dan\u0131\u015fmanl\u0131k hizmeti.<\/li><li>\u00d6nceli\u011fimiz insanlard\u0131r. Ki\u015fiye \u00f6zel ve samimi hizmetimizin tad\u0131n\u0131 \u00e7\u0131kar\u0131n.<\/li><li>Operasyon sonras\u0131 memnuniyet \u00f6l\u00e7\u00fcmleri sayesinde s\u00fcrekli geli\u015fen y\u00fcksek bir kaliteye ula\u015f\u0131yoruz.<\/li><\/ul><h3 class=\"wp-block-heading\">T\u0131bbi seyahatlere ili\u015fkin etik standartlar\u0131m\u0131z<\/h3><ul class=\"wp-block-list\"><li>Biz d\u00fc\u015f\u00fck maliyetli bir cerrahi hizmet sa\u011flay\u0131c\u0131s\u0131 de\u011filiz. Ucuz olmak tek amac\u0131m\u0131z de\u011fil; aksine, bu durum T\u00fcrkiye&#8217;deki ya\u015fam maliyetinin \u0130svi\u00e7re&#8217;ye k\u0131yasla daha d\u00fc\u015f\u00fck olmas\u0131ndan kaynaklan\u0131yor.<\/li><li>Sa\u011fl\u0131k s\u00f6z konusu oldu\u011fu i\u00e7in kaliteden asla \u00f6d\u00fcn vermeyiz.<\/li><li>Ameliyat\u0131n\u0131z bizim \u00f6nceli\u011fimizdir. \u015eehirleri gezmek ise ara s\u0131ra kar\u015f\u0131m\u0131za \u00e7\u0131kan bir f\u0131rsatt\u0131r.<\/li><li>&#8220;Bir daha asla g\u00f6zl\u00fc\u011fe ihtiyac\u0131n\u0131z olmayacak&#8221; gibi ger\u00e7ek\u00e7i olmayan vaatlerde bulunmuyoruz. Reklamlar\u0131m\u0131z\u0131 asla fiyata g\u00f6re de\u011fil, kaliteye g\u00f6re yap\u0131yoruz.<\/li><li>Ameliyat olman\u0131z i\u00e7in size herhangi bir bask\u0131 yapmayaca\u011f\u0131z veya sizi zorlamayaca\u011f\u0131z.<\/li><\/ul><p><a href=\"https:\/\/medicaltravel.ch\/tr\/simdi-bize-ulasin\/\" data-type=\"page\" data-id=\"225\">Sizinle ileti\u015fime<\/a> ge\u00e7meyi d\u00f6rt g\u00f6zle bekliyoruz.<\/p>\t\t\t\t\t\t\t\t<\/div>\n\t\t\t\t\t<\/div>\n\t\t\t\t<\/div>\n\t\t\t\t<\/div>\n\t\t","protected":false},"excerpt":{"rendered":"<p>MEDICALTRAVEL HAKKINDA MedicalTravel, 4 Nisan 2006 tarihinde Serdar Karaaga\u00e7li taraf\u0131ndan sa\u011fl\u0131k turizmi dan\u0131\u015fmanl\u0131\u011f\u0131 firmas\u0131 olarak kurulmu\u015ftur. MedicalTravel, istedi\u011finiz tedaviyi t\u0131bbi ve organizasyonel olarak y\u00fcksek kaliteli bir \u015fekilde ger\u00e7ekle\u015ftirmenizi sa\u011flamay\u0131 hedeflemektedir. Ayr\u0131ca, bu tedaviye \u0130stanbul, Antalya veya \u0130zmir gibi g\u00fczel d\u00fcnya metropollerini ziyaret etmeyi de ekleyebilirsiniz. FelsefemizHizmetlerimizden ve operasyonunuzun kalitesinden memnuniyetinizi en y\u00fcksek \u00f6ncelik olarak kabul ediyoruz. Sizin iyili\u011finiz ve sa\u011fl\u0131\u011f\u0131n\u0131z, seyahatiniz ve operasyonunuz boyunca merkezde yer almaktad\u0131r. Sa\u011fl\u0131\u011f\u0131n\u0131zdan daha \u00f6nemli hi\u00e7bir \u015fey olamaz. Y\u00fczde 100 emin olmad\u0131\u011f\u0131m\u0131z hizmetleri sunmuyoruz. Neden MedicalTravel? T\u00fcrkiye&#8217;ye y\u00f6nelik t\u0131bbi turizm konusunda uzmanla\u015fm\u0131\u015f bir firmay\u0131z. Uzun y\u0131llara dayanan deneyimimiz, sorunsuz bir s\u00fcre\u00e7 sa\u011flar. Hizmetlerimizden halihaz\u0131rda y\u00fczlerce memnun hasta faydaland\u0131. Sadece T\u00fcrkiye&#8217;de de\u011fil, \u0130svi\u00e7re&#8217;de de yetkin bir irtibat ki\u015fisine ihtiyac\u0131n\u0131z var. A&#8217;dan Z&#8217;ye eksiksiz organizasyonumuz sayesinde hi\u00e7bir \u015fey i\u00e7in endi\u015felenmenize gerek yok. Ameliyat sonras\u0131nda da sizinle ileti\u015fimde kalmaya devam edece\u011fiz. \u0130svi\u00e7re&#8217;de \u00f6n ve son muayeneler bizimle m\u00fcmk\u00fcn; bu hizmeti ba\u015fka hi\u00e7bir sa\u011flay\u0131c\u0131 sunmuyor. T\u00fcrkiye&#8217;nin en iyi klinikleriyle i\u015f birli\u011fi yapmak bizim i\u00e7in do\u011fal bir durumdur. Orijinal fiyat garantimizi sunuyoruz: \u00fccretsiz ve ba\u011flay\u0131c\u0131 olmayan dan\u0131\u015fmanl\u0131k hizmeti. \u00d6nceli\u011fimiz insanlard\u0131r. Ki\u015fiye \u00f6zel ve samimi hizmetimizin tad\u0131n\u0131 \u00e7\u0131kar\u0131n. Operasyon sonras\u0131 memnuniyet \u00f6l\u00e7\u00fcmleri sayesinde s\u00fcrekli geli\u015fen y\u00fcksek bir kaliteye ula\u015f\u0131yoruz. T\u0131bbi seyahatlere ili\u015fkin etik standartlar\u0131m\u0131z Biz d\u00fc\u015f\u00fck maliyetli bir cerrahi hizmet sa\u011flay\u0131c\u0131s\u0131 de\u011filiz. Ucuz olmak tek amac\u0131m\u0131z de\u011fil; aksine, bu durum T\u00fcrkiye&#8217;deki ya\u015fam maliyetinin \u0130svi\u00e7re&#8217;ye k\u0131yasla daha d\u00fc\u015f\u00fck olmas\u0131ndan kaynaklan\u0131yor. Sa\u011fl\u0131k s\u00f6z konusu oldu\u011fu i\u00e7in kaliteden asla \u00f6d\u00fcn vermeyiz. Ameliyat\u0131n\u0131z bizim \u00f6nceli\u011fimizdir. \u015eehirleri gezmek ise ara s\u0131ra kar\u015f\u0131m\u0131za \u00e7\u0131kan bir f\u0131rsatt\u0131r. &#8220;Bir daha asla g\u00f6zl\u00fc\u011fe ihtiyac\u0131n\u0131z olmayacak&#8221; gibi ger\u00e7ek\u00e7i olmayan vaatlerde bulunmuyoruz. Reklamlar\u0131m\u0131z\u0131 asla fiyata g\u00f6re de\u011fil, kaliteye g\u00f6re yap\u0131yoruz. Ameliyat olman\u0131z i\u00e7in size herhangi bir bask\u0131 yapmayaca\u011f\u0131z veya sizi zorlamayaca\u011f\u0131z. Sizinle ileti\u015fime ge\u00e7meyi d\u00f6rt g\u00f6zle bekliyoruz.<\/p>\n","protected":false},"author":4,"featured_media":0,"parent":0,"menu_order":0,"comment_status":"closed","ping_status":"closed","template":"","meta":{"_joinchat":[],"footnotes":""},"class_list":["post-5303","page","type-page","status-publish","hentry"],"acf":[],"_links":{"self":[{"href":"https:\/\/medicaltravel.ch\/tr\/wp-json\/wp\/v2\/pages\/5303","targetHints":{"allow":["GET"]}}],"collection":[{"href":"https:\/\/medicaltravel.ch\/tr\/wp-json\/wp\/v2\/pages"}],"about":[{"href":"https:\/\/medicaltravel.ch\/tr\/wp-json\/wp\/v2\/types\/page"}],"author":[{"embeddable":true,"href":"https:\/\/medicaltravel.ch\/tr\/wp-json\/wp\/v2\/users\/4"}],"replies":[{"embeddable":true,"href":"https:\/\/medicaltravel.ch\/tr\/wp-json\/wp\/v2\/comments?post=5303"}],"version-history":[{"count":4,"href":"https:\/\/medicaltravel.ch\/tr\/wp-json\/wp\/v2\/pages\/5303\/revisions"}],"predecessor-version":[{"id":6843,"href":"https:\/\/medicaltravel.ch\/tr\/wp-json\/wp\/v2\/pages\/5303\/revisions\/6843"}],"wp:attachment":[{"href":"https:\/\/medicaltravel.ch\/tr\/wp-json\/wp\/v2\/media?parent=5303"}],"curies":[{"name":"wp","href":"https:\/\/api.w.org\/{rel}","templated":true}]}}