{"id":5315,"date":"2025-09-17T08:36:30","date_gmt":"2025-09-17T07:36:30","guid":{"rendered":"https:\/\/medicaltravel.ch\/kozmetik-cerrahi\/istanbulda-estetik-cerrahi-teklifi\/"},"modified":"2026-01-04T15:38:15","modified_gmt":"2026-01-04T14:38:15","slug":"istanbulda-estetik-cerrahi-teklifi","status":"publish","type":"page","link":"https:\/\/medicaltravel.ch\/tr\/kozmetik-cerrahi\/istanbulda-estetik-cerrahi-teklifi\/","title":{"rendered":"\u0130stanbul&#8217;da Estetik Cerrahi Teklifi"},"content":{"rendered":"\t\t<div data-elementor-type=\"wp-page\" data-elementor-id=\"5315\" class=\"elementor elementor-5315 elementor-106\" data-elementor-post-type=\"page\">\n\t\t\t\t<div class=\"elementor-element elementor-element-5822ec93 e-flex e-con-boxed wpr-particle-no wpr-jarallax-no wpr-parallax-no wpr-sticky-section-no e-con e-parent\" data-id=\"5822ec93\" data-element_type=\"container\" data-e-type=\"container\">\n\t\t\t\t\t<div class=\"e-con-inner\">\n\t\t<div class=\"elementor-element elementor-element-f718494 e-con-full e-flex wpr-particle-no wpr-jarallax-no wpr-parallax-no wpr-sticky-section-no e-con e-child\" data-id=\"f718494\" data-element_type=\"container\" data-e-type=\"container\">\n\t\t\t\t<div class=\"elementor-element elementor-element-bdce498 elementor-widget elementor-widget-button\" data-id=\"bdce498\" data-element_type=\"widget\" data-e-type=\"widget\" data-widget_type=\"button.default\">\n\t\t\t\t\t\t\t\t\t\t<a class=\"elementor-button elementor-button-link elementor-size-sm\" href=\"https:\/\/medicaltravel.ch\/schoenheitsoperation\/turkei-istanbul-schoenheitsreisen\/\">\n\t\t\t\t\t\t<span class=\"elementor-button-content-wrapper\">\n\t\t\t\t\t\t\t\t\t<span class=\"elementor-button-text\">G\u00fczellik gezileri<\/span>\n\t\t\t\t\t<\/span>\n\t\t\t\t\t<\/a>\n\t\t\t\t\t\t\t\t<\/div>\n\t\t\t\t<div class=\"elementor-element elementor-element-ea899f4 elementor-widget elementor-widget-button\" data-id=\"ea899f4\" data-element_type=\"widget\" data-e-type=\"widget\" data-widget_type=\"button.default\">\n\t\t\t\t\t\t\t\t\t\t<a class=\"elementor-button elementor-button-link elementor-size-sm\" href=\"https:\/\/medicaltravel.ch\/schoenheitsoperation\/die-spitaler\/schoenheitsklinik-in-istanbul\/\">\n\t\t\t\t\t\t<span class=\"elementor-button-content-wrapper\">\n\t\t\t\t\t\t\t\t\t<span class=\"elementor-button-text\">hastaneler<\/span>\n\t\t\t\t\t<\/span>\n\t\t\t\t\t<\/a>\n\t\t\t\t\t\t\t\t<\/div>\n\t\t\t\t<div class=\"elementor-element elementor-element-fa82775 elementor-widget elementor-widget-button\" data-id=\"fa82775\" data-element_type=\"widget\" data-e-type=\"widget\" data-widget_type=\"button.default\">\n\t\t\t\t\t\t\t\t\t\t<a class=\"elementor-button elementor-button-link elementor-size-sm\" href=\"https:\/\/medicaltravel.ch\/schoenheitsoperation\/behandlungsspektrum\/turkei-istanbul-brustoperationen\/\">\n\t\t\t\t\t\t<span class=\"elementor-button-content-wrapper\">\n\t\t\t\t\t\t\t\t\t<span class=\"elementor-button-text\">Tedavi yelpazesi<\/span>\n\t\t\t\t\t<\/span>\n\t\t\t\t\t<\/a>\n\t\t\t\t\t\t\t\t<\/div>\n\t\t\t\t<div class=\"elementor-element elementor-element-1c6e561 elementor-widget elementor-widget-button\" data-id=\"1c6e561\" data-element_type=\"widget\" data-e-type=\"widget\" data-widget_type=\"button.default\">\n\t\t\t\t\t\t\t\t\t\t<a class=\"elementor-button elementor-button-link elementor-size-sm\" href=\"https:\/\/medicaltravel.ch\/tr\/kozmetik-cerrahi\/istanbulda-estetik-cerrahi-teklifi\/\">\n\t\t\t\t\t\t<span class=\"elementor-button-content-wrapper\">\n\t\t\t\t\t\t\t\t\t<span class=\"elementor-button-text\">Teklif<\/span>\n\t\t\t\t\t<\/span>\n\t\t\t\t\t<\/a>\n\t\t\t\t\t\t\t\t<\/div>\n\t\t\t\t<div class=\"elementor-element elementor-element-ce17e85 elementor-widget elementor-widget-button\" data-id=\"ce17e85\" data-element_type=\"widget\" data-e-type=\"widget\" data-widget_type=\"button.default\">\n\t\t\t\t\t\t\t\t\t\t<a class=\"elementor-button elementor-button-link elementor-size-sm\" href=\"https:\/\/medicaltravel.ch\/schoenheitsoperation\/turkei-istanbul-preise\/\">\n\t\t\t\t\t\t<span class=\"elementor-button-content-wrapper\">\n\t\t\t\t\t\t\t\t\t<span class=\"elementor-button-text\">Fiyatlar<\/span>\n\t\t\t\t\t<\/span>\n\t\t\t\t\t<\/a>\n\t\t\t\t\t\t\t\t<\/div>\n\t\t\t\t<div class=\"elementor-element elementor-element-1392b78 elementor-widget elementor-widget-button\" data-id=\"1392b78\" data-element_type=\"widget\" data-e-type=\"widget\" data-widget_type=\"button.default\">\n\t\t\t\t\t\t\t\t\t\t<a class=\"elementor-button elementor-button-link elementor-size-sm\" href=\"https:\/\/medicaltravel.ch\/schoenheitsoperation\/vorher-nachher\/\">\n\t\t\t\t\t\t<span class=\"elementor-button-content-wrapper\">\n\t\t\t\t\t\t\t\t\t<span class=\"elementor-button-text\">\u00d6nce, sonra<\/span>\n\t\t\t\t\t<\/span>\n\t\t\t\t\t<\/a>\n\t\t\t\t\t\t\t\t<\/div>\n\t\t\t\t<\/div>\n\t\t\t\t<div class=\"elementor-element elementor-element-b6e1c20 elementor-widget elementor-widget-text-editor\" data-id=\"b6e1c20\" data-element_type=\"widget\" data-e-type=\"widget\" data-widget_type=\"text-editor.default\">\n\t\t\t\t\t\t\t\t\t\n<h2 class=\"wp-block-heading\"><strong>TEKL\u0130F: T\u00dcRK\u0130YE&#8217;YE G\u00dcZELL\u0130K GEZ\u0130LER\u0130<\/strong><\/h2>\n\n<h1 class=\"wp-block-heading\"><strong>T\u00fcrkiye&#8217;de Estetik Cerrahi &#8211; Teklif<\/strong><\/h1>\n\n<p>Amac\u0131m\u0131z, T\u00fcrkiye&#8217;nin muhte\u015fem \u015fehirlerindeki en iyi hastaneler sayesinde, en kaliteli t\u0131bbi ve organizasyonel hizmetlerle &#8220;birka\u00e7 kozmetik iyile\u015ftirme&#8221; iste\u011finizi yerine getirmektir.<\/p>\n\n<p><strong>Kapsaml\u0131 hizmetlerimizin tad\u0131n\u0131 \u00e7\u0131kar\u0131n.<\/strong><\/p>\n\n<p>T\u00fcrkiye&#8217;ye yap\u0131lacak ciddi bir t\u0131bbi tedavi seyahati, olduk\u00e7a fazla organizasyon gerektirir. Bu organizasyonu sizin i\u00e7in \u00fcstlenmekten mutluluk duyar\u0131z. <\/p>\n\n<p>\u00dccretsiz, ba\u011flay\u0131c\u0131 olmayan ve ki\u015fisel dan\u0131\u015fmanl\u0131k hizmetimizden faydalanabilirsiniz.<br>Dan\u0131\u015fmanl\u0131k dillerimiz Almanca, \u0130ngilizce ve T\u00fcrk\u00e7e olup, Frans\u0131zca dan\u0131\u015fmanl\u0131k da yaz\u0131l\u0131 olarak sunulmaktad\u0131r. <\/p>\n\n<ul class=\"wp-block-list\">\n<li><strong>\u0130svi\u00e7re&#8217;de \u00f6n g\u00f6r\u00fc\u015fmeler (iste\u011fe ba\u011fl\u0131)<\/strong><\/li>\n<\/ul>\n\n<p>\u0130stanbul&#8217;daki cerrahlar\u0131m\u0131zla \u0130svi\u00e7re&#8217;deki bilgilendirme etkinliklerimizde tan\u0131\u015fabilir ve onlardan do\u011frudan dan\u0131\u015fmanl\u0131k alabilirsiniz. Bu dan\u0131\u015fma g\u00fcnleri yakla\u015f\u0131k alt\u0131 ila sekiz haftada bir d\u00fczenlenmekte olup \u00fccretsizdir. <\/p>\n\n<ul class=\"wp-block-list\">\n<li><strong>U\u00e7u\u015f<\/strong><\/li>\n<\/ul>\n\n<p>Ne zaman ve nas\u0131l olaca\u011f\u0131na siz karar verirsiniz, biz sadece \u00f6neriler sunar\u0131z. Sa\u011fl\u0131k ama\u00e7l\u0131 seyahatler i\u00e7in havayollar\u0131n\u0131n sundu\u011fu \u00f6zel u\u00e7ak bileti fiyatlar\u0131ndan faydalanabilirsiniz. <\/p>\n\n<p>A\u015fa\u011f\u0131daki havayollar\u0131 \u0130stanbul, Antalya, \u0130zmir ve Bodrum&#8217;a u\u00e7u\u015f d\u00fczenlemektedir:<br>T\u00fcrk Hava Yollar\u0131, Swiss, Pegasus Airlines, Sun Express<\/p>\n\n<figure class=\"wp-block-image size-full\"><img decoding=\"async\" width=\"200\" height=\"118\" class=\"wp-image-403\" src=\"https:\/\/medicaltravel.ch\/wp-content\/uploads\/2025\/09\/zahnreisen-1.jpg\" alt=\"\"><\/figure>\n\n<ul class=\"wp-block-list\">\n<li><strong>Havaliman\u0131 \u2013 otel transferi<\/strong><\/li>\n<\/ul>\n\n<p>Transfer hizmetimiz sizi otelinize g\u00f6t\u00fcrmekten memnuniyet duyacakt\u0131r. Bu transferler genellikle bireysel olarak d\u00fczenlenir ve saatlerce trafikte kalacak olan servis otob\u00fcs\u00fcyle yap\u0131lmaz. \u0130yi yolculuklar!  <\/p>\n\n<figure class=\"wp-block-image size-full\"><img decoding=\"async\" width=\"200\" height=\"83\" class=\"wp-image-404\" src=\"https:\/\/medicaltravel.ch\/wp-content\/uploads\/2025\/09\/zahnbehandlung-im-ausland-1.jpg\" alt=\"\"><\/figure>\n\n<ul class=\"wp-block-list\">\n<li><strong>Otel<\/strong><\/li>\n<\/ul>\n\n<p>Size uygun se\u00e7enekler sunuyoruz, karar tamamen size aittir. Oteller, hastaneye yak\u0131n konumda olup, yaln\u0131zca iyi ve temiz otellerle \u00e7al\u0131\u015fmaktay\u0131z.  <\/p>\n\n<ul class=\"wp-block-list\">\n<li><strong>T\u0131bbiSeyahatPass<\/strong><\/li>\n<\/ul>\n\n<p>O, bizim benzersiz ek hizmetimizdir. Pass, T\u00fcrkiye&#8217;deki kal\u0131\u015f\u0131n\u0131z ve operasyonunuzun iyile\u015fme s\u00fcreci hakk\u0131nda gerekli t\u00fcm bireysel bilgileri i\u00e7erir. Pasaportla ayn\u0131 boyutta olup, her zaman elinizin alt\u0131nda ta\u015f\u0131yabilece\u011finiz bir formattad\u0131r. Seyahatinizden \u00f6nce size \u00f6zel olarak d\u00fczenlenir.   <\/p>\n\n<ul class=\"wp-block-list\">\n<li><strong>Almanca konu\u015fan destek<\/strong><\/li>\n<\/ul>\n\n<p>Doktoru anlaman\u0131z son derece \u00f6nemlidir. Hastanenin Almanca konu\u015fan personeli net ileti\u015fimi garanti eder. Elbette bu hizmet di\u011fer ulusal diller i\u00e7in de d\u00fczenlenebilir. Hastane neredeyse t\u00fcm Avrupa dillerinde yard\u0131mc\u0131 olabilir.   <\/p>\n\n<ul class=\"wp-block-list\">\n<li><strong>\u00d6n muayeneniz<\/strong><\/li>\n<\/ul>\n\n<p>Y\u00fcksek kaliteli tedavi sonu\u00e7lar\u0131 elde etmek i\u00e7in \u00f6n muayene son derece \u00f6nemlidir. Bu muayene s\u0131ras\u0131nda, mevcut sorunlar ve tedavileri belirlenir ve sizinle ayr\u0131nt\u0131l\u0131 olarak g\u00f6r\u00fc\u015f\u00fcl\u00fcr. Ard\u0131ndan, size \u00f6zel, hassas tedavi plan\u0131n\u0131z sizinle birlikte kesinle\u015ftirilir.  <\/p>\n\n<ul class=\"wp-block-list\">\n<li><strong>Tedaviniz<\/strong><\/li>\n<\/ul>\n\n<p>Bu hastaneleri, yerinde incelemeler ve \u00e7e\u015fitli fakt\u00f6rlerin de\u011ferlendirilmesi de dahil olmak \u00fczere kapsaml\u0131 bir ara\u015ft\u0131rma sonucunda se\u00e7tik. Hastaneler hakk\u0131nda daha fazla bilgiyi <strong><a href=\"https:\/\/medicaltravel.ch\/schoenheitsoperation\/die-spitaler\/schoenheitsklinik-in-istanbul\/\" data-type=\"page\" data-id=\"78\">burada <\/a><\/strong>bulabilirsiniz. <\/p>\n\n<ul class=\"wp-block-list\">\n<li><strong>T\u00fcrkiye&#8217;de takip denetimi<\/strong><\/li>\n<\/ul>\n\n<p>Ameliyat sonras\u0131 ilk kontrol muayenenizin ard\u0131ndan, d\u00f6n\u00fc\u015f u\u00e7u\u015funuzdan \u00f6nce birka\u00e7 kontrol muayeneniz daha olacakt\u0131r. Bu, cerrahi ekibin ilk sonu\u00e7lar\u0131 analiz etmesine ve gerekli ayarlamalar\u0131 yapmas\u0131na olanak tan\u0131r. Bu kontrol muayeneleri \u00e7ok \u00f6nemlidir. Seyahat program\u0131n\u0131z buna g\u00f6re ayarlanacakt\u0131r.   <\/p>\n\n<ul class=\"wp-block-list\">\n<li><strong>\u015eehir turlar\u0131 (\u0130ste\u011fe ba\u011fl\u0131)<\/strong><\/li>\n<\/ul>\n\n<p>Hizmetimiz sayesinde bir d\u00fcnya \u015fehri deneyimleyeceksiniz. Seyahat plan\u0131n\u0131za g\u00f6re neler gezip g\u00f6rebilece\u011finiz ve yapabilece\u011finiz konusunda sizi bilgilendiriyoruz. B\u00f6ylece yeni hayat\u0131n\u0131za g\u00fczel hat\u0131ralarla ba\u015flars\u0131n\u0131z.  <\/p>\n\n<ul class=\"wp-block-list\">\n<li><strong>Otel-Havaliman\u0131 transferi<\/strong><\/li>\n<\/ul>\n\n<p>Transfer ekibimiz, yolculu\u011funuzun sonuna kadar olumlu bir deneyim olmas\u0131n\u0131 sa\u011flar.<\/p>\n\n<ul class=\"wp-block-list\">\n<li><strong>\u0130svi\u00e7re&#8217;de takip g\u00f6r\u00fc\u015fmeleri<\/strong><\/li>\n<\/ul>\n\n<p>Ihre Nachberatungen k\u00f6nnen in der Schweiz beim Bedarf, f\u00fcr in Istanbul behandelten Patienten, k\u00f6nnen auch gleich von Istanbuler Chirurgen kostenlos erfolgen. Wir haben sechs bis acht mal pro Jahr Infoveranstaltungen und die \u00e4sthetische Chirurgen aus Istanbul sind dabei. <\/p>\n\n<ul class=\"wp-block-list\">\n<li><strong>Fiyatlar\u0131m\u0131zdan faydalan\u0131n<\/strong><\/li>\n<\/ul>\n\n<p>Art\u0131k kaliteden \u00f6d\u00fcn vermeden uygun fiyatlarla g\u00fczellik bak\u0131mlar\u0131n\u0131 herkes i\u00e7in eri\u015filebilir hale getiriyoruz. Fiyatlar\u0131 burada bulabilirsiniz. <\/p>\n\n<ul class=\"wp-block-list\">\n<li><strong>\u0130svi\u00e7re&#8217;de neden daha pahal\u0131?<\/strong><\/li>\n<\/ul>\n\n<p>\u0130svi\u00e7re, d\u00fcnyan\u0131n en pahal\u0131 \u00fclkelerinden biridir. Personel maliyetleri, bina kiralar\u0131 ve altyap\u0131 giderleri olduk\u00e7a y\u00fcksektir. Ayr\u0131ca ileri teknoloji cihazlar da son derece pahal\u0131d\u0131r. Bu yat\u0131r\u0131mlar\u0131n kar\u015f\u0131l\u0131\u011f\u0131n\u0131 alabilmek i\u00e7in y\u00fcksek say\u0131da hasta gereklidir. \u00dclke nispeten k\u00fc\u00e7\u00fck oldu\u011fu i\u00e7in, buradaki i\u015fletmeler y\u00fcksek fiyatlarla \u00e7al\u0131\u015fmak zorunda kalmaktad\u0131r.    <\/p>\n\n<ul class=\"wp-block-list\">\n<li><strong>T\u00fcrkiye&#8217;de neden daha ucuz?<\/strong><\/li>\n<\/ul>\n\n<p>OECD\u2019nin de do\u011frulad\u0131\u011f\u0131 bir \u00e7al\u0131\u015fmaya g\u00f6re, \u0130svi\u00e7re\u2019de 100 \u0130svi\u00e7re frang\u0131na mal olan bir hizmet i\u00e7in T\u00fcrkiye\u2019de yaln\u0131zca 45 \u0130svi\u00e7re frang\u0131 \u00f6denmektedir.<\/p>\n\n<p>Dolay\u0131s\u0131yla T\u00fcrkiye&#8217;deki doktor \u00fccretleri \u0130svi\u00e7re&#8217;deki muadillerine g\u00f6re \u00f6nemli \u00f6l\u00e7\u00fcde daha d\u00fc\u015f\u00fckt\u00fcr. Dahas\u0131, \u0130stanbul&#8217;un n\u00fcfusu tek ba\u015f\u0131na \u0130svi\u00e7re&#8217;nin tamam\u0131n\u0131n neredeyse iki kat\u0131d\u0131r. Bu da do\u011fal olarak daha fazla hasta anlam\u0131na gelir ve tedavi malzemelerinin tedarik maliyetleri ayn\u0131 olsa bile daha uygun fiyatlar sunmay\u0131 m\u00fcmk\u00fcn k\u0131lar.  <\/p>\n\n<p>Bu nedenle T\u00fcrkiye her y\u0131l Avrupa&#8217;dan binlerce hastay\u0131 a\u011f\u0131rl\u0131yor. MedicalTravel bu sayede size uygun fiyatlarla yerel kalitede hizmet sunabiliyor. <\/p>\n\n<ul class=\"wp-block-list\">\n<li><strong>Neden seyahatimi MedicalTravel ile planlamal\u0131y\u0131m? Seyahatimi kendim de planlayabilirim, de\u011fil mi? <\/strong><\/li>\n<\/ul>\n\n<p>Elbette, seyahatinizi kendiniz de organize edebilirsiniz. Ancak bu genellikle zahmetli ve risklidir. Yurtd\u0131\u015f\u0131ndaki tedaviniz i\u00e7in ihtiyac\u0131n\u0131z olan her \u015feyle biz ilgileniyoruz. Tedaviniz ba\u015flayana kadar oldu\u011fu kadar sonras\u0131nda da g\u00fcvenilir orta\u011f\u0131n\u0131z\u0131z.   <\/p>\n\n<p>Ba\u015fka sorular\u0131n\u0131z var m\u0131? <a href=\"https:\/\/medicaltravel.ch\/tr\/simdi-bize-ulasin\/\" data-type=\"page\" data-id=\"225\">Sizinle ileti\u015fime<\/a> ge\u00e7menizi memnuniyetle bekliyoruz. <\/p>\n\t\t\t\t\t\t\t\t<\/div>\n\t\t\t\t\t<\/div>\n\t\t\t\t<\/div>\n\t\t\t\t<\/div>\n\t\t","protected":false},"excerpt":{"rendered":"<p>G\u00fczellik gezileri hastaneler Tedavi yelpazesi Teklif Fiyatlar \u00d6nce, sonra TEKL\u0130F: T\u00dcRK\u0130YE&#8217;YE G\u00dcZELL\u0130K GEZ\u0130LER\u0130 T\u00fcrkiye&#8217;de Estetik Cerrahi &#8211; Teklif Amac\u0131m\u0131z, T\u00fcrkiye&#8217;nin muhte\u015fem \u015fehirlerindeki en iyi hastaneler sayesinde, en kaliteli t\u0131bbi ve organizasyonel hizmetlerle &#8220;birka\u00e7 kozmetik iyile\u015ftirme&#8221; iste\u011finizi yerine getirmektir. Kapsaml\u0131 hizmetlerimizin tad\u0131n\u0131 \u00e7\u0131kar\u0131n. T\u00fcrkiye&#8217;ye yap\u0131lacak ciddi bir t\u0131bbi tedavi seyahati, olduk\u00e7a fazla organizasyon gerektirir. Bu organizasyonu sizin i\u00e7in \u00fcstlenmekten mutluluk duyar\u0131z. \u00dccretsiz, ba\u011flay\u0131c\u0131 olmayan ve ki\u015fisel dan\u0131\u015fmanl\u0131k hizmetimizden faydalanabilirsiniz.Dan\u0131\u015fmanl\u0131k dillerimiz Almanca, \u0130ngilizce ve T\u00fcrk\u00e7e olup, Frans\u0131zca dan\u0131\u015fmanl\u0131k da yaz\u0131l\u0131 olarak sunulmaktad\u0131r. \u0130svi\u00e7re&#8217;de \u00f6n g\u00f6r\u00fc\u015fmeler (iste\u011fe ba\u011fl\u0131) \u0130stanbul&#8217;daki cerrahlar\u0131m\u0131zla \u0130svi\u00e7re&#8217;deki bilgilendirme etkinliklerimizde tan\u0131\u015fabilir ve onlardan do\u011frudan dan\u0131\u015fmanl\u0131k alabilirsiniz. Bu dan\u0131\u015fma g\u00fcnleri yakla\u015f\u0131k alt\u0131 ila sekiz haftada bir d\u00fczenlenmekte olup \u00fccretsizdir. U\u00e7u\u015f Ne zaman ve nas\u0131l olaca\u011f\u0131na siz karar verirsiniz, biz sadece \u00f6neriler sunar\u0131z. Sa\u011fl\u0131k ama\u00e7l\u0131 seyahatler i\u00e7in havayollar\u0131n\u0131n sundu\u011fu \u00f6zel u\u00e7ak bileti fiyatlar\u0131ndan faydalanabilirsiniz. A\u015fa\u011f\u0131daki havayollar\u0131 \u0130stanbul, Antalya, \u0130zmir ve Bodrum&#8217;a u\u00e7u\u015f d\u00fczenlemektedir:T\u00fcrk Hava Yollar\u0131, Swiss, Pegasus Airlines, Sun Express Havaliman\u0131 \u2013 otel transferi Transfer hizmetimiz sizi otelinize g\u00f6t\u00fcrmekten memnuniyet duyacakt\u0131r. Bu transferler genellikle bireysel olarak d\u00fczenlenir ve saatlerce trafikte kalacak olan servis otob\u00fcs\u00fcyle yap\u0131lmaz. \u0130yi yolculuklar! Otel Size uygun se\u00e7enekler sunuyoruz, karar tamamen size aittir. Oteller, hastaneye yak\u0131n konumda olup, yaln\u0131zca iyi ve temiz otellerle \u00e7al\u0131\u015fmaktay\u0131z. T\u0131bbiSeyahatPass O, bizim benzersiz ek hizmetimizdir. Pass, T\u00fcrkiye&#8217;deki kal\u0131\u015f\u0131n\u0131z ve operasyonunuzun iyile\u015fme s\u00fcreci hakk\u0131nda gerekli t\u00fcm bireysel bilgileri i\u00e7erir. Pasaportla ayn\u0131 boyutta olup, her zaman elinizin alt\u0131nda ta\u015f\u0131yabilece\u011finiz bir formattad\u0131r. Seyahatinizden \u00f6nce size \u00f6zel olarak d\u00fczenlenir. Almanca konu\u015fan destek Doktoru anlaman\u0131z son derece \u00f6nemlidir. Hastanenin Almanca konu\u015fan personeli net ileti\u015fimi garanti eder. Elbette bu hizmet di\u011fer ulusal diller i\u00e7in de d\u00fczenlenebilir. Hastane neredeyse t\u00fcm Avrupa dillerinde yard\u0131mc\u0131 olabilir. \u00d6n muayeneniz Y\u00fcksek kaliteli tedavi sonu\u00e7lar\u0131 elde etmek i\u00e7in \u00f6n muayene son derece \u00f6nemlidir. Bu muayene s\u0131ras\u0131nda, mevcut sorunlar ve tedavileri belirlenir ve sizinle ayr\u0131nt\u0131l\u0131 olarak g\u00f6r\u00fc\u015f\u00fcl\u00fcr. Ard\u0131ndan, size \u00f6zel, hassas tedavi plan\u0131n\u0131z sizinle birlikte kesinle\u015ftirilir. Tedaviniz Bu hastaneleri, yerinde incelemeler ve \u00e7e\u015fitli fakt\u00f6rlerin de\u011ferlendirilmesi de dahil olmak \u00fczere kapsaml\u0131 bir ara\u015ft\u0131rma sonucunda se\u00e7tik. Hastaneler hakk\u0131nda daha fazla bilgiyi burada bulabilirsiniz. T\u00fcrkiye&#8217;de takip denetimi Ameliyat sonras\u0131 ilk kontrol muayenenizin ard\u0131ndan, d\u00f6n\u00fc\u015f u\u00e7u\u015funuzdan \u00f6nce birka\u00e7 kontrol muayeneniz daha olacakt\u0131r. Bu, cerrahi ekibin ilk sonu\u00e7lar\u0131 analiz etmesine ve gerekli ayarlamalar\u0131 yapmas\u0131na olanak tan\u0131r. Bu kontrol muayeneleri \u00e7ok \u00f6nemlidir. Seyahat program\u0131n\u0131z buna g\u00f6re ayarlanacakt\u0131r. \u015eehir turlar\u0131 (\u0130ste\u011fe ba\u011fl\u0131) Hizmetimiz sayesinde bir d\u00fcnya \u015fehri deneyimleyeceksiniz. Seyahat plan\u0131n\u0131za g\u00f6re neler gezip g\u00f6rebilece\u011finiz ve yapabilece\u011finiz konusunda sizi bilgilendiriyoruz. B\u00f6ylece yeni hayat\u0131n\u0131za g\u00fczel hat\u0131ralarla ba\u015flars\u0131n\u0131z. Otel-Havaliman\u0131 transferi Transfer ekibimiz, yolculu\u011funuzun sonuna kadar olumlu bir deneyim olmas\u0131n\u0131 sa\u011flar. \u0130svi\u00e7re&#8217;de takip g\u00f6r\u00fc\u015fmeleri Ihre Nachberatungen k\u00f6nnen in der Schweiz beim Bedarf, f\u00fcr in Istanbul behandelten Patienten, k\u00f6nnen auch gleich von Istanbuler Chirurgen kostenlos erfolgen. Wir haben sechs bis acht mal pro Jahr Infoveranstaltungen und die \u00e4sthetische Chirurgen aus Istanbul sind dabei. Fiyatlar\u0131m\u0131zdan faydalan\u0131n Art\u0131k kaliteden \u00f6d\u00fcn vermeden uygun fiyatlarla g\u00fczellik bak\u0131mlar\u0131n\u0131 herkes i\u00e7in eri\u015filebilir hale getiriyoruz. Fiyatlar\u0131 burada bulabilirsiniz. \u0130svi\u00e7re&#8217;de neden daha pahal\u0131? \u0130svi\u00e7re, d\u00fcnyan\u0131n en pahal\u0131 \u00fclkelerinden biridir. Personel maliyetleri, bina kiralar\u0131 ve altyap\u0131 giderleri olduk\u00e7a y\u00fcksektir. Ayr\u0131ca ileri teknoloji cihazlar da son derece pahal\u0131d\u0131r. Bu yat\u0131r\u0131mlar\u0131n kar\u015f\u0131l\u0131\u011f\u0131n\u0131 alabilmek i\u00e7in y\u00fcksek say\u0131da hasta gereklidir. \u00dclke nispeten k\u00fc\u00e7\u00fck oldu\u011fu i\u00e7in, buradaki i\u015fletmeler y\u00fcksek fiyatlarla \u00e7al\u0131\u015fmak zorunda kalmaktad\u0131r. T\u00fcrkiye&#8217;de neden daha ucuz? OECD\u2019nin de do\u011frulad\u0131\u011f\u0131 bir \u00e7al\u0131\u015fmaya g\u00f6re, \u0130svi\u00e7re\u2019de 100 \u0130svi\u00e7re frang\u0131na mal olan bir hizmet i\u00e7in T\u00fcrkiye\u2019de yaln\u0131zca 45 \u0130svi\u00e7re frang\u0131 \u00f6denmektedir. Dolay\u0131s\u0131yla T\u00fcrkiye&#8217;deki doktor \u00fccretleri \u0130svi\u00e7re&#8217;deki muadillerine g\u00f6re \u00f6nemli \u00f6l\u00e7\u00fcde daha d\u00fc\u015f\u00fckt\u00fcr. Dahas\u0131, \u0130stanbul&#8217;un n\u00fcfusu tek ba\u015f\u0131na \u0130svi\u00e7re&#8217;nin tamam\u0131n\u0131n neredeyse iki kat\u0131d\u0131r. Bu da do\u011fal olarak daha fazla hasta anlam\u0131na gelir ve tedavi malzemelerinin tedarik maliyetleri ayn\u0131 olsa bile daha uygun fiyatlar sunmay\u0131 m\u00fcmk\u00fcn k\u0131lar. Bu nedenle T\u00fcrkiye her y\u0131l Avrupa&#8217;dan binlerce hastay\u0131 a\u011f\u0131rl\u0131yor. MedicalTravel bu sayede size uygun fiyatlarla yerel kalitede hizmet sunabiliyor. Neden seyahatimi MedicalTravel ile planlamal\u0131y\u0131m? Seyahatimi kendim de planlayabilirim, de\u011fil mi? Elbette, seyahatinizi kendiniz de organize edebilirsiniz. Ancak bu genellikle zahmetli ve risklidir. Yurtd\u0131\u015f\u0131ndaki tedaviniz i\u00e7in ihtiyac\u0131n\u0131z olan her \u015feyle biz ilgileniyoruz. Tedaviniz ba\u015flayana kadar oldu\u011fu kadar sonras\u0131nda da g\u00fcvenilir orta\u011f\u0131n\u0131z\u0131z. Ba\u015fka sorular\u0131n\u0131z var m\u0131? Sizinle ileti\u015fime ge\u00e7menizi memnuniyetle bekliyoruz.<\/p>\n","protected":false},"author":4,"featured_media":0,"parent":5308,"menu_order":0,"comment_status":"closed","ping_status":"closed","template":"","meta":{"_joinchat":[],"footnotes":""},"class_list":["post-5315","page","type-page","status-publish","hentry"],"acf":[],"_links":{"self":[{"href":"https:\/\/medicaltravel.ch\/tr\/wp-json\/wp\/v2\/pages\/5315","targetHints":{"allow":["GET"]}}],"collection":[{"href":"https:\/\/medicaltravel.ch\/tr\/wp-json\/wp\/v2\/pages"}],"about":[{"href":"https:\/\/medicaltravel.ch\/tr\/wp-json\/wp\/v2\/types\/page"}],"author":[{"embeddable":true,"href":"https:\/\/medicaltravel.ch\/tr\/wp-json\/wp\/v2\/users\/4"}],"replies":[{"embeddable":true,"href":"https:\/\/medicaltravel.ch\/tr\/wp-json\/wp\/v2\/comments?post=5315"}],"version-history":[{"count":3,"href":"https:\/\/medicaltravel.ch\/tr\/wp-json\/wp\/v2\/pages\/5315\/revisions"}],"predecessor-version":[{"id":5318,"href":"https:\/\/medicaltravel.ch\/tr\/wp-json\/wp\/v2\/pages\/5315\/revisions\/5318"}],"up":[{"embeddable":true,"href":"https:\/\/medicaltravel.ch\/tr\/wp-json\/wp\/v2\/pages\/5308"}],"wp:attachment":[{"href":"https:\/\/medicaltravel.ch\/tr\/wp-json\/wp\/v2\/media?parent=5315"}],"curies":[{"name":"wp","href":"https:\/\/api.w.org\/{rel}","templated":true}]}}