{"id":5320,"date":"2025-09-17T08:32:00","date_gmt":"2025-09-17T07:32:00","guid":{"rendered":"https:\/\/medicaltravel.ch\/kozmetik-cerrahi\/tedavi-yelpazesi\/goez-kapagi-duezeltme-tuerkiye-istanbul-antalya-izmir-goez-kapagi-kaldirma\/"},"modified":"2026-01-04T15:46:31","modified_gmt":"2026-01-04T14:46:31","slug":"goez-kapagi-duezeltme-tuerkiye-istanbul-antalya-izmir-goez-kapagi-kaldirma","status":"publish","type":"page","link":"https:\/\/medicaltravel.ch\/tr\/kozmetik-cerrahi\/tedavi-yelpazesi\/goez-kapagi-duezeltme-tuerkiye-istanbul-antalya-izmir-goez-kapagi-kaldirma\/","title":{"rendered":"G\u00f6z kapa\u011f\u0131 d\u00fczeltme T\u00fcrkiye \u0130stanbul Antalya \u0130zmir G\u00f6z kapa\u011f\u0131 kald\u0131rma"},"content":{"rendered":"\t\t<div data-elementor-type=\"wp-page\" data-elementor-id=\"5320\" class=\"elementor elementor-5320 elementor-96\" data-elementor-post-type=\"page\">\n\t\t\t\t<div class=\"elementor-element elementor-element-240df947 e-flex e-con-boxed wpr-particle-no wpr-jarallax-no wpr-parallax-no wpr-sticky-section-no e-con e-parent\" data-id=\"240df947\" data-element_type=\"container\" data-e-type=\"container\">\n\t\t\t\t\t<div class=\"e-con-inner\">\n\t\t<div class=\"elementor-element elementor-element-7317f69 e-con-full e-flex wpr-particle-no wpr-jarallax-no wpr-parallax-no wpr-sticky-section-no e-con e-child\" data-id=\"7317f69\" data-element_type=\"container\" data-e-type=\"container\">\n\t\t\t\t<div class=\"elementor-element elementor-element-ed1f3bc elementor-widget elementor-widget-button\" data-id=\"ed1f3bc\" data-element_type=\"widget\" data-e-type=\"widget\" data-widget_type=\"button.default\">\n\t\t\t\t\t\t\t\t\t\t<a class=\"elementor-button elementor-button-link elementor-size-sm\" href=\"https:\/\/medicaltravel.ch\/schoenheitsoperation\/behandlungsspektrum\/brustvergroesserung-istanbul-turkei\/\">\n\t\t\t\t\t\t<span class=\"elementor-button-content-wrapper\">\n\t\t\t\t\t\t\t\t\t<span class=\"elementor-button-text\">Meme b\u00fcy\u00fctme<\/span>\n\t\t\t\t\t<\/span>\n\t\t\t\t\t<\/a>\n\t\t\t\t\t\t\t\t<\/div>\n\t\t\t\t<div class=\"elementor-element elementor-element-344ecd5 elementor-widget elementor-widget-button\" data-id=\"344ecd5\" data-element_type=\"widget\" data-e-type=\"widget\" data-widget_type=\"button.default\">\n\t\t\t\t\t\t\t\t\t\t<a class=\"elementor-button elementor-button-link elementor-size-sm\" href=\"https:\/\/medicaltravel.ch\/schoenheitsoperation\/behandlungsspektrum\/turkei-istanbul-brustoperationen\/\">\n\t\t\t\t\t\t<span class=\"elementor-button-content-wrapper\">\n\t\t\t\t\t\t\t\t\t<span class=\"elementor-button-text\">Meme ameliyat\u0131<\/span>\n\t\t\t\t\t<\/span>\n\t\t\t\t\t<\/a>\n\t\t\t\t\t\t\t\t<\/div>\n\t\t\t\t<div class=\"elementor-element elementor-element-b976d4c elementor-widget elementor-widget-button\" data-id=\"b976d4c\" data-element_type=\"widget\" data-e-type=\"widget\" data-widget_type=\"button.default\">\n\t\t\t\t\t\t\t\t\t\t<a class=\"elementor-button elementor-button-link elementor-size-sm\" href=\"https:\/\/medicaltravel.ch\/schoenheitsoperation\/behandlungsspektrum\/turkei-istanbul-fettabsaugung-liposuktion\/\">\n\t\t\t\t\t\t<span class=\"elementor-button-content-wrapper\">\n\t\t\t\t\t\t\t\t\t<span class=\"elementor-button-text\">Liposuction<\/span>\n\t\t\t\t\t<\/span>\n\t\t\t\t\t<\/a>\n\t\t\t\t\t\t\t\t<\/div>\n\t\t\t\t<div class=\"elementor-element elementor-element-60930dd elementor-widget elementor-widget-button\" data-id=\"60930dd\" data-element_type=\"widget\" data-e-type=\"widget\" data-widget_type=\"button.default\">\n\t\t\t\t\t\t\t\t\t\t<a class=\"elementor-button elementor-button-link elementor-size-sm\" href=\"https:\/\/medicaltravel.ch\/schoenheitsoperation\/behandlungsspektrum\/turkei-istanbul-bauchstraffung\/\">\n\t\t\t\t\t\t<span class=\"elementor-button-content-wrapper\">\n\t\t\t\t\t\t\t\t\t<span class=\"elementor-button-text\">kar\u0131n germe<\/span>\n\t\t\t\t\t<\/span>\n\t\t\t\t\t<\/a>\n\t\t\t\t\t\t\t\t<\/div>\n\t\t\t\t<div class=\"elementor-element elementor-element-c437f43 elementor-widget elementor-widget-button\" data-id=\"c437f43\" data-element_type=\"widget\" data-e-type=\"widget\" data-widget_type=\"button.default\">\n\t\t\t\t\t\t\t\t\t\t<a class=\"elementor-button elementor-button-link elementor-size-sm\" href=\"https:\/\/medicaltravel.ch\/tr\/kozmetik-cerrahi\/tedavi-yelpazesi\/goez-kapagi-duezeltme-tuerkiye-istanbul-antalya-izmir-goez-kapagi-kaldirma\/\">\n\t\t\t\t\t\t<span class=\"elementor-button-content-wrapper\">\n\t\t\t\t\t\t\t\t\t<span class=\"elementor-button-text\">G\u00f6z kapa\u011f\u0131 d\u00fczeltmesi<\/span>\n\t\t\t\t\t<\/span>\n\t\t\t\t\t<\/a>\n\t\t\t\t\t\t\t\t<\/div>\n\t\t\t\t<div class=\"elementor-element elementor-element-c85aa6d elementor-widget elementor-widget-button\" data-id=\"c85aa6d\" data-element_type=\"widget\" data-e-type=\"widget\" data-widget_type=\"button.default\">\n\t\t\t\t\t\t\t\t\t\t<a class=\"elementor-button elementor-button-link elementor-size-sm\" href=\"https:\/\/medicaltravel.ch\/schoenheitsoperation\/behandlungsspektrum\/turkei-istanbul-nasenkorrektur\/\">\n\t\t\t\t\t\t<span class=\"elementor-button-content-wrapper\">\n\t\t\t\t\t\t\t\t\t<span class=\"elementor-button-text\">Nasenkorrektur<\/span>\n\t\t\t\t\t<\/span>\n\t\t\t\t\t<\/a>\n\t\t\t\t\t\t\t\t<\/div>\n\t\t\t\t<div class=\"elementor-element elementor-element-8602b51 elementor-widget elementor-widget-button\" data-id=\"8602b51\" data-element_type=\"widget\" data-e-type=\"widget\" data-widget_type=\"button.default\">\n\t\t\t\t\t\t\t\t\t\t<a class=\"elementor-button elementor-button-link elementor-size-sm\" href=\"https:\/\/medicaltravel.ch\/schoenheitsoperation\/behandlungsspektrum\/turkei-istanbul-faceliftung\/\">\n\t\t\t\t\t\t<span class=\"elementor-button-content-wrapper\">\n\t\t\t\t\t\t\t\t\t<span class=\"elementor-button-text\">Y\u00fcz germe<\/span>\n\t\t\t\t\t<\/span>\n\t\t\t\t\t<\/a>\n\t\t\t\t\t\t\t\t<\/div>\n\t\t\t\t<div class=\"elementor-element elementor-element-3c5d3ee elementor-widget elementor-widget-button\" data-id=\"3c5d3ee\" data-element_type=\"widget\" data-e-type=\"widget\" data-widget_type=\"button.default\">\n\t\t\t\t\t\t\t\t\t\t<a class=\"elementor-button elementor-button-link elementor-size-sm\" href=\"https:\/\/medicaltravel.ch\/schoenheitsoperation\/behandlungsspektrum\/turkei-istanbul-ohrenkorrektur\/\">\n\t\t\t\t\t\t<span class=\"elementor-button-content-wrapper\">\n\t\t\t\t\t\t\t\t\t<span class=\"elementor-button-text\">Kulak d\u00fczeltmesi<\/span>\n\t\t\t\t\t<\/span>\n\t\t\t\t\t<\/a>\n\t\t\t\t\t\t\t\t<\/div>\n\t\t\t\t<div class=\"elementor-element elementor-element-d271eed elementor-widget elementor-widget-button\" data-id=\"d271eed\" data-element_type=\"widget\" data-e-type=\"widget\" data-widget_type=\"button.default\">\n\t\t\t\t\t\t\t\t\t\t<a class=\"elementor-button elementor-button-link elementor-size-sm\" href=\"https:\/\/medicaltravel.ch\/schoenheitsoperation\/behandlungsspektrum\/turkei-istanbul-oberarmstraffung\/\">\n\t\t\t\t\t\t<span class=\"elementor-button-content-wrapper\">\n\t\t\t\t\t\t\t\t\t<span class=\"elementor-button-text\">\u00fcst kol kald\u0131rma<\/span>\n\t\t\t\t\t<\/span>\n\t\t\t\t\t<\/a>\n\t\t\t\t\t\t\t\t<\/div>\n\t\t\t\t<div class=\"elementor-element elementor-element-49346d4 elementor-widget elementor-widget-button\" data-id=\"49346d4\" data-element_type=\"widget\" data-e-type=\"widget\" data-widget_type=\"button.default\">\n\t\t\t\t\t\t\t\t\t\t<a class=\"elementor-button elementor-button-link elementor-size-sm\" href=\"https:\/\/medicaltravel.ch\/schoenheitsoperation\/vorher-nachher\/\">\n\t\t\t\t\t\t<span class=\"elementor-button-content-wrapper\">\n\t\t\t\t\t\t\t\t\t<span class=\"elementor-button-text\">\u00d6nce, sonra<\/span>\n\t\t\t\t\t<\/span>\n\t\t\t\t\t<\/a>\n\t\t\t\t\t\t\t\t<\/div>\n\t\t\t\t<\/div>\n\t\t\t\t<div class=\"elementor-element elementor-element-503dd48b elementor-widget elementor-widget-text-editor\" data-id=\"503dd48b\" data-element_type=\"widget\" data-e-type=\"widget\" data-widget_type=\"text-editor.default\">\n\t\t\t\t\t\t\t\t\t\n<h2 class=\"wp-block-heading\">G\u00f6z Kapa\u011f\u0131 Ameliyat\u0131 \u2013 \u0130stanbul, T\u00fcrkiye&#8217;de G\u00f6z Kapa\u011f\u0131 Estetik Ameliyat\u0131<\/h2>\n\n<h3 class=\"wp-block-heading\">G\u00f6z kapa\u011f\u0131 d\u00fczeltme &#8211; G\u00f6z kapa\u011f\u0131 kald\u0131rma<\/h3>\n\n<p><strong>G\u00f6z Kapa\u011f\u0131 Esteti\u011fi \u0130stanbul &#8211; T\u00fcrkiye<\/strong><\/p>\n<hr class=\"wp-block-separator has-alpha-channel-opacity\">\n<p><a href=\"https:\/\/www.medicaltravel.ch\/2020\/04\/23\/onlineberatungen\/\" data-wplink-edit=\"true\">\u015e\u0130MD\u0130 \u00dcCRETS\u0130Z B\u0130R G\u00d6R\u00dc\u015eME RANDEVUSU ALIN!<\/a><\/p>\n<hr class=\"wp-block-separator has-alpha-channel-opacity\">\n<p>G\u00f6z kapa\u011f\u0131 ameliyat\u0131 (blefaroplasti, g\u00f6z kapa\u011f\u0131 d\u00fczeltme) s\u0131kl\u0131kla yap\u0131lan bir estetik cerrahi i\u015flemidir.<\/p>\n\n<p>Bir\u00e7ok insan i\u00e7in g\u00f6zler, ruh halinin, duygular\u0131n ve iyilik halinin bir ifadesidir.<\/p>\n\n<p>G\u00f6z kapaklar\u0131n\u0131n sarkmas\u0131, d\u00fc\u015f\u00fck g\u00f6z kapaklar\u0131, g\u00f6z \u00e7evresindeki k\u0131r\u0131\u015f\u0131kl\u0131klar veya g\u00f6z alt\u0131 torbalar\u0131, ki\u015fi kendini iyi hissetse bile, onu h\u0131zla \u00fczg\u00fcn, yorgun veya hasta g\u00f6sterebilir. Bu durum, ya\u015fam kalitesini \u00f6nemli \u00f6l\u00e7\u00fcde etkileyebilir. <\/p>\n\n<p>Ameliyattan \u00d6nce<br>Ameliyattan yakla\u015f\u0131k iki hafta \u00f6nce aspirin, uyku hap\u0131 ve alkol almaktan ka\u00e7\u0131nmal\u0131s\u0131n\u0131z. Aspirin ve di\u011fer a\u011fr\u0131 kesiciler kan p\u0131ht\u0131la\u015fmas\u0131n\u0131 geciktirir. <\/p>\n\n<p><em>Operasyonun prosed\u00fcr\u00fc<\/em><\/p>\n\n<p>G\u00f6z kapa\u011f\u0131 ameliyat\u0131 genellikle ayakta tedavi \u015feklinde yap\u0131l\u0131r. Bu, ameliyattan hemen sonra eve gidebilece\u011finiz anlam\u0131na gelir. <\/p>\n\n<p>\u0130\u015flem genellikle lokal anestezi alt\u0131nda yap\u0131l\u0131r. Ancak, talep \u00fczerine genel anestezi de uygulanabilir. <\/p>\n\n<p>Simetrik bir sonu\u00e7 elde etmek i\u00e7in g\u00f6z kapaklar\u0131 hassas bir \u015fekilde \u00f6l\u00e7\u00fcl\u00fcr.<\/p>\n\n<p>Sark\u0131k g\u00f6z kapaklar\u0131n\u0131 d\u00fczeltmek i\u00e7in hilal \u015feklinde bir deri par\u00e7as\u0131 \u00e7\u0131kar\u0131l\u0131r ve fazla ya\u011f dokusu al\u0131nabilir. Daha sonra kesi, yara izi g\u00f6z kapa\u011f\u0131 k\u0131vr\u0131m\u0131nda kalacak ve bu nedenle neredeyse g\u00f6r\u00fcnmez olacak \u015fekilde dikilir. <\/p>\n\n<p>Alt g\u00f6z kapaklar\u0131n\u0131 d\u00fczeltmek i\u00e7in, kesi kirpik \u00e7izgisinin yakla\u015f\u0131k iki milimetre alt\u0131na yap\u0131l\u0131r. G\u00f6z alt\u0131 torbalar\u0131na neden olan fazla ya\u011f da daha sonra al\u0131n\u0131r. <\/p>\n\n<p>Ameliyat sonras\u0131<br>Ba\u015flang\u0131\u00e7ta g\u00f6zleriniz \u015fi\u015fmi\u015f ve morarm\u0131\u015f olacakt\u0131r. Yakla\u015f\u0131k bir hafta sonra, morarma ve diki\u015fler genellikle neredeyse g\u00f6r\u00fcnmez hale gelir. <\/p>\n\n<p>\u015ei\u015fli\u011fi azaltmak i\u00e7in ilk birka\u00e7 g\u00fcn nemli kompresler ve so\u011fuk buz paketleri kullanabilirsiniz. Diki\u015fler ameliyattan yakla\u015f\u0131k be\u015f ila alt\u0131 g\u00fcn sonra al\u0131nacakt\u0131r. <\/p>\n\n<p>Faydalar\u0131<br>G\u00f6zleriniz daha canl\u0131, gen\u00e7 ve daha uyan\u0131k g\u00f6r\u00fcnecek, size yeni bir ya\u015fam enerjisi verecektir. G\u00f6z kapa\u011f\u0131 d\u00fczeltme i\u015fleminin sonu\u00e7lar\u0131 genellikle kal\u0131c\u0131d\u0131r. <\/p>\n\n<h3 class=\"wp-block-heading\"><em><strong>T\u00fcrkiye&#8217;de &#8211; \u0130stanbul &#8211; Antalya &#8211; \u0130zmir&#8217;de g\u00f6z kapa\u011f\u0131 kald\u0131rma ameliyatlar\u0131n\u0131n maliyeti\/fiyatlar\u0131 nelerdir?<\/strong><\/em><\/h3>\n\n<p>G\u00f6z kapa\u011f\u0131 kald\u0131rma i\u015flemleri, i\u015flem yap\u0131lacak b\u00f6lgeye ba\u011fl\u0131 olarak 1980 \u0130svi\u00e7re Frang\u0131&#8217;ndan ba\u015flamaktad\u0131r. Yukar\u0131daki fiyatlara a\u015fa\u011f\u0131daki hizmetler dahildir: <\/p>\n\n<ul class=\"wp-block-list\">\n<li>Dan\u0131\u015fmanl\u0131\u011f\u0131m\u0131z<\/li>\n\n<li>Havaliman\u0131, otel ve klinik aras\u0131ndaki t\u00fcm ula\u015f\u0131m<\/li>\n\n<li>Alman deste\u011fi<\/li>\n\n<li>Hastanede, ameliyathanede ve ila\u00e7larla tedavi<\/li>\n\n<li>Hastanedeki t\u00fcm ameliyat \u00f6ncesi ve sonras\u0131 muayeneler.<\/li>\n\n<li>Hastanede l\u00fcks tek ki\u015filik odada gece konaklama ve yemekler dahil. <\/li>\n\n<li>T\u0131bbi seyahat kart\u0131 ve \u015fehir haritas\u0131<\/li>\n\n<li>\u0130svi\u00e7re&#8217;de seyahat \u00f6ncesi ve sonras\u0131 dan\u0131\u015fmanl\u0131k hizmetleri (\u0130stanbul i\u00e7in ge\u00e7erlidir)<\/li>\n\n<li>\u00dccretsiz di\u015f muayenesi (sadece talep edilmesi halinde)<\/li>\n<\/ul>\n\n<p>\u015eimdi \u0130svi\u00e7re&#8217;de \u00fccretsiz bir g\u00f6r\u00fc\u015fme ayarlay\u0131n veya ba\u011flay\u0131c\u0131 olmayan bir de\u011ferlendirme i\u00e7in bize <a href=\"mailto:info@medicaltravel.net\">e-posta<\/a> yoluyla, <a href=\"https:\/\/www.medicaltravel.ch\/kontakt\/\">buradan <\/a>veya <a href=\"https:\/\/web.whatsapp.com\/send?phone=41%2078%20737%2035%2041&amp;text=&amp;source=&amp;data=\" target=\"_blank\" rel=\"noreferrer noopener nofollow\">WhatsApp <\/a>\u00fczerinden foto\u011fraf g\u00f6nderin.<\/p>\n\t\t\t\t\t\t\t\t<\/div>\n\t\t\t\t\t<\/div>\n\t\t\t\t<\/div>\n\t\t\t\t<\/div>\n\t\t","protected":false},"excerpt":{"rendered":"<p>Meme b\u00fcy\u00fctme Meme ameliyat\u0131 Liposuction kar\u0131n germe G\u00f6z kapa\u011f\u0131 d\u00fczeltmesi Nasenkorrektur Y\u00fcz germe Kulak d\u00fczeltmesi \u00fcst kol kald\u0131rma \u00d6nce, sonra G\u00f6z Kapa\u011f\u0131 Ameliyat\u0131 \u2013 \u0130stanbul, T\u00fcrkiye&#8217;de G\u00f6z Kapa\u011f\u0131 Estetik Ameliyat\u0131 G\u00f6z kapa\u011f\u0131 d\u00fczeltme &#8211; G\u00f6z kapa\u011f\u0131 kald\u0131rma G\u00f6z Kapa\u011f\u0131 Esteti\u011fi \u0130stanbul &#8211; T\u00fcrkiye \u015e\u0130MD\u0130 \u00dcCRETS\u0130Z B\u0130R G\u00d6R\u00dc\u015eME RANDEVUSU ALIN! G\u00f6z kapa\u011f\u0131 ameliyat\u0131 (blefaroplasti, g\u00f6z kapa\u011f\u0131 d\u00fczeltme) s\u0131kl\u0131kla yap\u0131lan bir estetik cerrahi i\u015flemidir. Bir\u00e7ok insan i\u00e7in g\u00f6zler, ruh halinin, duygular\u0131n ve iyilik halinin bir ifadesidir. G\u00f6z kapaklar\u0131n\u0131n sarkmas\u0131, d\u00fc\u015f\u00fck g\u00f6z kapaklar\u0131, g\u00f6z \u00e7evresindeki k\u0131r\u0131\u015f\u0131kl\u0131klar veya g\u00f6z alt\u0131 torbalar\u0131, ki\u015fi kendini iyi hissetse bile, onu h\u0131zla \u00fczg\u00fcn, yorgun veya hasta g\u00f6sterebilir. Bu durum, ya\u015fam kalitesini \u00f6nemli \u00f6l\u00e7\u00fcde etkileyebilir. Ameliyattan \u00d6nceAmeliyattan yakla\u015f\u0131k iki hafta \u00f6nce aspirin, uyku hap\u0131 ve alkol almaktan ka\u00e7\u0131nmal\u0131s\u0131n\u0131z. Aspirin ve di\u011fer a\u011fr\u0131 kesiciler kan p\u0131ht\u0131la\u015fmas\u0131n\u0131 geciktirir. Operasyonun prosed\u00fcr\u00fc G\u00f6z kapa\u011f\u0131 ameliyat\u0131 genellikle ayakta tedavi \u015feklinde yap\u0131l\u0131r. Bu, ameliyattan hemen sonra eve gidebilece\u011finiz anlam\u0131na gelir. \u0130\u015flem genellikle lokal anestezi alt\u0131nda yap\u0131l\u0131r. Ancak, talep \u00fczerine genel anestezi de uygulanabilir. Simetrik bir sonu\u00e7 elde etmek i\u00e7in g\u00f6z kapaklar\u0131 hassas bir \u015fekilde \u00f6l\u00e7\u00fcl\u00fcr. Sark\u0131k g\u00f6z kapaklar\u0131n\u0131 d\u00fczeltmek i\u00e7in hilal \u015feklinde bir deri par\u00e7as\u0131 \u00e7\u0131kar\u0131l\u0131r ve fazla ya\u011f dokusu al\u0131nabilir. Daha sonra kesi, yara izi g\u00f6z kapa\u011f\u0131 k\u0131vr\u0131m\u0131nda kalacak ve bu nedenle neredeyse g\u00f6r\u00fcnmez olacak \u015fekilde dikilir. Alt g\u00f6z kapaklar\u0131n\u0131 d\u00fczeltmek i\u00e7in, kesi kirpik \u00e7izgisinin yakla\u015f\u0131k iki milimetre alt\u0131na yap\u0131l\u0131r. G\u00f6z alt\u0131 torbalar\u0131na neden olan fazla ya\u011f da daha sonra al\u0131n\u0131r. Ameliyat sonras\u0131Ba\u015flang\u0131\u00e7ta g\u00f6zleriniz \u015fi\u015fmi\u015f ve morarm\u0131\u015f olacakt\u0131r. Yakla\u015f\u0131k bir hafta sonra, morarma ve diki\u015fler genellikle neredeyse g\u00f6r\u00fcnmez hale gelir. \u015ei\u015fli\u011fi azaltmak i\u00e7in ilk birka\u00e7 g\u00fcn nemli kompresler ve so\u011fuk buz paketleri kullanabilirsiniz. Diki\u015fler ameliyattan yakla\u015f\u0131k be\u015f ila alt\u0131 g\u00fcn sonra al\u0131nacakt\u0131r. Faydalar\u0131G\u00f6zleriniz daha canl\u0131, gen\u00e7 ve daha uyan\u0131k g\u00f6r\u00fcnecek, size yeni bir ya\u015fam enerjisi verecektir. G\u00f6z kapa\u011f\u0131 d\u00fczeltme i\u015fleminin sonu\u00e7lar\u0131 genellikle kal\u0131c\u0131d\u0131r. T\u00fcrkiye&#8217;de &#8211; \u0130stanbul &#8211; Antalya &#8211; \u0130zmir&#8217;de g\u00f6z kapa\u011f\u0131 kald\u0131rma ameliyatlar\u0131n\u0131n maliyeti\/fiyatlar\u0131 nelerdir? G\u00f6z kapa\u011f\u0131 kald\u0131rma i\u015flemleri, i\u015flem yap\u0131lacak b\u00f6lgeye ba\u011fl\u0131 olarak 1980 \u0130svi\u00e7re Frang\u0131&#8217;ndan ba\u015flamaktad\u0131r. Yukar\u0131daki fiyatlara a\u015fa\u011f\u0131daki hizmetler dahildir: Dan\u0131\u015fmanl\u0131\u011f\u0131m\u0131z Havaliman\u0131, otel ve klinik aras\u0131ndaki t\u00fcm ula\u015f\u0131m Alman deste\u011fi Hastanede, ameliyathanede ve ila\u00e7larla tedavi Hastanedeki t\u00fcm ameliyat \u00f6ncesi ve sonras\u0131 muayeneler. Hastanede l\u00fcks tek ki\u015filik odada gece konaklama ve yemekler dahil. T\u0131bbi seyahat kart\u0131 ve \u015fehir haritas\u0131 \u0130svi\u00e7re&#8217;de seyahat \u00f6ncesi ve sonras\u0131 dan\u0131\u015fmanl\u0131k hizmetleri (\u0130stanbul i\u00e7in ge\u00e7erlidir) \u00dccretsiz di\u015f muayenesi (sadece talep edilmesi halinde) \u015eimdi \u0130svi\u00e7re&#8217;de \u00fccretsiz bir g\u00f6r\u00fc\u015fme ayarlay\u0131n veya ba\u011flay\u0131c\u0131 olmayan bir de\u011ferlendirme i\u00e7in bize e-posta yoluyla, buradan veya WhatsApp \u00fczerinden foto\u011fraf g\u00f6nderin.<\/p>\n","protected":false},"author":4,"featured_media":0,"parent":5319,"menu_order":0,"comment_status":"closed","ping_status":"closed","template":"","meta":{"_joinchat":[],"footnotes":""},"class_list":["post-5320","page","type-page","status-publish","hentry"],"acf":[],"_links":{"self":[{"href":"https:\/\/medicaltravel.ch\/tr\/wp-json\/wp\/v2\/pages\/5320","targetHints":{"allow":["GET"]}}],"collection":[{"href":"https:\/\/medicaltravel.ch\/tr\/wp-json\/wp\/v2\/pages"}],"about":[{"href":"https:\/\/medicaltravel.ch\/tr\/wp-json\/wp\/v2\/types\/page"}],"author":[{"embeddable":true,"href":"https:\/\/medicaltravel.ch\/tr\/wp-json\/wp\/v2\/users\/4"}],"replies":[{"embeddable":true,"href":"https:\/\/medicaltravel.ch\/tr\/wp-json\/wp\/v2\/comments?post=5320"}],"version-history":[{"count":3,"href":"https:\/\/medicaltravel.ch\/tr\/wp-json\/wp\/v2\/pages\/5320\/revisions"}],"predecessor-version":[{"id":5323,"href":"https:\/\/medicaltravel.ch\/tr\/wp-json\/wp\/v2\/pages\/5320\/revisions\/5323"}],"up":[{"embeddable":true,"href":"https:\/\/medicaltravel.ch\/tr\/wp-json\/wp\/v2\/pages\/5319"}],"wp:attachment":[{"href":"https:\/\/medicaltravel.ch\/tr\/wp-json\/wp\/v2\/media?parent=5320"}],"curies":[{"name":"wp","href":"https:\/\/api.w.org\/{rel}","templated":true}]}}