{"id":5324,"date":"2025-09-17T08:31:17","date_gmt":"2025-09-17T07:31:17","guid":{"rendered":"https:\/\/medicaltravel.ch\/kozmetik-cerrahi\/tedavi-yelpazesi\/karin-germe-karin-sikilastirma-tuerkiye-istanbul-antalya-izmir\/"},"modified":"2026-01-04T15:50:24","modified_gmt":"2026-01-04T14:50:24","slug":"karin-germe-karin-sikilastirma-tuerkiye-istanbul-antalya-izmir","status":"publish","type":"page","link":"https:\/\/medicaltravel.ch\/tr\/kozmetik-cerrahi\/tedavi-yelpazesi\/karin-germe-karin-sikilastirma-tuerkiye-istanbul-antalya-izmir\/","title":{"rendered":"Kar\u0131n Germe Kar\u0131n S\u0131k\u0131la\u015ft\u0131rma T\u00fcrkiye \u0130stanbul Antalya \u0130zmir"},"content":{"rendered":"\t\t<div data-elementor-type=\"wp-page\" data-elementor-id=\"5324\" class=\"elementor elementor-5324 elementor-94\" data-elementor-post-type=\"page\">\n\t\t\t\t<div class=\"elementor-element elementor-element-4aa30835 e-flex e-con-boxed wpr-particle-no wpr-jarallax-no wpr-parallax-no wpr-sticky-section-no e-con e-parent\" data-id=\"4aa30835\" data-element_type=\"container\" data-e-type=\"container\">\n\t\t\t\t\t<div class=\"e-con-inner\">\n\t\t<div class=\"elementor-element elementor-element-1177baa e-con-full e-flex wpr-particle-no wpr-jarallax-no wpr-parallax-no wpr-sticky-section-no e-con e-child\" data-id=\"1177baa\" data-element_type=\"container\" data-e-type=\"container\">\n\t\t\t\t<div class=\"elementor-element elementor-element-8f533e8 elementor-widget elementor-widget-button\" data-id=\"8f533e8\" data-element_type=\"widget\" data-e-type=\"widget\" data-widget_type=\"button.default\">\n\t\t\t\t\t\t\t\t\t\t<a class=\"elementor-button elementor-button-link elementor-size-sm\" href=\"https:\/\/medicaltravel.ch\/schoenheitsoperation\/behandlungsspektrum\/brustvergroesserung-istanbul-turkei\/\">\n\t\t\t\t\t\t<span class=\"elementor-button-content-wrapper\">\n\t\t\t\t\t\t\t\t\t<span class=\"elementor-button-text\">Meme b\u00fcy\u00fctme<\/span>\n\t\t\t\t\t<\/span>\n\t\t\t\t\t<\/a>\n\t\t\t\t\t\t\t\t<\/div>\n\t\t\t\t<div class=\"elementor-element elementor-element-15c1491 elementor-widget elementor-widget-button\" data-id=\"15c1491\" data-element_type=\"widget\" data-e-type=\"widget\" data-widget_type=\"button.default\">\n\t\t\t\t\t\t\t\t\t\t<a class=\"elementor-button elementor-button-link elementor-size-sm\" href=\"https:\/\/medicaltravel.ch\/schoenheitsoperation\/behandlungsspektrum\/turkei-istanbul-brustoperationen\/\">\n\t\t\t\t\t\t<span class=\"elementor-button-content-wrapper\">\n\t\t\t\t\t\t\t\t\t<span class=\"elementor-button-text\">Meme ameliyat\u0131<\/span>\n\t\t\t\t\t<\/span>\n\t\t\t\t\t<\/a>\n\t\t\t\t\t\t\t\t<\/div>\n\t\t\t\t<div class=\"elementor-element elementor-element-08c1f32 elementor-widget elementor-widget-button\" data-id=\"08c1f32\" data-element_type=\"widget\" data-e-type=\"widget\" data-widget_type=\"button.default\">\n\t\t\t\t\t\t\t\t\t\t<a class=\"elementor-button elementor-button-link elementor-size-sm\" href=\"https:\/\/medicaltravel.ch\/schoenheitsoperation\/behandlungsspektrum\/turkei-istanbul-fettabsaugung-liposuktion\/\">\n\t\t\t\t\t\t<span class=\"elementor-button-content-wrapper\">\n\t\t\t\t\t\t\t\t\t<span class=\"elementor-button-text\">Liposuction<\/span>\n\t\t\t\t\t<\/span>\n\t\t\t\t\t<\/a>\n\t\t\t\t\t\t\t\t<\/div>\n\t\t\t\t<div class=\"elementor-element elementor-element-aaa0ad6 elementor-widget elementor-widget-button\" data-id=\"aaa0ad6\" data-element_type=\"widget\" data-e-type=\"widget\" data-widget_type=\"button.default\">\n\t\t\t\t\t\t\t\t\t\t<a class=\"elementor-button elementor-button-link elementor-size-sm\" href=\"https:\/\/medicaltravel.ch\/tr\/kozmetik-cerrahi\/tedavi-yelpazesi\/karin-germe-karin-sikilastirma-tuerkiye-istanbul-antalya-izmir\/\">\n\t\t\t\t\t\t<span class=\"elementor-button-content-wrapper\">\n\t\t\t\t\t\t\t\t\t<span class=\"elementor-button-text\">kar\u0131n germe<\/span>\n\t\t\t\t\t<\/span>\n\t\t\t\t\t<\/a>\n\t\t\t\t\t\t\t\t<\/div>\n\t\t\t\t<div class=\"elementor-element elementor-element-f17c9ea elementor-widget elementor-widget-button\" data-id=\"f17c9ea\" data-element_type=\"widget\" data-e-type=\"widget\" data-widget_type=\"button.default\">\n\t\t\t\t\t\t\t\t\t\t<a class=\"elementor-button elementor-button-link elementor-size-sm\" href=\"https:\/\/medicaltravel.ch\/tr\/kozmetik-cerrahi\/tedavi-yelpazesi\/goez-kapagi-duezeltme-tuerkiye-istanbul-antalya-izmir-goez-kapagi-kaldirma\/\">\n\t\t\t\t\t\t<span class=\"elementor-button-content-wrapper\">\n\t\t\t\t\t\t\t\t\t<span class=\"elementor-button-text\">G\u00f6z kapa\u011f\u0131 d\u00fczeltmesi<\/span>\n\t\t\t\t\t<\/span>\n\t\t\t\t\t<\/a>\n\t\t\t\t\t\t\t\t<\/div>\n\t\t\t\t<div class=\"elementor-element elementor-element-cd97832 elementor-widget elementor-widget-button\" data-id=\"cd97832\" data-element_type=\"widget\" data-e-type=\"widget\" data-widget_type=\"button.default\">\n\t\t\t\t\t\t\t\t\t\t<a class=\"elementor-button elementor-button-link elementor-size-sm\" href=\"https:\/\/medicaltravel.ch\/schoenheitsoperation\/behandlungsspektrum\/turkei-istanbul-nasenkorrektur\/\">\n\t\t\t\t\t\t<span class=\"elementor-button-content-wrapper\">\n\t\t\t\t\t\t\t\t\t<span class=\"elementor-button-text\">Nasenkorrektur<\/span>\n\t\t\t\t\t<\/span>\n\t\t\t\t\t<\/a>\n\t\t\t\t\t\t\t\t<\/div>\n\t\t\t\t<div class=\"elementor-element elementor-element-01220c7 elementor-widget elementor-widget-button\" data-id=\"01220c7\" data-element_type=\"widget\" data-e-type=\"widget\" data-widget_type=\"button.default\">\n\t\t\t\t\t\t\t\t\t\t<a class=\"elementor-button elementor-button-link elementor-size-sm\" href=\"https:\/\/medicaltravel.ch\/schoenheitsoperation\/behandlungsspektrum\/turkei-istanbul-faceliftung\/\">\n\t\t\t\t\t\t<span class=\"elementor-button-content-wrapper\">\n\t\t\t\t\t\t\t\t\t<span class=\"elementor-button-text\">Y\u00fcz germe<\/span>\n\t\t\t\t\t<\/span>\n\t\t\t\t\t<\/a>\n\t\t\t\t\t\t\t\t<\/div>\n\t\t\t\t<div class=\"elementor-element elementor-element-7ac7796 elementor-widget elementor-widget-button\" data-id=\"7ac7796\" data-element_type=\"widget\" data-e-type=\"widget\" data-widget_type=\"button.default\">\n\t\t\t\t\t\t\t\t\t\t<a class=\"elementor-button elementor-button-link elementor-size-sm\" href=\"https:\/\/medicaltravel.ch\/schoenheitsoperation\/behandlungsspektrum\/turkei-istanbul-ohrenkorrektur\/\">\n\t\t\t\t\t\t<span class=\"elementor-button-content-wrapper\">\n\t\t\t\t\t\t\t\t\t<span class=\"elementor-button-text\">Kulak d\u00fczeltmesi<\/span>\n\t\t\t\t\t<\/span>\n\t\t\t\t\t<\/a>\n\t\t\t\t\t\t\t\t<\/div>\n\t\t\t\t<div class=\"elementor-element elementor-element-178ac6d elementor-widget elementor-widget-button\" data-id=\"178ac6d\" data-element_type=\"widget\" data-e-type=\"widget\" data-widget_type=\"button.default\">\n\t\t\t\t\t\t\t\t\t\t<a class=\"elementor-button elementor-button-link elementor-size-sm\" href=\"https:\/\/medicaltravel.ch\/schoenheitsoperation\/behandlungsspektrum\/turkei-istanbul-oberarmstraffung\/\">\n\t\t\t\t\t\t<span class=\"elementor-button-content-wrapper\">\n\t\t\t\t\t\t\t\t\t<span class=\"elementor-button-text\">\u00fcst kol kald\u0131rma<\/span>\n\t\t\t\t\t<\/span>\n\t\t\t\t\t<\/a>\n\t\t\t\t\t\t\t\t<\/div>\n\t\t\t\t<div class=\"elementor-element elementor-element-49be4a4 elementor-widget elementor-widget-button\" data-id=\"49be4a4\" data-element_type=\"widget\" data-e-type=\"widget\" data-widget_type=\"button.default\">\n\t\t\t\t\t\t\t\t\t\t<a class=\"elementor-button elementor-button-link elementor-size-sm\" href=\"https:\/\/medicaltravel.ch\/schoenheitsoperation\/vorher-nachher\/\">\n\t\t\t\t\t\t<span class=\"elementor-button-content-wrapper\">\n\t\t\t\t\t\t\t\t\t<span class=\"elementor-button-text\">\u00d6nce, sonra<\/span>\n\t\t\t\t\t<\/span>\n\t\t\t\t\t<\/a>\n\t\t\t\t\t\t\t\t<\/div>\n\t\t\t\t<\/div>\n\t\t\t\t<div class=\"elementor-element elementor-element-210d819f elementor-widget elementor-widget-text-editor\" data-id=\"210d819f\" data-element_type=\"widget\" data-e-type=\"widget\" data-widget_type=\"text-editor.default\">\n\t\t\t\t\t\t\t\t\t\n<h2 class=\"wp-block-heading\">Kar\u0131n Germe \u0130stanbul &#8211; Antalya &#8211; \u0130zmir \/ T\u00dcRK\u0130YE<\/h2>\n\n<p><strong>Kar\u0131n Germe &#8211; Kar\u0131n Kald\u0131rma<\/strong><\/p>\n<hr class=\"wp-block-separator has-alpha-channel-opacity\">\n<p><a href=\"https:\/\/www.medicaltravel.ch\/2020\/04\/23\/onlineberatungen\/\">\u015e\u0130MD\u0130 \u00dcCRETS\u0130Z B\u0130R G\u00d6R\u00dc\u015eME RANDEVUSU ALIN!<\/a><\/p>\n<hr class=\"wp-block-separator has-alpha-channel-opacity\">\n<p>Kar\u0131n, bir\u00e7ok erkek ve kad\u0131n i\u00e7in problemli bir b\u00f6lgedir. Herkes, g\u00f6sterdi\u011fi ve gizlemek zorunda kalmad\u0131\u011f\u0131 d\u00fcz bir kar\u0131n ister. <\/p>\n\n<p>Ya\u015fam ko\u015fullar\u0131, diyetler veya birden fazla gebelik, kar\u0131n duvar\u0131n\u0131n sarkmas\u0131na neden olabilir ve deri her zaman tam olarak eski haline gelmez. Bir diyet, bazen ya\u011f kayb\u0131na yol a\u00e7sa da, fazla deri hala kal\u0131r. <\/p>\n\n<p>Kar\u0131n Kald\u0131rma (Kar\u0131n Germe; Abdominoplasti), kar\u0131n b\u00f6lgesinde yap\u0131lan cerrahi bir i\u015flemdir ve fazla deri ile dokular\u0131n al\u0131nmas\u0131n\u0131 i\u00e7erir. Bu i\u015flem, size daha yeni, daha ince ve s\u0131k\u0131 bir v\u00fccut \u015fekli kazand\u0131r\u0131r. <\/p>\n\n<p><em>Operasyon \u00d6ncesi<\/em><\/p>\n\n<p>Kar\u0131n Kald\u0131rma i\u015flemi \u00f6ncesinde, yakla\u015f\u0131k on d\u00f6rt g\u00fcn s\u00fcreyle aspirin, uyku ilac\u0131 veya alkol almamal\u0131s\u0131n\u0131z. Hem aspirin hem de di\u011fer a\u011fr\u0131 kesiciler, kan\u0131n p\u0131ht\u0131la\u015fmas\u0131n\u0131 geciktirir ve istenmeyen kanamalara yol a\u00e7abilir. <\/p>\n\n<p>Sigara i\u00e7enlerin, yara iyile\u015fmesini riske atmamak i\u00e7in i\u015flemden d\u00f6rt hafta \u00f6nce nikotin t\u00fcketimlerini \u00f6nemli \u00f6l\u00e7\u00fcde s\u0131n\u0131rlamalar\u0131 gerekmektedir.<\/p>\n\n<p><em>Operasyonun prosed\u00fcr\u00fc<\/em><\/p>\n\n<p>Kar\u0131n Kald\u0131rma i\u015flemi, genel anestezi alt\u0131nda yap\u0131l\u0131r. Ard\u0131ndan, bir ila iki g\u00fcn s\u00fcren hastanede kal\u0131\u015f gereklidir. <\/p>\n\n<p>Fazla dokuyu almak i\u00e7in, bikini b\u00f6lgesinde uzun bir kesik yap\u0131lmas\u0131 gerekmektedir. Bu kesikten olu\u015fan iz, genellikle bikini veya mayo ile gizlenebilir. <\/p>\n\n<p>Cilt, alt\u0131ndaki kaslardan ayr\u0131l\u0131r. Duruma ba\u011fl\u0131 olarak, fazla deri al\u0131n\u0131r ve kar\u0131n duvar\u0131 s\u0131k\u0131la\u015ft\u0131r\u0131l\u0131r. Bazen, hala mevcut olan fazla ya\u011f dokusu da liposuction y\u00f6ntemiyle al\u0131nabilir.  <\/p>\n\n<p>Kar\u0131n Kald\u0131rma i\u015fleminde, kar\u0131ndaki t\u00fcm deri a\u015fa\u011f\u0131ya kayd\u0131r\u0131ld\u0131\u011f\u0131ndan, operasyon s\u0131ras\u0131nda g\u00f6bek deli\u011fi de yukar\u0131ya ta\u015f\u0131nmal\u0131d\u0131r. Ard\u0131ndan, yara kenarlar\u0131 dikilir. \u0130lk g\u00fcnlerde, operasyon b\u00f6lgesini korumak i\u00e7in bir bandaj uygulan\u0131r. Anestezi s\u0131ras\u0131nda, bir korse de giydirilir.   <\/p>\n\n<p> <\/p>\n\n<p id=\"caption-attachment-886\">Kar\u0131n Germe i\u015fleminiz, \u00e7ok deneyimli doktorlar taraf\u0131ndan yap\u0131lmal\u0131d\u0131r.<\/p>\n\n<p>Operasyon Sonras\u0131<\/p>\n\n<p>Operasyondan iki hafta sonra diki\u015fler al\u0131n\u0131r. Kompresyon korsesi ise d\u00f6rt ila alt\u0131 hafta boyunca giyilmelidir. <\/p>\n\n<p>Nihai sonu\u00e7 birka\u00e7 ay i\u00e7inde g\u00f6r\u00fcl\u00fcr.<\/p>\n\n<p>Sizin Faydalar\u0131n\u0131z<\/p>\n\n<p>Kar\u0131n Kald\u0131rma i\u015flemi, size daha yeni, daha ince ve s\u0131k\u0131 bir v\u00fccut \u015fekli kazand\u0131r\u0131r.<\/p>\n\n<h3 class=\"wp-block-heading\"><em><strong>T\u00fcrkiye&#8217;de &#8211; \u0130stanbul &#8211; Antalya &#8211; \u0130zmir&#8217;de kar\u0131n germe ameliyatlar\u0131n\u0131n maliyeti\/fiyatlar\u0131 nelerdir?<\/strong><\/em><\/h3>\n\n<p>Bauchstraffungen kosten ca. 4860 CHF, je nach Bereiche. Folgende Leistungen sind in den obigen Preisen inbegriffen: <\/p>\n\n<ul class=\"wp-block-list\">\n<li>Dan\u0131\u015fmanl\u0131\u011f\u0131m\u0131z<\/li>\n\n<li>Havaliman\u0131, otel ve klinik aras\u0131ndaki t\u00fcm ula\u015f\u0131m<\/li>\n\n<li>Alman deste\u011fi<\/li>\n\n<li>Hastanede, ameliyathanede ve ila\u00e7larla tedavi<\/li>\n\n<li>Hastanedeki t\u00fcm ameliyat \u00f6ncesi ve sonras\u0131 muayeneler.<\/li>\n\n<li>Hastanede l\u00fcks tek ki\u015filik odada gece konaklama ve yemekler dahil. <\/li>\n\n<li>T\u0131bbi seyahat kart\u0131 ve \u015fehir haritas\u0131<\/li>\n\n<li>\u0130svi\u00e7re&#8217;de seyahat \u00f6ncesi ve sonras\u0131 dan\u0131\u015fmanl\u0131k hizmetleri (\u0130stanbul i\u00e7in ge\u00e7erlidir)<\/li>\n\n<li>\u00dccretsiz di\u015f muayenesi (sadece talep edilmesi halinde)<\/li>\n<\/ul>\n\n<p>\u015eimdi \u0130svi\u00e7re&#8217;de \u00fccretsiz bir dan\u0131\u015fmanl\u0131k randevusu ayarlay\u0131n veya bize foto\u011fraflar\u0131n\u0131z\u0131 <a href=\"mailto:info@medicaltravel.net\">e-posta<\/a>, <a href=\"https:\/\/www.medicaltravel.ch\/kontakt\/\">buradan <\/a>veya <a href=\"https:\/\/web.whatsapp.com\/send?phone=41%2078%20737%2035%2041&amp;text=&amp;source=&amp;data=\" target=\"_blank\" rel=\"noreferrer noopener nofollow\">WhatsApp <\/a>\u00fczerinden g\u00f6ndererek \u00fccretsiz bir de\u011ferlendirme alabilirsiniz.<\/p>\n\t\t\t\t\t\t\t\t<\/div>\n\t\t\t\t\t<\/div>\n\t\t\t\t<\/div>\n\t\t\t\t<\/div>\n\t\t","protected":false},"excerpt":{"rendered":"<p>Meme b\u00fcy\u00fctme Meme ameliyat\u0131 Liposuction kar\u0131n germe G\u00f6z kapa\u011f\u0131 d\u00fczeltmesi Nasenkorrektur Y\u00fcz germe Kulak d\u00fczeltmesi \u00fcst kol kald\u0131rma \u00d6nce, sonra Kar\u0131n Germe \u0130stanbul &#8211; Antalya &#8211; \u0130zmir \/ T\u00dcRK\u0130YE Kar\u0131n Germe &#8211; Kar\u0131n Kald\u0131rma \u015e\u0130MD\u0130 \u00dcCRETS\u0130Z B\u0130R G\u00d6R\u00dc\u015eME RANDEVUSU ALIN! Kar\u0131n, bir\u00e7ok erkek ve kad\u0131n i\u00e7in problemli bir b\u00f6lgedir. Herkes, g\u00f6sterdi\u011fi ve gizlemek zorunda kalmad\u0131\u011f\u0131 d\u00fcz bir kar\u0131n ister. Ya\u015fam ko\u015fullar\u0131, diyetler veya birden fazla gebelik, kar\u0131n duvar\u0131n\u0131n sarkmas\u0131na neden olabilir ve deri her zaman tam olarak eski haline gelmez. Bir diyet, bazen ya\u011f kayb\u0131na yol a\u00e7sa da, fazla deri hala kal\u0131r. Kar\u0131n Kald\u0131rma (Kar\u0131n Germe; Abdominoplasti), kar\u0131n b\u00f6lgesinde yap\u0131lan cerrahi bir i\u015flemdir ve fazla deri ile dokular\u0131n al\u0131nmas\u0131n\u0131 i\u00e7erir. Bu i\u015flem, size daha yeni, daha ince ve s\u0131k\u0131 bir v\u00fccut \u015fekli kazand\u0131r\u0131r. Operasyon \u00d6ncesi Kar\u0131n Kald\u0131rma i\u015flemi \u00f6ncesinde, yakla\u015f\u0131k on d\u00f6rt g\u00fcn s\u00fcreyle aspirin, uyku ilac\u0131 veya alkol almamal\u0131s\u0131n\u0131z. Hem aspirin hem de di\u011fer a\u011fr\u0131 kesiciler, kan\u0131n p\u0131ht\u0131la\u015fmas\u0131n\u0131 geciktirir ve istenmeyen kanamalara yol a\u00e7abilir. Sigara i\u00e7enlerin, yara iyile\u015fmesini riske atmamak i\u00e7in i\u015flemden d\u00f6rt hafta \u00f6nce nikotin t\u00fcketimlerini \u00f6nemli \u00f6l\u00e7\u00fcde s\u0131n\u0131rlamalar\u0131 gerekmektedir. Operasyonun prosed\u00fcr\u00fc Kar\u0131n Kald\u0131rma i\u015flemi, genel anestezi alt\u0131nda yap\u0131l\u0131r. Ard\u0131ndan, bir ila iki g\u00fcn s\u00fcren hastanede kal\u0131\u015f gereklidir. Fazla dokuyu almak i\u00e7in, bikini b\u00f6lgesinde uzun bir kesik yap\u0131lmas\u0131 gerekmektedir. Bu kesikten olu\u015fan iz, genellikle bikini veya mayo ile gizlenebilir. Cilt, alt\u0131ndaki kaslardan ayr\u0131l\u0131r. Duruma ba\u011fl\u0131 olarak, fazla deri al\u0131n\u0131r ve kar\u0131n duvar\u0131 s\u0131k\u0131la\u015ft\u0131r\u0131l\u0131r. Bazen, hala mevcut olan fazla ya\u011f dokusu da liposuction y\u00f6ntemiyle al\u0131nabilir. Kar\u0131n Kald\u0131rma i\u015fleminde, kar\u0131ndaki t\u00fcm deri a\u015fa\u011f\u0131ya kayd\u0131r\u0131ld\u0131\u011f\u0131ndan, operasyon s\u0131ras\u0131nda g\u00f6bek deli\u011fi de yukar\u0131ya ta\u015f\u0131nmal\u0131d\u0131r. Ard\u0131ndan, yara kenarlar\u0131 dikilir. \u0130lk g\u00fcnlerde, operasyon b\u00f6lgesini korumak i\u00e7in bir bandaj uygulan\u0131r. Anestezi s\u0131ras\u0131nda, bir korse de giydirilir. Kar\u0131n Germe i\u015fleminiz, \u00e7ok deneyimli doktorlar taraf\u0131ndan yap\u0131lmal\u0131d\u0131r. Operasyon Sonras\u0131 Operasyondan iki hafta sonra diki\u015fler al\u0131n\u0131r. Kompresyon korsesi ise d\u00f6rt ila alt\u0131 hafta boyunca giyilmelidir. Nihai sonu\u00e7 birka\u00e7 ay i\u00e7inde g\u00f6r\u00fcl\u00fcr. Sizin Faydalar\u0131n\u0131z Kar\u0131n Kald\u0131rma i\u015flemi, size daha yeni, daha ince ve s\u0131k\u0131 bir v\u00fccut \u015fekli kazand\u0131r\u0131r. T\u00fcrkiye&#8217;de &#8211; \u0130stanbul &#8211; Antalya &#8211; \u0130zmir&#8217;de kar\u0131n germe ameliyatlar\u0131n\u0131n maliyeti\/fiyatlar\u0131 nelerdir? Bauchstraffungen kosten ca. 4860 CHF, je nach Bereiche. Folgende Leistungen sind in den obigen Preisen inbegriffen: Dan\u0131\u015fmanl\u0131\u011f\u0131m\u0131z Havaliman\u0131, otel ve klinik aras\u0131ndaki t\u00fcm ula\u015f\u0131m Alman deste\u011fi Hastanede, ameliyathanede ve ila\u00e7larla tedavi Hastanedeki t\u00fcm ameliyat \u00f6ncesi ve sonras\u0131 muayeneler. Hastanede l\u00fcks tek ki\u015filik odada gece konaklama ve yemekler dahil. T\u0131bbi seyahat kart\u0131 ve \u015fehir haritas\u0131 \u0130svi\u00e7re&#8217;de seyahat \u00f6ncesi ve sonras\u0131 dan\u0131\u015fmanl\u0131k hizmetleri (\u0130stanbul i\u00e7in ge\u00e7erlidir) \u00dccretsiz di\u015f muayenesi (sadece talep edilmesi halinde) \u015eimdi \u0130svi\u00e7re&#8217;de \u00fccretsiz bir dan\u0131\u015fmanl\u0131k randevusu ayarlay\u0131n veya bize foto\u011fraflar\u0131n\u0131z\u0131 e-posta, buradan veya WhatsApp \u00fczerinden g\u00f6ndererek \u00fccretsiz bir de\u011ferlendirme alabilirsiniz.<\/p>\n","protected":false},"author":4,"featured_media":0,"parent":5319,"menu_order":0,"comment_status":"closed","ping_status":"closed","template":"","meta":{"_joinchat":[],"footnotes":""},"class_list":["post-5324","page","type-page","status-publish","hentry"],"acf":[],"_links":{"self":[{"href":"https:\/\/medicaltravel.ch\/tr\/wp-json\/wp\/v2\/pages\/5324","targetHints":{"allow":["GET"]}}],"collection":[{"href":"https:\/\/medicaltravel.ch\/tr\/wp-json\/wp\/v2\/pages"}],"about":[{"href":"https:\/\/medicaltravel.ch\/tr\/wp-json\/wp\/v2\/types\/page"}],"author":[{"embeddable":true,"href":"https:\/\/medicaltravel.ch\/tr\/wp-json\/wp\/v2\/users\/4"}],"replies":[{"embeddable":true,"href":"https:\/\/medicaltravel.ch\/tr\/wp-json\/wp\/v2\/comments?post=5324"}],"version-history":[{"count":3,"href":"https:\/\/medicaltravel.ch\/tr\/wp-json\/wp\/v2\/pages\/5324\/revisions"}],"predecessor-version":[{"id":5327,"href":"https:\/\/medicaltravel.ch\/tr\/wp-json\/wp\/v2\/pages\/5324\/revisions\/5327"}],"up":[{"embeddable":true,"href":"https:\/\/medicaltravel.ch\/tr\/wp-json\/wp\/v2\/pages\/5319"}],"wp:attachment":[{"href":"https:\/\/medicaltravel.ch\/tr\/wp-json\/wp\/v2\/media?parent=5324"}],"curies":[{"name":"wp","href":"https:\/\/api.w.org\/{rel}","templated":true}]}}