{"id":5329,"date":"2025-09-17T08:28:22","date_gmt":"2025-09-17T07:28:22","guid":{"rendered":"https:\/\/medicaltravel.ch\/kozmetik-cerrahi\/tedavi-yelpazesi\/brustoperationen-bruststraffung-brustverkleinerung-brustlifting\/"},"modified":"2026-01-10T01:12:55","modified_gmt":"2026-01-10T00:12:55","slug":"meme-ameliyati-meme-diklestirme-meme-kucultme","status":"publish","type":"page","link":"https:\/\/medicaltravel.ch\/tr\/kozmetik-cerrahi\/tedavi-yelpazesi\/meme-ameliyati-meme-diklestirme-meme-kucultme\/","title":{"rendered":"Meme ameliyat\u0131: meme dikle\u015ftirme, meme k\u00fc\u00e7\u00fcltme"},"content":{"rendered":"\t\t<div data-elementor-type=\"wp-page\" data-elementor-id=\"5329\" class=\"elementor elementor-5329 elementor-88\" data-elementor-post-type=\"page\">\n\t\t\t\t<div class=\"elementor-element elementor-element-7a0b43aa e-flex e-con-boxed wpr-particle-no wpr-jarallax-no wpr-parallax-no wpr-sticky-section-no e-con e-parent\" data-id=\"7a0b43aa\" data-element_type=\"container\" data-e-type=\"container\">\n\t\t\t\t\t<div class=\"e-con-inner\">\n\t\t<div class=\"elementor-element elementor-element-740dc47 e-con-full e-flex wpr-particle-no wpr-jarallax-no wpr-parallax-no wpr-sticky-section-no e-con e-child\" data-id=\"740dc47\" data-element_type=\"container\" data-e-type=\"container\">\n\t\t\t\t<div class=\"elementor-element elementor-element-bc98e4b elementor-widget elementor-widget-button\" data-id=\"bc98e4b\" data-element_type=\"widget\" data-e-type=\"widget\" data-widget_type=\"button.default\">\n\t\t\t\t\t\t\t\t\t\t<a class=\"elementor-button elementor-button-link elementor-size-sm\" href=\"https:\/\/medicaltravel.ch\/tr\/kozmetik-cerrahi\/tedavi-yelpazesi\/goegues-bueyuetme-goegues-implantlari-istanbul-tuerkiye-antalya-izmir\/\">\n\t\t\t\t\t\t<span class=\"elementor-button-content-wrapper\">\n\t\t\t\t\t\t\t\t\t<span class=\"elementor-button-text\">Meme b\u00fcy\u00fctme<\/span>\n\t\t\t\t\t<\/span>\n\t\t\t\t\t<\/a>\n\t\t\t\t\t\t\t\t<\/div>\n\t\t\t\t<div class=\"elementor-element elementor-element-1e4d61a elementor-widget elementor-widget-button\" data-id=\"1e4d61a\" data-element_type=\"widget\" data-e-type=\"widget\" data-widget_type=\"button.default\">\n\t\t\t\t\t\t\t\t\t\t<a class=\"elementor-button elementor-button-link elementor-size-sm\" href=\"https:\/\/medicaltravel.ch\/tr\/kozmetik-cerrahi\/tedavi-yelpazesi\/brustoperationen-bruststraffung-brustverkleinerung-brustlifting\/\">\n\t\t\t\t\t\t<span class=\"elementor-button-content-wrapper\">\n\t\t\t\t\t\t\t\t\t<span class=\"elementor-button-text\">Meme ameliyat\u0131<\/span>\n\t\t\t\t\t<\/span>\n\t\t\t\t\t<\/a>\n\t\t\t\t\t\t\t\t<\/div>\n\t\t\t\t<div class=\"elementor-element elementor-element-0d9e4f5 elementor-widget elementor-widget-button\" data-id=\"0d9e4f5\" data-element_type=\"widget\" data-e-type=\"widget\" data-widget_type=\"button.default\">\n\t\t\t\t\t\t\t\t\t\t<a class=\"elementor-button elementor-button-link elementor-size-sm\" href=\"https:\/\/medicaltravel.ch\/tr\/kozmetik-cerrahi\/tedavi-yelpazesi\/fettabsaugung-liposuktion-tuerkei-istanbul-antalya-izmir\/\">\n\t\t\t\t\t\t<span class=\"elementor-button-content-wrapper\">\n\t\t\t\t\t\t\t\t\t<span class=\"elementor-button-text\">Liposuction<\/span>\n\t\t\t\t\t<\/span>\n\t\t\t\t\t<\/a>\n\t\t\t\t\t\t\t\t<\/div>\n\t\t\t\t<div class=\"elementor-element elementor-element-41b496a elementor-widget elementor-widget-button\" data-id=\"41b496a\" data-element_type=\"widget\" data-e-type=\"widget\" data-widget_type=\"button.default\">\n\t\t\t\t\t\t\t\t\t\t<a class=\"elementor-button elementor-button-link elementor-size-sm\" href=\"https:\/\/medicaltravel.ch\/tr\/kozmetik-cerrahi\/tedavi-yelpazesi\/karin-germe-karin-sikilastirma-tuerkiye-istanbul-antalya-izmir\/\">\n\t\t\t\t\t\t<span class=\"elementor-button-content-wrapper\">\n\t\t\t\t\t\t\t\t\t<span class=\"elementor-button-text\">kar\u0131n germe<\/span>\n\t\t\t\t\t<\/span>\n\t\t\t\t\t<\/a>\n\t\t\t\t\t\t\t\t<\/div>\n\t\t\t\t<div class=\"elementor-element elementor-element-7b20786 elementor-widget elementor-widget-button\" data-id=\"7b20786\" data-element_type=\"widget\" data-e-type=\"widget\" data-widget_type=\"button.default\">\n\t\t\t\t\t\t\t\t\t\t<a class=\"elementor-button elementor-button-link elementor-size-sm\" href=\"https:\/\/medicaltravel.ch\/tr\/kozmetik-cerrahi\/tedavi-yelpazesi\/goez-kapagi-duezeltme-tuerkiye-istanbul-antalya-izmir-goez-kapagi-kaldirma\/\">\n\t\t\t\t\t\t<span class=\"elementor-button-content-wrapper\">\n\t\t\t\t\t\t\t\t\t<span class=\"elementor-button-text\">G\u00f6z kapa\u011f\u0131 d\u00fczeltmesi<\/span>\n\t\t\t\t\t<\/span>\n\t\t\t\t\t<\/a>\n\t\t\t\t\t\t\t\t<\/div>\n\t\t\t\t<div class=\"elementor-element elementor-element-a8162d2 elementor-widget elementor-widget-button\" data-id=\"a8162d2\" data-element_type=\"widget\" data-e-type=\"widget\" data-widget_type=\"button.default\">\n\t\t\t\t\t\t\t\t\t\t<a class=\"elementor-button elementor-button-link elementor-size-sm\" href=\"https:\/\/medicaltravel.ch\/tr\/kozmetik-cerrahi\/tedavi-yelpazesi\/burun-estetigi-burun-ameliyati-burun-sekillendirme-istanbul-tuerkiye-antalya-izmir\/\">\n\t\t\t\t\t\t<span class=\"elementor-button-content-wrapper\">\n\t\t\t\t\t\t\t\t\t<span class=\"elementor-button-text\">Nasenkorrektur<\/span>\n\t\t\t\t\t<\/span>\n\t\t\t\t\t<\/a>\n\t\t\t\t\t\t\t\t<\/div>\n\t\t\t\t<div class=\"elementor-element elementor-element-17b2557 elementor-widget elementor-widget-button\" data-id=\"17b2557\" data-element_type=\"widget\" data-e-type=\"widget\" data-widget_type=\"button.default\">\n\t\t\t\t\t\t\t\t\t\t<a class=\"elementor-button elementor-button-link elementor-size-sm\" href=\"https:\/\/medicaltravel.ch\/tr\/kozmetik-cerrahi\/tedavi-yelpazesi\/yuez-germe-facelift-tuerkiye-istanbul-antalya-izmir\/\">\n\t\t\t\t\t\t<span class=\"elementor-button-content-wrapper\">\n\t\t\t\t\t\t\t\t\t<span class=\"elementor-button-text\">Y\u00fcz germe<\/span>\n\t\t\t\t\t<\/span>\n\t\t\t\t\t<\/a>\n\t\t\t\t\t\t\t\t<\/div>\n\t\t\t\t<div class=\"elementor-element elementor-element-e3614d5 elementor-widget elementor-widget-button\" data-id=\"e3614d5\" data-element_type=\"widget\" data-e-type=\"widget\" data-widget_type=\"button.default\">\n\t\t\t\t\t\t\t\t\t\t<a class=\"elementor-button elementor-button-link elementor-size-sm\" href=\"https:\/\/medicaltravel.ch\/tr\/kozmetik-cerrahi\/tedavi-yelpazesi\/kulak-estetigi-tuerkiye-istanbul-antalya-izmir\/\">\n\t\t\t\t\t\t<span class=\"elementor-button-content-wrapper\">\n\t\t\t\t\t\t\t\t\t<span class=\"elementor-button-text\">Kulak d\u00fczeltmesi<\/span>\n\t\t\t\t\t<\/span>\n\t\t\t\t\t<\/a>\n\t\t\t\t\t\t\t\t<\/div>\n\t\t\t\t<div class=\"elementor-element elementor-element-0bedfe3 elementor-widget elementor-widget-button\" data-id=\"0bedfe3\" data-element_type=\"widget\" data-e-type=\"widget\" data-widget_type=\"button.default\">\n\t\t\t\t\t\t\t\t\t\t<a class=\"elementor-button elementor-button-link elementor-size-sm\" href=\"https:\/\/medicaltravel.ch\/tr\/kozmetik-cerrahi\/tedavi-yelpazesi\/oberarmstraffung-oberschenkelstraffung-armstraffung-tuerkei-istanbul-antalya-izmir\/\">\n\t\t\t\t\t\t<span class=\"elementor-button-content-wrapper\">\n\t\t\t\t\t\t\t\t\t<span class=\"elementor-button-text\">\u00fcst kol kald\u0131rma<\/span>\n\t\t\t\t\t<\/span>\n\t\t\t\t\t<\/a>\n\t\t\t\t\t\t\t\t<\/div>\n\t\t\t\t<div class=\"elementor-element elementor-element-e0361d9 elementor-widget elementor-widget-button\" data-id=\"e0361d9\" data-element_type=\"widget\" data-e-type=\"widget\" data-widget_type=\"button.default\">\n\t\t\t\t\t\t\t\t\t\t<a class=\"elementor-button elementor-button-link elementor-size-sm\" href=\"https:\/\/medicaltravel.ch\/tr\/kozmetik-cerrahi\/oence-sonra-fotograflari-guezellik-ameliyati-istanbul-tuerkiye\/\">\n\t\t\t\t\t\t<span class=\"elementor-button-content-wrapper\">\n\t\t\t\t\t\t\t\t\t<span class=\"elementor-button-text\">\u00d6nce, sonra<\/span>\n\t\t\t\t\t<\/span>\n\t\t\t\t\t<\/a>\n\t\t\t\t\t\t\t\t<\/div>\n\t\t\t\t<\/div>\n\t\t\t\t<div class=\"elementor-element elementor-element-7f8f4ba7 elementor-widget elementor-widget-text-editor\" data-id=\"7f8f4ba7\" data-element_type=\"widget\" data-e-type=\"widget\" data-widget_type=\"text-editor.default\">\n\t\t\t\t\t\t\t\t\t\n<figure class=\"wp-block-image size-full\"><img fetchpriority=\"high\" decoding=\"async\" width=\"683\" height=\"1024\" class=\"wp-image-400\" src=\"https:\/\/medicaltravel.ch\/wp-content\/uploads\/2025\/09\/Fotolia_47547492_L_Brust-683x1024-1.jpg\" alt=\"\" srcset=\"https:\/\/medicaltravel.ch\/wp-content\/uploads\/2025\/09\/Fotolia_47547492_L_Brust-683x1024-1.jpg 683w, https:\/\/medicaltravel.ch\/wp-content\/uploads\/2025\/09\/Fotolia_47547492_L_Brust-683x1024-1-200x300.jpg 200w\" sizes=\"(max-width: 683px) 100vw, 683px\" \/><\/figure>\n\n<p id=\"caption-attachment-7209\">G\u00f6\u011f\u00fcs D\u00fczeltme Ameliyatlar\u0131 \u0130stanbul, T\u00fcrkiye<\/p>\n\n<h2 class=\"wp-block-heading\">G\u00f6\u011f\u00fcs D\u00fczeltme &#8211; G\u00f6\u011f\u00fcs Dikle\u015ftirme<\/h2>\n\n<p><strong>G\u00f6\u011f\u00fcs K\u00fc\u00e7\u00fcltme \u0130stanbul &#8211; Antalya &#8211; \u0130zmir &#8211; T\u00fcrkiye<\/strong><\/p>\n<hr class=\"wp-block-separator has-alpha-channel-opacity\">\n<p><a href=\"https:\/\/medicaltravel.ch\/home\/2020-2\/04-2\/23-2\/beratungen\/\" data-type=\"page\" data-id=\"247\">\u015e\u0130MD\u0130 \u00dcCRETS\u0130Z B\u0130R G\u00d6R\u00dc\u015eME RANDEVUSU ALIN!<\/a><\/p>\n<hr class=\"wp-block-separator has-alpha-channel-opacity\">\n<p><strong>G\u00f6\u011f\u00fcs Dikle\u015ftirme &#8211; G\u00f6\u011f\u00fcs D\u00fczeltme &#8211; G\u00f6\u011f\u00fcs Liftingi &#8211; G\u00f6\u011f\u00fcs K\u00fc\u00e7\u00fcltme<\/strong><\/p>\n\n<p>Sark\u0131k g\u00f6\u011f\u00fcslerden tam olarak ne kastediliyor?<\/p>\n\n<p>Zamanla, \u00f6zellikle yer\u00e7ekimi nedeniyle, \u00e7o\u011fu kad\u0131nda g\u00f6\u011f\u00fcs dokusunun, \u00e7evresindeki derinin ve meme ucunun (BW) a\u015fa\u011f\u0131ya kaymas\u0131 s\u00f6z konusu olur. Meme ucu, t\u00fcm formun g\u00f6r\u00fcn\u00fcm\u00fcnde belirleyici bir rol oynar. Temelde, baz\u0131 temel g\u00f6\u011f\u00fcs \u015fekilleri ay\u0131rt edilebilir:  <\/p>\n\n<p>Normal b\u00fcy\u00fckl\u00fckte g\u00f6\u011f\u00fcs, meme ucu (BW) \u00f6nemli \u00f6l\u00e7\u00fcde a\u015fa\u011f\u0131ya kaymam\u0131\u015f.<\/p>\n\n<p>G\u00f6\u011f\u00fcs ucunun etraf\u0131nda veya sadece \u00fcst b\u00f6lgede (yar\u0131m ay \u015feklinde) deri \u00e7\u0131kar\u0131lmas\u0131yla yap\u0131lan nispeten k\u00fc\u00e7\u00fck bir i\u015flemle, genel formda \u00f6nemli bir iyile\u015fme sa\u011flanabilir. Bu i\u015flem, lokal anestezi alt\u0131nda yap\u0131labilir. <\/p>\n\n<p>Normal b\u00fcy\u00fckl\u00fckte ancak sarkm\u0131\u015f g\u00f6\u011f\u00fcs, meme ucu (BW) belirgin \u015fekilde a\u015fa\u011f\u0131ya kaym\u0131\u015f.<\/p>\n\n<p>G\u00f6\u011f\u00fcs bezinin s\u0131k\u0131la\u015ft\u0131r\u0131lmas\u0131 ve \u00f6zellikle meme ucu \u00e7evresindeki fazla derinin \u00e7\u0131kar\u0131lmas\u0131yla formda iyile\u015fme sa\u011flan\u0131r. Bu i\u015flem biraz daha invazivdir ve genel anestezi gerektirir. <\/p>\n\n<p>\u00c7ok k\u00fc\u00e7\u00fck, sarkm\u0131\u015f g\u00f6\u011f\u00fcs, meme ucu (BW) a\u015fa\u011f\u0131ya kaymam\u0131\u015f ya da \u00e7ok az kaym\u0131\u015f.<\/p>\n\n<p>Bu durumda, doku eklenmesi gerekmektedir. Genellikle bu, eklenen implantlarla (Augmentation) yap\u0131l\u0131r ya da yeterli &#8220;ba\u011f\u0131\u015f b\u00f6lgesi&#8221; varsa, kendi ya\u011f dokusu ile (lipofilling) veya hyaluronik asit (Macrolane) enjeksiyonu ile yap\u0131labilir. <\/p>\n\n<p>\u00c7ok b\u00fcy\u00fck ve ayn\u0131 zamanda sarkm\u0131\u015f g\u00f6\u011f\u00fcs.<\/p>\n\n<p>D\u00fczeltme, bir k\u00fc\u00e7\u00fcltme operasyonu kapsam\u0131nda yap\u0131l\u0131r; bu i\u015flem, izlerin m\u00fcmk\u00fcn oldu\u011funca az olaca\u011f\u0131 bir teknikle veya geleneksel \u015fekilde (\u00e7apa \u015feklinde iz) ger\u00e7ekle\u015ftirilebilir.<\/p>\n\n<p>Operasyon \u00d6ncesi<\/p>\n\n<p>G\u00f6\u011f\u00fcs dikle\u015ftirme i\u015fleminden \u00f6nce, yakla\u015f\u0131k yedi g\u00fcn s\u00fcreyle aspirin, uyku ilac\u0131 veya alkol almamal\u0131s\u0131n\u0131z. Hem aspirin hem de di\u011fer a\u011fr\u0131 kesiciler, kan p\u0131ht\u0131la\u015fmas\u0131n\u0131 geciktirir ve istenmeyen kanamalara yol a\u00e7abilir. <\/p>\n\n<p>Sigara i\u00e7enlerin, yara iyile\u015fmesini riske atmamak i\u00e7in i\u015flemden d\u00f6rt hafta \u00f6nce nikotin t\u00fcketimlerini \u00f6nemli \u00f6l\u00e7\u00fcde s\u0131n\u0131rlamalar\u0131 gerekmektedir.<\/p>\n\n<p><em>Operasyonun prosed\u00fcr\u00fc<\/em><\/p>\n\n<p>G\u00f6\u011f\u00fcs dikle\u015ftirme i\u015flemi genel anestezi alt\u0131nda yap\u0131l\u0131r. \u0130ste\u011fe ba\u011fl\u0131 olarak, birka\u00e7 saatlik bir iyile\u015fme s\u00fcrecinin ard\u0131ndan uyanma odas\u0131nda kalabilir ve sonra evinize d\u00f6nebilirsiniz. Ancak hastanede bir gece konaklama se\u00e7ene\u011fi de mevcuttur. <\/p>\n\n<p>Kesik yeri, istenilen sonuca ba\u011fl\u0131 olarak belirlenir. \u00c7o\u011fu zaman, tek bir halkasal deri \u015feridinin \u00e7\u0131kar\u0131lmas\u0131 yeterlidir (perimamill\u00e4re s\u0131k\u0131la\u015ft\u0131rma). \u0130zler, meme ucu \u00e7evresinde yer al\u0131r ve bu nedenle neredeyse g\u00f6r\u00fcnmezdir. E\u011fer bu yeterli olmazsa, meme ucundan a\u015fa\u011f\u0131ya do\u011fru veya g\u00f6\u011f\u00fcs k\u0131vr\u0131m\u0131nda kesikler yap\u0131labilir (izleri minimumda tutan teknikle s\u0131k\u0131la\u015ft\u0131rma).   <\/p>\n\n<p>E\u011fer g\u00f6\u011f\u00fcs, planlanan dikle\u015ftirme i\u015flemi \u00f6ncesinde \u00e7ok k\u00fc\u00e7\u00fckse, istenilen sonuca ula\u015fmak i\u00e7in ek olarak g\u00f6\u011f\u00fcs implantlar\u0131 yerle\u015ftirilebilir.<\/p>\n\n<p>\u00c7ok b\u00fcy\u00fck g\u00f6\u011f\u00fcslerde, genellikle gen\u00e7 ya\u015flarda bile sarkmalar ba\u015flayabilir ve yaln\u0131zca dikle\u015ftirme yeterli olmayabilir, \u00e7\u00fcnk\u00fc g\u00f6\u011f\u00fcslerin a\u011f\u0131rl\u0131\u011f\u0131 nedeniyle zamanla yeniden sarkma meydana gelir. En iyi sonu\u00e7lar\u0131 elde etmek i\u00e7in, b\u00fcy\u00fck g\u00f6\u011f\u00fcslerin dikle\u015ftirilmesi, ayn\u0131 zamanda bir g\u00f6\u011f\u00fcs k\u00fc\u00e7\u00fcltme (mammareduktionsplastik) i\u015flemiyle kombine edilmelidir. <\/p>\n\n<p>T\u00fcm g\u00f6\u011f\u00fcs operasyonlar\u0131nda, meme ucunun hassas sinirleri ve damarlar\u0131 zarar g\u00f6rmemesi i\u00e7in dikkat edilir. Bu, hem duyarl\u0131l\u0131\u011f\u0131n hem de emzirme yetene\u011finin korunmas\u0131n\u0131 sa\u011flamak amac\u0131yla yap\u0131l\u0131r.<\/p>\n\n<p>Ard\u0131ndan, yara kendili\u011finden eriyen diki\u015flerle kapat\u0131l\u0131r (yani, diki\u015f al\u0131m\u0131 gereksizdir). Operasyon sonras\u0131, g\u00f6\u011fs\u00fc destekleyen s\u0131k\u0131 bir bandaj uygulan\u0131r. <\/p>\n\n<p><em>Operasyon Sonras\u0131<\/em><\/p>\n\n<p>Meme u\u00e7lar\u0131, normal duyarl\u0131l\u0131\u011f\u0131n\u0131 kazanmas\u0131 i\u00e7in birka\u00e7 aya ihtiya\u00e7 duyar. Muayene kontrolleri genellikle yakla\u015f\u0131k 2 hafta sonra yap\u0131l\u0131r. Tam sonu\u00e7, genellikle yakla\u015f\u0131k alt\u0131 ay sonra elde edilir.  <\/p>\n\n<p><em>Sizin Faydalar\u0131n\u0131z<\/em><\/p>\n\n<p>S\u0131k\u0131 bir g\u00f6\u011f\u00fcs, gen\u00e7li\u011fin ve g\u00fczelli\u011fin bir ifadesidir ve ayn\u0131 zamanda genel iyi olma hali ile ya\u015fam sevincine \u00f6nemli \u00f6l\u00e7\u00fcde katk\u0131 sa\u011flar.<\/p>\n\n<p>T\u00fcrkiye&#8217;de &#8211; \u0130stanbul &#8211; Antalya &#8211; \u0130zmir&#8217;de meme esteti\u011fi i\u015flemlerinin maliyeti\/fiyatlar\u0131 nelerdir?<br>Meme dikle\u015ftirme\/k\u00fc\u00e7\u00fcltme\/b\u00fcy\u00fctme i\u015flemlerinin maliyeti yakla\u015f\u0131k olarak 3600 ila 4500 \u0130svi\u00e7re frang\u0131 aras\u0131ndad\u0131r.<\/p>\n\n<p>Yukar\u0131daki fiyatlara a\u015fa\u011f\u0131daki hizmetler dahildir:<\/p>\n\n<ul class=\"wp-block-list\">\n<li>Dan\u0131\u015fmanl\u0131\u011f\u0131m\u0131z<\/li>\n\n<li>Havaliman\u0131, otel ve klinik aras\u0131ndaki t\u00fcm ula\u015f\u0131m<\/li>\n\n<li>Alman deste\u011fi<\/li>\n\n<li>Hastanede, ameliyathanede ve ila\u00e7larla tedavi<\/li>\n\n<li>Hastanedeki t\u00fcm ameliyat \u00f6ncesi ve sonras\u0131 muayeneler.<\/li>\n\n<li>Hastanede l\u00fcks tek ki\u015filik odada gece konaklama ve yemekler dahil. <\/li>\n\n<li>T\u0131bbi seyahat kart\u0131<\/li>\n\n<li>\u0130svi\u00e7re&#8217;de seyahat \u00f6ncesi ve sonras\u0131 dan\u0131\u015fmanl\u0131k hizmetleri (\u0130stanbul i\u00e7in ge\u00e7erlidir)<\/li>\n<\/ul>\n\n<p>\u015eimdi \u0130svi\u00e7re&#8217;de \u00fccretsiz bir dan\u0131\u015fmanl\u0131k randevusu ayarlay\u0131n veya bize foto\u011fraflar\u0131n\u0131z\u0131 <a href=\"mailto:info@medicaltravel.net\">e-posta<\/a>, <a href=\"https:\/\/medicaltravel.ch\/home\/kontakt\/\" data-type=\"page\" data-id=\"225\">buradan <\/a>veya <a href=\"https:\/\/web.whatsapp.com\/send?phone=41%2078%20737%2035%2041&amp;text=&amp;source=&amp;data=\" target=\"_blank\" rel=\"noreferrer noopener nofollow\">WhatsApp <\/a>\u00fczerinden g\u00f6ndererek \u00fccretsiz bir de\u011ferlendirme alabilirsiniz.<\/p>\n\t\t\t\t\t\t\t\t<\/div>\n\t\t\t\t\t<\/div>\n\t\t\t\t<\/div>\n\t\t\t\t<\/div>\n\t\t","protected":false},"excerpt":{"rendered":"<p>Meme b\u00fcy\u00fctme Meme ameliyat\u0131 Liposuction kar\u0131n germe G\u00f6z kapa\u011f\u0131 d\u00fczeltmesi Nasenkorrektur Y\u00fcz germe Kulak d\u00fczeltmesi \u00fcst kol kald\u0131rma \u00d6nce, sonra G\u00f6\u011f\u00fcs D\u00fczeltme Ameliyatlar\u0131 \u0130stanbul, T\u00fcrkiye G\u00f6\u011f\u00fcs D\u00fczeltme &#8211; G\u00f6\u011f\u00fcs Dikle\u015ftirme G\u00f6\u011f\u00fcs K\u00fc\u00e7\u00fcltme \u0130stanbul &#8211; Antalya &#8211; \u0130zmir &#8211; T\u00fcrkiye \u015e\u0130MD\u0130 \u00dcCRETS\u0130Z B\u0130R G\u00d6R\u00dc\u015eME RANDEVUSU ALIN! G\u00f6\u011f\u00fcs Dikle\u015ftirme &#8211; G\u00f6\u011f\u00fcs D\u00fczeltme &#8211; G\u00f6\u011f\u00fcs Liftingi &#8211; G\u00f6\u011f\u00fcs K\u00fc\u00e7\u00fcltme Sark\u0131k g\u00f6\u011f\u00fcslerden tam olarak ne kastediliyor? Zamanla, \u00f6zellikle yer\u00e7ekimi nedeniyle, \u00e7o\u011fu kad\u0131nda g\u00f6\u011f\u00fcs dokusunun, \u00e7evresindeki derinin ve meme ucunun (BW) a\u015fa\u011f\u0131ya kaymas\u0131 s\u00f6z konusu olur. Meme ucu, t\u00fcm formun g\u00f6r\u00fcn\u00fcm\u00fcnde belirleyici bir rol oynar. Temelde, baz\u0131 temel g\u00f6\u011f\u00fcs \u015fekilleri ay\u0131rt edilebilir: Normal b\u00fcy\u00fckl\u00fckte g\u00f6\u011f\u00fcs, meme ucu (BW) \u00f6nemli \u00f6l\u00e7\u00fcde a\u015fa\u011f\u0131ya kaymam\u0131\u015f. G\u00f6\u011f\u00fcs ucunun etraf\u0131nda veya sadece \u00fcst b\u00f6lgede (yar\u0131m ay \u015feklinde) deri \u00e7\u0131kar\u0131lmas\u0131yla yap\u0131lan nispeten k\u00fc\u00e7\u00fck bir i\u015flemle, genel formda \u00f6nemli bir iyile\u015fme sa\u011flanabilir. Bu i\u015flem, lokal anestezi alt\u0131nda yap\u0131labilir. Normal b\u00fcy\u00fckl\u00fckte ancak sarkm\u0131\u015f g\u00f6\u011f\u00fcs, meme ucu (BW) belirgin \u015fekilde a\u015fa\u011f\u0131ya kaym\u0131\u015f. G\u00f6\u011f\u00fcs bezinin s\u0131k\u0131la\u015ft\u0131r\u0131lmas\u0131 ve \u00f6zellikle meme ucu \u00e7evresindeki fazla derinin \u00e7\u0131kar\u0131lmas\u0131yla formda iyile\u015fme sa\u011flan\u0131r. Bu i\u015flem biraz daha invazivdir ve genel anestezi gerektirir. \u00c7ok k\u00fc\u00e7\u00fck, sarkm\u0131\u015f g\u00f6\u011f\u00fcs, meme ucu (BW) a\u015fa\u011f\u0131ya kaymam\u0131\u015f ya da \u00e7ok az kaym\u0131\u015f. Bu durumda, doku eklenmesi gerekmektedir. Genellikle bu, eklenen implantlarla (Augmentation) yap\u0131l\u0131r ya da yeterli &#8220;ba\u011f\u0131\u015f b\u00f6lgesi&#8221; varsa, kendi ya\u011f dokusu ile (lipofilling) veya hyaluronik asit (Macrolane) enjeksiyonu ile yap\u0131labilir. \u00c7ok b\u00fcy\u00fck ve ayn\u0131 zamanda sarkm\u0131\u015f g\u00f6\u011f\u00fcs. D\u00fczeltme, bir k\u00fc\u00e7\u00fcltme operasyonu kapsam\u0131nda yap\u0131l\u0131r; bu i\u015flem, izlerin m\u00fcmk\u00fcn oldu\u011funca az olaca\u011f\u0131 bir teknikle veya geleneksel \u015fekilde (\u00e7apa \u015feklinde iz) ger\u00e7ekle\u015ftirilebilir. Operasyon \u00d6ncesi G\u00f6\u011f\u00fcs dikle\u015ftirme i\u015fleminden \u00f6nce, yakla\u015f\u0131k yedi g\u00fcn s\u00fcreyle aspirin, uyku ilac\u0131 veya alkol almamal\u0131s\u0131n\u0131z. Hem aspirin hem de di\u011fer a\u011fr\u0131 kesiciler, kan p\u0131ht\u0131la\u015fmas\u0131n\u0131 geciktirir ve istenmeyen kanamalara yol a\u00e7abilir. Sigara i\u00e7enlerin, yara iyile\u015fmesini riske atmamak i\u00e7in i\u015flemden d\u00f6rt hafta \u00f6nce nikotin t\u00fcketimlerini \u00f6nemli \u00f6l\u00e7\u00fcde s\u0131n\u0131rlamalar\u0131 gerekmektedir. Operasyonun prosed\u00fcr\u00fc G\u00f6\u011f\u00fcs dikle\u015ftirme i\u015flemi genel anestezi alt\u0131nda yap\u0131l\u0131r. \u0130ste\u011fe ba\u011fl\u0131 olarak, birka\u00e7 saatlik bir iyile\u015fme s\u00fcrecinin ard\u0131ndan uyanma odas\u0131nda kalabilir ve sonra evinize d\u00f6nebilirsiniz. Ancak hastanede bir gece konaklama se\u00e7ene\u011fi de mevcuttur. Kesik yeri, istenilen sonuca ba\u011fl\u0131 olarak belirlenir. \u00c7o\u011fu zaman, tek bir halkasal deri \u015feridinin \u00e7\u0131kar\u0131lmas\u0131 yeterlidir (perimamill\u00e4re s\u0131k\u0131la\u015ft\u0131rma). \u0130zler, meme ucu \u00e7evresinde yer al\u0131r ve bu nedenle neredeyse g\u00f6r\u00fcnmezdir. E\u011fer bu yeterli olmazsa, meme ucundan a\u015fa\u011f\u0131ya do\u011fru veya g\u00f6\u011f\u00fcs k\u0131vr\u0131m\u0131nda kesikler yap\u0131labilir (izleri minimumda tutan teknikle s\u0131k\u0131la\u015ft\u0131rma). E\u011fer g\u00f6\u011f\u00fcs, planlanan dikle\u015ftirme i\u015flemi \u00f6ncesinde \u00e7ok k\u00fc\u00e7\u00fckse, istenilen sonuca ula\u015fmak i\u00e7in ek olarak g\u00f6\u011f\u00fcs implantlar\u0131 yerle\u015ftirilebilir. \u00c7ok b\u00fcy\u00fck g\u00f6\u011f\u00fcslerde, genellikle gen\u00e7 ya\u015flarda bile sarkmalar ba\u015flayabilir ve yaln\u0131zca dikle\u015ftirme yeterli olmayabilir, \u00e7\u00fcnk\u00fc g\u00f6\u011f\u00fcslerin a\u011f\u0131rl\u0131\u011f\u0131 nedeniyle zamanla yeniden sarkma meydana gelir. En iyi sonu\u00e7lar\u0131 elde etmek i\u00e7in, b\u00fcy\u00fck g\u00f6\u011f\u00fcslerin dikle\u015ftirilmesi, ayn\u0131 zamanda bir g\u00f6\u011f\u00fcs k\u00fc\u00e7\u00fcltme (mammareduktionsplastik) i\u015flemiyle kombine edilmelidir. T\u00fcm g\u00f6\u011f\u00fcs operasyonlar\u0131nda, meme ucunun hassas sinirleri ve damarlar\u0131 zarar g\u00f6rmemesi i\u00e7in dikkat edilir. Bu, hem duyarl\u0131l\u0131\u011f\u0131n hem de emzirme yetene\u011finin korunmas\u0131n\u0131 sa\u011flamak amac\u0131yla yap\u0131l\u0131r. Ard\u0131ndan, yara kendili\u011finden eriyen diki\u015flerle kapat\u0131l\u0131r (yani, diki\u015f al\u0131m\u0131 gereksizdir). Operasyon sonras\u0131, g\u00f6\u011fs\u00fc destekleyen s\u0131k\u0131 bir bandaj uygulan\u0131r. Operasyon Sonras\u0131 Meme u\u00e7lar\u0131, normal duyarl\u0131l\u0131\u011f\u0131n\u0131 kazanmas\u0131 i\u00e7in birka\u00e7 aya ihtiya\u00e7 duyar. Muayene kontrolleri genellikle yakla\u015f\u0131k 2 hafta sonra yap\u0131l\u0131r. Tam sonu\u00e7, genellikle yakla\u015f\u0131k alt\u0131 ay sonra elde edilir. Sizin Faydalar\u0131n\u0131z S\u0131k\u0131 bir g\u00f6\u011f\u00fcs, gen\u00e7li\u011fin ve g\u00fczelli\u011fin bir ifadesidir ve ayn\u0131 zamanda genel iyi olma hali ile ya\u015fam sevincine \u00f6nemli \u00f6l\u00e7\u00fcde katk\u0131 sa\u011flar. T\u00fcrkiye&#8217;de &#8211; \u0130stanbul &#8211; Antalya &#8211; \u0130zmir&#8217;de meme esteti\u011fi i\u015flemlerinin maliyeti\/fiyatlar\u0131 nelerdir?Meme dikle\u015ftirme\/k\u00fc\u00e7\u00fcltme\/b\u00fcy\u00fctme i\u015flemlerinin maliyeti yakla\u015f\u0131k olarak 3600 ila 4500 \u0130svi\u00e7re frang\u0131 aras\u0131ndad\u0131r. Yukar\u0131daki fiyatlara a\u015fa\u011f\u0131daki hizmetler dahildir: Dan\u0131\u015fmanl\u0131\u011f\u0131m\u0131z Havaliman\u0131, otel ve klinik aras\u0131ndaki t\u00fcm ula\u015f\u0131m Alman deste\u011fi Hastanede, ameliyathanede ve ila\u00e7larla tedavi Hastanedeki t\u00fcm ameliyat \u00f6ncesi ve sonras\u0131 muayeneler. Hastanede l\u00fcks tek ki\u015filik odada gece konaklama ve yemekler dahil. T\u0131bbi seyahat kart\u0131 \u0130svi\u00e7re&#8217;de seyahat \u00f6ncesi ve sonras\u0131 dan\u0131\u015fmanl\u0131k hizmetleri (\u0130stanbul i\u00e7in ge\u00e7erlidir) \u015eimdi \u0130svi\u00e7re&#8217;de \u00fccretsiz bir dan\u0131\u015fmanl\u0131k randevusu ayarlay\u0131n veya bize foto\u011fraflar\u0131n\u0131z\u0131 e-posta, buradan veya WhatsApp \u00fczerinden g\u00f6ndererek \u00fccretsiz bir de\u011ferlendirme alabilirsiniz.<\/p>\n","protected":false},"author":4,"featured_media":0,"parent":5319,"menu_order":0,"comment_status":"closed","ping_status":"closed","template":"","meta":{"_joinchat":[],"footnotes":""},"class_list":["post-5329","page","type-page","status-publish","hentry"],"acf":[],"_links":{"self":[{"href":"https:\/\/medicaltravel.ch\/tr\/wp-json\/wp\/v2\/pages\/5329","targetHints":{"allow":["GET"]}}],"collection":[{"href":"https:\/\/medicaltravel.ch\/tr\/wp-json\/wp\/v2\/pages"}],"about":[{"href":"https:\/\/medicaltravel.ch\/tr\/wp-json\/wp\/v2\/types\/page"}],"author":[{"embeddable":true,"href":"https:\/\/medicaltravel.ch\/tr\/wp-json\/wp\/v2\/users\/4"}],"replies":[{"embeddable":true,"href":"https:\/\/medicaltravel.ch\/tr\/wp-json\/wp\/v2\/comments?post=5329"}],"version-history":[{"count":5,"href":"https:\/\/medicaltravel.ch\/tr\/wp-json\/wp\/v2\/pages\/5329\/revisions"}],"predecessor-version":[{"id":6082,"href":"https:\/\/medicaltravel.ch\/tr\/wp-json\/wp\/v2\/pages\/5329\/revisions\/6082"}],"up":[{"embeddable":true,"href":"https:\/\/medicaltravel.ch\/tr\/wp-json\/wp\/v2\/pages\/5319"}],"wp:attachment":[{"href":"https:\/\/medicaltravel.ch\/tr\/wp-json\/wp\/v2\/media?parent=5329"}],"curies":[{"name":"wp","href":"https:\/\/api.w.org\/{rel}","templated":true}]}}