{"id":5333,"date":"2025-09-17T08:29:45","date_gmt":"2025-09-17T07:29:45","guid":{"rendered":"https:\/\/medicaltravel.ch\/kozmetik-cerrahi\/tedavi-yelpazesi\/goegues-bueyuetme-goegues-implantlari-istanbul-tuerkiye-antalya-izmir\/"},"modified":"2026-01-04T16:10:53","modified_gmt":"2026-01-04T15:10:53","slug":"goegues-bueyuetme-goegues-implantlari-istanbul-tuerkiye-antalya-izmir","status":"publish","type":"page","link":"https:\/\/medicaltravel.ch\/tr\/kozmetik-cerrahi\/tedavi-yelpazesi\/goegues-bueyuetme-goegues-implantlari-istanbul-tuerkiye-antalya-izmir\/","title":{"rendered":"G\u00f6\u011f\u00fcs B\u00fcy\u00fctme (G\u00f6\u011f\u00fcs \u0130mplantlar\u0131) \u0130stanbul, T\u00fcrkiye &#8211; Antalya &#8211; \u0130zmir"},"content":{"rendered":"\t\t<div data-elementor-type=\"wp-page\" data-elementor-id=\"5333\" class=\"elementor elementor-5333 elementor-90\" data-elementor-post-type=\"page\">\n\t\t\t\t<div class=\"elementor-element elementor-element-180c48b1 e-flex e-con-boxed wpr-particle-no wpr-jarallax-no wpr-parallax-no wpr-sticky-section-no e-con e-parent\" data-id=\"180c48b1\" data-element_type=\"container\" data-e-type=\"container\">\n\t\t\t\t\t<div class=\"e-con-inner\">\n\t\t<div class=\"elementor-element elementor-element-8c520f9 e-con-full e-flex wpr-particle-no wpr-jarallax-no wpr-parallax-no wpr-sticky-section-no e-con e-child\" data-id=\"8c520f9\" data-element_type=\"container\" data-e-type=\"container\">\n\t\t\t\t<div class=\"elementor-element elementor-element-5976ca1 elementor-widget elementor-widget-button\" data-id=\"5976ca1\" data-element_type=\"widget\" data-e-type=\"widget\" data-widget_type=\"button.default\">\n\t\t\t\t\t\t\t\t\t\t<a class=\"elementor-button elementor-button-link elementor-size-sm\" href=\"https:\/\/medicaltravel.ch\/tr\/kozmetik-cerrahi\/tedavi-yelpazesi\/goegues-bueyuetme-goegues-implantlari-istanbul-tuerkiye-antalya-izmir\/\">\n\t\t\t\t\t\t<span class=\"elementor-button-content-wrapper\">\n\t\t\t\t\t\t\t\t\t<span class=\"elementor-button-text\">Meme b\u00fcy\u00fctme<\/span>\n\t\t\t\t\t<\/span>\n\t\t\t\t\t<\/a>\n\t\t\t\t\t\t\t\t<\/div>\n\t\t\t\t<div class=\"elementor-element elementor-element-f794684 elementor-widget elementor-widget-button\" data-id=\"f794684\" data-element_type=\"widget\" data-e-type=\"widget\" data-widget_type=\"button.default\">\n\t\t\t\t\t\t\t\t\t\t<a class=\"elementor-button elementor-button-link elementor-size-sm\" href=\"https:\/\/medicaltravel.ch\/tr\/kozmetik-cerrahi\/tedavi-yelpazesi\/brustoperationen-bruststraffung-brustverkleinerung-brustlifting\/\">\n\t\t\t\t\t\t<span class=\"elementor-button-content-wrapper\">\n\t\t\t\t\t\t\t\t\t<span class=\"elementor-button-text\">Meme ameliyat\u0131<\/span>\n\t\t\t\t\t<\/span>\n\t\t\t\t\t<\/a>\n\t\t\t\t\t\t\t\t<\/div>\n\t\t\t\t<div class=\"elementor-element elementor-element-297ced0 elementor-widget elementor-widget-button\" data-id=\"297ced0\" data-element_type=\"widget\" data-e-type=\"widget\" data-widget_type=\"button.default\">\n\t\t\t\t\t\t\t\t\t\t<a class=\"elementor-button elementor-button-link elementor-size-sm\" href=\"https:\/\/medicaltravel.ch\/schoenheitsoperation\/behandlungsspektrum\/turkei-istanbul-fettabsaugung-liposuktion\/\">\n\t\t\t\t\t\t<span class=\"elementor-button-content-wrapper\">\n\t\t\t\t\t\t\t\t\t<span class=\"elementor-button-text\">Liposuction<\/span>\n\t\t\t\t\t<\/span>\n\t\t\t\t\t<\/a>\n\t\t\t\t\t\t\t\t<\/div>\n\t\t\t\t<div class=\"elementor-element elementor-element-349fe5d elementor-widget elementor-widget-button\" data-id=\"349fe5d\" data-element_type=\"widget\" data-e-type=\"widget\" data-widget_type=\"button.default\">\n\t\t\t\t\t\t\t\t\t\t<a class=\"elementor-button elementor-button-link elementor-size-sm\" href=\"https:\/\/medicaltravel.ch\/tr\/kozmetik-cerrahi\/tedavi-yelpazesi\/karin-germe-karin-sikilastirma-tuerkiye-istanbul-antalya-izmir\/\">\n\t\t\t\t\t\t<span class=\"elementor-button-content-wrapper\">\n\t\t\t\t\t\t\t\t\t<span class=\"elementor-button-text\">kar\u0131n germe<\/span>\n\t\t\t\t\t<\/span>\n\t\t\t\t\t<\/a>\n\t\t\t\t\t\t\t\t<\/div>\n\t\t\t\t<div class=\"elementor-element elementor-element-43e9a4b elementor-widget elementor-widget-button\" data-id=\"43e9a4b\" data-element_type=\"widget\" data-e-type=\"widget\" data-widget_type=\"button.default\">\n\t\t\t\t\t\t\t\t\t\t<a class=\"elementor-button elementor-button-link elementor-size-sm\" href=\"https:\/\/medicaltravel.ch\/tr\/kozmetik-cerrahi\/tedavi-yelpazesi\/goez-kapagi-duezeltme-tuerkiye-istanbul-antalya-izmir-goez-kapagi-kaldirma\/\">\n\t\t\t\t\t\t<span class=\"elementor-button-content-wrapper\">\n\t\t\t\t\t\t\t\t\t<span class=\"elementor-button-text\">G\u00f6z kapa\u011f\u0131 d\u00fczeltmesi<\/span>\n\t\t\t\t\t<\/span>\n\t\t\t\t\t<\/a>\n\t\t\t\t\t\t\t\t<\/div>\n\t\t\t\t<div class=\"elementor-element elementor-element-875e53e elementor-widget elementor-widget-button\" data-id=\"875e53e\" data-element_type=\"widget\" data-e-type=\"widget\" data-widget_type=\"button.default\">\n\t\t\t\t\t\t\t\t\t\t<a class=\"elementor-button elementor-button-link elementor-size-sm\" href=\"https:\/\/medicaltravel.ch\/schoenheitsoperation\/behandlungsspektrum\/turkei-istanbul-nasenkorrektur\/\">\n\t\t\t\t\t\t<span class=\"elementor-button-content-wrapper\">\n\t\t\t\t\t\t\t\t\t<span class=\"elementor-button-text\">Nasenkorrektur<\/span>\n\t\t\t\t\t<\/span>\n\t\t\t\t\t<\/a>\n\t\t\t\t\t\t\t\t<\/div>\n\t\t\t\t<div class=\"elementor-element elementor-element-7e9b5d7 elementor-widget elementor-widget-button\" data-id=\"7e9b5d7\" data-element_type=\"widget\" data-e-type=\"widget\" data-widget_type=\"button.default\">\n\t\t\t\t\t\t\t\t\t\t<a class=\"elementor-button elementor-button-link elementor-size-sm\" href=\"https:\/\/medicaltravel.ch\/schoenheitsoperation\/behandlungsspektrum\/turkei-istanbul-faceliftung\/\">\n\t\t\t\t\t\t<span class=\"elementor-button-content-wrapper\">\n\t\t\t\t\t\t\t\t\t<span class=\"elementor-button-text\">Y\u00fcz germe<\/span>\n\t\t\t\t\t<\/span>\n\t\t\t\t\t<\/a>\n\t\t\t\t\t\t\t\t<\/div>\n\t\t\t\t<div class=\"elementor-element elementor-element-807922f elementor-widget elementor-widget-button\" data-id=\"807922f\" data-element_type=\"widget\" data-e-type=\"widget\" data-widget_type=\"button.default\">\n\t\t\t\t\t\t\t\t\t\t<a class=\"elementor-button elementor-button-link elementor-size-sm\" href=\"https:\/\/medicaltravel.ch\/schoenheitsoperation\/behandlungsspektrum\/turkei-istanbul-ohrenkorrektur\/\">\n\t\t\t\t\t\t<span class=\"elementor-button-content-wrapper\">\n\t\t\t\t\t\t\t\t\t<span class=\"elementor-button-text\">Kulak d\u00fczeltmesi<\/span>\n\t\t\t\t\t<\/span>\n\t\t\t\t\t<\/a>\n\t\t\t\t\t\t\t\t<\/div>\n\t\t\t\t<div class=\"elementor-element elementor-element-191fc9c elementor-widget elementor-widget-button\" data-id=\"191fc9c\" data-element_type=\"widget\" data-e-type=\"widget\" data-widget_type=\"button.default\">\n\t\t\t\t\t\t\t\t\t\t<a class=\"elementor-button elementor-button-link elementor-size-sm\" href=\"https:\/\/medicaltravel.ch\/schoenheitsoperation\/behandlungsspektrum\/turkei-istanbul-oberarmstraffung\/\">\n\t\t\t\t\t\t<span class=\"elementor-button-content-wrapper\">\n\t\t\t\t\t\t\t\t\t<span class=\"elementor-button-text\">\u00fcst kol kald\u0131rma<\/span>\n\t\t\t\t\t<\/span>\n\t\t\t\t\t<\/a>\n\t\t\t\t\t\t\t\t<\/div>\n\t\t\t\t<div class=\"elementor-element elementor-element-3267255 elementor-widget elementor-widget-button\" data-id=\"3267255\" data-element_type=\"widget\" data-e-type=\"widget\" data-widget_type=\"button.default\">\n\t\t\t\t\t\t\t\t\t\t<a class=\"elementor-button elementor-button-link elementor-size-sm\" href=\"https:\/\/medicaltravel.ch\/schoenheitsoperation\/vorher-nachher\/\">\n\t\t\t\t\t\t<span class=\"elementor-button-content-wrapper\">\n\t\t\t\t\t\t\t\t\t<span class=\"elementor-button-text\">\u00d6nce, sonra<\/span>\n\t\t\t\t\t<\/span>\n\t\t\t\t\t<\/a>\n\t\t\t\t\t\t\t\t<\/div>\n\t\t\t\t<\/div>\n\t\t\t\t<div class=\"elementor-element elementor-element-4b9cd41c elementor-widget elementor-widget-text-editor\" data-id=\"4b9cd41c\" data-element_type=\"widget\" data-e-type=\"widget\" data-widget_type=\"text-editor.default\">\n\t\t\t\t\t\t\t\t\t\n<h3 class=\"wp-block-heading\">G\u00f6\u011f\u00fcs B\u00fcy\u00fctme (G\u00f6\u011f\u00fcs \u0130mplantlar\u0131) \u0130stanbul, T\u00fcrkiye<\/h3>\n\n<p><strong>G\u00f6\u011f\u00fcs B\u00fcy\u00fctme \u0130stanbul &#8211; Antalya &#8211; \u0130zmir<\/strong><\/p>\n<hr class=\"wp-block-separator has-alpha-channel-opacity\">\n<p><a href=\"https:\/\/www.medicaltravel.ch\/2020\/04\/23\/onlineberatungen\/\">\u015e\u0130MD\u0130 \u00dcCRETS\u0130Z B\u0130R G\u00d6R\u00dc\u015eME RANDEVUSU ALIN!<\/a><\/p>\n<hr class=\"wp-block-separator has-alpha-channel-opacity\">\n<p>Her kad\u0131n, g\u00fczel, d\u00fczg\u00fcn ve s\u0131k\u0131 bir g\u00f6\u011f\u00fcs ister. Ne yaz\u0131k ki, her kad\u0131n do\u011fu\u015ftan bu \u00f6zelliklere sahip de\u011fildir. G\u00f6\u011f\u00fcs, di\u015fili\u011fin bir sembol\u00fc olarak kabul edilir. K\u00fc\u00e7\u00fck g\u00f6\u011f\u00fcsleri olan kad\u0131nlar, bazen kendilerini yeterince di\u015fi hissetmeyebilirler. Bu durum, bazen olduk\u00e7a zorlay\u0131c\u0131 bir hisse yol a\u00e7abilir.    <\/p>\n\n<p>Bu soruna \u00e7\u00f6z\u00fcm, g\u00f6\u011f\u00fcs implantlar\u0131 ile yap\u0131lan g\u00f6\u011f\u00fcs b\u00fcy\u00fctme i\u015flemi ile sa\u011flanabilir. G\u00f6\u011f\u00fcs daha b\u00fcy\u00fck, dolgun, di\u015fi ve s\u0131k\u0131 hale gelir; ayn\u0131 zamanda g\u00f6\u011f\u00fcslerdeki k\u00fc\u00e7\u00fck e\u015fitsizlikler de d\u00fczeltilir. <\/p>\n\n<p>Hayat boyunca, gebelik sonras\u0131nda, b\u00fcy\u00fck kilo kayb\u0131 veya ya\u015flanma nedeniyle de g\u00f6\u011f\u00fcsler de\u011fi\u015fir. Bir\u00e7ok kad\u0131n, bu de\u011fi\u015fiklikleri geri almay\u0131 isteyerek g\u00f6\u011f\u00fcs b\u00fcy\u00fctme i\u015flemine karar verir. <\/p>\n\n<p> <\/p>\n\n<p id=\"caption-attachment-893\">T\u00fcrkiye&#8217;de ge\u00e7irece\u011finiz meme ameliyat\u0131 s\u0131ras\u0131nda hassas bir bak\u0131m alacaks\u0131n\u0131z.<\/p>\n\n<p><em>Operasyon \u00d6ncesi<\/em><\/p>\n\n<p>G\u00f6\u011f\u00fcs b\u00fcy\u00fctme i\u015fleminden \u00f6nce, yakla\u015f\u0131k yedi g\u00fcn s\u00fcreyle aspirin, uyku ilac\u0131 veya alkol almamal\u0131s\u0131n\u0131z. Hem aspirin hem de di\u011fer a\u011fr\u0131 kesiciler, kan\u0131n p\u0131ht\u0131la\u015fmas\u0131n\u0131 geciktirir ve istenmeyen kanamalara yol a\u00e7abilir. <\/p>\n\n<p>Sigara i\u00e7enlerin, yara iyile\u015fmesini riske atmamak i\u00e7in i\u015flemden d\u00f6rt hafta \u00f6nce nikotin t\u00fcketimlerini \u00f6nemli \u00f6l\u00e7\u00fcde s\u0131n\u0131rlamalar\u0131 gerekmektedir.<\/p>\n\n<p><em>\u0130mplant se\u00e7imi<\/em><\/p>\n\n<p>\u0130mplantlar, yaralanmalara kar\u015f\u0131 koruma sa\u011flayan ve do\u011fal bir his veren silikon bir kabuktan olu\u015fur.<\/p>\n\n<p>Farkl\u0131 implantlar i\u00e7in \u00e7e\u015fitli dolgu malzemeleri kullan\u0131l\u0131r: en yayg\u0131n olarak silikongel, hidrojel ve tuzlu su \u00e7\u00f6zeltisi. Uygun implant se\u00e7imi, her zaman tedavi eden doktor ile yap\u0131lan g\u00f6r\u00fc\u015fmeler do\u011frultusunda belirlenir. <\/p>\n\n<p>T\u00fcrkiye&#8217;deki hastaneler genellikle Mentor markas\u0131na ait implantlar\u0131 kullanmaktad\u0131r. Bu implantlar, dokular\u0131n implant i\u00e7ine &#8220;b\u00fcy\u00fcmesini&#8221; sa\u011flayacak \u015fekilde tasarlanm\u0131\u015f olup, b\u00f6ylece v\u00fccut taraf\u0131ndan b\u00fcy\u00fck \u00f6l\u00e7\u00fcde entegrasyon sa\u011flan\u0131r. <\/p>\n\n<p>\u00d6zel s\u00fctyenler, implantlar\u0131n yerle\u015ftirilmeden \u00f6nce denenmesini sa\u011flar ve b\u00f6ylece gelecekteki sonucun daha iyi bir izlenimini elde etmenize yard\u0131mc\u0131 olur.<\/p>\n\n<p><em>Operasyonun prosed\u00fcr\u00fc<\/em><\/p>\n\n<p>G\u00f6\u011f\u00fcs b\u00fcy\u00fctme i\u015flemi genel anestezi alt\u0131nda yap\u0131l\u0131r. G\u00fcvenlik amac\u0131yla, bir gece hastanede konaklaman\u0131z \u00f6nerilir. <\/p>\n\n<p>\u0130mplant i\u00e7in genellikle &#8220;submamm\u00e4r&#8221; (g\u00f6\u011f\u00fcs alt\u0131) kesisi tercih edilir; bu, g\u00f6\u011f\u00fcs k\u0131vr\u0131m \u00e7izgisi b\u00f6lgesinde yakla\u015f\u0131k 4-5 cm uzunlu\u011funda bir kesidir.<\/p>\n\n<p>Bu y\u00f6ntemin avantaj\u0131, operasyon s\u0131ras\u0131nda iyi bir g\u00f6r\u00fc\u015f a\u00e7\u0131s\u0131 sa\u011flamas\u0131d\u0131r; ancak dezavantaj\u0131, baz\u0131 pozisyonlarda izin g\u00f6r\u00fcnmesidir. Ayn\u0131 durum, meme ucu \u00e7evresindeki (meme ucunun alt k\u0131sm\u0131nda yar\u0131m ay \u015feklinde) kesilerle de ge\u00e7erlidir. Bu y\u00f6ntemde, iyile\u015fme tamamland\u0131ktan sonra iz neredeyse g\u00f6r\u00fcnmez hale gelir. <\/p>\n\n<p>\u0130mplant\u0131n g\u00f6\u011f\u00fcs kas\u0131n\u0131n \u00fczerine mi yoksa alt\u0131na m\u0131 yerle\u015ftirilece\u011fi, hastan\u0131n v\u00fccut yap\u0131s\u0131na ve mevcut g\u00f6\u011f\u00fcs \u015fekline ba\u011fl\u0131d\u0131r.<\/p>\n\n<p>Genellikle implant, g\u00f6\u011f\u00fcs kas\u0131n\u0131n alt\u0131na yerle\u015ftirilir (\u00f6zellikle \u00e7ok ince kad\u0131nlar i\u00e7in, az miktarda ya\u011f ve bez dokusu oldu\u011funda) veya g\u00f6\u011f\u00fcs bezi alt\u0131na, g\u00f6\u011f\u00fcs kas\u0131n\u0131n \u00fcst k\u0131sm\u0131na yerle\u015ftirilir. Bu durumda, g\u00f6\u011f\u00fcs dokusu b\u00fcy\u00fck \u00f6l\u00e7\u00fcde etkilenmeden kal\u0131r.<\/p>\n\n<p>T\u00fcm g\u00f6\u011f\u00fcs operasyonlar\u0131nda, meme ucunun hassas sinirleri ve damarlar\u0131 zarar g\u00f6rmemesi i\u00e7in dikkat edilir, b\u00f6ylece duyarl\u0131l\u0131\u011f\u0131n korunmas\u0131 sa\u011flan\u0131r.<\/p>\n\n<p>Ard\u0131ndan, yara dikilir ve gerekirse kan ve doku s\u0131v\u0131s\u0131n\u0131n drenaj\u0131n\u0131 sa\u011flamak i\u00e7in drenler yerle\u015ftirilir. Operasyon sonras\u0131, g\u00f6\u011fs\u00fc desteklemek i\u00e7in s\u0131k\u0131 bir bandaj uygulan\u0131r. <\/p>\n\n<p><em>Operasyon Sonras\u0131<\/em><\/p>\n\n<p>\u0130lk birka\u00e7 g\u00fcn boyunca, \u00fcst v\u00fccut ve kol hareketleri biraz zor olabilir. \u015ei\u015flikler ve morarmalar meydana gelebilir. Diki\u015fler kendili\u011finden erir.  <\/p>\n\n<p>\u0130zler zamanla solarak neredeyse g\u00f6r\u00fcnmez hale gelir. Operasyondan sonraki ilk \u00fc\u00e7 ay boyunca \u00f6zel bir destek s\u00fctyeni ve bir g\u00f6\u011f\u00fcs band\u0131 giyilmesi gereklidir. Bu kombinasyon, implantlar\u0131n \u00e7ok stabil bir \u015fekilde yerle\u015fmesini sa\u011flar, b\u00f6ylece h\u0131zla iyile\u015febilirler.  <\/p>\n\n<p>Tam iyile\u015fme s\u00fcreci yakla\u015f\u0131k \u00fc\u00e7 ay s\u00fcrer.<\/p>\n\n<p><em>Sizin Faydalar\u0131n\u0131z<\/em><\/p>\n\n<p>G\u00f6\u011f\u00fcs b\u00fcy\u00fctme, kendinizi di\u015fi ve \u00e7ekici hissetmenize yard\u0131mc\u0131 olur ve psikolojik y\u00fckleri hafifletmeye, \u00f6zg\u00fcveninizi art\u0131rmaya katk\u0131 sa\u011flayabilir.<\/p>\n\n<p>T\u00fcrkiye&#8217;de &#8211; \u0130stanbul &#8211; Antalya &#8211; \u0130zmir&#8217;de meme b\u00fcy\u00fctme ameliyatlar\u0131n\u0131n maliyeti\/fiyatlar\u0131 nelerdir?<br>Meme b\u00fcy\u00fctme ameliyatlar\u0131n\u0131n maliyeti yakla\u015f\u0131k 3960 CHF&#8217;dir.<\/p>\n\n<p>Yukar\u0131daki fiyatlara a\u015fa\u011f\u0131daki hizmetler dahildir:<\/p>\n\n<ul class=\"wp-block-list\">\n<li>Dan\u0131\u015fmanl\u0131\u011f\u0131m\u0131z<\/li>\n\n<li>Havaliman\u0131, otel ve klinik aras\u0131ndaki t\u00fcm ula\u015f\u0131m<\/li>\n\n<li>Alman deste\u011fi<\/li>\n\n<li>Hastanede, ameliyathanede ve ila\u00e7larla tedavi<\/li>\n\n<li>Hastanedeki t\u00fcm ameliyat \u00f6ncesi ve sonras\u0131 muayeneler.<\/li>\n\n<li>Hastanede l\u00fcks tek ki\u015filik odada gece konaklama ve yemekler dahil. <\/li>\n\n<li>T\u0131bbi seyahat kart\u0131<\/li>\n\n<li>\u0130svi\u00e7re&#8217;de seyahat \u00f6ncesi ve sonras\u0131 dan\u0131\u015fmanl\u0131k hizmetleri (\u0130stanbul i\u00e7in ge\u00e7erlidir)<\/li>\n<\/ul>\n\n<p>\u015eimdi, \u0130svi\u00e7re&#8217;de \u00fccretsiz bir dan\u0131\u015fmanl\u0131k randevusu alabilir veya bize foto\u011fraflar\u0131n\u0131z\u0131, herhangi bir y\u00fck\u00fcml\u00fcl\u00fck olmadan de\u011ferlendirilmesi i\u00e7in<a href=\"mailto:info@medicaltravel.net\"> e-posta<\/a>, <a href=\"https:\/\/www.medicaltravel.ch\/kontakt\/\">buradan <\/a>veya <a href=\"https:\/\/web.whatsapp.com\/send?phone=41%2078%20737%2035%2041&amp;text=&amp;source=&amp;data=\" target=\"_blank\" rel=\"noreferrer noopener nofollow\">WhatsApp <\/a>\u00fczerinden g\u00f6nderebilirsiniz.<\/p>\n\t\t\t\t\t\t\t\t<\/div>\n\t\t\t\t\t<\/div>\n\t\t\t\t<\/div>\n\t\t\t\t<\/div>\n\t\t","protected":false},"excerpt":{"rendered":"<p>Meme b\u00fcy\u00fctme Meme ameliyat\u0131 Liposuction kar\u0131n germe G\u00f6z kapa\u011f\u0131 d\u00fczeltmesi Nasenkorrektur Y\u00fcz germe Kulak d\u00fczeltmesi \u00fcst kol kald\u0131rma \u00d6nce, sonra G\u00f6\u011f\u00fcs B\u00fcy\u00fctme (G\u00f6\u011f\u00fcs \u0130mplantlar\u0131) \u0130stanbul, T\u00fcrkiye G\u00f6\u011f\u00fcs B\u00fcy\u00fctme \u0130stanbul &#8211; Antalya &#8211; \u0130zmir \u015e\u0130MD\u0130 \u00dcCRETS\u0130Z B\u0130R G\u00d6R\u00dc\u015eME RANDEVUSU ALIN! Her kad\u0131n, g\u00fczel, d\u00fczg\u00fcn ve s\u0131k\u0131 bir g\u00f6\u011f\u00fcs ister. Ne yaz\u0131k ki, her kad\u0131n do\u011fu\u015ftan bu \u00f6zelliklere sahip de\u011fildir. G\u00f6\u011f\u00fcs, di\u015fili\u011fin bir sembol\u00fc olarak kabul edilir. K\u00fc\u00e7\u00fck g\u00f6\u011f\u00fcsleri olan kad\u0131nlar, bazen kendilerini yeterince di\u015fi hissetmeyebilirler. Bu durum, bazen olduk\u00e7a zorlay\u0131c\u0131 bir hisse yol a\u00e7abilir. Bu soruna \u00e7\u00f6z\u00fcm, g\u00f6\u011f\u00fcs implantlar\u0131 ile yap\u0131lan g\u00f6\u011f\u00fcs b\u00fcy\u00fctme i\u015flemi ile sa\u011flanabilir. G\u00f6\u011f\u00fcs daha b\u00fcy\u00fck, dolgun, di\u015fi ve s\u0131k\u0131 hale gelir; ayn\u0131 zamanda g\u00f6\u011f\u00fcslerdeki k\u00fc\u00e7\u00fck e\u015fitsizlikler de d\u00fczeltilir. Hayat boyunca, gebelik sonras\u0131nda, b\u00fcy\u00fck kilo kayb\u0131 veya ya\u015flanma nedeniyle de g\u00f6\u011f\u00fcsler de\u011fi\u015fir. Bir\u00e7ok kad\u0131n, bu de\u011fi\u015fiklikleri geri almay\u0131 isteyerek g\u00f6\u011f\u00fcs b\u00fcy\u00fctme i\u015flemine karar verir. T\u00fcrkiye&#8217;de ge\u00e7irece\u011finiz meme ameliyat\u0131 s\u0131ras\u0131nda hassas bir bak\u0131m alacaks\u0131n\u0131z. Operasyon \u00d6ncesi G\u00f6\u011f\u00fcs b\u00fcy\u00fctme i\u015fleminden \u00f6nce, yakla\u015f\u0131k yedi g\u00fcn s\u00fcreyle aspirin, uyku ilac\u0131 veya alkol almamal\u0131s\u0131n\u0131z. Hem aspirin hem de di\u011fer a\u011fr\u0131 kesiciler, kan\u0131n p\u0131ht\u0131la\u015fmas\u0131n\u0131 geciktirir ve istenmeyen kanamalara yol a\u00e7abilir. Sigara i\u00e7enlerin, yara iyile\u015fmesini riske atmamak i\u00e7in i\u015flemden d\u00f6rt hafta \u00f6nce nikotin t\u00fcketimlerini \u00f6nemli \u00f6l\u00e7\u00fcde s\u0131n\u0131rlamalar\u0131 gerekmektedir. \u0130mplant se\u00e7imi \u0130mplantlar, yaralanmalara kar\u015f\u0131 koruma sa\u011flayan ve do\u011fal bir his veren silikon bir kabuktan olu\u015fur. Farkl\u0131 implantlar i\u00e7in \u00e7e\u015fitli dolgu malzemeleri kullan\u0131l\u0131r: en yayg\u0131n olarak silikongel, hidrojel ve tuzlu su \u00e7\u00f6zeltisi. Uygun implant se\u00e7imi, her zaman tedavi eden doktor ile yap\u0131lan g\u00f6r\u00fc\u015fmeler do\u011frultusunda belirlenir. T\u00fcrkiye&#8217;deki hastaneler genellikle Mentor markas\u0131na ait implantlar\u0131 kullanmaktad\u0131r. Bu implantlar, dokular\u0131n implant i\u00e7ine &#8220;b\u00fcy\u00fcmesini&#8221; sa\u011flayacak \u015fekilde tasarlanm\u0131\u015f olup, b\u00f6ylece v\u00fccut taraf\u0131ndan b\u00fcy\u00fck \u00f6l\u00e7\u00fcde entegrasyon sa\u011flan\u0131r. \u00d6zel s\u00fctyenler, implantlar\u0131n yerle\u015ftirilmeden \u00f6nce denenmesini sa\u011flar ve b\u00f6ylece gelecekteki sonucun daha iyi bir izlenimini elde etmenize yard\u0131mc\u0131 olur. Operasyonun prosed\u00fcr\u00fc G\u00f6\u011f\u00fcs b\u00fcy\u00fctme i\u015flemi genel anestezi alt\u0131nda yap\u0131l\u0131r. G\u00fcvenlik amac\u0131yla, bir gece hastanede konaklaman\u0131z \u00f6nerilir. \u0130mplant i\u00e7in genellikle &#8220;submamm\u00e4r&#8221; (g\u00f6\u011f\u00fcs alt\u0131) kesisi tercih edilir; bu, g\u00f6\u011f\u00fcs k\u0131vr\u0131m \u00e7izgisi b\u00f6lgesinde yakla\u015f\u0131k 4-5 cm uzunlu\u011funda bir kesidir. Bu y\u00f6ntemin avantaj\u0131, operasyon s\u0131ras\u0131nda iyi bir g\u00f6r\u00fc\u015f a\u00e7\u0131s\u0131 sa\u011flamas\u0131d\u0131r; ancak dezavantaj\u0131, baz\u0131 pozisyonlarda izin g\u00f6r\u00fcnmesidir. Ayn\u0131 durum, meme ucu \u00e7evresindeki (meme ucunun alt k\u0131sm\u0131nda yar\u0131m ay \u015feklinde) kesilerle de ge\u00e7erlidir. Bu y\u00f6ntemde, iyile\u015fme tamamland\u0131ktan sonra iz neredeyse g\u00f6r\u00fcnmez hale gelir. \u0130mplant\u0131n g\u00f6\u011f\u00fcs kas\u0131n\u0131n \u00fczerine mi yoksa alt\u0131na m\u0131 yerle\u015ftirilece\u011fi, hastan\u0131n v\u00fccut yap\u0131s\u0131na ve mevcut g\u00f6\u011f\u00fcs \u015fekline ba\u011fl\u0131d\u0131r. Genellikle implant, g\u00f6\u011f\u00fcs kas\u0131n\u0131n alt\u0131na yerle\u015ftirilir (\u00f6zellikle \u00e7ok ince kad\u0131nlar i\u00e7in, az miktarda ya\u011f ve bez dokusu oldu\u011funda) veya g\u00f6\u011f\u00fcs bezi alt\u0131na, g\u00f6\u011f\u00fcs kas\u0131n\u0131n \u00fcst k\u0131sm\u0131na yerle\u015ftirilir. Bu durumda, g\u00f6\u011f\u00fcs dokusu b\u00fcy\u00fck \u00f6l\u00e7\u00fcde etkilenmeden kal\u0131r. T\u00fcm g\u00f6\u011f\u00fcs operasyonlar\u0131nda, meme ucunun hassas sinirleri ve damarlar\u0131 zarar g\u00f6rmemesi i\u00e7in dikkat edilir, b\u00f6ylece duyarl\u0131l\u0131\u011f\u0131n korunmas\u0131 sa\u011flan\u0131r. Ard\u0131ndan, yara dikilir ve gerekirse kan ve doku s\u0131v\u0131s\u0131n\u0131n drenaj\u0131n\u0131 sa\u011flamak i\u00e7in drenler yerle\u015ftirilir. Operasyon sonras\u0131, g\u00f6\u011fs\u00fc desteklemek i\u00e7in s\u0131k\u0131 bir bandaj uygulan\u0131r. Operasyon Sonras\u0131 \u0130lk birka\u00e7 g\u00fcn boyunca, \u00fcst v\u00fccut ve kol hareketleri biraz zor olabilir. \u015ei\u015flikler ve morarmalar meydana gelebilir. Diki\u015fler kendili\u011finden erir. \u0130zler zamanla solarak neredeyse g\u00f6r\u00fcnmez hale gelir. Operasyondan sonraki ilk \u00fc\u00e7 ay boyunca \u00f6zel bir destek s\u00fctyeni ve bir g\u00f6\u011f\u00fcs band\u0131 giyilmesi gereklidir. Bu kombinasyon, implantlar\u0131n \u00e7ok stabil bir \u015fekilde yerle\u015fmesini sa\u011flar, b\u00f6ylece h\u0131zla iyile\u015febilirler. Tam iyile\u015fme s\u00fcreci yakla\u015f\u0131k \u00fc\u00e7 ay s\u00fcrer. Sizin Faydalar\u0131n\u0131z G\u00f6\u011f\u00fcs b\u00fcy\u00fctme, kendinizi di\u015fi ve \u00e7ekici hissetmenize yard\u0131mc\u0131 olur ve psikolojik y\u00fckleri hafifletmeye, \u00f6zg\u00fcveninizi art\u0131rmaya katk\u0131 sa\u011flayabilir. T\u00fcrkiye&#8217;de &#8211; \u0130stanbul &#8211; Antalya &#8211; \u0130zmir&#8217;de meme b\u00fcy\u00fctme ameliyatlar\u0131n\u0131n maliyeti\/fiyatlar\u0131 nelerdir?Meme b\u00fcy\u00fctme ameliyatlar\u0131n\u0131n maliyeti yakla\u015f\u0131k 3960 CHF&#8217;dir. Yukar\u0131daki fiyatlara a\u015fa\u011f\u0131daki hizmetler dahildir: Dan\u0131\u015fmanl\u0131\u011f\u0131m\u0131z Havaliman\u0131, otel ve klinik aras\u0131ndaki t\u00fcm ula\u015f\u0131m Alman deste\u011fi Hastanede, ameliyathanede ve ila\u00e7larla tedavi Hastanedeki t\u00fcm ameliyat \u00f6ncesi ve sonras\u0131 muayeneler. Hastanede l\u00fcks tek ki\u015filik odada gece konaklama ve yemekler dahil. T\u0131bbi seyahat kart\u0131 \u0130svi\u00e7re&#8217;de seyahat \u00f6ncesi ve sonras\u0131 dan\u0131\u015fmanl\u0131k hizmetleri (\u0130stanbul i\u00e7in ge\u00e7erlidir) \u015eimdi, \u0130svi\u00e7re&#8217;de \u00fccretsiz bir dan\u0131\u015fmanl\u0131k randevusu alabilir veya bize foto\u011fraflar\u0131n\u0131z\u0131, herhangi bir y\u00fck\u00fcml\u00fcl\u00fck olmadan de\u011ferlendirilmesi i\u00e7in e-posta, buradan veya WhatsApp \u00fczerinden g\u00f6nderebilirsiniz.<\/p>\n","protected":false},"author":4,"featured_media":0,"parent":5319,"menu_order":0,"comment_status":"closed","ping_status":"closed","template":"","meta":{"_joinchat":[],"footnotes":""},"class_list":["post-5333","page","type-page","status-publish","hentry"],"acf":[],"_links":{"self":[{"href":"https:\/\/medicaltravel.ch\/tr\/wp-json\/wp\/v2\/pages\/5333","targetHints":{"allow":["GET"]}}],"collection":[{"href":"https:\/\/medicaltravel.ch\/tr\/wp-json\/wp\/v2\/pages"}],"about":[{"href":"https:\/\/medicaltravel.ch\/tr\/wp-json\/wp\/v2\/types\/page"}],"author":[{"embeddable":true,"href":"https:\/\/medicaltravel.ch\/tr\/wp-json\/wp\/v2\/users\/4"}],"replies":[{"embeddable":true,"href":"https:\/\/medicaltravel.ch\/tr\/wp-json\/wp\/v2\/comments?post=5333"}],"version-history":[{"count":3,"href":"https:\/\/medicaltravel.ch\/tr\/wp-json\/wp\/v2\/pages\/5333\/revisions"}],"predecessor-version":[{"id":5336,"href":"https:\/\/medicaltravel.ch\/tr\/wp-json\/wp\/v2\/pages\/5333\/revisions\/5336"}],"up":[{"embeddable":true,"href":"https:\/\/medicaltravel.ch\/tr\/wp-json\/wp\/v2\/pages\/5319"}],"wp:attachment":[{"href":"https:\/\/medicaltravel.ch\/tr\/wp-json\/wp\/v2\/media?parent=5333"}],"curies":[{"name":"wp","href":"https:\/\/api.w.org\/{rel}","templated":true}]}}