{"id":5341,"date":"2025-09-17T08:30:34","date_gmt":"2025-09-17T07:30:34","guid":{"rendered":"https:\/\/medicaltravel.ch\/kozmetik-cerrahi\/tedavi-yelpazesi\/fettabsaugung-liposuktion-tuerkei-istanbul-antalya-izmir\/"},"modified":"2026-01-10T01:17:33","modified_gmt":"2026-01-10T00:17:33","slug":"liposuction-turkiye-istanbul-antalya-izmir","status":"publish","type":"page","link":"https:\/\/medicaltravel.ch\/tr\/kozmetik-cerrahi\/tedavi-yelpazesi\/liposuction-turkiye-istanbul-antalya-izmir\/","title":{"rendered":"Liposuction T\u00fcrkiye \u0130stanbul Antalya \u0130zmir"},"content":{"rendered":"\t\t<div data-elementor-type=\"wp-page\" data-elementor-id=\"5341\" class=\"elementor elementor-5341 elementor-92\" data-elementor-post-type=\"page\">\n\t\t\t\t<div class=\"elementor-element elementor-element-3e04a977 e-flex e-con-boxed wpr-particle-no wpr-jarallax-no wpr-parallax-no wpr-sticky-section-no wpr-equal-height-no e-con e-parent\" data-id=\"3e04a977\" data-element_type=\"container\" data-e-type=\"container\">\n\t\t\t\t\t<div class=\"e-con-inner\">\n\t\t<div class=\"elementor-element elementor-element-22a95e6 e-con-full e-flex wpr-particle-no wpr-jarallax-no wpr-parallax-no wpr-sticky-section-no wpr-equal-height-no e-con e-child\" data-id=\"22a95e6\" data-element_type=\"container\" data-e-type=\"container\">\n\t\t\t\t<div class=\"elementor-element elementor-element-8d2e05c elementor-widget elementor-widget-button\" data-id=\"8d2e05c\" data-element_type=\"widget\" data-e-type=\"widget\" data-widget_type=\"button.default\">\n\t\t\t\t\t\t\t\t\t\t<a class=\"elementor-button elementor-button-link elementor-size-sm\" href=\"https:\/\/medicaltravel.ch\/tr\/kozmetik-cerrahi\/tedavi-yelpazesi\/goegues-bueyuetme-goegues-implantlari-istanbul-tuerkiye-antalya-izmir\/\">\n\t\t\t\t\t\t<span class=\"elementor-button-content-wrapper\">\n\t\t\t\t\t\t\t\t\t<span class=\"elementor-button-text\">Meme b\u00fcy\u00fctme<\/span>\n\t\t\t\t\t<\/span>\n\t\t\t\t\t<\/a>\n\t\t\t\t\t\t\t\t<\/div>\n\t\t\t\t<div class=\"elementor-element elementor-element-82f1f85 elementor-widget elementor-widget-button\" data-id=\"82f1f85\" data-element_type=\"widget\" data-e-type=\"widget\" data-widget_type=\"button.default\">\n\t\t\t\t\t\t\t\t\t\t<a class=\"elementor-button elementor-button-link elementor-size-sm\" href=\"https:\/\/medicaltravel.ch\/tr\/kozmetik-cerrahi\/tedavi-yelpazesi\/brustoperationen-bruststraffung-brustverkleinerung-brustlifting\/\">\n\t\t\t\t\t\t<span class=\"elementor-button-content-wrapper\">\n\t\t\t\t\t\t\t\t\t<span class=\"elementor-button-text\">Meme ameliyat\u0131<\/span>\n\t\t\t\t\t<\/span>\n\t\t\t\t\t<\/a>\n\t\t\t\t\t\t\t\t<\/div>\n\t\t\t\t<div class=\"elementor-element elementor-element-b0e9fd7 elementor-widget elementor-widget-button\" data-id=\"b0e9fd7\" data-element_type=\"widget\" data-e-type=\"widget\" data-widget_type=\"button.default\">\n\t\t\t\t\t\t\t\t\t\t<a class=\"elementor-button elementor-button-link elementor-size-sm\" href=\"https:\/\/medicaltravel.ch\/tr\/kozmetik-cerrahi\/tedavi-yelpazesi\/fettabsaugung-liposuktion-tuerkei-istanbul-antalya-izmir\/\">\n\t\t\t\t\t\t<span class=\"elementor-button-content-wrapper\">\n\t\t\t\t\t\t\t\t\t<span class=\"elementor-button-text\">Liposuction<\/span>\n\t\t\t\t\t<\/span>\n\t\t\t\t\t<\/a>\n\t\t\t\t\t\t\t\t<\/div>\n\t\t\t\t<div class=\"elementor-element elementor-element-e9b1d1b elementor-widget elementor-widget-button\" data-id=\"e9b1d1b\" data-element_type=\"widget\" data-e-type=\"widget\" data-widget_type=\"button.default\">\n\t\t\t\t\t\t\t\t\t\t<a class=\"elementor-button elementor-button-link elementor-size-sm\" href=\"https:\/\/medicaltravel.ch\/tr\/kozmetik-cerrahi\/tedavi-yelpazesi\/karin-germe-karin-sikilastirma-tuerkiye-istanbul-antalya-izmir\/\">\n\t\t\t\t\t\t<span class=\"elementor-button-content-wrapper\">\n\t\t\t\t\t\t\t\t\t<span class=\"elementor-button-text\">kar\u0131n germe<\/span>\n\t\t\t\t\t<\/span>\n\t\t\t\t\t<\/a>\n\t\t\t\t\t\t\t\t<\/div>\n\t\t\t\t<div class=\"elementor-element elementor-element-c956e72 elementor-widget elementor-widget-button\" data-id=\"c956e72\" data-element_type=\"widget\" data-e-type=\"widget\" data-widget_type=\"button.default\">\n\t\t\t\t\t\t\t\t\t\t<a class=\"elementor-button elementor-button-link elementor-size-sm\" href=\"https:\/\/medicaltravel.ch\/tr\/kozmetik-cerrahi\/tedavi-yelpazesi\/goez-kapagi-duezeltme-tuerkiye-istanbul-antalya-izmir-goez-kapagi-kaldirma\/\">\n\t\t\t\t\t\t<span class=\"elementor-button-content-wrapper\">\n\t\t\t\t\t\t\t\t\t<span class=\"elementor-button-text\">G\u00f6z kapa\u011f\u0131 d\u00fczeltmesi<\/span>\n\t\t\t\t\t<\/span>\n\t\t\t\t\t<\/a>\n\t\t\t\t\t\t\t\t<\/div>\n\t\t\t\t<div class=\"elementor-element elementor-element-8ee6655 elementor-widget elementor-widget-button\" data-id=\"8ee6655\" data-element_type=\"widget\" data-e-type=\"widget\" data-widget_type=\"button.default\">\n\t\t\t\t\t\t\t\t\t\t<a class=\"elementor-button elementor-button-link elementor-size-sm\" href=\"https:\/\/medicaltravel.ch\/tr\/kozmetik-cerrahi\/tedavi-yelpazesi\/burun-estetigi-burun-ameliyati-burun-sekillendirme-istanbul-tuerkiye-antalya-izmir\/\">\n\t\t\t\t\t\t<span class=\"elementor-button-content-wrapper\">\n\t\t\t\t\t\t\t\t\t<span class=\"elementor-button-text\">Nasenkorrektur<\/span>\n\t\t\t\t\t<\/span>\n\t\t\t\t\t<\/a>\n\t\t\t\t\t\t\t\t<\/div>\n\t\t\t\t<div class=\"elementor-element elementor-element-55abe82 elementor-widget elementor-widget-button\" data-id=\"55abe82\" data-element_type=\"widget\" data-e-type=\"widget\" data-widget_type=\"button.default\">\n\t\t\t\t\t\t\t\t\t\t<a class=\"elementor-button elementor-button-link elementor-size-sm\" href=\"https:\/\/medicaltravel.ch\/tr\/kozmetik-cerrahi\/tedavi-yelpazesi\/yuez-germe-facelift-tuerkiye-istanbul-antalya-izmir\/\">\n\t\t\t\t\t\t<span class=\"elementor-button-content-wrapper\">\n\t\t\t\t\t\t\t\t\t<span class=\"elementor-button-text\">Y\u00fcz germe<\/span>\n\t\t\t\t\t<\/span>\n\t\t\t\t\t<\/a>\n\t\t\t\t\t\t\t\t<\/div>\n\t\t\t\t<div class=\"elementor-element elementor-element-5dade50 elementor-widget elementor-widget-button\" data-id=\"5dade50\" data-element_type=\"widget\" data-e-type=\"widget\" data-widget_type=\"button.default\">\n\t\t\t\t\t\t\t\t\t\t<a class=\"elementor-button elementor-button-link elementor-size-sm\" href=\"https:\/\/medicaltravel.ch\/tr\/kozmetik-cerrahi\/tedavi-yelpazesi\/kulak-estetigi-tuerkiye-istanbul-antalya-izmir\/\">\n\t\t\t\t\t\t<span class=\"elementor-button-content-wrapper\">\n\t\t\t\t\t\t\t\t\t<span class=\"elementor-button-text\">Kulak d\u00fczeltmesi<\/span>\n\t\t\t\t\t<\/span>\n\t\t\t\t\t<\/a>\n\t\t\t\t\t\t\t\t<\/div>\n\t\t\t\t<div class=\"elementor-element elementor-element-47ee769 elementor-widget elementor-widget-button\" data-id=\"47ee769\" data-element_type=\"widget\" data-e-type=\"widget\" data-widget_type=\"button.default\">\n\t\t\t\t\t\t\t\t\t\t<a class=\"elementor-button elementor-button-link elementor-size-sm\" href=\"https:\/\/medicaltravel.ch\/tr\/kozmetik-cerrahi\/tedavi-yelpazesi\/oberarmstraffung-oberschenkelstraffung-armstraffung-tuerkei-istanbul-antalya-izmir\/\">\n\t\t\t\t\t\t<span class=\"elementor-button-content-wrapper\">\n\t\t\t\t\t\t\t\t\t<span class=\"elementor-button-text\">\u00fcst kol kald\u0131rma<\/span>\n\t\t\t\t\t<\/span>\n\t\t\t\t\t<\/a>\n\t\t\t\t\t\t\t\t<\/div>\n\t\t\t\t<div class=\"elementor-element elementor-element-5438029 elementor-widget elementor-widget-button\" data-id=\"5438029\" data-element_type=\"widget\" data-e-type=\"widget\" data-widget_type=\"button.default\">\n\t\t\t\t\t\t\t\t\t\t<a class=\"elementor-button elementor-button-link elementor-size-sm\" href=\"https:\/\/medicaltravel.ch\/tr\/kozmetik-cerrahi\/oence-sonra-fotograflari-guezellik-ameliyati-istanbul-tuerkiye\/\">\n\t\t\t\t\t\t<span class=\"elementor-button-content-wrapper\">\n\t\t\t\t\t\t\t\t\t<span class=\"elementor-button-text\">\u00d6nce, sonra<\/span>\n\t\t\t\t\t<\/span>\n\t\t\t\t\t<\/a>\n\t\t\t\t\t\t\t\t<\/div>\n\t\t\t\t<\/div>\n\t\t\t\t<div class=\"elementor-element elementor-element-26171270 elementor-widget elementor-widget-text-editor\" data-id=\"26171270\" data-element_type=\"widget\" data-e-type=\"widget\" data-widget_type=\"text-editor.default\">\n\t\t\t\t\t\t\t\t\t\n<h2 class=\"wp-block-heading\">T\u00fcrkiye&#8217;de Liposuction<\/h2>\n\n<h3 class=\"wp-block-heading\">Liposuction \u2013 Ya\u011f Al\u0131m\u0131 \u2013 Ya\u011f Emme \u2013 Liposuction<\/h3>\n\n<p><strong>Fettabsaugung \u2013 \u0130stanbul, T\u00fcrkiye \u2013 Antalya \u2013 Izmir<\/strong><\/p>\n<hr class=\"wp-block-separator has-alpha-channel-opacity\">\n<p><a href=\"https:\/\/www.medicaltravel.ch\/2020\/04\/23\/onlineberatungen\/\" data-wplink-edit=\"true\">\u015e\u0130MD\u0130 \u00dcCRETS\u0130Z B\u0130R G\u00d6R\u00dc\u015eME RANDEVUSU ALIN!<\/a><\/p>\n<hr class=\"wp-block-separator has-alpha-channel-opacity\">\n<p>Liposuction ile cilt alt\u0131 ya\u011f dokusunun yerel olarak birikmi\u015f b\u00f6lgeleri d\u00fczeltebilirsiniz. Bu y\u00f6ntem, genel kilo kayb\u0131 i\u00e7in uygun de\u011fildir. <\/p>\n\n<p><em>Tedaviden \u00f6nce<\/em><\/p>\n\n<p>Dokuyu kald\u0131rabilmek i\u00e7in do\u011frudan bir \u00f6n tedavi gereklidir. Hangi cihazla (vakum pompas\u0131, titre\u015fimli vakum cihaz\u0131, su jeti) ya\u011f al\u0131m\u0131 yap\u0131l\u0131rsa yap\u0131ls\u0131n, her bir b\u00f6lgeye s\u0131v\u0131 enjekte edilir. <\/p>\n\n<p>Bunun sonucunda t\u00fcm doku \u015fi\u015fer, ya\u011f h\u00fccreleri gev\u015fer ve bir kan\u00fcl ile emilebilir hale gelir.<\/p>\n\n<p>Tedavi edilecek b\u00f6lgeler i\u015faretlenir, dezenfeksiyon yap\u0131l\u0131r, ard\u0131ndan seyreltici madde enjekte edilir (bu madde zaten bir anestezik ve damar daralt\u0131c\u0131 i\u00e7erir).<\/p>\n\n<p><em>Prosed\u00fcr<\/em><\/p>\n\n<p>Etkisi yakla\u015f\u0131k yar\u0131m saat i\u00e7inde ba\u015flar, ard\u0131ndan 5 mm&#8217;lik kesilerden bir kan\u00fcl cilt alt\u0131 ya\u011f dokusuna yerle\u015ftirilir ve ya\u011f emilir. Bu madde yakla\u015f\u0131k 4-5 saat etkili olur, bu s\u00fcre zarf\u0131nda a\u011fr\u0131s\u0131z olursunuz. <\/p>\n\n<p>Ya\u011f dokusunun mekanik olarak \u00e7\u0131kar\u0131lmas\u0131 zorlay\u0131c\u0131 bir i\u015flemdir. Bu nedenle, end\u00fcstri, estetik cerrahlar\u0131n i\u015fini kolayla\u015ft\u0131rmak amac\u0131yla yard\u0131mc\u0131 ara\u00e7lar tasarlam\u0131\u015ft\u0131r: <\/p>\n\n<p>Lazer liposuction: Cilt alt\u0131na, \u00e7ap\u0131 yakla\u015f\u0131k 1-2 mm olan k\u00fc\u00e7\u00fck bir kan\u00fcl (t\u00fcp) yerle\u015ftirilir, bu kan\u00fcl i\u00e7inde bir lazer \u0131\u015f\u0131n\u0131 bar\u0131nd\u0131r\u0131r. Kan\u00fcl\u00fcn ileri-geri hareketi, lazer \u0131\u015f\u0131n\u0131n\u0131n do\u011frudan ya\u011f h\u00fccresine etki etmesini, onu par\u00e7alayarak d\u0131\u015far\u0131 at\u0131lmas\u0131n\u0131 sa\u011flar. Lazer \u0131\u015f\u0131n\u0131 ayr\u0131ca cilt alt\u0131na da etki eder ve burada deri liflerinin azalmas\u0131na neden olur.  <\/p>\n\n<p id=\"caption-attachment-882\">Fettabsaugung i\u015fleminizi T\u00fcrkiye&#8217;nin d\u00fcnya \u00e7ap\u0131nda \u00fcnl\u00fc doktorlar\u0131 taraf\u0131ndan yapt\u0131r\u0131n.<\/p>\n\n<p>VASER liposuction:<br>Fettabsaug\u0131 i\u015flemi s\u0131ras\u0131nda farkl\u0131 kan\u00fcller ve teknikler kullan\u0131l\u0131r. Mikrokan\u00fcllerle yap\u0131lan Vaser\u00ae liposuction, en yeni tekniklerden biridir ve i\u015flemde kullan\u0131lan 1-2 mm&#8217;lik ince kan\u00fcller nedeniyle \u00f6zellikle pop\u00fclerdir. Bu ince kan\u00fcller, cerrah\u0131n ya\u011f h\u00fccrelerine daha hassas ve etkili bir \u015fekilde m\u00fcdahale etmesini sa\u011flar. Daha az \u015fi\u015flik ve morarma yarat\u0131r ve iyile\u015fme s\u00fcrecini h\u0131zland\u0131r\u0131r. Vaser\u00ae liposuction sonras\u0131 mikrokan\u00fcllerle yap\u0131lan i\u015flemlerde, ciltte d\u00fczensizlik olu\u015fma riski, di\u011fer liposuction y\u00f6ntemlerine g\u00f6re \u00e7ok daha d\u00fc\u015f\u00fckt\u00fcr.    <\/p>\n\n<p><em>Tedavi sonras\u0131nda:<\/em><\/p>\n\n<p>Tedavi sonras\u0131nda yakla\u015f\u0131k 2 g\u00fcn boyunca pratik bir a\u011fr\u0131 hissetmezsiniz, ard\u0131ndan kas a\u011fr\u0131s\u0131 gibi bir his olu\u015fur. Yakla\u015f\u0131k 6 hafta boyunca korse giymeniz gerekir. Bu, ya\u011f dokusunun \u00e7\u0131kar\u0131lmas\u0131yla olu\u015fan bo\u015fluklar\u0131n kapanmas\u0131n\u0131 sa\u011flar.  <\/p>\n\n<p>\u0130lk ba\u015fta (ilk 2 g\u00fcn), i\u011fne yerlerinden daha fazla miktarda s\u0131v\u0131 s\u0131zmas\u0131 olabilir; bu, seyreltici s\u0131v\u0131n\u0131n ve biraz kan\u0131n kar\u0131\u015f\u0131m\u0131ndan olu\u015fur. Bu tamamen normaldir. <\/p>\n\n<p><strong>Argon J Plazma Liposuction:<\/strong><\/p>\n\n<p>Bu s\u0131k\u0131la\u015ft\u0131rma tedavisi, ya\u011f h\u00fccresi oran\u0131 dokuda d\u00fc\u015f\u00fck oldu\u011funda daha etkili olur. Daha kal\u0131n bir ya\u011f tabakas\u0131, enerjinin daha fazla emilmesine neden olur ve bu da ba\u011f dokusu liflerinin daha az s\u0131k\u0131la\u015fmas\u0131na yol a\u00e7abilir. Basit\u00e7e s\u00f6ylemek gerekirse, hafif doku, a\u011f\u0131r dokuya g\u00f6re daha kolay s\u0131k\u0131la\u015ft\u0131r\u0131labilir.  <\/p>\n\n<p>Bu nedenle, i\u015flem \u00e7o\u011fu durumda bir liposuction sonras\u0131 yap\u0131l\u0131r. \u0130nce kan\u00fcl, \u00f6nceki ya\u011f al\u0131m\u0131n\u0131n titre\u015fimli kan\u00fcl\u00fcn\u00fcn girdi\u011fi ayn\u0131 k\u00fc\u00e7\u00fck a\u00e7\u0131ktan yerle\u015ftirilir ve ya\u011f al\u0131m i\u015flemiyle gev\u015fetilen dokudan kolayca ge\u00e7erek enerjiyi e\u015fit \u015fekilde da\u011f\u0131t\u0131r. B\u00f6ylece, ek bir iz b\u0131rakmadan nazik bir s\u0131k\u0131la\u015ft\u0131rma i\u015flemi yap\u0131labilir.  <\/p>\n\n<p>Neden Argon-Plasma S\u0131k\u0131la\u015ft\u0131rma Kullan\u0131yoruz?<br>Yeni teknoloji sayesinde, Argon-Plasma tedavisini kullanmay\u0131 ve tavsiye etmeyi tercih ediyoruz \u00e7\u00fcnk\u00fc bu y\u00f6ntemle hastalar\u0131m\u0131za daha b\u00fcy\u00fck izler olmadan ve daha k\u0131sa bir iyile\u015fme s\u00fcresiyle s\u0131k\u0131la\u015ft\u0131rma imk\u00e2n\u0131 sunabiliyoruz. Liposuction sonras\u0131 olu\u015fabilecek cilt sarkmalar\u0131na, termal plasma s\u0131k\u0131la\u015ft\u0131rma prensibiyle etkili bir \u015fekilde kar\u015f\u0131 koyulabilir.<\/p>\n\n<p>Sonu\u00e7 ne zaman g\u00f6r\u00fcl\u00fcr ve ne kadar s\u00fcrer?<br>\u0130stanbul&#8217;da yap\u0131lan Argon-Plasma tedavisi ile ciltte gerilme art\u0131\u015f\u0131 ve sertlikte bir iyile\u015fme beklenebilir. Bu tedaviyle, cilt zaman\u0131nda bir geriye d\u00f6n\u00fc\u015f sa\u011flanabilir ve uzun s\u00fcreli sonu\u00e7lar elde edilebilir. Ancak, tedavi edilen b\u00f6lge de di\u011fer v\u00fccut b\u00f6lgeleri gibi do\u011fal cilt ya\u015flanmas\u0131na tabi olacakt\u0131r. S\u0131k\u0131la\u015ft\u0131rma etkisi hemen ba\u015flar, nihai sonu\u00e7 ise 3-6 ay i\u00e7inde g\u00f6r\u00fcl\u00fcr.   <\/p>\n\n<p><em><strong>T\u00fcrkiye&#8217;de &#8211; \u0130stanbul &#8211; Antalya &#8211; \u0130zmir&#8217;de liposuction&#8217;\u0131n maliyeti\/fiyatlar\u0131 nelerdir?<\/strong><br><\/em>Liposuction fiyatlar\u0131, b\u00f6lgeye ve i\u015fleme ba\u011fl\u0131 olarak 2880 \u0130svi\u00e7re frang\u0131ndan ba\u015flamaktad\u0131r.  Yukar\u0131daki fiyatlara a\u015fa\u011f\u0131daki hizmetler dahildir:<\/p>\n\n<ul class=\"wp-block-list\">\n<li>Dan\u0131\u015fmanl\u0131\u011f\u0131m\u0131z<\/li>\n\n<li>Havaliman\u0131, otel ve klinik aras\u0131ndaki t\u00fcm ula\u015f\u0131m<\/li>\n\n<li>Doktor randevular\u0131 s\u0131ras\u0131nda Almanca destek<\/li>\n\n<li>Hastanede, ameliyathanede ve ila\u00e7larla tedavi<\/li>\n\n<li>Hastanedeki t\u00fcm ameliyat \u00f6ncesi ve sonras\u0131 muayeneler.<\/li>\n\n<li>Hastanede l\u00fcks tek ki\u015filik odada gece konaklama ve yemekler dahil. <\/li>\n\n<li>T\u0131bbi seyahat kart\u0131<\/li>\n\n<li>\u0130svi\u00e7re&#8217;de seyahat \u00f6ncesi ve sonras\u0131 dan\u0131\u015fmanl\u0131k hizmetleri (\u0130stanbul i\u00e7in ge\u00e7erlidir)<\/li>\n<\/ul>\n\n<p>\u015eimdi \u0130svi\u00e7re&#8217;de \u00fccretsiz bir dan\u0131\u015fmanl\u0131k randevusu ayarlay\u0131n veya bize foto\u011fraflar\u0131n\u0131z\u0131 <a href=\"mailto:info@medicaltravel.net\">e-posta<\/a>, <a href=\"https:\/\/www.medicaltravel.ch\/kontakt\/\">buradan <\/a>veya <a href=\"https:\/\/web.whatsapp.com\/send?phone=41%2078%20737%2035%2041&amp;text=&amp;source=&amp;data=\" target=\"_blank\" rel=\"noreferrer noopener nofollow\">WhatsApp <\/a>\u00fczerinden g\u00f6ndererek \u00fccretsiz bir de\u011ferlendirme alabilirsiniz.<\/p>\n\t\t\t\t\t\t\t\t<\/div>\n\t\t\t\t\t<\/div>\n\t\t\t\t<\/div>\n\t\t\t\t<\/div>\n\t\t","protected":false},"excerpt":{"rendered":"<p>Meme b\u00fcy\u00fctme Meme ameliyat\u0131 Liposuction kar\u0131n germe G\u00f6z kapa\u011f\u0131 d\u00fczeltmesi Nasenkorrektur Y\u00fcz germe Kulak d\u00fczeltmesi \u00fcst kol kald\u0131rma \u00d6nce, sonra T\u00fcrkiye&#8217;de Liposuction Liposuction \u2013 Ya\u011f Al\u0131m\u0131 \u2013 Ya\u011f Emme \u2013 Liposuction Fettabsaugung \u2013 \u0130stanbul, T\u00fcrkiye \u2013 Antalya \u2013 Izmir \u015e\u0130MD\u0130 \u00dcCRETS\u0130Z B\u0130R G\u00d6R\u00dc\u015eME RANDEVUSU ALIN! Liposuction ile cilt alt\u0131 ya\u011f dokusunun yerel olarak birikmi\u015f b\u00f6lgeleri d\u00fczeltebilirsiniz. Bu y\u00f6ntem, genel kilo kayb\u0131 i\u00e7in uygun de\u011fildir. Tedaviden \u00f6nce Dokuyu kald\u0131rabilmek i\u00e7in do\u011frudan bir \u00f6n tedavi gereklidir. Hangi cihazla (vakum pompas\u0131, titre\u015fimli vakum cihaz\u0131, su jeti) ya\u011f al\u0131m\u0131 yap\u0131l\u0131rsa yap\u0131ls\u0131n, her bir b\u00f6lgeye s\u0131v\u0131 enjekte edilir. Bunun sonucunda t\u00fcm doku \u015fi\u015fer, ya\u011f h\u00fccreleri gev\u015fer ve bir kan\u00fcl ile emilebilir hale gelir. Tedavi edilecek b\u00f6lgeler i\u015faretlenir, dezenfeksiyon yap\u0131l\u0131r, ard\u0131ndan seyreltici madde enjekte edilir (bu madde zaten bir anestezik ve damar daralt\u0131c\u0131 i\u00e7erir). Prosed\u00fcr Etkisi yakla\u015f\u0131k yar\u0131m saat i\u00e7inde ba\u015flar, ard\u0131ndan 5 mm&#8217;lik kesilerden bir kan\u00fcl cilt alt\u0131 ya\u011f dokusuna yerle\u015ftirilir ve ya\u011f emilir. Bu madde yakla\u015f\u0131k 4-5 saat etkili olur, bu s\u00fcre zarf\u0131nda a\u011fr\u0131s\u0131z olursunuz. Ya\u011f dokusunun mekanik olarak \u00e7\u0131kar\u0131lmas\u0131 zorlay\u0131c\u0131 bir i\u015flemdir. Bu nedenle, end\u00fcstri, estetik cerrahlar\u0131n i\u015fini kolayla\u015ft\u0131rmak amac\u0131yla yard\u0131mc\u0131 ara\u00e7lar tasarlam\u0131\u015ft\u0131r: Lazer liposuction: Cilt alt\u0131na, \u00e7ap\u0131 yakla\u015f\u0131k 1-2 mm olan k\u00fc\u00e7\u00fck bir kan\u00fcl (t\u00fcp) yerle\u015ftirilir, bu kan\u00fcl i\u00e7inde bir lazer \u0131\u015f\u0131n\u0131 bar\u0131nd\u0131r\u0131r. Kan\u00fcl\u00fcn ileri-geri hareketi, lazer \u0131\u015f\u0131n\u0131n\u0131n do\u011frudan ya\u011f h\u00fccresine etki etmesini, onu par\u00e7alayarak d\u0131\u015far\u0131 at\u0131lmas\u0131n\u0131 sa\u011flar. Lazer \u0131\u015f\u0131n\u0131 ayr\u0131ca cilt alt\u0131na da etki eder ve burada deri liflerinin azalmas\u0131na neden olur. Fettabsaugung i\u015fleminizi T\u00fcrkiye&#8217;nin d\u00fcnya \u00e7ap\u0131nda \u00fcnl\u00fc doktorlar\u0131 taraf\u0131ndan yapt\u0131r\u0131n. VASER liposuction:Fettabsaug\u0131 i\u015flemi s\u0131ras\u0131nda farkl\u0131 kan\u00fcller ve teknikler kullan\u0131l\u0131r. Mikrokan\u00fcllerle yap\u0131lan Vaser\u00ae liposuction, en yeni tekniklerden biridir ve i\u015flemde kullan\u0131lan 1-2 mm&#8217;lik ince kan\u00fcller nedeniyle \u00f6zellikle pop\u00fclerdir. Bu ince kan\u00fcller, cerrah\u0131n ya\u011f h\u00fccrelerine daha hassas ve etkili bir \u015fekilde m\u00fcdahale etmesini sa\u011flar. Daha az \u015fi\u015flik ve morarma yarat\u0131r ve iyile\u015fme s\u00fcrecini h\u0131zland\u0131r\u0131r. Vaser\u00ae liposuction sonras\u0131 mikrokan\u00fcllerle yap\u0131lan i\u015flemlerde, ciltte d\u00fczensizlik olu\u015fma riski, di\u011fer liposuction y\u00f6ntemlerine g\u00f6re \u00e7ok daha d\u00fc\u015f\u00fckt\u00fcr. Tedavi sonras\u0131nda: Tedavi sonras\u0131nda yakla\u015f\u0131k 2 g\u00fcn boyunca pratik bir a\u011fr\u0131 hissetmezsiniz, ard\u0131ndan kas a\u011fr\u0131s\u0131 gibi bir his olu\u015fur. Yakla\u015f\u0131k 6 hafta boyunca korse giymeniz gerekir. Bu, ya\u011f dokusunun \u00e7\u0131kar\u0131lmas\u0131yla olu\u015fan bo\u015fluklar\u0131n kapanmas\u0131n\u0131 sa\u011flar. \u0130lk ba\u015fta (ilk 2 g\u00fcn), i\u011fne yerlerinden daha fazla miktarda s\u0131v\u0131 s\u0131zmas\u0131 olabilir; bu, seyreltici s\u0131v\u0131n\u0131n ve biraz kan\u0131n kar\u0131\u015f\u0131m\u0131ndan olu\u015fur. Bu tamamen normaldir. Argon J Plazma Liposuction: Bu s\u0131k\u0131la\u015ft\u0131rma tedavisi, ya\u011f h\u00fccresi oran\u0131 dokuda d\u00fc\u015f\u00fck oldu\u011funda daha etkili olur. Daha kal\u0131n bir ya\u011f tabakas\u0131, enerjinin daha fazla emilmesine neden olur ve bu da ba\u011f dokusu liflerinin daha az s\u0131k\u0131la\u015fmas\u0131na yol a\u00e7abilir. Basit\u00e7e s\u00f6ylemek gerekirse, hafif doku, a\u011f\u0131r dokuya g\u00f6re daha kolay s\u0131k\u0131la\u015ft\u0131r\u0131labilir. Bu nedenle, i\u015flem \u00e7o\u011fu durumda bir liposuction sonras\u0131 yap\u0131l\u0131r. \u0130nce kan\u00fcl, \u00f6nceki ya\u011f al\u0131m\u0131n\u0131n titre\u015fimli kan\u00fcl\u00fcn\u00fcn girdi\u011fi ayn\u0131 k\u00fc\u00e7\u00fck a\u00e7\u0131ktan yerle\u015ftirilir ve ya\u011f al\u0131m i\u015flemiyle gev\u015fetilen dokudan kolayca ge\u00e7erek enerjiyi e\u015fit \u015fekilde da\u011f\u0131t\u0131r. B\u00f6ylece, ek bir iz b\u0131rakmadan nazik bir s\u0131k\u0131la\u015ft\u0131rma i\u015flemi yap\u0131labilir. Neden Argon-Plasma S\u0131k\u0131la\u015ft\u0131rma Kullan\u0131yoruz?Yeni teknoloji sayesinde, Argon-Plasma tedavisini kullanmay\u0131 ve tavsiye etmeyi tercih ediyoruz \u00e7\u00fcnk\u00fc bu y\u00f6ntemle hastalar\u0131m\u0131za daha b\u00fcy\u00fck izler olmadan ve daha k\u0131sa bir iyile\u015fme s\u00fcresiyle s\u0131k\u0131la\u015ft\u0131rma imk\u00e2n\u0131 sunabiliyoruz. Liposuction sonras\u0131 olu\u015fabilecek cilt sarkmalar\u0131na, termal plasma s\u0131k\u0131la\u015ft\u0131rma prensibiyle etkili bir \u015fekilde kar\u015f\u0131 koyulabilir. Sonu\u00e7 ne zaman g\u00f6r\u00fcl\u00fcr ve ne kadar s\u00fcrer?\u0130stanbul&#8217;da yap\u0131lan Argon-Plasma tedavisi ile ciltte gerilme art\u0131\u015f\u0131 ve sertlikte bir iyile\u015fme beklenebilir. Bu tedaviyle, cilt zaman\u0131nda bir geriye d\u00f6n\u00fc\u015f sa\u011flanabilir ve uzun s\u00fcreli sonu\u00e7lar elde edilebilir. Ancak, tedavi edilen b\u00f6lge de di\u011fer v\u00fccut b\u00f6lgeleri gibi do\u011fal cilt ya\u015flanmas\u0131na tabi olacakt\u0131r. S\u0131k\u0131la\u015ft\u0131rma etkisi hemen ba\u015flar, nihai sonu\u00e7 ise 3-6 ay i\u00e7inde g\u00f6r\u00fcl\u00fcr. T\u00fcrkiye&#8217;de &#8211; \u0130stanbul &#8211; Antalya &#8211; \u0130zmir&#8217;de liposuction&#8217;\u0131n maliyeti\/fiyatlar\u0131 nelerdir?Liposuction fiyatlar\u0131, b\u00f6lgeye ve i\u015fleme ba\u011fl\u0131 olarak 2880 \u0130svi\u00e7re frang\u0131ndan ba\u015flamaktad\u0131r. Yukar\u0131daki fiyatlara a\u015fa\u011f\u0131daki hizmetler dahildir: Dan\u0131\u015fmanl\u0131\u011f\u0131m\u0131z Havaliman\u0131, otel ve klinik aras\u0131ndaki t\u00fcm ula\u015f\u0131m Doktor randevular\u0131 s\u0131ras\u0131nda Almanca destek Hastanede, ameliyathanede ve ila\u00e7larla tedavi Hastanedeki t\u00fcm ameliyat \u00f6ncesi ve sonras\u0131 muayeneler. Hastanede l\u00fcks tek ki\u015filik odada gece konaklama ve yemekler dahil. T\u0131bbi seyahat kart\u0131 \u0130svi\u00e7re&#8217;de seyahat \u00f6ncesi ve sonras\u0131 dan\u0131\u015fmanl\u0131k hizmetleri (\u0130stanbul i\u00e7in ge\u00e7erlidir) \u015eimdi \u0130svi\u00e7re&#8217;de \u00fccretsiz bir dan\u0131\u015fmanl\u0131k randevusu ayarlay\u0131n veya bize foto\u011fraflar\u0131n\u0131z\u0131 e-posta, buradan veya WhatsApp \u00fczerinden g\u00f6ndererek \u00fccretsiz bir de\u011ferlendirme alabilirsiniz.<\/p>\n","protected":false},"author":4,"featured_media":0,"parent":5319,"menu_order":0,"comment_status":"closed","ping_status":"closed","template":"","meta":{"_joinchat":[],"footnotes":""},"class_list":["post-5341","page","type-page","status-publish","hentry"],"acf":[],"_links":{"self":[{"href":"https:\/\/medicaltravel.ch\/tr\/wp-json\/wp\/v2\/pages\/5341","targetHints":{"allow":["GET"]}}],"collection":[{"href":"https:\/\/medicaltravel.ch\/tr\/wp-json\/wp\/v2\/pages"}],"about":[{"href":"https:\/\/medicaltravel.ch\/tr\/wp-json\/wp\/v2\/types\/page"}],"author":[{"embeddable":true,"href":"https:\/\/medicaltravel.ch\/tr\/wp-json\/wp\/v2\/users\/4"}],"replies":[{"embeddable":true,"href":"https:\/\/medicaltravel.ch\/tr\/wp-json\/wp\/v2\/comments?post=5341"}],"version-history":[{"count":0,"href":"https:\/\/medicaltravel.ch\/tr\/wp-json\/wp\/v2\/pages\/5341\/revisions"}],"up":[{"embeddable":true,"href":"https:\/\/medicaltravel.ch\/tr\/wp-json\/wp\/v2\/pages\/5319"}],"wp:attachment":[{"href":"https:\/\/medicaltravel.ch\/tr\/wp-json\/wp\/v2\/media?parent=5341"}],"curies":[{"name":"wp","href":"https:\/\/api.w.org\/{rel}","templated":true}]}}