{"id":5345,"date":"2025-09-17T08:32:39","date_gmt":"2025-09-17T07:32:39","guid":{"rendered":"https:\/\/medicaltravel.ch\/kozmetik-cerrahi\/tedavi-yelpazesi\/burun-estetigi-burun-ameliyati-burun-sekillendirme-istanbul-tuerkiye-antalya-izmir\/"},"modified":"2026-01-04T16:46:03","modified_gmt":"2026-01-04T15:46:03","slug":"burun-estetigi-burun-ameliyati-burun-sekillendirme-istanbul-tuerkiye-antalya-izmir","status":"publish","type":"page","link":"https:\/\/medicaltravel.ch\/tr\/kozmetik-cerrahi\/tedavi-yelpazesi\/burun-estetigi-burun-ameliyati-burun-sekillendirme-istanbul-tuerkiye-antalya-izmir\/","title":{"rendered":"Burun Esteti\u011fi, Burun Ameliyat\u0131, Burun \u015eekillendirme \u0130stanbul, T\u00fcrkiye, Antalya, \u0130zmir"},"content":{"rendered":"\t\t<div data-elementor-type=\"wp-page\" data-elementor-id=\"5345\" class=\"elementor elementor-5345 elementor-98\" data-elementor-post-type=\"page\">\n\t\t\t\t<div class=\"elementor-element elementor-element-1a8c28c4 e-flex e-con-boxed wpr-particle-no wpr-jarallax-no wpr-parallax-no wpr-sticky-section-no e-con e-parent\" data-id=\"1a8c28c4\" data-element_type=\"container\" data-e-type=\"container\">\n\t\t\t\t\t<div class=\"e-con-inner\">\n\t\t<div class=\"elementor-element elementor-element-bf06517 e-con-full e-flex wpr-particle-no wpr-jarallax-no wpr-parallax-no wpr-sticky-section-no e-con e-child\" data-id=\"bf06517\" data-element_type=\"container\" data-e-type=\"container\">\n\t\t\t\t<div class=\"elementor-element elementor-element-92137d1 elementor-widget elementor-widget-button\" data-id=\"92137d1\" data-element_type=\"widget\" data-e-type=\"widget\" data-widget_type=\"button.default\">\n\t\t\t\t\t\t\t\t\t\t<a class=\"elementor-button elementor-button-link elementor-size-sm\" href=\"https:\/\/medicaltravel.ch\/tr\/kozmetik-cerrahi\/tedavi-yelpazesi\/goegues-bueyuetme-goegues-implantlari-istanbul-tuerkiye-antalya-izmir\/\">\n\t\t\t\t\t\t<span class=\"elementor-button-content-wrapper\">\n\t\t\t\t\t\t\t\t\t<span class=\"elementor-button-text\">Meme b\u00fcy\u00fctme<\/span>\n\t\t\t\t\t<\/span>\n\t\t\t\t\t<\/a>\n\t\t\t\t\t\t\t\t<\/div>\n\t\t\t\t<div class=\"elementor-element elementor-element-108b127 elementor-widget elementor-widget-button\" data-id=\"108b127\" data-element_type=\"widget\" data-e-type=\"widget\" data-widget_type=\"button.default\">\n\t\t\t\t\t\t\t\t\t\t<a class=\"elementor-button elementor-button-link elementor-size-sm\" href=\"https:\/\/medicaltravel.ch\/tr\/kozmetik-cerrahi\/tedavi-yelpazesi\/brustoperationen-bruststraffung-brustverkleinerung-brustlifting\/\">\n\t\t\t\t\t\t<span class=\"elementor-button-content-wrapper\">\n\t\t\t\t\t\t\t\t\t<span class=\"elementor-button-text\">Meme ameliyat\u0131<\/span>\n\t\t\t\t\t<\/span>\n\t\t\t\t\t<\/a>\n\t\t\t\t\t\t\t\t<\/div>\n\t\t\t\t<div class=\"elementor-element elementor-element-9cc44c3 elementor-widget elementor-widget-button\" data-id=\"9cc44c3\" data-element_type=\"widget\" data-e-type=\"widget\" data-widget_type=\"button.default\">\n\t\t\t\t\t\t\t\t\t\t<a class=\"elementor-button elementor-button-link elementor-size-sm\" href=\"https:\/\/medicaltravel.ch\/tr\/kozmetik-cerrahi\/tedavi-yelpazesi\/fettabsaugung-liposuktion-tuerkei-istanbul-antalya-izmir\/\">\n\t\t\t\t\t\t<span class=\"elementor-button-content-wrapper\">\n\t\t\t\t\t\t\t\t\t<span class=\"elementor-button-text\">Liposuction<\/span>\n\t\t\t\t\t<\/span>\n\t\t\t\t\t<\/a>\n\t\t\t\t\t\t\t\t<\/div>\n\t\t\t\t<div class=\"elementor-element elementor-element-d82c4aa elementor-widget elementor-widget-button\" data-id=\"d82c4aa\" data-element_type=\"widget\" data-e-type=\"widget\" data-widget_type=\"button.default\">\n\t\t\t\t\t\t\t\t\t\t<a class=\"elementor-button elementor-button-link elementor-size-sm\" href=\"https:\/\/medicaltravel.ch\/tr\/kozmetik-cerrahi\/tedavi-yelpazesi\/karin-germe-karin-sikilastirma-tuerkiye-istanbul-antalya-izmir\/\">\n\t\t\t\t\t\t<span class=\"elementor-button-content-wrapper\">\n\t\t\t\t\t\t\t\t\t<span class=\"elementor-button-text\">kar\u0131n germe<\/span>\n\t\t\t\t\t<\/span>\n\t\t\t\t\t<\/a>\n\t\t\t\t\t\t\t\t<\/div>\n\t\t\t\t<div class=\"elementor-element elementor-element-37a1e8e elementor-widget elementor-widget-button\" data-id=\"37a1e8e\" data-element_type=\"widget\" data-e-type=\"widget\" data-widget_type=\"button.default\">\n\t\t\t\t\t\t\t\t\t\t<a class=\"elementor-button elementor-button-link elementor-size-sm\" href=\"https:\/\/medicaltravel.ch\/tr\/kozmetik-cerrahi\/tedavi-yelpazesi\/goez-kapagi-duezeltme-tuerkiye-istanbul-antalya-izmir-goez-kapagi-kaldirma\/\">\n\t\t\t\t\t\t<span class=\"elementor-button-content-wrapper\">\n\t\t\t\t\t\t\t\t\t<span class=\"elementor-button-text\">G\u00f6z kapa\u011f\u0131 d\u00fczeltmesi<\/span>\n\t\t\t\t\t<\/span>\n\t\t\t\t\t<\/a>\n\t\t\t\t\t\t\t\t<\/div>\n\t\t\t\t<div class=\"elementor-element elementor-element-663a571 elementor-widget elementor-widget-button\" data-id=\"663a571\" data-element_type=\"widget\" data-e-type=\"widget\" data-widget_type=\"button.default\">\n\t\t\t\t\t\t\t\t\t\t<a class=\"elementor-button elementor-button-link elementor-size-sm\" href=\"https:\/\/medicaltravel.ch\/tr\/kozmetik-cerrahi\/tedavi-yelpazesi\/burun-estetigi-burun-ameliyati-burun-sekillendirme-istanbul-tuerkiye-antalya-izmir\/\">\n\t\t\t\t\t\t<span class=\"elementor-button-content-wrapper\">\n\t\t\t\t\t\t\t\t\t<span class=\"elementor-button-text\">Nasenkorrektur<\/span>\n\t\t\t\t\t<\/span>\n\t\t\t\t\t<\/a>\n\t\t\t\t\t\t\t\t<\/div>\n\t\t\t\t<div class=\"elementor-element elementor-element-d4249b0 elementor-widget elementor-widget-button\" data-id=\"d4249b0\" data-element_type=\"widget\" data-e-type=\"widget\" data-widget_type=\"button.default\">\n\t\t\t\t\t\t\t\t\t\t<a class=\"elementor-button elementor-button-link elementor-size-sm\" href=\"https:\/\/medicaltravel.ch\/tr\/kozmetik-cerrahi\/tedavi-yelpazesi\/yuez-germe-facelift-tuerkiye-istanbul-antalya-izmir\/\">\n\t\t\t\t\t\t<span class=\"elementor-button-content-wrapper\">\n\t\t\t\t\t\t\t\t\t<span class=\"elementor-button-text\">Y\u00fcz germe<\/span>\n\t\t\t\t\t<\/span>\n\t\t\t\t\t<\/a>\n\t\t\t\t\t\t\t\t<\/div>\n\t\t\t\t<div class=\"elementor-element elementor-element-87aac06 elementor-widget elementor-widget-button\" data-id=\"87aac06\" data-element_type=\"widget\" data-e-type=\"widget\" data-widget_type=\"button.default\">\n\t\t\t\t\t\t\t\t\t\t<a class=\"elementor-button elementor-button-link elementor-size-sm\" href=\"https:\/\/medicaltravel.ch\/schoenheitsoperation\/behandlungsspektrum\/turkei-istanbul-ohrenkorrektur\/\">\n\t\t\t\t\t\t<span class=\"elementor-button-content-wrapper\">\n\t\t\t\t\t\t\t\t\t<span class=\"elementor-button-text\">Kulak d\u00fczeltmesi<\/span>\n\t\t\t\t\t<\/span>\n\t\t\t\t\t<\/a>\n\t\t\t\t\t\t\t\t<\/div>\n\t\t\t\t<div class=\"elementor-element elementor-element-7f0c925 elementor-widget elementor-widget-button\" data-id=\"7f0c925\" data-element_type=\"widget\" data-e-type=\"widget\" data-widget_type=\"button.default\">\n\t\t\t\t\t\t\t\t\t\t<a class=\"elementor-button elementor-button-link elementor-size-sm\" href=\"https:\/\/medicaltravel.ch\/schoenheitsoperation\/behandlungsspektrum\/turkei-istanbul-oberarmstraffung\/\">\n\t\t\t\t\t\t<span class=\"elementor-button-content-wrapper\">\n\t\t\t\t\t\t\t\t\t<span class=\"elementor-button-text\">\u00fcst kol kald\u0131rma<\/span>\n\t\t\t\t\t<\/span>\n\t\t\t\t\t<\/a>\n\t\t\t\t\t\t\t\t<\/div>\n\t\t\t\t<div class=\"elementor-element elementor-element-fe39960 elementor-widget elementor-widget-button\" data-id=\"fe39960\" data-element_type=\"widget\" data-e-type=\"widget\" data-widget_type=\"button.default\">\n\t\t\t\t\t\t\t\t\t\t<a class=\"elementor-button elementor-button-link elementor-size-sm\" href=\"https:\/\/medicaltravel.ch\/schoenheitsoperation\/vorher-nachher\/\">\n\t\t\t\t\t\t<span class=\"elementor-button-content-wrapper\">\n\t\t\t\t\t\t\t\t\t<span class=\"elementor-button-text\">\u00d6nce, sonra<\/span>\n\t\t\t\t\t<\/span>\n\t\t\t\t\t<\/a>\n\t\t\t\t\t\t\t\t<\/div>\n\t\t\t\t<\/div>\n\t\t\t\t<div class=\"elementor-element elementor-element-6bf67e9c elementor-widget elementor-widget-text-editor\" data-id=\"6bf67e9c\" data-element_type=\"widget\" data-e-type=\"widget\" data-widget_type=\"text-editor.default\">\n\t\t\t\t\t\t\t\t\t\n<h2 class=\"wp-block-heading\">Burun Esteti\u011fi \u2013 Rinoplasti T\u00fcrkiye&#8217;de<\/h2>\n\n<h3 class=\"wp-block-heading\">Burun Esteti\u011fi T\u00fcrkiye&#8217;de<\/h3>\n\n<p><strong>Burun Esteti\u011fi \/ Burun Ameliyat\u0131 \u0130stanbul, Antalya veya \u0130zmir&#8217;de<\/strong><\/p>\n<hr class=\"wp-block-separator has-alpha-channel-opacity\">\n<p><a href=\"https:\/\/www.medicaltravel.ch\/2020\/04\/23\/onlineberatungen\/\">\u015e\u0130MD\u0130 \u00dcCRETS\u0130Z B\u0130R G\u00d6R\u00dc\u015eME RANDEVUSU ALIN!<\/a><\/p>\n<hr class=\"wp-block-separator has-alpha-channel-opacity\">\n<p>Burun, y\u00fcz\u00fcn merkezi organ\u0131 olarak, ki\u015fileraras\u0131 ileti\u015fimde \u00f6nemli bir yere sahiptir.<\/p>\n\n<p>\u015eekil ve boyutlardaki belirgin farkl\u0131l\u0131klar, bu nedenle ki\u015filer \u00fczerinde b\u00fcy\u00fck bir etki yaratabilir ve ilgili ki\u015fi i\u00e7in b\u00fcy\u00fck bir sorun haline gelebilir.<\/p>\n\n<p>Estetik cerrahi ile, g\u00f6r\u00fcn\u00fcr izler olmadan de\u011fi\u015fiklikler yap\u0131labilir ve bu, ki\u015filerin kendilerini \u00e7ok daha g\u00fcvenli hissetmelerine yard\u0131mc\u0131 olur. \u2013 K\u00fc\u00e7\u00fck bir neden, b\u00fcy\u00fck bir etki! <\/p>\n\n<p><em>Endikasyon<\/em><\/p>\n\n<p>Burun \u015fekli bozukluklar\u0131 (do\u011fu\u015ftan veya kaza sonucu), kemerli burunlar veya uzun burunlar\u0131n d\u00fczeltilmesi.<\/p>\n\n<p><em>Operasyon<\/em><\/p>\n\n<p>Modern estetik ve plastik cerrahi, bug\u00fcn bireysel bir tedavi ile burunu olumlu bir \u015fekilde de\u011fi\u015ftirme yetene\u011fine sahiptir.<\/p>\n\n<p>15 ya\u015f\u0131ndan itibaren burun art\u0131k \u00f6nemli \u00f6l\u00e7\u00fcde de\u011fi\u015fmez ve neredeyse tamamen geli\u015fmi\u015f olur. Burunda yap\u0131labilecek d\u00fczeltmeler aras\u0131nda boyut, \u015fekil, y\u00fckseklik, geni\u015flik ve bozulmu\u015f burun solunumu yer al\u0131r. <\/p>\n\n<p>Burun kanatlar\u0131 k\u00fc\u00e7\u00fclt\u00fclebilir ve burun ucu yeniden \u015fekillendirilebilir. Normalde, burun i\u00e7 k\u0131sm\u0131ndan yap\u0131lan operasyonlar sayesinde g\u00f6r\u00fcn\u00fcr izler kalmaz. <\/p>\n\n<p><em>planlama<\/em><\/p>\n\n<p>Burun esteti\u011fi operasyonunda, cerrahi d\u00fczeltme imkanlar\u0131 ve s\u0131n\u0131rlar\u0131 hakk\u0131nda ayr\u0131nt\u0131l\u0131 bir planlama ve bilgilendirme \u00e7ok \u00f6nemlidir. Dan\u0131\u015fmanl\u0131k s\u0131ras\u0131nda, taleplerinize tam olarak odaklanmal\u0131 ve birlikte bir plan olu\u015fturmal\u0131y\u0131z. <\/p>\n\n<p><em>Anestezi<\/em><\/p>\n\n<p>Burun ameliyatlar\u0131 genellikle genel anestezi alt\u0131nda yap\u0131l\u0131r. Burun ucundaki ve k\u0131k\u0131rdak b\u00f6lgesindeki k\u00fc\u00e7\u00fck d\u00fczeltmeler ise lokal anestezi ile ve ayakta tedavi \u015feklinde yap\u0131labilir. <\/p>\n\n<p><em>Hastane Yat\u0131\u015f\u0131<\/em><\/p>\n\n<p>1-2 g\u00fcn s\u00fcren bir hastanede yat\u0131\u015f, uygun ve tavsiye edilir. Operasyon sonras\u0131, \u015fi\u015fli\u011fi \u00f6nlemek i\u00e7in ba\u015f\u0131n 2 g\u00fcn boyunca y\u00fcksek tutulmas\u0131 gereklidir. Buruna stabilite sa\u011flamak amac\u0131yla, 10 g\u00fcn boyunca al\u00e7\u0131 atel tak\u0131l\u0131r.  <\/p>\n\n<h3 class=\"wp-block-heading\"><em><strong>T\u00fcrkiye&#8217;de &#8211; \u0130stanbul &#8211; Antalya &#8211; \u0130zmir&#8217;de burun esteti\u011fi ameliyatlar\u0131n\u0131n maliyeti\/fiyatlar\u0131 nelerdir?<\/strong><\/em><\/h3>\n\n<p>Burun esteti\u011fi (rinoplasti) yakla\u015f\u0131k 3420 \u0130svi\u00e7re frang\u0131 tutar\u0131ndad\u0131r. Fiyata a\u015fa\u011f\u0131daki hizmetler dahildir: <\/p>\n\n<ul class=\"wp-block-list\">\n<li>Dan\u0131\u015fmanl\u0131\u011f\u0131m\u0131z<\/li>\n\n<li>Havaliman\u0131, otel ve klinik aras\u0131ndaki t\u00fcm ula\u015f\u0131m<\/li>\n\n<li>Alman deste\u011fi<\/li>\n\n<li>Hastanede, ameliyathanede ve ila\u00e7larla tedavi<\/li>\n\n<li>Hastanedeki t\u00fcm ameliyat \u00f6ncesi ve sonras\u0131 muayeneler.<\/li>\n\n<li>Hastanede l\u00fcks tek ki\u015filik odada gece konaklama ve yemekler dahil. <\/li>\n\n<li>T\u0131bbi seyahat kart\u0131 ve \u015fehir haritas\u0131<\/li>\n\n<li>\u0130svi\u00e7re&#8217;de seyahat \u00f6ncesi ve sonras\u0131 dan\u0131\u015fmanl\u0131k hizmetleri (\u0130stanbul i\u00e7in ge\u00e7erlidir)<\/li>\n\n<li>\u00dccretsiz di\u015f muayenesi (sadece talep edilmesi halinde)<\/li>\n<\/ul>\n\n<p>\u015eimdi \u0130svi\u00e7re&#8217;de \u00fccretsiz bir dan\u0131\u015fmanl\u0131k randevusu ayarlay\u0131n veya bize foto\u011fraflar\u0131n\u0131z\u0131 <a href=\"mailto:info@medicaltravel.net\">e-posta<\/a>, <a href=\"https:\/\/www.medicaltravel.ch\/kontakt\/\">buradan <\/a>veya <a href=\"https:\/\/web.whatsapp.com\/send?phone=41%2078%20737%2035%2041&amp;text=&amp;source=&amp;data=\" target=\"_blank\" rel=\"noreferrer noopener nofollow\">WhatsApp <\/a>\u00fczerinden g\u00f6ndererek \u00fccretsiz bir de\u011ferlendirme alabilirsiniz.<\/p>\n\t\t\t\t\t\t\t\t<\/div>\n\t\t\t\t\t<\/div>\n\t\t\t\t<\/div>\n\t\t\t\t<\/div>\n\t\t","protected":false},"excerpt":{"rendered":"<p>Meme b\u00fcy\u00fctme Meme ameliyat\u0131 Liposuction kar\u0131n germe G\u00f6z kapa\u011f\u0131 d\u00fczeltmesi Nasenkorrektur Y\u00fcz germe Kulak d\u00fczeltmesi \u00fcst kol kald\u0131rma \u00d6nce, sonra Burun Esteti\u011fi \u2013 Rinoplasti T\u00fcrkiye&#8217;de Burun Esteti\u011fi T\u00fcrkiye&#8217;de Burun Esteti\u011fi \/ Burun Ameliyat\u0131 \u0130stanbul, Antalya veya \u0130zmir&#8217;de \u015e\u0130MD\u0130 \u00dcCRETS\u0130Z B\u0130R G\u00d6R\u00dc\u015eME RANDEVUSU ALIN! Burun, y\u00fcz\u00fcn merkezi organ\u0131 olarak, ki\u015fileraras\u0131 ileti\u015fimde \u00f6nemli bir yere sahiptir. \u015eekil ve boyutlardaki belirgin farkl\u0131l\u0131klar, bu nedenle ki\u015filer \u00fczerinde b\u00fcy\u00fck bir etki yaratabilir ve ilgili ki\u015fi i\u00e7in b\u00fcy\u00fck bir sorun haline gelebilir. Estetik cerrahi ile, g\u00f6r\u00fcn\u00fcr izler olmadan de\u011fi\u015fiklikler yap\u0131labilir ve bu, ki\u015filerin kendilerini \u00e7ok daha g\u00fcvenli hissetmelerine yard\u0131mc\u0131 olur. \u2013 K\u00fc\u00e7\u00fck bir neden, b\u00fcy\u00fck bir etki! Endikasyon Burun \u015fekli bozukluklar\u0131 (do\u011fu\u015ftan veya kaza sonucu), kemerli burunlar veya uzun burunlar\u0131n d\u00fczeltilmesi. Operasyon Modern estetik ve plastik cerrahi, bug\u00fcn bireysel bir tedavi ile burunu olumlu bir \u015fekilde de\u011fi\u015ftirme yetene\u011fine sahiptir. 15 ya\u015f\u0131ndan itibaren burun art\u0131k \u00f6nemli \u00f6l\u00e7\u00fcde de\u011fi\u015fmez ve neredeyse tamamen geli\u015fmi\u015f olur. Burunda yap\u0131labilecek d\u00fczeltmeler aras\u0131nda boyut, \u015fekil, y\u00fckseklik, geni\u015flik ve bozulmu\u015f burun solunumu yer al\u0131r. Burun kanatlar\u0131 k\u00fc\u00e7\u00fclt\u00fclebilir ve burun ucu yeniden \u015fekillendirilebilir. Normalde, burun i\u00e7 k\u0131sm\u0131ndan yap\u0131lan operasyonlar sayesinde g\u00f6r\u00fcn\u00fcr izler kalmaz. planlama Burun esteti\u011fi operasyonunda, cerrahi d\u00fczeltme imkanlar\u0131 ve s\u0131n\u0131rlar\u0131 hakk\u0131nda ayr\u0131nt\u0131l\u0131 bir planlama ve bilgilendirme \u00e7ok \u00f6nemlidir. Dan\u0131\u015fmanl\u0131k s\u0131ras\u0131nda, taleplerinize tam olarak odaklanmal\u0131 ve birlikte bir plan olu\u015fturmal\u0131y\u0131z. Anestezi Burun ameliyatlar\u0131 genellikle genel anestezi alt\u0131nda yap\u0131l\u0131r. Burun ucundaki ve k\u0131k\u0131rdak b\u00f6lgesindeki k\u00fc\u00e7\u00fck d\u00fczeltmeler ise lokal anestezi ile ve ayakta tedavi \u015feklinde yap\u0131labilir. Hastane Yat\u0131\u015f\u0131 1-2 g\u00fcn s\u00fcren bir hastanede yat\u0131\u015f, uygun ve tavsiye edilir. Operasyon sonras\u0131, \u015fi\u015fli\u011fi \u00f6nlemek i\u00e7in ba\u015f\u0131n 2 g\u00fcn boyunca y\u00fcksek tutulmas\u0131 gereklidir. Buruna stabilite sa\u011flamak amac\u0131yla, 10 g\u00fcn boyunca al\u00e7\u0131 atel tak\u0131l\u0131r. T\u00fcrkiye&#8217;de &#8211; \u0130stanbul &#8211; Antalya &#8211; \u0130zmir&#8217;de burun esteti\u011fi ameliyatlar\u0131n\u0131n maliyeti\/fiyatlar\u0131 nelerdir? Burun esteti\u011fi (rinoplasti) yakla\u015f\u0131k 3420 \u0130svi\u00e7re frang\u0131 tutar\u0131ndad\u0131r. Fiyata a\u015fa\u011f\u0131daki hizmetler dahildir: Dan\u0131\u015fmanl\u0131\u011f\u0131m\u0131z Havaliman\u0131, otel ve klinik aras\u0131ndaki t\u00fcm ula\u015f\u0131m Alman deste\u011fi Hastanede, ameliyathanede ve ila\u00e7larla tedavi Hastanedeki t\u00fcm ameliyat \u00f6ncesi ve sonras\u0131 muayeneler. Hastanede l\u00fcks tek ki\u015filik odada gece konaklama ve yemekler dahil. T\u0131bbi seyahat kart\u0131 ve \u015fehir haritas\u0131 \u0130svi\u00e7re&#8217;de seyahat \u00f6ncesi ve sonras\u0131 dan\u0131\u015fmanl\u0131k hizmetleri (\u0130stanbul i\u00e7in ge\u00e7erlidir) \u00dccretsiz di\u015f muayenesi (sadece talep edilmesi halinde) \u015eimdi \u0130svi\u00e7re&#8217;de \u00fccretsiz bir dan\u0131\u015fmanl\u0131k randevusu ayarlay\u0131n veya bize foto\u011fraflar\u0131n\u0131z\u0131 e-posta, buradan veya WhatsApp \u00fczerinden g\u00f6ndererek \u00fccretsiz bir de\u011ferlendirme alabilirsiniz.<\/p>\n","protected":false},"author":4,"featured_media":0,"parent":5319,"menu_order":0,"comment_status":"closed","ping_status":"closed","template":"","meta":{"_joinchat":[],"footnotes":""},"class_list":["post-5345","page","type-page","status-publish","hentry"],"acf":[],"_links":{"self":[{"href":"https:\/\/medicaltravel.ch\/tr\/wp-json\/wp\/v2\/pages\/5345","targetHints":{"allow":["GET"]}}],"collection":[{"href":"https:\/\/medicaltravel.ch\/tr\/wp-json\/wp\/v2\/pages"}],"about":[{"href":"https:\/\/medicaltravel.ch\/tr\/wp-json\/wp\/v2\/types\/page"}],"author":[{"embeddable":true,"href":"https:\/\/medicaltravel.ch\/tr\/wp-json\/wp\/v2\/users\/4"}],"replies":[{"embeddable":true,"href":"https:\/\/medicaltravel.ch\/tr\/wp-json\/wp\/v2\/comments?post=5345"}],"version-history":[{"count":3,"href":"https:\/\/medicaltravel.ch\/tr\/wp-json\/wp\/v2\/pages\/5345\/revisions"}],"predecessor-version":[{"id":5348,"href":"https:\/\/medicaltravel.ch\/tr\/wp-json\/wp\/v2\/pages\/5345\/revisions\/5348"}],"up":[{"embeddable":true,"href":"https:\/\/medicaltravel.ch\/tr\/wp-json\/wp\/v2\/pages\/5319"}],"wp:attachment":[{"href":"https:\/\/medicaltravel.ch\/tr\/wp-json\/wp\/v2\/media?parent=5345"}],"curies":[{"name":"wp","href":"https:\/\/api.w.org\/{rel}","templated":true}]}}