{"id":5353,"date":"2025-09-17T08:34:02","date_gmt":"2025-09-17T07:34:02","guid":{"rendered":"https:\/\/medicaltravel.ch\/kozmetik-cerrahi\/tedavi-yelpazesi\/kulak-estetigi-tuerkiye-istanbul-antalya-izmir\/"},"modified":"2026-01-04T17:05:07","modified_gmt":"2026-01-04T16:05:07","slug":"kulak-estetigi-tuerkiye-istanbul-antalya-izmir","status":"publish","type":"page","link":"https:\/\/medicaltravel.ch\/tr\/kozmetik-cerrahi\/tedavi-yelpazesi\/kulak-estetigi-tuerkiye-istanbul-antalya-izmir\/","title":{"rendered":"Kulak Esteti\u011fi T\u00fcrkiye \u0130stanbul Antalya \u0130zmir"},"content":{"rendered":"\t\t<div data-elementor-type=\"wp-page\" data-elementor-id=\"5353\" class=\"elementor elementor-5353 elementor-102\" data-elementor-post-type=\"page\">\n\t\t\t\t<div class=\"elementor-element elementor-element-3c389d6 e-flex e-con-boxed wpr-particle-no wpr-jarallax-no wpr-parallax-no wpr-sticky-section-no e-con e-parent\" data-id=\"3c389d6\" data-element_type=\"container\" data-e-type=\"container\">\n\t\t\t\t\t<div class=\"e-con-inner\">\n\t\t<div class=\"elementor-element elementor-element-7d0cf6e e-con-full e-flex wpr-particle-no wpr-jarallax-no wpr-parallax-no wpr-sticky-section-no e-con e-child\" data-id=\"7d0cf6e\" data-element_type=\"container\" data-e-type=\"container\">\n\t\t\t\t<div class=\"elementor-element elementor-element-2cd73f7 elementor-widget elementor-widget-button\" data-id=\"2cd73f7\" data-element_type=\"widget\" data-e-type=\"widget\" data-widget_type=\"button.default\">\n\t\t\t\t\t\t\t\t\t\t<a class=\"elementor-button elementor-button-link elementor-size-sm\" href=\"https:\/\/medicaltravel.ch\/tr\/kozmetik-cerrahi\/tedavi-yelpazesi\/goegues-bueyuetme-goegues-implantlari-istanbul-tuerkiye-antalya-izmir\/\">\n\t\t\t\t\t\t<span class=\"elementor-button-content-wrapper\">\n\t\t\t\t\t\t\t\t\t<span class=\"elementor-button-text\">Meme b\u00fcy\u00fctme<\/span>\n\t\t\t\t\t<\/span>\n\t\t\t\t\t<\/a>\n\t\t\t\t\t\t\t\t<\/div>\n\t\t\t\t<div class=\"elementor-element elementor-element-1f0ec69 elementor-widget elementor-widget-button\" data-id=\"1f0ec69\" data-element_type=\"widget\" data-e-type=\"widget\" data-widget_type=\"button.default\">\n\t\t\t\t\t\t\t\t\t\t<a class=\"elementor-button elementor-button-link elementor-size-sm\" href=\"https:\/\/medicaltravel.ch\/tr\/kozmetik-cerrahi\/tedavi-yelpazesi\/brustoperationen-bruststraffung-brustverkleinerung-brustlifting\/\">\n\t\t\t\t\t\t<span class=\"elementor-button-content-wrapper\">\n\t\t\t\t\t\t\t\t\t<span class=\"elementor-button-text\">Meme ameliyat\u0131<\/span>\n\t\t\t\t\t<\/span>\n\t\t\t\t\t<\/a>\n\t\t\t\t\t\t\t\t<\/div>\n\t\t\t\t<div class=\"elementor-element elementor-element-d9ba45d elementor-widget elementor-widget-button\" data-id=\"d9ba45d\" data-element_type=\"widget\" data-e-type=\"widget\" data-widget_type=\"button.default\">\n\t\t\t\t\t\t\t\t\t\t<a class=\"elementor-button elementor-button-link elementor-size-sm\" href=\"https:\/\/medicaltravel.ch\/tr\/kozmetik-cerrahi\/tedavi-yelpazesi\/fettabsaugung-liposuktion-tuerkei-istanbul-antalya-izmir\/\">\n\t\t\t\t\t\t<span class=\"elementor-button-content-wrapper\">\n\t\t\t\t\t\t\t\t\t<span class=\"elementor-button-text\">Liposuction<\/span>\n\t\t\t\t\t<\/span>\n\t\t\t\t\t<\/a>\n\t\t\t\t\t\t\t\t<\/div>\n\t\t\t\t<div class=\"elementor-element elementor-element-3c7823f elementor-widget elementor-widget-button\" data-id=\"3c7823f\" data-element_type=\"widget\" data-e-type=\"widget\" data-widget_type=\"button.default\">\n\t\t\t\t\t\t\t\t\t\t<a class=\"elementor-button elementor-button-link elementor-size-sm\" href=\"https:\/\/medicaltravel.ch\/tr\/kozmetik-cerrahi\/tedavi-yelpazesi\/karin-germe-karin-sikilastirma-tuerkiye-istanbul-antalya-izmir\/\">\n\t\t\t\t\t\t<span class=\"elementor-button-content-wrapper\">\n\t\t\t\t\t\t\t\t\t<span class=\"elementor-button-text\">kar\u0131n germe<\/span>\n\t\t\t\t\t<\/span>\n\t\t\t\t\t<\/a>\n\t\t\t\t\t\t\t\t<\/div>\n\t\t\t\t<div class=\"elementor-element elementor-element-57b1056 elementor-widget elementor-widget-button\" data-id=\"57b1056\" data-element_type=\"widget\" data-e-type=\"widget\" data-widget_type=\"button.default\">\n\t\t\t\t\t\t\t\t\t\t<a class=\"elementor-button elementor-button-link elementor-size-sm\" href=\"https:\/\/medicaltravel.ch\/tr\/kozmetik-cerrahi\/tedavi-yelpazesi\/goez-kapagi-duezeltme-tuerkiye-istanbul-antalya-izmir-goez-kapagi-kaldirma\/\">\n\t\t\t\t\t\t<span class=\"elementor-button-content-wrapper\">\n\t\t\t\t\t\t\t\t\t<span class=\"elementor-button-text\">G\u00f6z kapa\u011f\u0131 d\u00fczeltmesi<\/span>\n\t\t\t\t\t<\/span>\n\t\t\t\t\t<\/a>\n\t\t\t\t\t\t\t\t<\/div>\n\t\t\t\t<div class=\"elementor-element elementor-element-b363b9b elementor-widget elementor-widget-button\" data-id=\"b363b9b\" data-element_type=\"widget\" data-e-type=\"widget\" data-widget_type=\"button.default\">\n\t\t\t\t\t\t\t\t\t\t<a class=\"elementor-button elementor-button-link elementor-size-sm\" href=\"https:\/\/medicaltravel.ch\/tr\/kozmetik-cerrahi\/tedavi-yelpazesi\/burun-estetigi-burun-ameliyati-burun-sekillendirme-istanbul-tuerkiye-antalya-izmir\/\">\n\t\t\t\t\t\t<span class=\"elementor-button-content-wrapper\">\n\t\t\t\t\t\t\t\t\t<span class=\"elementor-button-text\">Nasenkorrektur<\/span>\n\t\t\t\t\t<\/span>\n\t\t\t\t\t<\/a>\n\t\t\t\t\t\t\t\t<\/div>\n\t\t\t\t<div class=\"elementor-element elementor-element-8b2a26d elementor-widget elementor-widget-button\" data-id=\"8b2a26d\" data-element_type=\"widget\" data-e-type=\"widget\" data-widget_type=\"button.default\">\n\t\t\t\t\t\t\t\t\t\t<a class=\"elementor-button elementor-button-link elementor-size-sm\" href=\"https:\/\/medicaltravel.ch\/tr\/kozmetik-cerrahi\/tedavi-yelpazesi\/yuez-germe-facelift-tuerkiye-istanbul-antalya-izmir\/\">\n\t\t\t\t\t\t<span class=\"elementor-button-content-wrapper\">\n\t\t\t\t\t\t\t\t\t<span class=\"elementor-button-text\">Y\u00fcz germe<\/span>\n\t\t\t\t\t<\/span>\n\t\t\t\t\t<\/a>\n\t\t\t\t\t\t\t\t<\/div>\n\t\t\t\t<div class=\"elementor-element elementor-element-bb4f5f0 elementor-widget elementor-widget-button\" data-id=\"bb4f5f0\" data-element_type=\"widget\" data-e-type=\"widget\" data-widget_type=\"button.default\">\n\t\t\t\t\t\t\t\t\t\t<a class=\"elementor-button elementor-button-link elementor-size-sm\" href=\"https:\/\/medicaltravel.ch\/tr\/kozmetik-cerrahi\/tedavi-yelpazesi\/kulak-estetigi-tuerkiye-istanbul-antalya-izmir\/\">\n\t\t\t\t\t\t<span class=\"elementor-button-content-wrapper\">\n\t\t\t\t\t\t\t\t\t<span class=\"elementor-button-text\">Kulak d\u00fczeltmesi<\/span>\n\t\t\t\t\t<\/span>\n\t\t\t\t\t<\/a>\n\t\t\t\t\t\t\t\t<\/div>\n\t\t\t\t<div class=\"elementor-element elementor-element-818e0f6 elementor-widget elementor-widget-button\" data-id=\"818e0f6\" data-element_type=\"widget\" data-e-type=\"widget\" data-widget_type=\"button.default\">\n\t\t\t\t\t\t\t\t\t\t<a class=\"elementor-button elementor-button-link elementor-size-sm\" href=\"https:\/\/medicaltravel.ch\/tr\/kozmetik-cerrahi\/tedavi-yelpazesi\/oberarmstraffung-oberschenkelstraffung-armstraffung-tuerkei-istanbul-antalya-izmir\/\">\n\t\t\t\t\t\t<span class=\"elementor-button-content-wrapper\">\n\t\t\t\t\t\t\t\t\t<span class=\"elementor-button-text\">\u00fcst kol kald\u0131rma<\/span>\n\t\t\t\t\t<\/span>\n\t\t\t\t\t<\/a>\n\t\t\t\t\t\t\t\t<\/div>\n\t\t\t\t<div class=\"elementor-element elementor-element-99c8774 elementor-widget elementor-widget-button\" data-id=\"99c8774\" data-element_type=\"widget\" data-e-type=\"widget\" data-widget_type=\"button.default\">\n\t\t\t\t\t\t\t\t\t\t<a class=\"elementor-button elementor-button-link elementor-size-sm\" href=\"https:\/\/medicaltravel.ch\/schoenheitsoperation\/vorher-nachher\/\">\n\t\t\t\t\t\t<span class=\"elementor-button-content-wrapper\">\n\t\t\t\t\t\t\t\t\t<span class=\"elementor-button-text\">\u00d6nce, sonra<\/span>\n\t\t\t\t\t<\/span>\n\t\t\t\t\t<\/a>\n\t\t\t\t\t\t\t\t<\/div>\n\t\t\t\t<\/div>\n\t\t\t\t<div class=\"elementor-element elementor-element-4ba8a4cd elementor-widget elementor-widget-text-editor\" data-id=\"4ba8a4cd\" data-element_type=\"widget\" data-e-type=\"widget\" data-widget_type=\"text-editor.default\">\n\t\t\t\t\t\t\t\t\t\n<h2 class=\"wp-block-heading\">T\u00fcrkiye&#8217;de Kulak Esteti\u011fi<\/h2>\n\n<h3 class=\"wp-block-heading\">\u0130stanbul ve Antalya&#8217;da Kulak Esteti\u011fi<\/h3>\n\n<p><strong>Kulak d\u00fczeltmesi<\/strong><\/p>\n<hr class=\"wp-block-separator has-alpha-channel-opacity\">\n<p><a href=\"https:\/\/www.medicaltravel.ch\/2020\/04\/23\/onlineberatungen\/\">\u015e\u0130MD\u0130 \u00dcCRETS\u0130Z B\u0130R G\u00d6R\u00dc\u015eME RANDEVUSU ALIN!<\/a><\/p>\n<hr class=\"wp-block-separator has-alpha-channel-opacity\">\n<p>\u0130leriye do\u011fru \u00e7\u0131kan kulaklar, bir\u00e7ok insan i\u00e7in bir y\u00fck olu\u015fturur. \u00c7ocukluk d\u00f6neminde, alaylar ve k\u00fc\u00e7\u00fcmsemeler ya\u015fanabilir. Bu deneyimler haf\u0131zam\u0131za kaz\u0131n\u0131r ve gelece\u011fimizi, geli\u015fimimizi etkiler.  <\/p>\n\n<p>\u0130leriye do\u011fru \u00e7\u0131kan kulaklar\u0131n d\u00fczeltilmesi, g\u00fcn\u00fcm\u00fczde genellikle okul \u00f6ncesi d\u00f6nemde yap\u0131l\u0131r, b\u00f6ylece \u00e7ocuklar k\u00f6t\u00fc deneyimlerden korunmu\u015f olur.<\/p>\n\n<p>Ancak hayatlar\u0131 boyunca kulaklar\u0131ndan rahats\u0131z olmu\u015f yeti\u015fkinler de ba\u015far\u0131l\u0131 bir \u015fekilde tedavi edilebilir.<\/p>\n\n<p>\u0130leriye do\u011fru \u00e7\u0131kan kulaklar\u0131n nedeni, do\u011fu\u015ftan gelen bir kulak k\u0131k\u0131rda\u011f\u0131ndaki \u015fekil bozuklu\u011fu veya b\u00fcy\u00fcme s\u0131ras\u0131nda k\u0131k\u0131rda\u011f\u0131n e\u015fit olmayan bir \u015fekilde geli\u015fmesi olabilir.<\/p>\n\n<p><em>Operasyon \u00d6ncesi<\/em><\/p>\n\n<p>Ameliyat \u00f6ncesinde, yakla\u015f\u0131k bir hafta boyunca aspirin almaman\u0131z gerekmektedir. (Aspirin ve di\u011fer a\u011fr\u0131 kesiciler kan p\u0131ht\u0131la\u015fmas\u0131n\u0131 geciktirir, bu da morarmalar\u0131n olu\u015fma riskini art\u0131r\u0131r.) <\/p>\n\n<p>Sigara i\u00e7enlerin, operasyon \u00f6ncesinde d\u00f6rt hafta boyunca nikotin t\u00fcketimlerini m\u00fcmk\u00fcn oldu\u011funca azaltmaya ba\u015flamalar\u0131 gerekmektedir, \u00e7\u00fcnk\u00fc bu, yara iyile\u015fmesi sorunlar\u0131n\u0131 \u00f6nlemeye yard\u0131mc\u0131 olur.<\/p>\n\n<p><em>Operasyonun prosed\u00fcr\u00fc<\/em><\/p>\n\n<p>Kulak esteti\u011fi genellikle lokal anestezi alt\u0131nda yap\u0131l\u0131r (iste\u011fe ba\u011fl\u0131 olarak genel anestezi de uygulanabilir) ve i\u015flem sonras\u0131nda siz veya \u00e7ocu\u011funuz, muayenehaneyi terk edebilirsiniz.<\/p>\n\n<p>Kulaklar\u0131 \u015fekillendirmek i\u00e7in bir\u00e7ok farkl\u0131 teknik bulunmaktad\u0131r. Temel prensip, ya fazla k\u0131k\u0131rdak dokusunun \u00e7\u0131kar\u0131lmas\u0131 ya da d\u00fczle\u015fmi\u015f kulak kenar\u0131n\u0131n yeniden \u015fekillendirilmesidir. <\/p>\n\n<p>\u0130lk olarak, kula\u011f\u0131n arkas\u0131ndaki deri k\u0131vr\u0131m\u0131nda bir kesik yap\u0131l\u0131r, deri ve k\u0131k\u0131rdak dikkatlice birbirinden ayr\u0131l\u0131r. K\u0131k\u0131rdak serbest hale geldi\u011finde, \u00f6zel aletler kullan\u0131larak yeniden \u015fekillendirilebilir. <\/p>\n\n<p>K\u0131k\u0131rdak bazen k\u0131smi olarak \u00e7\u0131kar\u0131l\u0131r, z\u0131mparalan\u0131r veya yaralan\u0131r. Yeni \u015fekil, diki\u015flerle sabitlenir ve yara kenarlar\u0131 birle\u015ftirilir. <\/p>\n\n<p><em>Operasyon Sonras\u0131<\/em><\/p>\n\n<p>Sonras\u0131nda, \u00f6zel bir bandaj (ba\u015fl\u0131k, ideal olarak c\u0131rt c\u0131rtl\u0131) 2 hafta boyunca g\u00fcnd\u00fcz ve gece tak\u0131lmal\u0131d\u0131r, ard\u0131ndan 2 hafta daha sadece gece kullan\u0131lmal\u0131d\u0131r.<\/p>\n\n<p>Diki\u015fler kendili\u011finden eridi\u011fi i\u00e7in, al\u0131nmalar\u0131 gerekmez. Kulaklar\u0131n arkas\u0131ndaki izler zamanla solacak ve yakla\u015f\u0131k iki ila \u00fc\u00e7 ay i\u00e7inde nihai sonu\u00e7 g\u00f6r\u00fcn\u00fcr hale gelecektir. <\/p>\n\n<p><em>Sizin Faydalar\u0131n\u0131z<\/em><\/p>\n\n<p>Kulak esteti\u011fi, \u00e7ocuklara b\u00fcy\u00fck bir ac\u0131dan kurtulma imkan\u0131 sunar, \u00e7\u00fcnk\u00fc \u00e7ocuklar\u0131n aras\u0131nda s\u0131k\u00e7a ya\u015fanan alay ve k\u00fc\u00e7\u00fcmsemelere maruz kalmazlar.<\/p>\n\n<p>Y\u0131llar ya da hatta on y\u0131llar boyunca ileriye do\u011fru \u00e7\u0131kan kulaklar\u0131ndan muzdarip olan yeti\u015fkinler i\u00e7in bu operasyon, yeni bir ya\u015fam hissi ve daha g\u00fc\u00e7l\u00fc bir \u00f6zg\u00fcven sa\u011flayacakt\u0131r.<\/p>\n\n<h3 class=\"wp-block-heading\"><em><strong>T\u00fcrkiye&#8217;de &#8211; \u0130stanbul &#8211; Antalya &#8211; \u0130zmir&#8217;de kulak d\u00fczeltme ameliyat\u0131n\u0131n maliyeti\/fiyatlar\u0131 nelerdir?<\/strong><\/em><\/h3>\n\n<p>Kulak d\u00fczeltme i\u015fleminin maliyeti yakla\u015f\u0131k 2340 \u0130svi\u00e7re Frang\u0131&#8217;d\u0131r. Fiyata a\u015fa\u011f\u0131daki hizmetler dahildir: <\/p>\n\n<ul class=\"wp-block-list\">\n<li>Dan\u0131\u015fmanl\u0131\u011f\u0131m\u0131z<\/li>\n\n<li>Havaliman\u0131, otel ve klinik aras\u0131ndaki t\u00fcm ula\u015f\u0131m<\/li>\n\n<li>Alman deste\u011fi<\/li>\n\n<li>Hastanede, ameliyathanede ve ila\u00e7larla tedavi<\/li>\n\n<li>Hastanedeki t\u00fcm ameliyat \u00f6ncesi ve sonras\u0131 muayeneler.<\/li>\n\n<li>Hastanede l\u00fcks tek ki\u015filik odada gece konaklama ve yemekler dahil. <\/li>\n\n<li>T\u0131bbi seyahat kart\u0131 ve \u015fehir haritas\u0131<\/li>\n\n<li>\u0130svi\u00e7re&#8217;de seyahat \u00f6ncesi ve sonras\u0131 dan\u0131\u015fmanl\u0131k hizmetleri (\u0130stanbul i\u00e7in ge\u00e7erlidir)<\/li>\n\n<li>\u00dccretsiz di\u015f muayenesi (sadece talep edilmesi halinde)<\/li>\n<\/ul>\n\n<p>\u015eimdi \u0130svi\u00e7re&#8217;de \u00fccretsiz bir dan\u0131\u015fmanl\u0131k randevusu ayarlay\u0131n veya bize foto\u011fraflar\u0131n\u0131z\u0131 <a href=\"mailto:info@medicaltravel.net\">e-posta<\/a>, <a href=\"https:\/\/www.medicaltravel.ch\/kontakt\/\">buradan <\/a>veya <a href=\"https:\/\/web.whatsapp.com\/send?phone=41%2078%20737%2035%2041&amp;text=&amp;source=&amp;data=\" target=\"_blank\" rel=\"noreferrer noopener nofollow\">WhatsApp <\/a>\u00fczerinden g\u00f6ndererek \u00fccretsiz bir de\u011ferlendirme alabilirsiniz.<\/p>\n\t\t\t\t\t\t\t\t<\/div>\n\t\t\t\t\t<\/div>\n\t\t\t\t<\/div>\n\t\t\t\t<\/div>\n\t\t","protected":false},"excerpt":{"rendered":"<p>Meme b\u00fcy\u00fctme Meme ameliyat\u0131 Liposuction kar\u0131n germe G\u00f6z kapa\u011f\u0131 d\u00fczeltmesi Nasenkorrektur Y\u00fcz germe Kulak d\u00fczeltmesi \u00fcst kol kald\u0131rma \u00d6nce, sonra T\u00fcrkiye&#8217;de Kulak Esteti\u011fi \u0130stanbul ve Antalya&#8217;da Kulak Esteti\u011fi Kulak d\u00fczeltmesi \u015e\u0130MD\u0130 \u00dcCRETS\u0130Z B\u0130R G\u00d6R\u00dc\u015eME RANDEVUSU ALIN! \u0130leriye do\u011fru \u00e7\u0131kan kulaklar, bir\u00e7ok insan i\u00e7in bir y\u00fck olu\u015fturur. \u00c7ocukluk d\u00f6neminde, alaylar ve k\u00fc\u00e7\u00fcmsemeler ya\u015fanabilir. Bu deneyimler haf\u0131zam\u0131za kaz\u0131n\u0131r ve gelece\u011fimizi, geli\u015fimimizi etkiler. \u0130leriye do\u011fru \u00e7\u0131kan kulaklar\u0131n d\u00fczeltilmesi, g\u00fcn\u00fcm\u00fczde genellikle okul \u00f6ncesi d\u00f6nemde yap\u0131l\u0131r, b\u00f6ylece \u00e7ocuklar k\u00f6t\u00fc deneyimlerden korunmu\u015f olur. Ancak hayatlar\u0131 boyunca kulaklar\u0131ndan rahats\u0131z olmu\u015f yeti\u015fkinler de ba\u015far\u0131l\u0131 bir \u015fekilde tedavi edilebilir. \u0130leriye do\u011fru \u00e7\u0131kan kulaklar\u0131n nedeni, do\u011fu\u015ftan gelen bir kulak k\u0131k\u0131rda\u011f\u0131ndaki \u015fekil bozuklu\u011fu veya b\u00fcy\u00fcme s\u0131ras\u0131nda k\u0131k\u0131rda\u011f\u0131n e\u015fit olmayan bir \u015fekilde geli\u015fmesi olabilir. Operasyon \u00d6ncesi Ameliyat \u00f6ncesinde, yakla\u015f\u0131k bir hafta boyunca aspirin almaman\u0131z gerekmektedir. (Aspirin ve di\u011fer a\u011fr\u0131 kesiciler kan p\u0131ht\u0131la\u015fmas\u0131n\u0131 geciktirir, bu da morarmalar\u0131n olu\u015fma riskini art\u0131r\u0131r.) Sigara i\u00e7enlerin, operasyon \u00f6ncesinde d\u00f6rt hafta boyunca nikotin t\u00fcketimlerini m\u00fcmk\u00fcn oldu\u011funca azaltmaya ba\u015flamalar\u0131 gerekmektedir, \u00e7\u00fcnk\u00fc bu, yara iyile\u015fmesi sorunlar\u0131n\u0131 \u00f6nlemeye yard\u0131mc\u0131 olur. Operasyonun prosed\u00fcr\u00fc Kulak esteti\u011fi genellikle lokal anestezi alt\u0131nda yap\u0131l\u0131r (iste\u011fe ba\u011fl\u0131 olarak genel anestezi de uygulanabilir) ve i\u015flem sonras\u0131nda siz veya \u00e7ocu\u011funuz, muayenehaneyi terk edebilirsiniz. Kulaklar\u0131 \u015fekillendirmek i\u00e7in bir\u00e7ok farkl\u0131 teknik bulunmaktad\u0131r. Temel prensip, ya fazla k\u0131k\u0131rdak dokusunun \u00e7\u0131kar\u0131lmas\u0131 ya da d\u00fczle\u015fmi\u015f kulak kenar\u0131n\u0131n yeniden \u015fekillendirilmesidir. \u0130lk olarak, kula\u011f\u0131n arkas\u0131ndaki deri k\u0131vr\u0131m\u0131nda bir kesik yap\u0131l\u0131r, deri ve k\u0131k\u0131rdak dikkatlice birbirinden ayr\u0131l\u0131r. K\u0131k\u0131rdak serbest hale geldi\u011finde, \u00f6zel aletler kullan\u0131larak yeniden \u015fekillendirilebilir. K\u0131k\u0131rdak bazen k\u0131smi olarak \u00e7\u0131kar\u0131l\u0131r, z\u0131mparalan\u0131r veya yaralan\u0131r. Yeni \u015fekil, diki\u015flerle sabitlenir ve yara kenarlar\u0131 birle\u015ftirilir. Operasyon Sonras\u0131 Sonras\u0131nda, \u00f6zel bir bandaj (ba\u015fl\u0131k, ideal olarak c\u0131rt c\u0131rtl\u0131) 2 hafta boyunca g\u00fcnd\u00fcz ve gece tak\u0131lmal\u0131d\u0131r, ard\u0131ndan 2 hafta daha sadece gece kullan\u0131lmal\u0131d\u0131r. Diki\u015fler kendili\u011finden eridi\u011fi i\u00e7in, al\u0131nmalar\u0131 gerekmez. Kulaklar\u0131n arkas\u0131ndaki izler zamanla solacak ve yakla\u015f\u0131k iki ila \u00fc\u00e7 ay i\u00e7inde nihai sonu\u00e7 g\u00f6r\u00fcn\u00fcr hale gelecektir. Sizin Faydalar\u0131n\u0131z Kulak esteti\u011fi, \u00e7ocuklara b\u00fcy\u00fck bir ac\u0131dan kurtulma imkan\u0131 sunar, \u00e7\u00fcnk\u00fc \u00e7ocuklar\u0131n aras\u0131nda s\u0131k\u00e7a ya\u015fanan alay ve k\u00fc\u00e7\u00fcmsemelere maruz kalmazlar. Y\u0131llar ya da hatta on y\u0131llar boyunca ileriye do\u011fru \u00e7\u0131kan kulaklar\u0131ndan muzdarip olan yeti\u015fkinler i\u00e7in bu operasyon, yeni bir ya\u015fam hissi ve daha g\u00fc\u00e7l\u00fc bir \u00f6zg\u00fcven sa\u011flayacakt\u0131r. T\u00fcrkiye&#8217;de &#8211; \u0130stanbul &#8211; Antalya &#8211; \u0130zmir&#8217;de kulak d\u00fczeltme ameliyat\u0131n\u0131n maliyeti\/fiyatlar\u0131 nelerdir? Kulak d\u00fczeltme i\u015fleminin maliyeti yakla\u015f\u0131k 2340 \u0130svi\u00e7re Frang\u0131&#8217;d\u0131r. Fiyata a\u015fa\u011f\u0131daki hizmetler dahildir: Dan\u0131\u015fmanl\u0131\u011f\u0131m\u0131z Havaliman\u0131, otel ve klinik aras\u0131ndaki t\u00fcm ula\u015f\u0131m Alman deste\u011fi Hastanede, ameliyathanede ve ila\u00e7larla tedavi Hastanedeki t\u00fcm ameliyat \u00f6ncesi ve sonras\u0131 muayeneler. Hastanede l\u00fcks tek ki\u015filik odada gece konaklama ve yemekler dahil. T\u0131bbi seyahat kart\u0131 ve \u015fehir haritas\u0131 \u0130svi\u00e7re&#8217;de seyahat \u00f6ncesi ve sonras\u0131 dan\u0131\u015fmanl\u0131k hizmetleri (\u0130stanbul i\u00e7in ge\u00e7erlidir) \u00dccretsiz di\u015f muayenesi (sadece talep edilmesi halinde) \u015eimdi \u0130svi\u00e7re&#8217;de \u00fccretsiz bir dan\u0131\u015fmanl\u0131k randevusu ayarlay\u0131n veya bize foto\u011fraflar\u0131n\u0131z\u0131 e-posta, buradan veya WhatsApp \u00fczerinden g\u00f6ndererek \u00fccretsiz bir de\u011ferlendirme alabilirsiniz.<\/p>\n","protected":false},"author":4,"featured_media":0,"parent":5319,"menu_order":0,"comment_status":"closed","ping_status":"closed","template":"","meta":{"_joinchat":[],"footnotes":""},"class_list":["post-5353","page","type-page","status-publish","hentry"],"acf":[],"_links":{"self":[{"href":"https:\/\/medicaltravel.ch\/tr\/wp-json\/wp\/v2\/pages\/5353","targetHints":{"allow":["GET"]}}],"collection":[{"href":"https:\/\/medicaltravel.ch\/tr\/wp-json\/wp\/v2\/pages"}],"about":[{"href":"https:\/\/medicaltravel.ch\/tr\/wp-json\/wp\/v2\/types\/page"}],"author":[{"embeddable":true,"href":"https:\/\/medicaltravel.ch\/tr\/wp-json\/wp\/v2\/users\/4"}],"replies":[{"embeddable":true,"href":"https:\/\/medicaltravel.ch\/tr\/wp-json\/wp\/v2\/comments?post=5353"}],"version-history":[{"count":3,"href":"https:\/\/medicaltravel.ch\/tr\/wp-json\/wp\/v2\/pages\/5353\/revisions"}],"predecessor-version":[{"id":5356,"href":"https:\/\/medicaltravel.ch\/tr\/wp-json\/wp\/v2\/pages\/5353\/revisions\/5356"}],"up":[{"embeddable":true,"href":"https:\/\/medicaltravel.ch\/tr\/wp-json\/wp\/v2\/pages\/5319"}],"wp:attachment":[{"href":"https:\/\/medicaltravel.ch\/tr\/wp-json\/wp\/v2\/media?parent=5353"}],"curies":[{"name":"wp","href":"https:\/\/api.w.org\/{rel}","templated":true}]}}