{"id":5358,"date":"2025-09-17T08:25:28","date_gmt":"2025-09-17T07:25:28","guid":{"rendered":"https:\/\/medicaltravel.ch\/kozmetik-cerrahi\/hastaneler\/antalyadaki-guezellik-klinigi\/"},"modified":"2026-01-04T17:09:37","modified_gmt":"2026-01-04T16:09:37","slug":"antalyadaki-guezellik-klinigi","status":"publish","type":"page","link":"https:\/\/medicaltravel.ch\/tr\/kozmetik-cerrahi\/hastaneler\/antalyadaki-guezellik-klinigi\/","title":{"rendered":"Antalya&#8217;daki G\u00fczellik Klini\u011fi"},"content":{"rendered":"\t\t<div data-elementor-type=\"wp-page\" data-elementor-id=\"5358\" class=\"elementor elementor-5358\" data-elementor-post-type=\"page\">\n\t\t\t\t<div class=\"elementor-element elementor-element-5754b11f e-flex e-con-boxed wpr-particle-no wpr-jarallax-no wpr-parallax-no wpr-sticky-section-no wpr-equal-height-no e-con e-parent\" data-id=\"5754b11f\" data-element_type=\"container\" data-e-type=\"container\">\n\t\t\t\t\t<div class=\"e-con-inner\">\n\t\t<div class=\"elementor-element elementor-element-7fc3259 e-con-full e-flex wpr-particle-no wpr-jarallax-no wpr-parallax-no wpr-sticky-section-no wpr-equal-height-no e-con e-child\" data-id=\"7fc3259\" data-element_type=\"container\" data-e-type=\"container\">\n\t\t\t\t<div class=\"elementor-element elementor-element-ce5c658 elementor-widget elementor-widget-button\" data-id=\"ce5c658\" data-element_type=\"widget\" data-e-type=\"widget\" data-widget_type=\"button.default\">\n\t\t\t\t\t\t\t\t\t\t<a class=\"elementor-button elementor-button-link elementor-size-sm\" href=\"https:\/\/medicaltravel.ch\/schoenheitsoperation\/die-spitaler\/schoenheitsklinik-in-istanbul\/\">\n\t\t\t\t\t\t<span class=\"elementor-button-content-wrapper\">\n\t\t\t\t\t\t\t\t\t<span class=\"elementor-button-text\">Istanbul<\/span>\n\t\t\t\t\t<\/span>\n\t\t\t\t\t<\/a>\n\t\t\t\t\t\t\t\t<\/div>\n\t\t\t\t<div class=\"elementor-element elementor-element-bf12d61 elementor-widget elementor-widget-button\" data-id=\"bf12d61\" data-element_type=\"widget\" data-e-type=\"widget\" data-widget_type=\"button.default\">\n\t\t\t\t\t\t\t\t\t\t<a class=\"elementor-button elementor-button-link elementor-size-sm\" href=\"https:\/\/medicaltravel.ch\/tr\/kozmetik-cerrahi\/hastaneler\/antalyadaki-guezellik-klinigi\/\">\n\t\t\t\t\t\t<span class=\"elementor-button-content-wrapper\">\n\t\t\t\t\t\t\t\t\t<span class=\"elementor-button-text\">Antalya<\/span>\n\t\t\t\t\t<\/span>\n\t\t\t\t\t<\/a>\n\t\t\t\t\t\t\t\t<\/div>\n\t\t\t\t<div class=\"elementor-element elementor-element-4bc7c67 elementor-widget elementor-widget-button\" data-id=\"4bc7c67\" data-element_type=\"widget\" data-e-type=\"widget\" data-widget_type=\"button.default\">\n\t\t\t\t\t\t\t\t\t\t<a class=\"elementor-button elementor-button-link elementor-size-sm\" href=\"https:\/\/medicaltravel.ch\/schoenheitsoperation\/die-spitaler\/schoenheitsklinik-in-izmir\/\">\n\t\t\t\t\t\t<span class=\"elementor-button-content-wrapper\">\n\t\t\t\t\t\t\t\t\t<span class=\"elementor-button-text\">Izmir<\/span>\n\t\t\t\t\t<\/span>\n\t\t\t\t\t<\/a>\n\t\t\t\t\t\t\t\t<\/div>\n\t\t\t\t<div class=\"elementor-element elementor-element-5878155 elementor-widget elementor-widget-button\" data-id=\"5878155\" data-element_type=\"widget\" data-e-type=\"widget\" data-widget_type=\"button.default\">\n\t\t\t\t\t\t\t\t\t\t<a class=\"elementor-button elementor-button-link elementor-size-sm\" href=\"https:\/\/medicaltravel.ch\/schoenheitsoperation\/die-spitaler\/schoenheitsklinik-in-bodrum\/\">\n\t\t\t\t\t\t<span class=\"elementor-button-content-wrapper\">\n\t\t\t\t\t\t\t\t\t<span class=\"elementor-button-text\">Bodrum<\/span>\n\t\t\t\t\t<\/span>\n\t\t\t\t\t<\/a>\n\t\t\t\t\t\t\t\t<\/div>\n\t\t\t\t<div class=\"elementor-element elementor-element-956ed30 elementor-widget elementor-widget-button\" data-id=\"956ed30\" data-element_type=\"widget\" data-e-type=\"widget\" data-widget_type=\"button.default\">\n\t\t\t\t\t\t\t\t\t\t<a class=\"elementor-button elementor-button-link elementor-size-sm\" href=\"https:\/\/medicaltravel.ch\/schoenheitsoperation\/vorher-nachher\/\">\n\t\t\t\t\t\t<span class=\"elementor-button-content-wrapper\">\n\t\t\t\t\t\t\t\t\t<span class=\"elementor-button-text\">\u00d6nce, sonra<\/span>\n\t\t\t\t\t<\/span>\n\t\t\t\t\t<\/a>\n\t\t\t\t\t\t\t\t<\/div>\n\t\t\t\t<\/div>\n\t\t\t\t<div class=\"elementor-element elementor-element-178b07f2 elementor-widget elementor-widget-text-editor\" data-id=\"178b07f2\" data-element_type=\"widget\" data-e-type=\"widget\" data-widget_type=\"text-editor.default\">\n\t\t\t\t\t\t\t\t\t\n<p>MedicalPark&#8217;taki estetik klini\u011fi, Antalya&#8217;daki en yeni cihazlar ve teknolojiye sahiptir. T\u00fcrkiye&#8217;nin en sayg\u0131n \u00f6zel hastanelerinden biridir. Hastane her y\u0131l b\u00fcy\u00fcmekte ve geli\u015fmektedir. Avrupa Birli\u011fi hijyen standartlar\u0131n\u0131n \u00e7ok \u00f6tesindedir. Ayr\u0131ca burada sizi son derece deneyimli uzman doktorlar ve cerrahlar tedavi etmektedir.    <\/p>\n\n<p>Antalya&#8217;daki sa\u011fl\u0131k sekt\u00f6r\u00fcnde ilk s\u0131ralarda yer alan adreslerden biridir.<\/p>\n\n<p>G\u00fczellik merkezi, uluslararas\u0131 e\u011fitim alm\u0131\u015f doktorlara sahiptir. Bu doktorlar, g\u00fczellik operasyonlar\u0131 alan\u0131ndaki t\u00fcm uzmanl\u0131klar\u0131na sahip olup, bilimsel ve teknolojik geli\u015fmeleri s\u00fcrekli olarak iyile\u015ftirmektedirler.<\/p>\n\n<p><strong>Neden Antalya&#8217;da Operasyon Yapmal\u0131s\u0131n\u0131z?<\/strong><\/p>\n\n<p>Hastane:<\/p>\n\n<ul class=\"wp-block-list\">\n<li>Uluslararas\u0131 sertifikaya sahiptir.<\/li>\n\n<li>\u00c7ok b\u00fcy\u00fck de\u011fildir, bu sayede size yeterli zaman ayr\u0131lmaktad\u0131r.<\/li>\n\n<li>7\/24 hizmet sunmaktad\u0131r.<\/li>\n\n<li>Estetik cerrahi alan\u0131ndaki ba\u015far\u0131lar\u0131yla \u00f6zellikle tan\u0131nmaktad\u0131r.<\/li>\n\n<li>Almanca, Frans\u0131zca ve \u0130ngilizce dahil olmak \u00fczere bir\u00e7ok dilde destek mevcuttur.<\/li>\n<\/ul>\n\n<p>Hastanenin geni\u015f hizmet yelpazesi, hastalara \u00e7e\u015fitli tedavi se\u00e7enekleri sunmaktad\u0131r. Sunulan cerrahi i\u015flemlerdeki kapsaml\u0131 deneyimiyle hastane, y\u00fcksek standartlar\u0131 temsil etmekte ve en kaliteli hizmetleri sa\u011flamaktad\u0131r. <\/p>\n\n<p>Sa\u011fl\u0131\u011f\u0131n\u0131z ve g\u00fczelli\u011finiz s\u00f6z konusu oldu\u011funda her \u015feyin m\u00fckemmel olmas\u0131 gerekir. \u0130yi ve kal\u0131c\u0131 sonu\u00e7lar i\u00e7in cerrahlar olduk\u00e7a \u00f6nemlidir. <\/p>\n\n<p>Tedaviniz Prof. Dr. Koray Co\u015fkunfirat taraf\u0131ndan ger\u00e7ekle\u015ftirilecektir.<\/p>\n\n<p>Kalitesi, European Board of Plastic Reconstructive and Aesthetic Surgery taraf\u0131ndan uzun s\u00fcre \u00f6nce onaylanm\u0131\u015f ve sertifikaland\u0131r\u0131lm\u0131\u015ft\u0131r.<\/p>\n\n<p>G\u00f6\u011f\u00fcs operasyonlar\u0131, g\u00f6\u011f\u00fcs b\u00fcy\u00fctme, g\u00f6\u011f\u00fcs k\u00fc\u00e7\u00fcltme, liposuction, g\u00f6\u011f\u00fcs dikle\u015ftirme, kar\u0131n germe, y\u00fcz germe, g\u00fczellik klini\u011fi Antalya, estetik cerrah T\u00fcrkiye.<\/p>\n\n<p> <\/p>\n\n<p id=\"caption-attachment-821\">MedicalPark&#8217;\u0131n Antalya&#8217;daki modern binas\u0131.<\/p>\n\t\t\t\t\t\t\t\t<\/div>\n\t\t\t\t\t<\/div>\n\t\t\t\t<\/div>\n\t\t\t\t<\/div>\n\t\t","protected":false},"excerpt":{"rendered":"<p>Istanbul Antalya Izmir Bodrum \u00d6nce, sonra MedicalPark&#8217;taki estetik klini\u011fi, Antalya&#8217;daki en yeni cihazlar ve teknolojiye sahiptir. T\u00fcrkiye&#8217;nin en sayg\u0131n \u00f6zel hastanelerinden biridir. Hastane her y\u0131l b\u00fcy\u00fcmekte ve geli\u015fmektedir. Avrupa Birli\u011fi hijyen standartlar\u0131n\u0131n \u00e7ok \u00f6tesindedir. Ayr\u0131ca burada sizi son derece deneyimli uzman doktorlar ve cerrahlar tedavi etmektedir. Antalya&#8217;daki sa\u011fl\u0131k sekt\u00f6r\u00fcnde ilk s\u0131ralarda yer alan adreslerden biridir. G\u00fczellik merkezi, uluslararas\u0131 e\u011fitim alm\u0131\u015f doktorlara sahiptir. Bu doktorlar, g\u00fczellik operasyonlar\u0131 alan\u0131ndaki t\u00fcm uzmanl\u0131klar\u0131na sahip olup, bilimsel ve teknolojik geli\u015fmeleri s\u00fcrekli olarak iyile\u015ftirmektedirler. Neden Antalya&#8217;da Operasyon Yapmal\u0131s\u0131n\u0131z? Hastane: Uluslararas\u0131 sertifikaya sahiptir. \u00c7ok b\u00fcy\u00fck de\u011fildir, bu sayede size yeterli zaman ayr\u0131lmaktad\u0131r. 7\/24 hizmet sunmaktad\u0131r. Estetik cerrahi alan\u0131ndaki ba\u015far\u0131lar\u0131yla \u00f6zellikle tan\u0131nmaktad\u0131r. Almanca, Frans\u0131zca ve \u0130ngilizce dahil olmak \u00fczere bir\u00e7ok dilde destek mevcuttur. Hastanenin geni\u015f hizmet yelpazesi, hastalara \u00e7e\u015fitli tedavi se\u00e7enekleri sunmaktad\u0131r. Sunulan cerrahi i\u015flemlerdeki kapsaml\u0131 deneyimiyle hastane, y\u00fcksek standartlar\u0131 temsil etmekte ve en kaliteli hizmetleri sa\u011flamaktad\u0131r. Sa\u011fl\u0131\u011f\u0131n\u0131z ve g\u00fczelli\u011finiz s\u00f6z konusu oldu\u011funda her \u015feyin m\u00fckemmel olmas\u0131 gerekir. \u0130yi ve kal\u0131c\u0131 sonu\u00e7lar i\u00e7in cerrahlar olduk\u00e7a \u00f6nemlidir. Tedaviniz Prof. Dr. Koray Co\u015fkunfirat taraf\u0131ndan ger\u00e7ekle\u015ftirilecektir. Kalitesi, European Board of Plastic Reconstructive and Aesthetic Surgery taraf\u0131ndan uzun s\u00fcre \u00f6nce onaylanm\u0131\u015f ve sertifikaland\u0131r\u0131lm\u0131\u015ft\u0131r. G\u00f6\u011f\u00fcs operasyonlar\u0131, g\u00f6\u011f\u00fcs b\u00fcy\u00fctme, g\u00f6\u011f\u00fcs k\u00fc\u00e7\u00fcltme, liposuction, g\u00f6\u011f\u00fcs dikle\u015ftirme, kar\u0131n germe, y\u00fcz germe, g\u00fczellik klini\u011fi Antalya, estetik cerrah T\u00fcrkiye. MedicalPark&#8217;\u0131n Antalya&#8217;daki modern binas\u0131.<\/p>\n","protected":false},"author":4,"featured_media":0,"parent":5357,"menu_order":0,"comment_status":"closed","ping_status":"closed","template":"","meta":{"_joinchat":[],"footnotes":""},"class_list":["post-5358","page","type-page","status-publish","hentry"],"acf":[],"_links":{"self":[{"href":"https:\/\/medicaltravel.ch\/tr\/wp-json\/wp\/v2\/pages\/5358","targetHints":{"allow":["GET"]}}],"collection":[{"href":"https:\/\/medicaltravel.ch\/tr\/wp-json\/wp\/v2\/pages"}],"about":[{"href":"https:\/\/medicaltravel.ch\/tr\/wp-json\/wp\/v2\/types\/page"}],"author":[{"embeddable":true,"href":"https:\/\/medicaltravel.ch\/tr\/wp-json\/wp\/v2\/users\/4"}],"replies":[{"embeddable":true,"href":"https:\/\/medicaltravel.ch\/tr\/wp-json\/wp\/v2\/comments?post=5358"}],"version-history":[{"count":0,"href":"https:\/\/medicaltravel.ch\/tr\/wp-json\/wp\/v2\/pages\/5358\/revisions"}],"up":[{"embeddable":true,"href":"https:\/\/medicaltravel.ch\/tr\/wp-json\/wp\/v2\/pages\/5357"}],"wp:attachment":[{"href":"https:\/\/medicaltravel.ch\/tr\/wp-json\/wp\/v2\/media?parent=5358"}],"curies":[{"name":"wp","href":"https:\/\/api.w.org\/{rel}","templated":true}]}}