{"id":5362,"date":"2025-09-17T08:26:57","date_gmt":"2025-09-17T07:26:57","guid":{"rendered":"https:\/\/medicaltravel.ch\/kozmetik-cerrahi\/hastaneler\/bodrumdaki-hastane\/"},"modified":"2026-01-04T17:12:46","modified_gmt":"2026-01-04T16:12:46","slug":"bodrumdaki-hastane","status":"publish","type":"page","link":"https:\/\/medicaltravel.ch\/tr\/kozmetik-cerrahi\/hastaneler\/bodrumdaki-hastane\/","title":{"rendered":"Bodrum&#8217;daki hastane."},"content":{"rendered":"\t\t<div data-elementor-type=\"wp-page\" data-elementor-id=\"5362\" class=\"elementor elementor-5362 elementor-84\" data-elementor-post-type=\"page\">\n\t\t\t\t<div class=\"elementor-element elementor-element-49a57835 e-flex e-con-boxed wpr-particle-no wpr-jarallax-no wpr-parallax-no wpr-sticky-section-no e-con e-parent\" data-id=\"49a57835\" data-element_type=\"container\" data-e-type=\"container\">\n\t\t\t\t\t<div class=\"e-con-inner\">\n\t\t<div class=\"elementor-element elementor-element-73a9e98 e-con-full e-flex wpr-particle-no wpr-jarallax-no wpr-parallax-no wpr-sticky-section-no e-con e-child\" data-id=\"73a9e98\" data-element_type=\"container\" data-e-type=\"container\">\n\t\t\t\t<div class=\"elementor-element elementor-element-f143120 elementor-widget elementor-widget-button\" data-id=\"f143120\" data-element_type=\"widget\" data-e-type=\"widget\" data-widget_type=\"button.default\">\n\t\t\t\t\t\t\t\t\t\t<a class=\"elementor-button elementor-button-link elementor-size-sm\" href=\"https:\/\/medicaltravel.ch\/schoenheitsoperation\/die-spitaler\/schoenheitsklinik-in-istanbul\/\">\n\t\t\t\t\t\t<span class=\"elementor-button-content-wrapper\">\n\t\t\t\t\t\t\t\t\t<span class=\"elementor-button-text\">Istanbul<\/span>\n\t\t\t\t\t<\/span>\n\t\t\t\t\t<\/a>\n\t\t\t\t\t\t\t\t<\/div>\n\t\t\t\t<div class=\"elementor-element elementor-element-2414534 elementor-widget elementor-widget-button\" data-id=\"2414534\" data-element_type=\"widget\" data-e-type=\"widget\" data-widget_type=\"button.default\">\n\t\t\t\t\t\t\t\t\t\t<a class=\"elementor-button elementor-button-link elementor-size-sm\" href=\"https:\/\/medicaltravel.ch\/tr\/kozmetik-cerrahi\/hastaneler\/antalyadaki-guezellik-klinigi\/\">\n\t\t\t\t\t\t<span class=\"elementor-button-content-wrapper\">\n\t\t\t\t\t\t\t\t\t<span class=\"elementor-button-text\">Antalya<\/span>\n\t\t\t\t\t<\/span>\n\t\t\t\t\t<\/a>\n\t\t\t\t\t\t\t\t<\/div>\n\t\t\t\t<div class=\"elementor-element elementor-element-39af27d elementor-widget elementor-widget-button\" data-id=\"39af27d\" data-element_type=\"widget\" data-e-type=\"widget\" data-widget_type=\"button.default\">\n\t\t\t\t\t\t\t\t\t\t<a class=\"elementor-button elementor-button-link elementor-size-sm\" href=\"https:\/\/medicaltravel.ch\/schoenheitsoperation\/die-spitaler\/schoenheitsklinik-in-izmir\/\">\n\t\t\t\t\t\t<span class=\"elementor-button-content-wrapper\">\n\t\t\t\t\t\t\t\t\t<span class=\"elementor-button-text\">Izmir<\/span>\n\t\t\t\t\t<\/span>\n\t\t\t\t\t<\/a>\n\t\t\t\t\t\t\t\t<\/div>\n\t\t\t\t<div class=\"elementor-element elementor-element-67c62af elementor-widget elementor-widget-button\" data-id=\"67c62af\" data-element_type=\"widget\" data-e-type=\"widget\" data-widget_type=\"button.default\">\n\t\t\t\t\t\t\t\t\t\t<a class=\"elementor-button elementor-button-link elementor-size-sm\" href=\"https:\/\/medicaltravel.ch\/tr\/kozmetik-cerrahi\/hastaneler\/bodrumdaki-hastane\/\">\n\t\t\t\t\t\t<span class=\"elementor-button-content-wrapper\">\n\t\t\t\t\t\t\t\t\t<span class=\"elementor-button-text\">Bodrum<\/span>\n\t\t\t\t\t<\/span>\n\t\t\t\t\t<\/a>\n\t\t\t\t\t\t\t\t<\/div>\n\t\t\t\t<div class=\"elementor-element elementor-element-bffcfbc elementor-widget elementor-widget-button\" data-id=\"bffcfbc\" data-element_type=\"widget\" data-e-type=\"widget\" data-widget_type=\"button.default\">\n\t\t\t\t\t\t\t\t\t\t<a class=\"elementor-button elementor-button-link elementor-size-sm\" href=\"https:\/\/medicaltravel.ch\/schoenheitsoperation\/vorher-nachher\/\">\n\t\t\t\t\t\t<span class=\"elementor-button-content-wrapper\">\n\t\t\t\t\t\t\t\t\t<span class=\"elementor-button-text\">\u00d6nce, sonra<\/span>\n\t\t\t\t\t<\/span>\n\t\t\t\t\t<\/a>\n\t\t\t\t\t\t\t\t<\/div>\n\t\t\t\t<\/div>\n\t\t\t\t<div class=\"elementor-element elementor-element-1400877f elementor-widget elementor-widget-text-editor\" data-id=\"1400877f\" data-element_type=\"widget\" data-e-type=\"widget\" data-widget_type=\"text-editor.default\">\n\t\t\t\t\t\t\t\t\t\n<h2 class=\"wp-block-heading\">Bodrum&#8217;daki G\u00fczellik Klini\u011fi.<\/h2>\n\n<h2 class=\"wp-block-heading\">Bodrum&#8217;da G\u00fczellik Tatili.<\/h2>\n\n<p>G\u00fczellik tedavinizi Bodrum&#8217;daki tatilinizle birle\u015ftirebilirsiniz.<\/p>\n\n<p>Acibadem Bodrum Hastanesi, uluslararas\u0131 standartlara g\u00f6re ve hastalar\u0131n g\u00fcvenli\u011fi ile konforuna en y\u00fcksek \u00f6zen g\u00f6sterilerek tasarlanm\u0131\u015f, hayata ge\u00e7irilmi\u015f ve in\u015fa edilmi\u015ftir.<\/p>\n\n<p>Acibadem Hastaneleri bir\u00e7ok a\u00e7\u0131dan benzersizdir:<\/p>\n\n<ul class=\"wp-block-list\">\n<li>Hastane odalar\u0131, hem\u015firelik hizmetleri ve idari personel, her hastan\u0131n odas\u0131nda konfor, bak\u0131m ve ilgi g\u00f6rebilmesini sa\u011flar.<\/li>\n\n<li>Acibadem Klinikleri ve g\u00fcnl\u00fck kliniklerin binalar\u0131, \u015f\u0131k bir tasar\u0131ma sahip olup, merkezi izleme sistemleri, hava kalitesinin merkezi otomasyonu, merkezi klima sistemleri, yang\u0131n ve g\u00fcvenlik sistemleri, acil durum kodlama sistemleri, g\u00fcvenlik ve hem\u015fire \u00e7a\u011fr\u0131 sistemleri ile donat\u0131lm\u0131\u015ft\u0131r.<\/li>\n\n<li>Ayr\u0131ca enerji verimli olup, iki yedek jenerat\u00f6r ve UPS ile g\u00fcvence alt\u0131na al\u0131nm\u0131\u015f, Co-Jenerat\u00f6rler arac\u0131l\u0131\u011f\u0131yla tesis i\u00e7i enerji \u00fcretimi yap\u0131lmakta ve kesintisiz t\u0131bbi gaz temini sa\u011flanmaktad\u0131r. Bu, tesis i\u00e7i oksijen \u00fcretimi ile desteklenmektedir.<\/li>\n\n<li>Acibadem, y\u00fcksek nitelikli, uzman ve motive olmu\u015f bir ekip ile, en son t\u0131bbi teknolojilerin kullan\u0131m\u0131, kan\u0131ta dayal\u0131 t\u0131p ve kalite ile hasta memnuniyetine olan kararl\u0131 ba\u011fl\u0131l\u0131k konusunda sekt\u00f6r\u00fcne \u00f6nc\u00fcl\u00fck etmektedir.<\/li>\n\n<li>Acibadem&#8217;in benzersiz i\u015fletme y\u00f6netim modeli, \u00e7al\u0131\u015fanlar\u0131m\u0131z taraf\u0131ndan desteklenen ve uygulanan, rasyonelle\u015ftirilmi\u015f bir organizasyon yap\u0131s\u0131 ve sa\u011flam bir kurumsal k\u00fclt\u00fcre dayanmaktad\u0131r; uyarlanm\u0131\u015f ve tam entegre edilmi\u015f bilgi sistemleri, g\u00fc\u00e7l\u00fc d\u0131\u015f kaynak kullan\u0131m\u0131 ve destek hizmetleri, verimli sa\u011fl\u0131k hizmeti, lojistik ve bak\u0131m, ayr\u0131ca pazarlama ve halkla ili\u015fkiler konular\u0131nda yap\u0131lan uygun \u00e7abalarla desteklenmektedir.<\/li>\n<\/ul>\n\n<p id=\"caption-attachment-810\">Bodrum&#8217;daki g\u00fczellik tatilinizin keyfini \u00e7\u0131kar\u0131n.<\/p>\n\n<p id=\"caption-attachment-811\">Bodrum&#8217;daki modern g\u00fczellik klini\u011fi.<\/p>\n\n<p id=\"caption-attachment-812\">G\u00fczellik ameliyat\u0131n\u0131z i\u00e7in operasyon odas\u0131.<\/p>\n\n<p>Hastaneler, Amerika Birle\u015fik Devletleri&#8217;nden JCI (Joint Commission International) sertifikas\u0131na sahiptir.<\/p>\n\n<p>Sa\u011fl\u0131\u011f\u0131n\u0131z ve g\u00fczelli\u011finiz s\u00f6z konusu oldu\u011funda her \u015feyin m\u00fckemmel olmas\u0131 gerekir. \u0130yi ve kal\u0131c\u0131 sonu\u00e7lar i\u00e7in cerrahlar olduk\u00e7a \u00f6nemlidir.  Estetik operasyonlar yaln\u0131zca deneyimli estetik cerrahlar taraf\u0131ndan ger\u00e7ekle\u015ftirilir.<\/p>\n\t\t\t\t\t\t\t\t<\/div>\n\t\t\t\t\t<\/div>\n\t\t\t\t<\/div>\n\t\t\t\t<\/div>\n\t\t","protected":false},"excerpt":{"rendered":"<p>Istanbul Antalya Izmir Bodrum \u00d6nce, sonra Bodrum&#8217;daki G\u00fczellik Klini\u011fi. Bodrum&#8217;da G\u00fczellik Tatili. G\u00fczellik tedavinizi Bodrum&#8217;daki tatilinizle birle\u015ftirebilirsiniz. Acibadem Bodrum Hastanesi, uluslararas\u0131 standartlara g\u00f6re ve hastalar\u0131n g\u00fcvenli\u011fi ile konforuna en y\u00fcksek \u00f6zen g\u00f6sterilerek tasarlanm\u0131\u015f, hayata ge\u00e7irilmi\u015f ve in\u015fa edilmi\u015ftir. Acibadem Hastaneleri bir\u00e7ok a\u00e7\u0131dan benzersizdir: Hastane odalar\u0131, hem\u015firelik hizmetleri ve idari personel, her hastan\u0131n odas\u0131nda konfor, bak\u0131m ve ilgi g\u00f6rebilmesini sa\u011flar. Acibadem Klinikleri ve g\u00fcnl\u00fck kliniklerin binalar\u0131, \u015f\u0131k bir tasar\u0131ma sahip olup, merkezi izleme sistemleri, hava kalitesinin merkezi otomasyonu, merkezi klima sistemleri, yang\u0131n ve g\u00fcvenlik sistemleri, acil durum kodlama sistemleri, g\u00fcvenlik ve hem\u015fire \u00e7a\u011fr\u0131 sistemleri ile donat\u0131lm\u0131\u015ft\u0131r. Ayr\u0131ca enerji verimli olup, iki yedek jenerat\u00f6r ve UPS ile g\u00fcvence alt\u0131na al\u0131nm\u0131\u015f, Co-Jenerat\u00f6rler arac\u0131l\u0131\u011f\u0131yla tesis i\u00e7i enerji \u00fcretimi yap\u0131lmakta ve kesintisiz t\u0131bbi gaz temini sa\u011flanmaktad\u0131r. Bu, tesis i\u00e7i oksijen \u00fcretimi ile desteklenmektedir. Acibadem, y\u00fcksek nitelikli, uzman ve motive olmu\u015f bir ekip ile, en son t\u0131bbi teknolojilerin kullan\u0131m\u0131, kan\u0131ta dayal\u0131 t\u0131p ve kalite ile hasta memnuniyetine olan kararl\u0131 ba\u011fl\u0131l\u0131k konusunda sekt\u00f6r\u00fcne \u00f6nc\u00fcl\u00fck etmektedir. Acibadem&#8217;in benzersiz i\u015fletme y\u00f6netim modeli, \u00e7al\u0131\u015fanlar\u0131m\u0131z taraf\u0131ndan desteklenen ve uygulanan, rasyonelle\u015ftirilmi\u015f bir organizasyon yap\u0131s\u0131 ve sa\u011flam bir kurumsal k\u00fclt\u00fcre dayanmaktad\u0131r; uyarlanm\u0131\u015f ve tam entegre edilmi\u015f bilgi sistemleri, g\u00fc\u00e7l\u00fc d\u0131\u015f kaynak kullan\u0131m\u0131 ve destek hizmetleri, verimli sa\u011fl\u0131k hizmeti, lojistik ve bak\u0131m, ayr\u0131ca pazarlama ve halkla ili\u015fkiler konular\u0131nda yap\u0131lan uygun \u00e7abalarla desteklenmektedir. Bodrum&#8217;daki g\u00fczellik tatilinizin keyfini \u00e7\u0131kar\u0131n. Bodrum&#8217;daki modern g\u00fczellik klini\u011fi. G\u00fczellik ameliyat\u0131n\u0131z i\u00e7in operasyon odas\u0131. Hastaneler, Amerika Birle\u015fik Devletleri&#8217;nden JCI (Joint Commission International) sertifikas\u0131na sahiptir. Sa\u011fl\u0131\u011f\u0131n\u0131z ve g\u00fczelli\u011finiz s\u00f6z konusu oldu\u011funda her \u015feyin m\u00fckemmel olmas\u0131 gerekir. \u0130yi ve kal\u0131c\u0131 sonu\u00e7lar i\u00e7in cerrahlar olduk\u00e7a \u00f6nemlidir. Estetik operasyonlar yaln\u0131zca deneyimli estetik cerrahlar taraf\u0131ndan ger\u00e7ekle\u015ftirilir.<\/p>\n","protected":false},"author":4,"featured_media":0,"parent":5357,"menu_order":0,"comment_status":"closed","ping_status":"closed","template":"","meta":{"_joinchat":[],"footnotes":""},"class_list":["post-5362","page","type-page","status-publish","hentry"],"acf":[],"_links":{"self":[{"href":"https:\/\/medicaltravel.ch\/tr\/wp-json\/wp\/v2\/pages\/5362","targetHints":{"allow":["GET"]}}],"collection":[{"href":"https:\/\/medicaltravel.ch\/tr\/wp-json\/wp\/v2\/pages"}],"about":[{"href":"https:\/\/medicaltravel.ch\/tr\/wp-json\/wp\/v2\/types\/page"}],"author":[{"embeddable":true,"href":"https:\/\/medicaltravel.ch\/tr\/wp-json\/wp\/v2\/users\/4"}],"replies":[{"embeddable":true,"href":"https:\/\/medicaltravel.ch\/tr\/wp-json\/wp\/v2\/comments?post=5362"}],"version-history":[{"count":3,"href":"https:\/\/medicaltravel.ch\/tr\/wp-json\/wp\/v2\/pages\/5362\/revisions"}],"predecessor-version":[{"id":5365,"href":"https:\/\/medicaltravel.ch\/tr\/wp-json\/wp\/v2\/pages\/5362\/revisions\/5365"}],"up":[{"embeddable":true,"href":"https:\/\/medicaltravel.ch\/tr\/wp-json\/wp\/v2\/pages\/5357"}],"wp:attachment":[{"href":"https:\/\/medicaltravel.ch\/tr\/wp-json\/wp\/v2\/media?parent=5362"}],"curies":[{"name":"wp","href":"https:\/\/api.w.org\/{rel}","templated":true}]}}