{"id":5366,"date":"2025-09-17T08:26:16","date_gmt":"2025-09-17T07:26:16","guid":{"rendered":"https:\/\/medicaltravel.ch\/kozmetik-cerrahi\/hastaneler\/guezellik-klinigi-estetik-ameliyat-estetik-doktoru-izmir\/"},"modified":"2026-01-04T17:16:33","modified_gmt":"2026-01-04T16:16:33","slug":"guezellik-klinigi-estetik-ameliyat-estetik-doktoru-izmir","status":"publish","type":"page","link":"https:\/\/medicaltravel.ch\/tr\/kozmetik-cerrahi\/hastaneler\/guezellik-klinigi-estetik-ameliyat-estetik-doktoru-izmir\/","title":{"rendered":"G\u00fczellik klini\u011fi, estetik ameliyat, estetik doktoru \u0130zmir."},"content":{"rendered":"\t\t<div data-elementor-type=\"wp-page\" data-elementor-id=\"5366\" class=\"elementor elementor-5366 elementor-82\" data-elementor-post-type=\"page\">\n\t\t\t\t<div class=\"elementor-element elementor-element-163cb54 e-flex e-con-boxed wpr-particle-no wpr-jarallax-no wpr-parallax-no wpr-sticky-section-no e-con e-parent\" data-id=\"163cb54\" data-element_type=\"container\" data-e-type=\"container\">\n\t\t\t\t\t<div class=\"e-con-inner\">\n\t\t<div class=\"elementor-element elementor-element-d46a377 e-con-full e-flex wpr-particle-no wpr-jarallax-no wpr-parallax-no wpr-sticky-section-no e-con e-child\" data-id=\"d46a377\" data-element_type=\"container\" data-e-type=\"container\">\n\t\t\t\t<div class=\"elementor-element elementor-element-0d0069b elementor-widget elementor-widget-button\" data-id=\"0d0069b\" data-element_type=\"widget\" data-e-type=\"widget\" data-widget_type=\"button.default\">\n\t\t\t\t\t\t\t\t\t\t<a class=\"elementor-button elementor-button-link elementor-size-sm\" href=\"https:\/\/medicaltravel.ch\/schoenheitsoperation\/die-spitaler\/schoenheitsklinik-in-istanbul\/\">\n\t\t\t\t\t\t<span class=\"elementor-button-content-wrapper\">\n\t\t\t\t\t\t\t\t\t<span class=\"elementor-button-text\">Istanbul<\/span>\n\t\t\t\t\t<\/span>\n\t\t\t\t\t<\/a>\n\t\t\t\t\t\t\t\t<\/div>\n\t\t\t\t<div class=\"elementor-element elementor-element-0f9e2ba elementor-widget elementor-widget-button\" data-id=\"0f9e2ba\" data-element_type=\"widget\" data-e-type=\"widget\" data-widget_type=\"button.default\">\n\t\t\t\t\t\t\t\t\t\t<a class=\"elementor-button elementor-button-link elementor-size-sm\" href=\"https:\/\/medicaltravel.ch\/tr\/kozmetik-cerrahi\/hastaneler\/antalyadaki-guezellik-klinigi\/\">\n\t\t\t\t\t\t<span class=\"elementor-button-content-wrapper\">\n\t\t\t\t\t\t\t\t\t<span class=\"elementor-button-text\">Antalya<\/span>\n\t\t\t\t\t<\/span>\n\t\t\t\t\t<\/a>\n\t\t\t\t\t\t\t\t<\/div>\n\t\t\t\t<div class=\"elementor-element elementor-element-b46a456 elementor-widget elementor-widget-button\" data-id=\"b46a456\" data-element_type=\"widget\" data-e-type=\"widget\" data-widget_type=\"button.default\">\n\t\t\t\t\t\t\t\t\t\t<a class=\"elementor-button elementor-button-link elementor-size-sm\" href=\"https:\/\/medicaltravel.ch\/tr\/kozmetik-cerrahi\/hastaneler\/guezellik-klinigi-estetik-ameliyat-estetik-doktoru-izmir\/\">\n\t\t\t\t\t\t<span class=\"elementor-button-content-wrapper\">\n\t\t\t\t\t\t\t\t\t<span class=\"elementor-button-text\">Izmir<\/span>\n\t\t\t\t\t<\/span>\n\t\t\t\t\t<\/a>\n\t\t\t\t\t\t\t\t<\/div>\n\t\t\t\t<div class=\"elementor-element elementor-element-7795219 elementor-widget elementor-widget-button\" data-id=\"7795219\" data-element_type=\"widget\" data-e-type=\"widget\" data-widget_type=\"button.default\">\n\t\t\t\t\t\t\t\t\t\t<a class=\"elementor-button elementor-button-link elementor-size-sm\" href=\"https:\/\/medicaltravel.ch\/tr\/kozmetik-cerrahi\/hastaneler\/bodrumdaki-hastane\/\">\n\t\t\t\t\t\t<span class=\"elementor-button-content-wrapper\">\n\t\t\t\t\t\t\t\t\t<span class=\"elementor-button-text\">Bodrum<\/span>\n\t\t\t\t\t<\/span>\n\t\t\t\t\t<\/a>\n\t\t\t\t\t\t\t\t<\/div>\n\t\t\t\t<div class=\"elementor-element elementor-element-e6f3b04 elementor-widget elementor-widget-button\" data-id=\"e6f3b04\" data-element_type=\"widget\" data-e-type=\"widget\" data-widget_type=\"button.default\">\n\t\t\t\t\t\t\t\t\t\t<a class=\"elementor-button elementor-button-link elementor-size-sm\" href=\"https:\/\/medicaltravel.ch\/schoenheitsoperation\/vorher-nachher\/\">\n\t\t\t\t\t\t<span class=\"elementor-button-content-wrapper\">\n\t\t\t\t\t\t\t\t\t<span class=\"elementor-button-text\">\u00d6nce, sonra<\/span>\n\t\t\t\t\t<\/span>\n\t\t\t\t\t<\/a>\n\t\t\t\t\t\t\t\t<\/div>\n\t\t\t\t<\/div>\n\t\t\t\t<div class=\"elementor-element elementor-element-4fb9f156 elementor-widget elementor-widget-text-editor\" data-id=\"4fb9f156\" data-element_type=\"widget\" data-e-type=\"widget\" data-widget_type=\"text-editor.default\">\n\t\t\t\t\t\t\t\t\t\n<h2 class=\"wp-block-heading\">\u0130zmir&#8217;deki G\u00fczellik Klini\u011fi.<\/h2>\n\n<p>\u0130zmir&#8217;de g\u00fczellik tedaviniz i\u00e7in iyi bir teklif mi ar\u0131yorsunuz? O zaman tam yerindesiniz. <\/p>\n\n<p>Sizin iyili\u011finiz i\u00e7in \u00e7ok deneyimli estetik uzman cerrahlarla \u00e7al\u0131\u015f\u0131yoruz. T\u00fcm doktorlar, uzun y\u0131llara dayanan derinlemesine deneyimlere sahip olup, t\u0131bbi g\u00fcvenli\u011finiz i\u00e7in F.E.B.O.P.R.A.S (European Board of Plastic Reconstructive and Aesthetic Surgery) taraf\u0131ndan sertifikaland\u0131r\u0131lm\u0131\u015ft\u0131r. <\/p>\n\n<p> <\/p>\n\n<p id=\"caption-attachment-12782\">OP. Dr. Nejdet Sisman<\/p>\n\n<p>Estetik cerrah Op. Dr. Nejdet S\u0130SMAN, 26 \u015eubat 1965 tarihinde Ankara&#8217;da do\u011fdu.<\/p>\n\n<p>Trakya \u00dcniversitesi T\u0131p Fak\u00fcltesi&#8217;nden 1990 y\u0131l\u0131nda mezun olduktan sonra, \u015ei\u015fman 1997 y\u0131l\u0131na kadar \u0130stanbul \u015ei\u015fli Etfal Hastanesi&#8217;nde acil doktoru olarak \u00e7al\u0131\u015ft\u0131. 1997-2003 y\u0131llar\u0131 aras\u0131nda \u0130zmir Atat\u00fcrk E\u011fitim ve Ara\u015ft\u0131rma Hastanesi Plastik ve Rekonstr\u00fcktif Cerrahi Klini\u011fi&#8217;nde g\u00f6rev ald\u0131. 2004-2005 y\u0131llar\u0131nda \u0130zmir \u00d6zel Kent Hastanesi Plastik Cerrahi Klini\u011fi&#8217;nde \u00e7al\u0131\u015fan Dr. Nejdet \u015ei\u015fman, Estetik Plastik Cerrahi alan\u0131nda lazer uygulamalar\u0131 e\u011fitimi almak i\u00e7in Floransa (\u0130talya) ve Milano&#8217;da e\u011fitim ald\u0131.  <\/p>\n\n<p>Ulusal ve uluslararas\u0131 dergilerde makaleler yay\u0131nlam\u0131\u015ft\u0131r. Pratisyen olarak, t\u0131bbi estetik tedaviler ve estetik cerrahi dan\u0131\u015fmanl\u0131klar\u0131, ba\u015fta Kent Hastanesi Acibadem \u0130zmir olmak \u00fczere anla\u015fmal\u0131 hastanelerde ger\u00e7ekle\u015ftirmektedir. Bu hastane, T\u00fcrkiye&#8217;nin en iyi \u00f6zel hastane zincirlerinden biri olan Acibadem&#8217;e aittir. <\/p>\n\n<p> <\/p>\n\n<p id=\"caption-attachment-12786\">Acibadem Kent Hastanesi \u0130zmir<\/p>\n\n<p> <\/p>\n\n<p id=\"caption-attachment-12784\">Acibadem Kent Hastanesi Hasta Odas\u0131<\/p>\n\n<p> <\/p>\n\n<p id=\"caption-attachment-12785\">Kent Hastanesi \u0130zmir<\/p>\n\n<p><strong>\u015e\u0130MD\u0130 \u00dcCRETS\u0130Z DANI\u015eMANLIK ALIN<\/strong><\/p>\n\n<p>Bug\u00fcn bize <a href=\"mailto:info@medicaltravel.net\">e-posta<\/a>, <a href=\"https:\/\/www.medicaltravel.ch\/kontakt\/\">buradan <\/a>veya <a href=\"https:\/\/wa.me\/41787373541\" target=\"_blank\" rel=\"noreferrer noopener nofollow\">WhatsApp <\/a>\u00fczerinden \u00fccretsiz olarak ula\u015fabilirsiniz.<\/p>\n\t\t\t\t\t\t\t\t<\/div>\n\t\t\t\t\t<\/div>\n\t\t\t\t<\/div>\n\t\t\t\t<\/div>\n\t\t","protected":false},"excerpt":{"rendered":"<p>Istanbul Antalya Izmir Bodrum \u00d6nce, sonra \u0130zmir&#8217;deki G\u00fczellik Klini\u011fi. \u0130zmir&#8217;de g\u00fczellik tedaviniz i\u00e7in iyi bir teklif mi ar\u0131yorsunuz? O zaman tam yerindesiniz. Sizin iyili\u011finiz i\u00e7in \u00e7ok deneyimli estetik uzman cerrahlarla \u00e7al\u0131\u015f\u0131yoruz. T\u00fcm doktorlar, uzun y\u0131llara dayanan derinlemesine deneyimlere sahip olup, t\u0131bbi g\u00fcvenli\u011finiz i\u00e7in F.E.B.O.P.R.A.S (European Board of Plastic Reconstructive and Aesthetic Surgery) taraf\u0131ndan sertifikaland\u0131r\u0131lm\u0131\u015ft\u0131r. OP. Dr. Nejdet Sisman Estetik cerrah Op. Dr. Nejdet S\u0130SMAN, 26 \u015eubat 1965 tarihinde Ankara&#8217;da do\u011fdu. Trakya \u00dcniversitesi T\u0131p Fak\u00fcltesi&#8217;nden 1990 y\u0131l\u0131nda mezun olduktan sonra, \u015ei\u015fman 1997 y\u0131l\u0131na kadar \u0130stanbul \u015ei\u015fli Etfal Hastanesi&#8217;nde acil doktoru olarak \u00e7al\u0131\u015ft\u0131. 1997-2003 y\u0131llar\u0131 aras\u0131nda \u0130zmir Atat\u00fcrk E\u011fitim ve Ara\u015ft\u0131rma Hastanesi Plastik ve Rekonstr\u00fcktif Cerrahi Klini\u011fi&#8217;nde g\u00f6rev ald\u0131. 2004-2005 y\u0131llar\u0131nda \u0130zmir \u00d6zel Kent Hastanesi Plastik Cerrahi Klini\u011fi&#8217;nde \u00e7al\u0131\u015fan Dr. Nejdet \u015ei\u015fman, Estetik Plastik Cerrahi alan\u0131nda lazer uygulamalar\u0131 e\u011fitimi almak i\u00e7in Floransa (\u0130talya) ve Milano&#8217;da e\u011fitim ald\u0131. Ulusal ve uluslararas\u0131 dergilerde makaleler yay\u0131nlam\u0131\u015ft\u0131r. Pratisyen olarak, t\u0131bbi estetik tedaviler ve estetik cerrahi dan\u0131\u015fmanl\u0131klar\u0131, ba\u015fta Kent Hastanesi Acibadem \u0130zmir olmak \u00fczere anla\u015fmal\u0131 hastanelerde ger\u00e7ekle\u015ftirmektedir. Bu hastane, T\u00fcrkiye&#8217;nin en iyi \u00f6zel hastane zincirlerinden biri olan Acibadem&#8217;e aittir. Acibadem Kent Hastanesi \u0130zmir Acibadem Kent Hastanesi Hasta Odas\u0131 Kent Hastanesi \u0130zmir \u015e\u0130MD\u0130 \u00dcCRETS\u0130Z DANI\u015eMANLIK ALIN Bug\u00fcn bize e-posta, buradan veya WhatsApp \u00fczerinden \u00fccretsiz olarak ula\u015fabilirsiniz.<\/p>\n","protected":false},"author":4,"featured_media":0,"parent":5357,"menu_order":0,"comment_status":"closed","ping_status":"closed","template":"","meta":{"_joinchat":[],"footnotes":""},"class_list":["post-5366","page","type-page","status-publish","hentry"],"acf":[],"_links":{"self":[{"href":"https:\/\/medicaltravel.ch\/tr\/wp-json\/wp\/v2\/pages\/5366","targetHints":{"allow":["GET"]}}],"collection":[{"href":"https:\/\/medicaltravel.ch\/tr\/wp-json\/wp\/v2\/pages"}],"about":[{"href":"https:\/\/medicaltravel.ch\/tr\/wp-json\/wp\/v2\/types\/page"}],"author":[{"embeddable":true,"href":"https:\/\/medicaltravel.ch\/tr\/wp-json\/wp\/v2\/users\/4"}],"replies":[{"embeddable":true,"href":"https:\/\/medicaltravel.ch\/tr\/wp-json\/wp\/v2\/comments?post=5366"}],"version-history":[{"count":3,"href":"https:\/\/medicaltravel.ch\/tr\/wp-json\/wp\/v2\/pages\/5366\/revisions"}],"predecessor-version":[{"id":5369,"href":"https:\/\/medicaltravel.ch\/tr\/wp-json\/wp\/v2\/pages\/5366\/revisions\/5369"}],"up":[{"embeddable":true,"href":"https:\/\/medicaltravel.ch\/tr\/wp-json\/wp\/v2\/pages\/5357"}],"wp:attachment":[{"href":"https:\/\/medicaltravel.ch\/tr\/wp-json\/wp\/v2\/media?parent=5366"}],"curies":[{"name":"wp","href":"https:\/\/api.w.org\/{rel}","templated":true}]}}