{"id":5374,"date":"2025-09-17T08:24:45","date_gmt":"2025-09-17T07:24:45","guid":{"rendered":"https:\/\/medicaltravel.ch\/kozmetik-cerrahi\/hastaneler\/istanbuldaki-guezellik-klinigi\/"},"modified":"2026-01-04T17:21:31","modified_gmt":"2026-01-04T16:21:31","slug":"istanbuldaki-guezellik-klinigi","status":"publish","type":"page","link":"https:\/\/medicaltravel.ch\/tr\/kozmetik-cerrahi\/hastaneler\/istanbuldaki-guezellik-klinigi\/","title":{"rendered":"\u0130stanbul&#8217;daki G\u00fczellik Klini\u011fi"},"content":{"rendered":"\t\t<div data-elementor-type=\"wp-page\" data-elementor-id=\"5374\" class=\"elementor elementor-5374 elementor-78\" data-elementor-post-type=\"page\">\n\t\t\t\t<div class=\"elementor-element elementor-element-449dabd3 e-flex e-con-boxed wpr-particle-no wpr-jarallax-no wpr-parallax-no wpr-sticky-section-no wpr-equal-height-no e-con e-parent\" data-id=\"449dabd3\" data-element_type=\"container\" data-e-type=\"container\">\n\t\t\t\t\t<div class=\"e-con-inner\">\n\t\t<div class=\"elementor-element elementor-element-fe9db19 e-con-full e-flex wpr-particle-no wpr-jarallax-no wpr-parallax-no wpr-sticky-section-no wpr-equal-height-no e-con e-child\" data-id=\"fe9db19\" data-element_type=\"container\" data-e-type=\"container\">\n\t\t\t\t<div class=\"elementor-element elementor-element-42a8839 elementor-widget elementor-widget-button\" data-id=\"42a8839\" data-element_type=\"widget\" data-e-type=\"widget\" data-widget_type=\"button.default\">\n\t\t\t\t\t\t\t\t\t\t<a class=\"elementor-button elementor-button-link elementor-size-sm\" href=\"https:\/\/medicaltravel.ch\/tr\/kozmetik-cerrahi\/hastaneler\/istanbuldaki-guezellik-klinigi\/\">\n\t\t\t\t\t\t<span class=\"elementor-button-content-wrapper\">\n\t\t\t\t\t\t\t\t\t<span class=\"elementor-button-text\">Istanbul<\/span>\n\t\t\t\t\t<\/span>\n\t\t\t\t\t<\/a>\n\t\t\t\t\t\t\t\t<\/div>\n\t\t\t\t<div class=\"elementor-element elementor-element-5c240bc elementor-widget elementor-widget-button\" data-id=\"5c240bc\" data-element_type=\"widget\" data-e-type=\"widget\" data-widget_type=\"button.default\">\n\t\t\t\t\t\t\t\t\t\t<a class=\"elementor-button elementor-button-link elementor-size-sm\" href=\"https:\/\/medicaltravel.ch\/tr\/kozmetik-cerrahi\/hastaneler\/antalyadaki-guezellik-klinigi\/\">\n\t\t\t\t\t\t<span class=\"elementor-button-content-wrapper\">\n\t\t\t\t\t\t\t\t\t<span class=\"elementor-button-text\">Antalya<\/span>\n\t\t\t\t\t<\/span>\n\t\t\t\t\t<\/a>\n\t\t\t\t\t\t\t\t<\/div>\n\t\t\t\t<div class=\"elementor-element elementor-element-fa3881c elementor-widget elementor-widget-button\" data-id=\"fa3881c\" data-element_type=\"widget\" data-e-type=\"widget\" data-widget_type=\"button.default\">\n\t\t\t\t\t\t\t\t\t\t<a class=\"elementor-button elementor-button-link elementor-size-sm\" href=\"https:\/\/medicaltravel.ch\/tr\/kozmetik-cerrahi\/hastaneler\/guezellik-klinigi-estetik-ameliyat-estetik-doktoru-izmir\/\">\n\t\t\t\t\t\t<span class=\"elementor-button-content-wrapper\">\n\t\t\t\t\t\t\t\t\t<span class=\"elementor-button-text\">Izmir<\/span>\n\t\t\t\t\t<\/span>\n\t\t\t\t\t<\/a>\n\t\t\t\t\t\t\t\t<\/div>\n\t\t\t\t<div class=\"elementor-element elementor-element-9496266 elementor-widget elementor-widget-button\" data-id=\"9496266\" data-element_type=\"widget\" data-e-type=\"widget\" data-widget_type=\"button.default\">\n\t\t\t\t\t\t\t\t\t\t<a class=\"elementor-button elementor-button-link elementor-size-sm\" href=\"https:\/\/medicaltravel.ch\/tr\/kozmetik-cerrahi\/hastaneler\/bodrumdaki-hastane\/\">\n\t\t\t\t\t\t<span class=\"elementor-button-content-wrapper\">\n\t\t\t\t\t\t\t\t\t<span class=\"elementor-button-text\">Bodrum<\/span>\n\t\t\t\t\t<\/span>\n\t\t\t\t\t<\/a>\n\t\t\t\t\t\t\t\t<\/div>\n\t\t\t\t<div class=\"elementor-element elementor-element-6cd45a0 elementor-widget elementor-widget-button\" data-id=\"6cd45a0\" data-element_type=\"widget\" data-e-type=\"widget\" data-widget_type=\"button.default\">\n\t\t\t\t\t\t\t\t\t\t<a class=\"elementor-button elementor-button-link elementor-size-sm\" href=\"https:\/\/medicaltravel.ch\/schoenheitsoperation\/vorher-nachher\/\">\n\t\t\t\t\t\t<span class=\"elementor-button-content-wrapper\">\n\t\t\t\t\t\t\t\t\t<span class=\"elementor-button-text\">\u00d6nce, sonra<\/span>\n\t\t\t\t\t<\/span>\n\t\t\t\t\t<\/a>\n\t\t\t\t\t\t\t\t<\/div>\n\t\t\t\t<\/div>\n\t\t\t\t<div class=\"elementor-element elementor-element-1add51a4 elementor-widget elementor-widget-text-editor\" data-id=\"1add51a4\" data-element_type=\"widget\" data-e-type=\"widget\" data-widget_type=\"text-editor.default\">\n\t\t\t\t\t\t\t\t\t\n<h2 class=\"wp-block-heading\">\u0130stanbul&#8217;un en iyi hastanelerinde estetik cerrahi<\/h2>\n\n<p>Hem Ac\u0131badem Hastanesi hem de Florence Nightingale Hastanesi, d\u00fcnyan\u0131n en zorlu ve kapsaml\u0131 hastane sertifikasyon program\u0131 olan ABD JCI (Joint Commission International) sertifikas\u0131n\u0131 alm\u0131\u015ft\u0131r.<\/p>\n\n<p>Hastanelerin estetik cerrahi alan\u0131nda uzmanla\u015fm\u0131\u015f b\u00f6l\u00fcmleri de bulunmaktad\u0131r. Her t\u00fcrl\u00fc duruma haz\u0131rl\u0131kl\u0131, tam donan\u0131ml\u0131 hastanelerdir. <\/p>\n\n<figure class=\"wp-block-image size-full\"><img fetchpriority=\"high\" decoding=\"async\" width=\"650\" height=\"595\" class=\"wp-image-393\" src=\"https:\/\/medicaltravel.ch\/wp-content\/uploads\/2025\/09\/acibadem-kozyatagi-hospital-b-jpg.webp\" alt=\"\" srcset=\"https:\/\/medicaltravel.ch\/wp-content\/uploads\/2025\/09\/acibadem-kozyatagi-hospital-b-jpg.webp 650w, https:\/\/medicaltravel.ch\/wp-content\/uploads\/2025\/09\/acibadem-kozyatagi-hospital-b-jpg-300x275.webp 300w\" sizes=\"(max-width: 650px) 100vw, 650px\" \/><\/figure>\n\n<p id=\"caption-attachment-10617\">Acibadem Kozyata\u011f\u0131 Hastanesi<\/p>\n\n<p><strong>\u0130stanbul&#8217;daki ameliyat\u0131n\u0131z i\u00e7in neden bizi tercih etmelisiniz?<\/strong><\/p>\n\n<ul class=\"wp-block-list\">\n<li>Sunulan hastaneler, Joint Commission International (JCI) sertifikas\u0131na sahiptir.<\/li>\n\n<li>Biz MedicalTravel olarak her zaman \u0130svi\u00e7re&#8217;deyiz, bu sayede her zaman yerinde destek alabilirsiniz.<\/li>\n\n<li><strong>Ayr\u0131ca \u0130svi\u00e7re&#8217;de \u00f6n ve son dan\u0131\u015fmanl\u0131k hizmetleri de sunuyoruz.<\/strong><\/li>\n\n<li>Doktorlar\u0131m\u0131z, hastalar\u0131m\u0131za dan\u0131\u015fmanl\u0131k yapmak i\u00e7in d\u00fczenli olarak \u0130svi\u00e7re&#8217;yi ziyaret etmektedir.<\/li>\n\n<li>Tedaviniz sonras\u0131nda da size her zaman dan\u0131\u015fmanl\u0131k yapacak ki\u015fi biziz.<\/li>\n\n<li>\u0130sterseniz, seyahatinizi de bizim arac\u0131l\u0131\u011f\u0131m\u0131zla rezervasyon yapabilirsiniz.<\/li>\n\n<li>Almanca ba\u015fta olmak \u00fczere bir\u00e7ok dilde hizmet ve dan\u0131\u015fmanl\u0131k sunulmaktad\u0131r<\/li>\n<\/ul>\n\n<figure class=\"wp-block-image size-full\"><img decoding=\"async\" width=\"682\" height=\"1024\" class=\"wp-image-394\" src=\"https:\/\/medicaltravel.ch\/wp-content\/uploads\/2025\/09\/WhatsApp-Image-2022-05-21-at-10.08.15-1.jpeg\" alt=\"\" srcset=\"https:\/\/medicaltravel.ch\/wp-content\/uploads\/2025\/09\/WhatsApp-Image-2022-05-21-at-10.08.15-1.jpeg 682w, https:\/\/medicaltravel.ch\/wp-content\/uploads\/2025\/09\/WhatsApp-Image-2022-05-21-at-10.08.15-1-200x300.jpeg 200w\" sizes=\"(max-width: 682px) 100vw, 682px\" \/><\/figure>\n\n<p id=\"caption-attachment-9499\">Prof. Dr. Kayiran<\/p>\n\n<p>Prof. Dr. O\u011fuz Kay\u0131ran<br><a href=\"https:\/\/medicaltravel.ch\/wp-content\/uploads\/2025\/09\/Lebenslauf_Prof_Dr_Oguz-Kayiran.pdf\" target=\"_blank\" rel=\"noreferrer noopener\" data-type=\"link\" data-id=\"https:\/\/medicaltravel.ch\/wp-content\/uploads\/2025\/09\/Lebenslauf_Prof_Dr_Oguz-Kayiran.pdf\">CV&#8217;si burada.<\/a><\/p>\n\n<figure class=\"wp-block-image size-full\"><img decoding=\"async\" width=\"80\" height=\"80\" class=\"wp-image-395\" src=\"https:\/\/medicaltravel.ch\/wp-content\/uploads\/2025\/09\/RTEmagicC_jc_goldseal-1040x1040_converted__1__70-1.jpg-1.jpg\" alt=\"\"><\/figure>\n\n<p>Her iki hastane de d\u00fcnyan\u0131n en zorlu sertifikas\u0131na sahiptir.<\/p>\n\n<p>G\u00fczelli\u011finiz i\u00e7in Acibadem ve Florence Nightingale Hastaneleri gibi en iyi hastanelerle \u00e7al\u0131\u015f\u0131yoruz. Her ikisi de \u0130stanbul&#8217;daki en yeni cihazlar ve teknolojiye sahiptir. Bunlar, \u0130stanbul&#8217;un en sayg\u0131n \u00f6zel hastanelerinden ikisidir. Avrupa Birli\u011fi hijyen standartlar\u0131n\u0131n \u00e7ok \u00f6tesindedir. Ayr\u0131ca burada sizi \u00e7ok iyi uzman doktorlar ve cerrahlar tedavi etmektedir.    <\/p>\n\n<figure class=\"wp-block-image size-full\"><img loading=\"lazy\" decoding=\"async\" width=\"768\" height=\"480\" class=\"wp-image-397\" src=\"https:\/\/medicaltravel.ch\/wp-content\/uploads\/2025\/09\/kozyatagi-galeri-2-768x480-1.png\" alt=\"\" srcset=\"https:\/\/medicaltravel.ch\/wp-content\/uploads\/2025\/09\/kozyatagi-galeri-2-768x480-1.png 768w, https:\/\/medicaltravel.ch\/wp-content\/uploads\/2025\/09\/kozyatagi-galeri-2-768x480-1-300x188.png 300w\" sizes=\"(max-width: 768px) 100vw, 768px\" \/><\/figure>\n\n<p id=\"caption-attachment-10609\">Acibadem Kozyata\u011f\u0131 Hastanesi \u0130stanbul<\/p>\n\n<p>Her iki hastanenin geni\u015f hizmet yelpazesi, hastalara \u00e7e\u015fitli tedavi se\u00e7enekleri sunmaktad\u0131r. Sunulan operasyonlarda b\u00fcy\u00fck bir deneyime sahip olan hastaneler, y\u00fcksek beklentileriniz ve kaliteli hizmetleriniz i\u00e7in size en iyi \u015fekilde yard\u0131mc\u0131 olmaktad\u0131r. <\/p>\n\n<p>Sa\u011fl\u0131\u011f\u0131n\u0131z ve g\u00fczelli\u011finiz s\u00f6z konusu oldu\u011funda her \u015feyin m\u00fckemmel olmas\u0131 gerekir. \u0130yi ve kal\u0131c\u0131 sonu\u00e7lar i\u00e7in cerrahlar olduk\u00e7a \u00f6nemlidir.  Estetik operasyonlar yaln\u0131zca deneyimli estetik cerrahlar taraf\u0131ndan ger\u00e7ekle\u015ftirilir. Ayn\u0131 zamanda bir\u00e7ok T\u00fcrk megastar\u0131n\u0131n doktorlar\u0131d\u0131r ve European Board of Plastic Reconstructive and Aesthetic Surgery sertifikas\u0131na sahiptirler.<\/p>\n\t\t\t\t\t\t\t\t<\/div>\n\t\t\t\t\t<\/div>\n\t\t\t\t<\/div>\n\t\t\t\t<\/div>\n\t\t","protected":false},"excerpt":{"rendered":"<p>Istanbul Antalya Izmir Bodrum \u00d6nce, sonra \u0130stanbul&#8217;un en iyi hastanelerinde estetik cerrahi Hem Ac\u0131badem Hastanesi hem de Florence Nightingale Hastanesi, d\u00fcnyan\u0131n en zorlu ve kapsaml\u0131 hastane sertifikasyon program\u0131 olan ABD JCI (Joint Commission International) sertifikas\u0131n\u0131 alm\u0131\u015ft\u0131r. Hastanelerin estetik cerrahi alan\u0131nda uzmanla\u015fm\u0131\u015f b\u00f6l\u00fcmleri de bulunmaktad\u0131r. Her t\u00fcrl\u00fc duruma haz\u0131rl\u0131kl\u0131, tam donan\u0131ml\u0131 hastanelerdir. Acibadem Kozyata\u011f\u0131 Hastanesi \u0130stanbul&#8217;daki ameliyat\u0131n\u0131z i\u00e7in neden bizi tercih etmelisiniz? Sunulan hastaneler, Joint Commission International (JCI) sertifikas\u0131na sahiptir. Biz MedicalTravel olarak her zaman \u0130svi\u00e7re&#8217;deyiz, bu sayede her zaman yerinde destek alabilirsiniz. Ayr\u0131ca \u0130svi\u00e7re&#8217;de \u00f6n ve son dan\u0131\u015fmanl\u0131k hizmetleri de sunuyoruz. Doktorlar\u0131m\u0131z, hastalar\u0131m\u0131za dan\u0131\u015fmanl\u0131k yapmak i\u00e7in d\u00fczenli olarak \u0130svi\u00e7re&#8217;yi ziyaret etmektedir. Tedaviniz sonras\u0131nda da size her zaman dan\u0131\u015fmanl\u0131k yapacak ki\u015fi biziz. \u0130sterseniz, seyahatinizi de bizim arac\u0131l\u0131\u011f\u0131m\u0131zla rezervasyon yapabilirsiniz. Almanca ba\u015fta olmak \u00fczere bir\u00e7ok dilde hizmet ve dan\u0131\u015fmanl\u0131k sunulmaktad\u0131r Prof. Dr. Kayiran Prof. Dr. O\u011fuz Kay\u0131ranCV&#8217;si burada. Her iki hastane de d\u00fcnyan\u0131n en zorlu sertifikas\u0131na sahiptir. G\u00fczelli\u011finiz i\u00e7in Acibadem ve Florence Nightingale Hastaneleri gibi en iyi hastanelerle \u00e7al\u0131\u015f\u0131yoruz. Her ikisi de \u0130stanbul&#8217;daki en yeni cihazlar ve teknolojiye sahiptir. Bunlar, \u0130stanbul&#8217;un en sayg\u0131n \u00f6zel hastanelerinden ikisidir. Avrupa Birli\u011fi hijyen standartlar\u0131n\u0131n \u00e7ok \u00f6tesindedir. Ayr\u0131ca burada sizi \u00e7ok iyi uzman doktorlar ve cerrahlar tedavi etmektedir. Acibadem Kozyata\u011f\u0131 Hastanesi \u0130stanbul Her iki hastanenin geni\u015f hizmet yelpazesi, hastalara \u00e7e\u015fitli tedavi se\u00e7enekleri sunmaktad\u0131r. Sunulan operasyonlarda b\u00fcy\u00fck bir deneyime sahip olan hastaneler, y\u00fcksek beklentileriniz ve kaliteli hizmetleriniz i\u00e7in size en iyi \u015fekilde yard\u0131mc\u0131 olmaktad\u0131r. Sa\u011fl\u0131\u011f\u0131n\u0131z ve g\u00fczelli\u011finiz s\u00f6z konusu oldu\u011funda her \u015feyin m\u00fckemmel olmas\u0131 gerekir. \u0130yi ve kal\u0131c\u0131 sonu\u00e7lar i\u00e7in cerrahlar olduk\u00e7a \u00f6nemlidir. Estetik operasyonlar yaln\u0131zca deneyimli estetik cerrahlar taraf\u0131ndan ger\u00e7ekle\u015ftirilir. Ayn\u0131 zamanda bir\u00e7ok T\u00fcrk megastar\u0131n\u0131n doktorlar\u0131d\u0131r ve European Board of Plastic Reconstructive and Aesthetic Surgery sertifikas\u0131na sahiptirler.<\/p>\n","protected":false},"author":4,"featured_media":0,"parent":5357,"menu_order":0,"comment_status":"closed","ping_status":"closed","template":"","meta":{"_joinchat":[],"footnotes":""},"class_list":["post-5374","page","type-page","status-publish","hentry"],"acf":[],"_links":{"self":[{"href":"https:\/\/medicaltravel.ch\/tr\/wp-json\/wp\/v2\/pages\/5374","targetHints":{"allow":["GET"]}}],"collection":[{"href":"https:\/\/medicaltravel.ch\/tr\/wp-json\/wp\/v2\/pages"}],"about":[{"href":"https:\/\/medicaltravel.ch\/tr\/wp-json\/wp\/v2\/types\/page"}],"author":[{"embeddable":true,"href":"https:\/\/medicaltravel.ch\/tr\/wp-json\/wp\/v2\/users\/4"}],"replies":[{"embeddable":true,"href":"https:\/\/medicaltravel.ch\/tr\/wp-json\/wp\/v2\/comments?post=5374"}],"version-history":[{"count":0,"href":"https:\/\/medicaltravel.ch\/tr\/wp-json\/wp\/v2\/pages\/5374\/revisions"}],"up":[{"embeddable":true,"href":"https:\/\/medicaltravel.ch\/tr\/wp-json\/wp\/v2\/pages\/5357"}],"wp:attachment":[{"href":"https:\/\/medicaltravel.ch\/tr\/wp-json\/wp\/v2\/media?parent=5374"}],"curies":[{"name":"wp","href":"https:\/\/api.w.org\/{rel}","templated":true}]}}