{"id":5379,"date":"2025-09-17T08:37:35","date_gmt":"2025-09-17T07:37:35","guid":{"rendered":"https:\/\/medicaltravel.ch\/kozmetik-cerrahi\/estetik-ameliyat-fiyatlari-maliyetler-istanbul-tuerkiye\/"},"modified":"2026-01-04T17:29:08","modified_gmt":"2026-01-04T16:29:08","slug":"estetik-ameliyat-fiyatlari-maliyetler-istanbul-tuerkiye","status":"publish","type":"page","link":"https:\/\/medicaltravel.ch\/tr\/kozmetik-cerrahi\/estetik-ameliyat-fiyatlari-maliyetler-istanbul-tuerkiye\/","title":{"rendered":"Estetik ameliyat fiyatlar\u0131 maliyetler \u0130stanbul T\u00fcrkiye"},"content":{"rendered":"\t\t<div data-elementor-type=\"wp-page\" data-elementor-id=\"5379\" class=\"elementor elementor-5379 elementor-108\" data-elementor-post-type=\"page\">\n\t\t\t\t<div class=\"elementor-element elementor-element-495e7008 e-flex e-con-boxed wpr-particle-no wpr-jarallax-no wpr-parallax-no wpr-sticky-section-no e-con e-parent\" data-id=\"495e7008\" data-element_type=\"container\" data-e-type=\"container\">\n\t\t\t\t\t<div class=\"e-con-inner\">\n\t\t<div class=\"elementor-element elementor-element-ff8c994 e-con-full e-flex wpr-particle-no wpr-jarallax-no wpr-parallax-no wpr-sticky-section-no e-con e-child\" data-id=\"ff8c994\" data-element_type=\"container\" data-e-type=\"container\">\n\t\t\t\t<div class=\"elementor-element elementor-element-e6b9165 elementor-widget elementor-widget-button\" data-id=\"e6b9165\" data-element_type=\"widget\" data-e-type=\"widget\" data-widget_type=\"button.default\">\n\t\t\t\t\t\t\t\t\t\t<a class=\"elementor-button elementor-button-link elementor-size-sm\" href=\"https:\/\/medicaltravel.ch\/schoenheitsoperation\/turkei-istanbul-schoenheitsreisen\/\">\n\t\t\t\t\t\t<span class=\"elementor-button-content-wrapper\">\n\t\t\t\t\t\t\t\t\t<span class=\"elementor-button-text\">G\u00fczellik gezileri<\/span>\n\t\t\t\t\t<\/span>\n\t\t\t\t\t<\/a>\n\t\t\t\t\t\t\t\t<\/div>\n\t\t\t\t<div class=\"elementor-element elementor-element-2bf2326 elementor-widget elementor-widget-button\" data-id=\"2bf2326\" data-element_type=\"widget\" data-e-type=\"widget\" data-widget_type=\"button.default\">\n\t\t\t\t\t\t\t\t\t\t<a class=\"elementor-button elementor-button-link elementor-size-sm\" href=\"https:\/\/medicaltravel.ch\/tr\/kozmetik-cerrahi\/hastaneler\/istanbuldaki-guezellik-klinigi\/\">\n\t\t\t\t\t\t<span class=\"elementor-button-content-wrapper\">\n\t\t\t\t\t\t\t\t\t<span class=\"elementor-button-text\">hastaneler<\/span>\n\t\t\t\t\t<\/span>\n\t\t\t\t\t<\/a>\n\t\t\t\t\t\t\t\t<\/div>\n\t\t\t\t<div class=\"elementor-element elementor-element-6eaa234 elementor-widget elementor-widget-button\" data-id=\"6eaa234\" data-element_type=\"widget\" data-e-type=\"widget\" data-widget_type=\"button.default\">\n\t\t\t\t\t\t\t\t\t\t<a class=\"elementor-button elementor-button-link elementor-size-sm\" href=\"https:\/\/medicaltravel.ch\/tr\/kozmetik-cerrahi\/tedavi-yelpazesi\/brustoperationen-bruststraffung-brustverkleinerung-brustlifting\/\">\n\t\t\t\t\t\t<span class=\"elementor-button-content-wrapper\">\n\t\t\t\t\t\t\t\t\t<span class=\"elementor-button-text\">Tedavi yelpazesi<\/span>\n\t\t\t\t\t<\/span>\n\t\t\t\t\t<\/a>\n\t\t\t\t\t\t\t\t<\/div>\n\t\t\t\t<div class=\"elementor-element elementor-element-88be482 elementor-widget elementor-widget-button\" data-id=\"88be482\" data-element_type=\"widget\" data-e-type=\"widget\" data-widget_type=\"button.default\">\n\t\t\t\t\t\t\t\t\t\t<a class=\"elementor-button elementor-button-link elementor-size-sm\" href=\"https:\/\/medicaltravel.ch\/tr\/kozmetik-cerrahi\/istanbulda-estetik-cerrahi-teklifi\/\">\n\t\t\t\t\t\t<span class=\"elementor-button-content-wrapper\">\n\t\t\t\t\t\t\t\t\t<span class=\"elementor-button-text\">Teklif<\/span>\n\t\t\t\t\t<\/span>\n\t\t\t\t\t<\/a>\n\t\t\t\t\t\t\t\t<\/div>\n\t\t\t\t<div class=\"elementor-element elementor-element-697bfe8 elementor-widget elementor-widget-button\" data-id=\"697bfe8\" data-element_type=\"widget\" data-e-type=\"widget\" data-widget_type=\"button.default\">\n\t\t\t\t\t\t\t\t\t\t<a class=\"elementor-button elementor-button-link elementor-size-sm\" href=\"https:\/\/medicaltravel.ch\/tr\/kozmetik-cerrahi\/estetik-ameliyat-fiyatlari-maliyetler-istanbul-tuerkiye\/\">\n\t\t\t\t\t\t<span class=\"elementor-button-content-wrapper\">\n\t\t\t\t\t\t\t\t\t<span class=\"elementor-button-text\">Fiyatlar<\/span>\n\t\t\t\t\t<\/span>\n\t\t\t\t\t<\/a>\n\t\t\t\t\t\t\t\t<\/div>\n\t\t\t\t<div class=\"elementor-element elementor-element-b42b7ea elementor-widget elementor-widget-button\" data-id=\"b42b7ea\" data-element_type=\"widget\" data-e-type=\"widget\" data-widget_type=\"button.default\">\n\t\t\t\t\t\t\t\t\t\t<a class=\"elementor-button elementor-button-link elementor-size-sm\" href=\"https:\/\/medicaltravel.ch\/schoenheitsoperation\/vorher-nachher\/\">\n\t\t\t\t\t\t<span class=\"elementor-button-content-wrapper\">\n\t\t\t\t\t\t\t\t\t<span class=\"elementor-button-text\">\u00d6nce, sonra<\/span>\n\t\t\t\t\t<\/span>\n\t\t\t\t\t<\/a>\n\t\t\t\t\t\t\t\t<\/div>\n\t\t\t\t<\/div>\n\t\t\t\t<div class=\"elementor-element elementor-element-14a4a709 elementor-widget elementor-widget-text-editor\" data-id=\"14a4a709\" data-element_type=\"widget\" data-e-type=\"widget\" data-widget_type=\"text-editor.default\">\n\t\t\t\t\t\t\t\t\t\n<p><strong>Estetik operasyonlar i\u00e7in fiyatlar \u2013 Maliyetler T\u00fcrkiye, \u0130stanbul<\/strong><\/p>\n\n<p><a href=\"https:\/\/medicaltravel.ch\/2020-2\/04-2\/23-2\/beratungen\/\" data-type=\"page\" data-id=\"247\">\u015e\u0130MD\u0130 \u00dcCRETS\u0130Z B\u0130R G\u00d6R\u00dc\u015eME RANDEVUSU ALIN!<\/a><\/p>\n\n<p>\u0130\u015fte T\u00fcrkiye&#8217;deki estetik operasyonlar\u0131n\u0131z i\u00e7in cazip tekliflerimiz ve fiyatlar\u0131m\u0131z (maliyetler):<\/p>\n\n<figure class=\"wp-block-table\">\n<table class=\"has-fixed-layout\">\n<tbody>\n<tr>\n<th>Performans<\/th>\n<th>Maliyetler<\/th>\n<\/tr>\n<tr>\n<td>Y\u00fcz germe<\/td>\n<td>ab 4844 CHF<\/td>\n<\/tr>\n<tr>\n<td><strong>Nasenkorrektur<\/strong><\/td>\n<td><strong>ab 3410 CHF<\/strong><\/td>\n<\/tr>\n<tr>\n<td>Kulak d\u00fczeltmesi<\/td>\n<td>ab 2575 CHF<\/td>\n<\/tr>\n<tr>\n<td><strong>Meme b\u00fcy\u00fctme<\/strong><\/td>\n<td><strong>ab 4120 CHF<\/strong><\/td>\n<\/tr>\n<tr>\n<td>Meme k\u00fc\u00e7\u00fcltme<\/td>\n<td>ab 3600 CHF<\/td>\n<\/tr>\n<tr>\n<td><strong>meme kald\u0131rma<\/strong><\/td>\n<td><strong>ab 3600 CHF<\/strong><\/td>\n<\/tr>\n<tr>\n<td>liposuction<\/td>\n<td>ab 2880 CHF<\/td>\n<\/tr>\n<tr>\n<td><strong>kar\u0131n germe<\/strong><\/td>\n<td><strong>ab 4860 CHF<\/strong><\/td>\n<\/tr>\n<tr>\n<td>Eyeball-OP<\/td>\n<td>1980&#8217;den beri CHF<\/td>\n<\/tr>\n<\/tbody>\n<\/table>\n<\/figure>\n\n<p>Listelenen fiyatlar \u0130svi\u00e7re frang\u0131 (CHF) cinsindendir. Fiyatlar kullan\u0131lan malzemelere, tedavi t\u00fcr\u00fcne ve doktora g\u00f6re de\u011fi\u015fiklik g\u00f6sterebilir. Fiyatlar \u00f6nceden haber verilmeksizin de\u011fi\u015ftirilebilir. Meme b\u00fcy\u00fctme i\u015fleminde implantlar fiyata dahildir.   <\/p>\n\n<p><em>Kombine tedavilerde (\u00f6rne\u011fin meme ve kar\u0131n germe), fiyatlar %50&#8217;ye kadar daha d\u00fc\u015f\u00fck olabilir.<\/em><\/p>\n\n<p>\u0130stanbul&#8217;da tedavi g\u00f6ren hastalar, \u0130svi\u00e7re&#8217;deki dan\u0131\u015fma g\u00fcnlerinde ameliyat \u00f6ncesi ve sonras\u0131 \u00fccretsiz muayenelerden yararlanabilirler.<\/p>\n\n<p>Yukar\u0131daki fiyatlara a\u015fa\u011f\u0131daki hizmetler dahildir:<\/p>\n\n<ul class=\"wp-block-list\">\n<li>Dan\u0131\u015fmanl\u0131\u011f\u0131m\u0131z<\/li>\n\n<li>Havaliman\u0131, otel ve klinik aras\u0131ndaki t\u00fcm ula\u015f\u0131m<\/li>\n\n<li>Doktor randevular\u0131 s\u0131ras\u0131nda Almanca destek<\/li>\n\n<li>Hastanede, ameliyathanede ve ila\u00e7larla tedavi<\/li>\n\n<li>Hastanedeki t\u00fcm ameliyat \u00f6ncesi ve sonras\u0131 muayeneler.<\/li>\n\n<li>Yemekler dahil, l\u00fcks tek ki\u015filik odada hastanede bir gece konaklama. <\/li>\n\n<li>T\u0131bbi seyahat kart\u0131<\/li>\n\n<li>\u0130svi\u00e7re&#8217;de seyahat \u00f6ncesi ve sonras\u0131 dan\u0131\u015fmanl\u0131k hizmetleri (\u0130stanbul i\u00e7in ge\u00e7erlidir)<\/li>\n<\/ul>\n\n<p><strong>Tedavi planlamas\u0131<\/strong><\/p>\n\n<p>Seyahatinizden \u00f6nce tedavinizi planlamak i\u00e7in l\u00fctfen <a href=\"https:\/\/medicaltravel.ch\/home\/kontakt\/\" data-type=\"page\" data-id=\"225\">ileti\u015fim formunu<\/a> kullanarak bizimle ileti\u015fime ge\u00e7in ve tedavi talebinizi olabildi\u011fince ayr\u0131nt\u0131l\u0131 bir \u015fekilde a\u00e7\u0131klay\u0131n. \u0130lgili foto\u011fraflar\u0131 <a href=\"mailto:info@medicaltravel.net\">info@medicaltravel.net<\/a> adresine veya <a href=\"https:\/\/wa.me\/41787373541\" rel=\"nofollow noopener\" target=\"_blank\">WhatsApp (+41 78 737 35 41) <\/a>\u00fczerinden g\u00f6nderebilir veya \u00fccretsiz bir kons\u00fcltasyon randevusu alabilirsiniz. <\/p>\n\n<p>\u00d6deme<br>Ameliyat\u0131n \u00fccretini \u00f6nceden \u00f6dersiniz.<\/p>\n\n<p>U\u00e7ak bileti fiyatlar\u0131 olduk\u00e7a de\u011fi\u015fkenlik g\u00f6sterir. Fiyatlar havayolu \u015firketine ve seyahat tarihine ba\u011fl\u0131d\u0131r. 200 ile 500 \u0130svi\u00e7re frang\u0131 aras\u0131nda bir \u00fccret \u00f6demeyi bekleyebilirsiniz. Size uygun fiyatl\u0131 bir u\u00e7ak bileti bulman\u0131zda yard\u0131mc\u0131 olmaktan mutluluk duyar\u0131z.   <\/p>\n\n<p>Otel Fiyatlar\u0131<br>Otele ba\u011fl\u0131 olarak, gecelik yakla\u015f\u0131k 75 \u20ac ile 95 \u20ac aras\u0131nda bir fiyat \u00f6demeyi bekleyebilirsiniz. \u00d6zel fiyatlar\u0131m\u0131zdan yararlan\u0131n! <\/p>\n\n<p>H\u00e2l\u00e2 sorular\u0131n\u0131z var m\u0131? <a href=\"https:\/\/medicaltravel.ch\/tr\/simdi-bize-ulasin\/\" data-type=\"page\" data-id=\"225\">Sizinle ileti\u015fime<\/a> ge\u00e7meyi d\u00f6rt g\u00f6zle bekliyoruz.<\/p>\n\t\t\t\t\t\t\t\t<\/div>\n\t\t\t\t\t<\/div>\n\t\t\t\t<\/div>\n\t\t\t\t<\/div>\n\t\t","protected":false},"excerpt":{"rendered":"<p>G\u00fczellik gezileri hastaneler Tedavi yelpazesi Teklif Fiyatlar \u00d6nce, sonra Estetik operasyonlar i\u00e7in fiyatlar \u2013 Maliyetler T\u00fcrkiye, \u0130stanbul \u015e\u0130MD\u0130 \u00dcCRETS\u0130Z B\u0130R G\u00d6R\u00dc\u015eME RANDEVUSU ALIN! \u0130\u015fte T\u00fcrkiye&#8217;deki estetik operasyonlar\u0131n\u0131z i\u00e7in cazip tekliflerimiz ve fiyatlar\u0131m\u0131z (maliyetler): Performans Maliyetler Y\u00fcz germe ab 4844 CHF Nasenkorrektur ab 3410 CHF Kulak d\u00fczeltmesi ab 2575 CHF Meme b\u00fcy\u00fctme ab 4120 CHF Meme k\u00fc\u00e7\u00fcltme ab 3600 CHF meme kald\u0131rma ab 3600 CHF liposuction ab 2880 CHF kar\u0131n germe ab 4860 CHF Eyeball-OP 1980&#8217;den beri CHF Listelenen fiyatlar \u0130svi\u00e7re frang\u0131 (CHF) cinsindendir. Fiyatlar kullan\u0131lan malzemelere, tedavi t\u00fcr\u00fcne ve doktora g\u00f6re de\u011fi\u015fiklik g\u00f6sterebilir. Fiyatlar \u00f6nceden haber verilmeksizin de\u011fi\u015ftirilebilir. Meme b\u00fcy\u00fctme i\u015fleminde implantlar fiyata dahildir. Kombine tedavilerde (\u00f6rne\u011fin meme ve kar\u0131n germe), fiyatlar %50&#8217;ye kadar daha d\u00fc\u015f\u00fck olabilir. \u0130stanbul&#8217;da tedavi g\u00f6ren hastalar, \u0130svi\u00e7re&#8217;deki dan\u0131\u015fma g\u00fcnlerinde ameliyat \u00f6ncesi ve sonras\u0131 \u00fccretsiz muayenelerden yararlanabilirler. Yukar\u0131daki fiyatlara a\u015fa\u011f\u0131daki hizmetler dahildir: Dan\u0131\u015fmanl\u0131\u011f\u0131m\u0131z Havaliman\u0131, otel ve klinik aras\u0131ndaki t\u00fcm ula\u015f\u0131m Doktor randevular\u0131 s\u0131ras\u0131nda Almanca destek Hastanede, ameliyathanede ve ila\u00e7larla tedavi Hastanedeki t\u00fcm ameliyat \u00f6ncesi ve sonras\u0131 muayeneler. Yemekler dahil, l\u00fcks tek ki\u015filik odada hastanede bir gece konaklama. T\u0131bbi seyahat kart\u0131 \u0130svi\u00e7re&#8217;de seyahat \u00f6ncesi ve sonras\u0131 dan\u0131\u015fmanl\u0131k hizmetleri (\u0130stanbul i\u00e7in ge\u00e7erlidir) Tedavi planlamas\u0131 Seyahatinizden \u00f6nce tedavinizi planlamak i\u00e7in l\u00fctfen ileti\u015fim formunu kullanarak bizimle ileti\u015fime ge\u00e7in ve tedavi talebinizi olabildi\u011fince ayr\u0131nt\u0131l\u0131 bir \u015fekilde a\u00e7\u0131klay\u0131n. \u0130lgili foto\u011fraflar\u0131 info@medicaltravel.net adresine veya WhatsApp (+41 78 737 35 41) \u00fczerinden g\u00f6nderebilir veya \u00fccretsiz bir kons\u00fcltasyon randevusu alabilirsiniz. \u00d6demeAmeliyat\u0131n \u00fccretini \u00f6nceden \u00f6dersiniz. U\u00e7ak bileti fiyatlar\u0131 olduk\u00e7a de\u011fi\u015fkenlik g\u00f6sterir. Fiyatlar havayolu \u015firketine ve seyahat tarihine ba\u011fl\u0131d\u0131r. 200 ile 500 \u0130svi\u00e7re frang\u0131 aras\u0131nda bir \u00fccret \u00f6demeyi bekleyebilirsiniz. Size uygun fiyatl\u0131 bir u\u00e7ak bileti bulman\u0131zda yard\u0131mc\u0131 olmaktan mutluluk duyar\u0131z. Otel Fiyatlar\u0131Otele ba\u011fl\u0131 olarak, gecelik yakla\u015f\u0131k 75 \u20ac ile 95 \u20ac aras\u0131nda bir fiyat \u00f6demeyi bekleyebilirsiniz. \u00d6zel fiyatlar\u0131m\u0131zdan yararlan\u0131n! H\u00e2l\u00e2 sorular\u0131n\u0131z var m\u0131? Sizinle ileti\u015fime ge\u00e7meyi d\u00f6rt g\u00f6zle bekliyoruz.<\/p>\n","protected":false},"author":4,"featured_media":0,"parent":5308,"menu_order":0,"comment_status":"closed","ping_status":"closed","template":"","meta":{"_joinchat":[],"footnotes":""},"class_list":["post-5379","page","type-page","status-publish","hentry"],"acf":[],"_links":{"self":[{"href":"https:\/\/medicaltravel.ch\/tr\/wp-json\/wp\/v2\/pages\/5379","targetHints":{"allow":["GET"]}}],"collection":[{"href":"https:\/\/medicaltravel.ch\/tr\/wp-json\/wp\/v2\/pages"}],"about":[{"href":"https:\/\/medicaltravel.ch\/tr\/wp-json\/wp\/v2\/types\/page"}],"author":[{"embeddable":true,"href":"https:\/\/medicaltravel.ch\/tr\/wp-json\/wp\/v2\/users\/4"}],"replies":[{"embeddable":true,"href":"https:\/\/medicaltravel.ch\/tr\/wp-json\/wp\/v2\/comments?post=5379"}],"version-history":[{"count":3,"href":"https:\/\/medicaltravel.ch\/tr\/wp-json\/wp\/v2\/pages\/5379\/revisions"}],"predecessor-version":[{"id":5382,"href":"https:\/\/medicaltravel.ch\/tr\/wp-json\/wp\/v2\/pages\/5379\/revisions\/5382"}],"up":[{"embeddable":true,"href":"https:\/\/medicaltravel.ch\/tr\/wp-json\/wp\/v2\/pages\/5308"}],"wp:attachment":[{"href":"https:\/\/medicaltravel.ch\/tr\/wp-json\/wp\/v2\/media?parent=5379"}],"curies":[{"name":"wp","href":"https:\/\/api.w.org\/{rel}","templated":true}]}}