{"id":5384,"date":"2025-09-17T08:23:32","date_gmt":"2025-09-17T07:23:32","guid":{"rendered":"https:\/\/medicaltravel.ch\/kozmetik-cerrahi\/estetik-seyahatleri-tuerkiye-istanbul-antalya-izmir\/"},"modified":"2026-01-04T17:39:16","modified_gmt":"2026-01-04T16:39:16","slug":"estetik-seyahatleri-tuerkiye-istanbul-antalya-izmir","status":"publish","type":"page","link":"https:\/\/medicaltravel.ch\/tr\/kozmetik-cerrahi\/estetik-seyahatleri-tuerkiye-istanbul-antalya-izmir\/","title":{"rendered":"Estetik seyahatleri T\u00fcrkiye \u0130stanbul Antalya \u0130zmir"},"content":{"rendered":"\t\t<div data-elementor-type=\"wp-page\" data-elementor-id=\"5384\" class=\"elementor elementor-5384 elementor-74\" data-elementor-post-type=\"page\">\n\t\t\t\t<div class=\"elementor-element elementor-element-4eae3c26 e-flex e-con-boxed wpr-particle-no wpr-jarallax-no wpr-parallax-no wpr-sticky-section-no e-con e-parent\" data-id=\"4eae3c26\" data-element_type=\"container\" data-e-type=\"container\">\n\t\t\t\t\t<div class=\"e-con-inner\">\n\t\t<div class=\"elementor-element elementor-element-bdacabc e-con-full e-flex wpr-particle-no wpr-jarallax-no wpr-parallax-no wpr-sticky-section-no e-con e-child\" data-id=\"bdacabc\" data-element_type=\"container\" data-e-type=\"container\">\n\t\t\t\t<div class=\"elementor-element elementor-element-43ba125 elementor-widget elementor-widget-button\" data-id=\"43ba125\" data-element_type=\"widget\" data-e-type=\"widget\" data-widget_type=\"button.default\">\n\t\t\t\t\t\t\t\t\t\t<a class=\"elementor-button elementor-button-link elementor-size-sm\" href=\"https:\/\/medicaltravel.ch\/tr\/kozmetik-cerrahi\/estetik-seyahatleri-tuerkiye-istanbul-antalya-izmir\/\">\n\t\t\t\t\t\t<span class=\"elementor-button-content-wrapper\">\n\t\t\t\t\t\t\t\t\t<span class=\"elementor-button-text\">G\u00fczellik gezileri<\/span>\n\t\t\t\t\t<\/span>\n\t\t\t\t\t<\/a>\n\t\t\t\t\t\t\t\t<\/div>\n\t\t\t\t<div class=\"elementor-element elementor-element-8b625ae elementor-widget elementor-widget-button\" data-id=\"8b625ae\" data-element_type=\"widget\" data-e-type=\"widget\" data-widget_type=\"button.default\">\n\t\t\t\t\t\t\t\t\t\t<a class=\"elementor-button elementor-button-link elementor-size-sm\" href=\"https:\/\/medicaltravel.ch\/tr\/kozmetik-cerrahi\/hastaneler\/istanbuldaki-guezellik-klinigi\/\">\n\t\t\t\t\t\t<span class=\"elementor-button-content-wrapper\">\n\t\t\t\t\t\t\t\t\t<span class=\"elementor-button-text\">hastaneler<\/span>\n\t\t\t\t\t<\/span>\n\t\t\t\t\t<\/a>\n\t\t\t\t\t\t\t\t<\/div>\n\t\t\t\t<div class=\"elementor-element elementor-element-2eea17c elementor-widget elementor-widget-button\" data-id=\"2eea17c\" data-element_type=\"widget\" data-e-type=\"widget\" data-widget_type=\"button.default\">\n\t\t\t\t\t\t\t\t\t\t<a class=\"elementor-button elementor-button-link elementor-size-sm\" href=\"https:\/\/medicaltravel.ch\/tr\/kozmetik-cerrahi\/tedavi-yelpazesi\/brustoperationen-bruststraffung-brustverkleinerung-brustlifting\/\">\n\t\t\t\t\t\t<span class=\"elementor-button-content-wrapper\">\n\t\t\t\t\t\t\t\t\t<span class=\"elementor-button-text\">Tedavi yelpazesi<\/span>\n\t\t\t\t\t<\/span>\n\t\t\t\t\t<\/a>\n\t\t\t\t\t\t\t\t<\/div>\n\t\t\t\t<div class=\"elementor-element elementor-element-78b3ce5 elementor-widget elementor-widget-button\" data-id=\"78b3ce5\" data-element_type=\"widget\" data-e-type=\"widget\" data-widget_type=\"button.default\">\n\t\t\t\t\t\t\t\t\t\t<a class=\"elementor-button elementor-button-link elementor-size-sm\" href=\"https:\/\/medicaltravel.ch\/tr\/kozmetik-cerrahi\/istanbulda-estetik-cerrahi-teklifi\/\">\n\t\t\t\t\t\t<span class=\"elementor-button-content-wrapper\">\n\t\t\t\t\t\t\t\t\t<span class=\"elementor-button-text\">Teklif<\/span>\n\t\t\t\t\t<\/span>\n\t\t\t\t\t<\/a>\n\t\t\t\t\t\t\t\t<\/div>\n\t\t\t\t<div class=\"elementor-element elementor-element-1fce389 elementor-widget elementor-widget-button\" data-id=\"1fce389\" data-element_type=\"widget\" data-e-type=\"widget\" data-widget_type=\"button.default\">\n\t\t\t\t\t\t\t\t\t\t<a class=\"elementor-button elementor-button-link elementor-size-sm\" href=\"https:\/\/medicaltravel.ch\/tr\/kozmetik-cerrahi\/estetik-ameliyat-fiyatlari-maliyetler-istanbul-tuerkiye\/\">\n\t\t\t\t\t\t<span class=\"elementor-button-content-wrapper\">\n\t\t\t\t\t\t\t\t\t<span class=\"elementor-button-text\">Fiyatlar<\/span>\n\t\t\t\t\t<\/span>\n\t\t\t\t\t<\/a>\n\t\t\t\t\t\t\t\t<\/div>\n\t\t\t\t<div class=\"elementor-element elementor-element-c1a2538 elementor-widget elementor-widget-button\" data-id=\"c1a2538\" data-element_type=\"widget\" data-e-type=\"widget\" data-widget_type=\"button.default\">\n\t\t\t\t\t\t\t\t\t\t<a class=\"elementor-button elementor-button-link elementor-size-sm\" href=\"https:\/\/medicaltravel.ch\/schoenheitsoperation\/vorher-nachher\/\">\n\t\t\t\t\t\t<span class=\"elementor-button-content-wrapper\">\n\t\t\t\t\t\t\t\t\t<span class=\"elementor-button-text\">\u00d6nce, sonra<\/span>\n\t\t\t\t\t<\/span>\n\t\t\t\t\t<\/a>\n\t\t\t\t\t\t\t\t<\/div>\n\t\t\t\t<\/div>\n\t\t\t\t<div class=\"elementor-element elementor-element-43353890 elementor-widget elementor-widget-text-editor\" data-id=\"43353890\" data-element_type=\"widget\" data-e-type=\"widget\" data-widget_type=\"text-editor.default\">\n\t\t\t\t\t\t\t\t\t\n<h2 class=\"wp-block-heading\">Estetik ameliyatlar \u0130stanbul, Antalya, Bodrum, \u0130zmir<\/h2>\n\n<h3 class=\"wp-block-heading\">T\u00dcRK\u0130YE&#8217;DE KOZMET\u0130K CERRAH\u0130<\/h3>\n\n<p>\u0130stanbul, Antalya, Bodrum ve \u0130zmir&#8217;de y\u00fcksek kaliteli estetik operasyonlar sunuyoruz.<\/p>\n\n<p>Estetik ameliyatlar\u0131, \u0130svi\u00e7re, Almanya ve genel olarak Avrupa&#8217;da, yurt d\u0131\u015f\u0131na k\u0131yasla olduk\u00e7a pahal\u0131 hale gelmi\u015ftir. Y\u00fcksek fiyatlar\u0131 ve \u0130svi\u00e7re ya da Almanya&#8217;daki uzun bekleme s\u00fcrelerini art\u0131k kabul etmek istemeyen hastalar i\u00e7in ak\u0131ll\u0131ca bir se\u00e7enek mevcuttur: T\u00fcrkiye&#8217;de makul fiyatlarla y\u00fcksek kaliteli estetik operasyonlar m\u00fcmk\u00fcnd\u00fcr. \u00dcstelik ayn\u0131 tedavi y\u00f6ntemleri ve malzemelerle, \u0130svi\u00e7re ve Avrupa ile e\u015fde\u011fer kalitede.  <\/p>\n\n<p>Sizi T\u00fcrkiye&#8217;nin en iyi hastanelerinden biri olan<a href=\"https:\/\/medicaltravel.ch\/tr\/kozmetik-cerrahi\/hastaneler\/istanbuldaki-guezellik-klinigi\/\" data-type=\"page\" data-id=\"78\"> Ac\u0131badem Hastanesi<\/a>, <a href=\"https:\/\/medicaltravel.ch\/tr\/kozmetik-cerrahi\/hastaneler\/istanbuldaki-guezellik-klinigi\/\" data-type=\"page\" data-id=\"78\">Florance Nightingale<\/a> veya <a href=\"https:\/\/medicaltravel.ch\/tr\/kozmetik-cerrahi\/hastaneler\/antalyadaki-guezellik-klinigi\/\" data-type=\"page\" data-id=\"80\">Talya Medical Center&#8217;da<\/a> tedavi ettirmek konusunda memnuniyetle yard\u0131mc\u0131 oluruz. \u0130sterseniz, u\u00e7u\u015f ve otel rezervasyonunuzu da sizin i\u00e7in yapabiliriz. Daha fazla bilgiye <a href=\"https:\/\/medicaltravel.ch\/tr\/dentalreisen\/fiyatlar\/teklif\/\" data-type=\"page\" data-id=\"68\">buradan <\/a>ula\u015fabilirsiniz.  <\/p>\n\n<figure class=\"wp-block-image size-full\"><img fetchpriority=\"high\" decoding=\"async\" width=\"403\" height=\"268\" class=\"wp-image-390\" src=\"https:\/\/medicaltravel.ch\/wp-content\/uploads\/2025\/09\/Sie-werden-wahrend-Ihrer-asthetischen-OP-in-der-Turkei-einfuhlsam-betreuet.jpg\" alt=\"\" srcset=\"https:\/\/medicaltravel.ch\/wp-content\/uploads\/2025\/09\/Sie-werden-wahrend-Ihrer-asthetischen-OP-in-der-Turkei-einfuhlsam-betreuet.jpg 403w, https:\/\/medicaltravel.ch\/wp-content\/uploads\/2025\/09\/Sie-werden-wahrend-Ihrer-asthetischen-OP-in-der-Turkei-einfuhlsam-betreuet-300x200.jpg 300w\" sizes=\"(max-width: 403px) 100vw, 403px\" \/><\/figure>\n\n<p id=\"caption-attachment-239\">Estetik ameliyat\u0131n\u0131z s\u0131ras\u0131nda T\u00fcrkiye&#8217;de size duyarl\u0131 bir \u015fekilde destek verilecektir.<\/p>\n\n<p><strong>Neden T\u00fcrkiye&#8217;de estetik ameliyatlar\u0131?<\/strong><\/p>\n\n<ul class=\"wp-block-list\">\n<li>T\u00fcrkiye, g\u00fcvenilir bir sa\u011fl\u0131k turizmi merkezi haline gelmi\u015ftir. Her ay binlerce hasta, yetkin bir \u015fekilde ve daha uygun fiyatlarla tedavi olmak i\u00e7in T\u00fcrkiye&#8217;ye seyahat etmektedir. <\/li>\n\n<li>Bu \u015fehirlerdeki doktorlar, d\u00fcnya g\u00f6r\u00fc\u015fl\u00fcd\u00fcr ve yurtd\u0131\u015f\u0131nda e\u011fitim alm\u0131\u015flard\u0131r. K\u00fcresel t\u0131bbi geli\u015fmelere aktif olarak katk\u0131da bulunmaktad\u0131rlar. <\/li>\n\n<li>\u0130stanbul, Antalya, Bodrum ve \u0130zmir, geli\u015fmi\u015f modern sa\u011fl\u0131k kurumlar\u0131n\u0131n yan\u0131 s\u0131ra, Bat\u0131 ve Do\u011fu aras\u0131ndaki k\u00fclt\u00fcr\u00fc yans\u0131tan pek \u00e7ok turistik zenginlik de sunmaktad\u0131r. Tedaviniz s\u0131ras\u0131nda sabah ak\u015fam klinikte olman\u0131z gerekmeyecek. Bu y\u00fczden, bu canl\u0131 d\u00fcnya metropollerini ke\u015ffetmek i\u00e7in bolca zaman\u0131n\u0131z olacak.   <a href=\"https:\/\/medicaltravel.ch\/warum-tuerkei\/staedte-der-tuerkei\/istanbul-als-stadt\/\" data-type=\"page\" data-id=\"20\">\u015eehirlerle ilgili daha fazla bilgiye buradan ula\u015fabilirsiniz.<\/a><\/li>\n\n<li>T\u00fcrkiye\u2019deki insanlar turistlere son derece misafirperverdir, bu da konaklaman\u0131z\u0131 daha da keyifli hale getirir.<\/li>\n<\/ul>\n\n<p>&#8220;Estetik cerrah\u0131&#8221; unvan\u0131, Avrupa&#8217;n\u0131n bir\u00e7ok b\u00f6lgesinde, \u00f6rne\u011fin Almanya ve \u0130svi\u00e7re&#8217;de koruma alt\u0131na al\u0131nmam\u0131\u015ft\u0131r. Bu nedenle, gerekli uzmanl\u0131k ve deneyime sahip olup olmad\u0131\u011f\u0131na bak\u0131lmaks\u0131z\u0131n, her onayl\u0131 doktor kendisini bu \u015fekilde adland\u0131rabilir.<\/p>\n\n<p>B\u00fcy\u00fck bir k\u0131sm\u0131 Bat\u0131 Avrupa&#8217;n\u0131n aksine, T\u00fcrkiye&#8217;de bu durum s\u0131k\u0131 bir \u015fekilde d\u00fczenlenmi\u015ftir. T\u00fcrkiye&#8217;deki estetik cerrah\u0131, cerrah olarak e\u011fitimini tamamlam\u0131\u015f olmal\u0131 ve bu alanda en az 5 y\u0131l s\u00fcreyle pratik deneyime sahip olmal\u0131d\u0131r. Ancak bu s\u00fcrecin ard\u0131ndan, rekonstr\u00fcktif ve plastik cerrah olarak e\u011fitimine devam edebilir.  <\/p>\n\n<p>Bu nedenle, T\u00fcrkiye&#8217;deki estetik cerrahlar\u0131, \u00fclke s\u0131n\u0131rlar\u0131n\u0131n \u00f6tesinde de iyi bir \u00fcne sahiptir.<\/p>\n\n<p><strong>T\u00fcrkiye&#8217;de g\u00fczellik bak\u0131mlar\u0131n\u0131n maliyeti\/fiyatlar\u0131 nelerdir?<br><\/strong>T\u00fcrkiye&#8217;deki l\u00fcks hastanelerde ayn\u0131 kalitedeki hizmetlerde %70&#8217;e varan indirimlerden yararlanabilirsiniz. Detayl\u0131 fiyat bilgilerine <a href=\"https:\/\/medicaltravel.ch\/tr\/kozmetik-cerrahi\/estetik-ameliyat-fiyatlari-maliyetler-istanbul-tuerkiye\/\" data-type=\"page\" data-id=\"108\">buradan <\/a>ula\u015fabilirsiniz. <\/p>\n\t\t\t\t\t\t\t\t<\/div>\n\t\t\t\t\t<\/div>\n\t\t\t\t<\/div>\n\t\t\t\t<\/div>\n\t\t","protected":false},"excerpt":{"rendered":"<p>G\u00fczellik gezileri hastaneler Tedavi yelpazesi Teklif Fiyatlar \u00d6nce, sonra Estetik ameliyatlar \u0130stanbul, Antalya, Bodrum, \u0130zmir T\u00dcRK\u0130YE&#8217;DE KOZMET\u0130K CERRAH\u0130 \u0130stanbul, Antalya, Bodrum ve \u0130zmir&#8217;de y\u00fcksek kaliteli estetik operasyonlar sunuyoruz. Estetik ameliyatlar\u0131, \u0130svi\u00e7re, Almanya ve genel olarak Avrupa&#8217;da, yurt d\u0131\u015f\u0131na k\u0131yasla olduk\u00e7a pahal\u0131 hale gelmi\u015ftir. Y\u00fcksek fiyatlar\u0131 ve \u0130svi\u00e7re ya da Almanya&#8217;daki uzun bekleme s\u00fcrelerini art\u0131k kabul etmek istemeyen hastalar i\u00e7in ak\u0131ll\u0131ca bir se\u00e7enek mevcuttur: T\u00fcrkiye&#8217;de makul fiyatlarla y\u00fcksek kaliteli estetik operasyonlar m\u00fcmk\u00fcnd\u00fcr. \u00dcstelik ayn\u0131 tedavi y\u00f6ntemleri ve malzemelerle, \u0130svi\u00e7re ve Avrupa ile e\u015fde\u011fer kalitede. Sizi T\u00fcrkiye&#8217;nin en iyi hastanelerinden biri olan Ac\u0131badem Hastanesi, Florance Nightingale veya Talya Medical Center&#8217;da tedavi ettirmek konusunda memnuniyetle yard\u0131mc\u0131 oluruz. \u0130sterseniz, u\u00e7u\u015f ve otel rezervasyonunuzu da sizin i\u00e7in yapabiliriz. Daha fazla bilgiye buradan ula\u015fabilirsiniz. Estetik ameliyat\u0131n\u0131z s\u0131ras\u0131nda T\u00fcrkiye&#8217;de size duyarl\u0131 bir \u015fekilde destek verilecektir. Neden T\u00fcrkiye&#8217;de estetik ameliyatlar\u0131? T\u00fcrkiye, g\u00fcvenilir bir sa\u011fl\u0131k turizmi merkezi haline gelmi\u015ftir. Her ay binlerce hasta, yetkin bir \u015fekilde ve daha uygun fiyatlarla tedavi olmak i\u00e7in T\u00fcrkiye&#8217;ye seyahat etmektedir. Bu \u015fehirlerdeki doktorlar, d\u00fcnya g\u00f6r\u00fc\u015fl\u00fcd\u00fcr ve yurtd\u0131\u015f\u0131nda e\u011fitim alm\u0131\u015flard\u0131r. K\u00fcresel t\u0131bbi geli\u015fmelere aktif olarak katk\u0131da bulunmaktad\u0131rlar. \u0130stanbul, Antalya, Bodrum ve \u0130zmir, geli\u015fmi\u015f modern sa\u011fl\u0131k kurumlar\u0131n\u0131n yan\u0131 s\u0131ra, Bat\u0131 ve Do\u011fu aras\u0131ndaki k\u00fclt\u00fcr\u00fc yans\u0131tan pek \u00e7ok turistik zenginlik de sunmaktad\u0131r. Tedaviniz s\u0131ras\u0131nda sabah ak\u015fam klinikte olman\u0131z gerekmeyecek. Bu y\u00fczden, bu canl\u0131 d\u00fcnya metropollerini ke\u015ffetmek i\u00e7in bolca zaman\u0131n\u0131z olacak. \u015eehirlerle ilgili daha fazla bilgiye buradan ula\u015fabilirsiniz. T\u00fcrkiye\u2019deki insanlar turistlere son derece misafirperverdir, bu da konaklaman\u0131z\u0131 daha da keyifli hale getirir. &#8220;Estetik cerrah\u0131&#8221; unvan\u0131, Avrupa&#8217;n\u0131n bir\u00e7ok b\u00f6lgesinde, \u00f6rne\u011fin Almanya ve \u0130svi\u00e7re&#8217;de koruma alt\u0131na al\u0131nmam\u0131\u015ft\u0131r. Bu nedenle, gerekli uzmanl\u0131k ve deneyime sahip olup olmad\u0131\u011f\u0131na bak\u0131lmaks\u0131z\u0131n, her onayl\u0131 doktor kendisini bu \u015fekilde adland\u0131rabilir. B\u00fcy\u00fck bir k\u0131sm\u0131 Bat\u0131 Avrupa&#8217;n\u0131n aksine, T\u00fcrkiye&#8217;de bu durum s\u0131k\u0131 bir \u015fekilde d\u00fczenlenmi\u015ftir. T\u00fcrkiye&#8217;deki estetik cerrah\u0131, cerrah olarak e\u011fitimini tamamlam\u0131\u015f olmal\u0131 ve bu alanda en az 5 y\u0131l s\u00fcreyle pratik deneyime sahip olmal\u0131d\u0131r. Ancak bu s\u00fcrecin ard\u0131ndan, rekonstr\u00fcktif ve plastik cerrah olarak e\u011fitimine devam edebilir. Bu nedenle, T\u00fcrkiye&#8217;deki estetik cerrahlar\u0131, \u00fclke s\u0131n\u0131rlar\u0131n\u0131n \u00f6tesinde de iyi bir \u00fcne sahiptir. T\u00fcrkiye&#8217;de g\u00fczellik bak\u0131mlar\u0131n\u0131n maliyeti\/fiyatlar\u0131 nelerdir?T\u00fcrkiye&#8217;deki l\u00fcks hastanelerde ayn\u0131 kalitedeki hizmetlerde %70&#8217;e varan indirimlerden yararlanabilirsiniz. Detayl\u0131 fiyat bilgilerine buradan ula\u015fabilirsiniz.<\/p>\n","protected":false},"author":4,"featured_media":0,"parent":5308,"menu_order":0,"comment_status":"closed","ping_status":"closed","template":"","meta":{"_joinchat":[],"footnotes":""},"class_list":["post-5384","page","type-page","status-publish","hentry"],"acf":[],"_links":{"self":[{"href":"https:\/\/medicaltravel.ch\/tr\/wp-json\/wp\/v2\/pages\/5384","targetHints":{"allow":["GET"]}}],"collection":[{"href":"https:\/\/medicaltravel.ch\/tr\/wp-json\/wp\/v2\/pages"}],"about":[{"href":"https:\/\/medicaltravel.ch\/tr\/wp-json\/wp\/v2\/types\/page"}],"author":[{"embeddable":true,"href":"https:\/\/medicaltravel.ch\/tr\/wp-json\/wp\/v2\/users\/4"}],"replies":[{"embeddable":true,"href":"https:\/\/medicaltravel.ch\/tr\/wp-json\/wp\/v2\/comments?post=5384"}],"version-history":[{"count":3,"href":"https:\/\/medicaltravel.ch\/tr\/wp-json\/wp\/v2\/pages\/5384\/revisions"}],"predecessor-version":[{"id":5387,"href":"https:\/\/medicaltravel.ch\/tr\/wp-json\/wp\/v2\/pages\/5384\/revisions\/5387"}],"up":[{"embeddable":true,"href":"https:\/\/medicaltravel.ch\/tr\/wp-json\/wp\/v2\/pages\/5308"}],"wp:attachment":[{"href":"https:\/\/medicaltravel.ch\/tr\/wp-json\/wp\/v2\/media?parent=5384"}],"curies":[{"name":"wp","href":"https:\/\/api.w.org\/{rel}","templated":true}]}}