{"id":5429,"date":"2025-09-17T07:28:48","date_gmt":"2025-09-17T06:28:48","guid":{"rendered":"https:\/\/medicaltravel.ch\/neden-tuerkiye\/"},"modified":"2026-01-04T17:52:55","modified_gmt":"2026-01-04T16:52:55","slug":"neden-tuerkiye","status":"publish","type":"page","link":"https:\/\/medicaltravel.ch\/tr\/neden-tuerkiye\/","title":{"rendered":"Neden T\u00fcrkiye"},"content":{"rendered":"\t\t<div data-elementor-type=\"wp-page\" data-elementor-id=\"5429\" class=\"elementor elementor-5429 elementor-12\" data-elementor-post-type=\"page\">\n\t\t\t\t<div class=\"elementor-element elementor-element-4d1be33b e-flex e-con-boxed wpr-particle-no wpr-jarallax-no wpr-parallax-no wpr-sticky-section-no e-con e-parent\" data-id=\"4d1be33b\" data-element_type=\"container\" data-e-type=\"container\">\n\t\t\t\t\t<div class=\"e-con-inner\">\n\t\t<div class=\"elementor-element elementor-element-9a1d281 e-con-full e-flex wpr-particle-no wpr-jarallax-no wpr-parallax-no wpr-sticky-section-no e-con e-child\" data-id=\"9a1d281\" data-element_type=\"container\" data-e-type=\"container\">\n\t\t\t\t<div class=\"elementor-element elementor-element-2cc1dcf elementor-widget elementor-widget-button\" data-id=\"2cc1dcf\" data-element_type=\"widget\" data-e-type=\"widget\" data-widget_type=\"button.default\">\n\t\t\t\t\t\t\t\t\t\t<a class=\"elementor-button elementor-button-link elementor-size-sm\" href=\"https:\/\/www.medicaltravel.ch\/warum-tuerkei\/medizintourismus\/\">\n\t\t\t\t\t\t<span class=\"elementor-button-content-wrapper\">\n\t\t\t\t\t\t\t\t\t<span class=\"elementor-button-text\">T\u0131bbi turizm<\/span>\n\t\t\t\t\t<\/span>\n\t\t\t\t\t<\/a>\n\t\t\t\t\t\t\t\t<\/div>\n\t\t\t\t<div class=\"elementor-element elementor-element-17dae74 elementor-widget elementor-widget-button\" data-id=\"17dae74\" data-element_type=\"widget\" data-e-type=\"widget\" data-widget_type=\"button.default\">\n\t\t\t\t\t\t\t\t\t\t<a class=\"elementor-button elementor-button-link elementor-size-sm\" href=\"https:\/\/www.medicaltravel.ch\/warum-tuerkei\/lasern-tatsachen\/\">\n\t\t\t\t\t\t<span class=\"elementor-button-content-wrapper\">\n\t\t\t\t\t\t\t\t\t<span class=\"elementor-button-text\">LAZERLE G\u0130R\u0130\u015e: GER\u00c7EKLER<\/span>\n\t\t\t\t\t<\/span>\n\t\t\t\t\t<\/a>\n\t\t\t\t\t\t\t\t<\/div>\n\t\t\t\t<div class=\"elementor-element elementor-element-a1f9f93 elementor-widget elementor-widget-button\" data-id=\"a1f9f93\" data-element_type=\"widget\" data-e-type=\"widget\" data-widget_type=\"button.default\">\n\t\t\t\t\t\t\t\t\t\t<a class=\"elementor-button elementor-button-link elementor-size-sm\" href=\"https:\/\/www.medicaltravel.ch\/warum-tuerkei\/staedte-der-tuerkei\/istanbul-als-stadt\/\">\n\t\t\t\t\t\t<span class=\"elementor-button-content-wrapper\">\n\t\t\t\t\t\t\t\t\t<span class=\"elementor-button-text\">T\u00fcrkiye'nin \u015eehirleri<\/span>\n\t\t\t\t\t<\/span>\n\t\t\t\t\t<\/a>\n\t\t\t\t\t\t\t\t<\/div>\n\t\t\t\t<div class=\"elementor-element elementor-element-a1887e2 elementor-widget elementor-widget-button\" data-id=\"a1887e2\" data-element_type=\"widget\" data-e-type=\"widget\" data-widget_type=\"button.default\">\n\t\t\t\t\t\t\t\t\t\t<a class=\"elementor-button elementor-button-link elementor-size-sm\" href=\"https:\/\/www.medicaltravel.ch\/warum-tuerkei\/reisedaten\/\">\n\t\t\t\t\t\t<span class=\"elementor-button-content-wrapper\">\n\t\t\t\t\t\t\t\t\t<span class=\"elementor-button-text\">Seyahat tarihi<\/span>\n\t\t\t\t\t<\/span>\n\t\t\t\t\t<\/a>\n\t\t\t\t\t\t\t\t<\/div>\n\t\t\t\t<\/div>\n\t\t\t\t<div class=\"elementor-element elementor-element-42a04c26 elementor-widget elementor-widget-text-editor\" data-id=\"42a04c26\" data-element_type=\"widget\" data-e-type=\"widget\" data-widget_type=\"text-editor.default\">\n\t\t\t\t\t\t\t\t\t<h2 class=\"wp-block-heading\">T\u00fcrkiye giderek daha pop\u00fcler hale geliyor.<\/h2><p>Birka\u00e7 g\u00fcnl\u00fc\u011f\u00fcne ba\u011flant\u0131n\u0131z\u0131 kesmeniz mi gerekiyor?<\/p><p>Sundu\u011fumuz f\u0131rsat sayesinde, g\u00f6rme d\u00fczeltme ameliyat\u0131n\u0131z\u0131 bir tatille birle\u015ftirebilirsiniz. \u0130stanbul&#8217;da ge\u00e7irece\u011finiz bir s\u00fcre, ameliyat\u0131n\u0131z\u0131 \u00f6zel ve harika bir deneyim haline getirecektir. Stresli bir ameliyat\u0131 de\u011fil, rahatlat\u0131c\u0131 ve yenileyici bir tatili hat\u0131rlayacaks\u0131n\u0131z. Her y\u0131l, ba\u015fta Avrupa olmak \u00fczere binlerce hasta \u0130stanbul&#8217;a seyahat ediyor.   <\/p><p>Ameliyat sonras\u0131 yap\u0131lacak bir tatil, hem ameliyat s\u0131ras\u0131ndaki stresi ortadan kald\u0131r\u0131r hem de g\u00f6zlerinize d\u00fcnya \u015fehirlerinde g\u00f6rme yard\u0131mc\u0131lar\u0131 olmadan ilk deneyimini ya\u015fama f\u0131rsat\u0131 sunar.<\/p><p>Ameliyattan sonraki ilk birka\u00e7 g\u00fcn zaten \u00e7al\u0131\u015fmaman\u0131z gerekiyor. Bu f\u0131rsat\u0131 \u0130stanbul&#8217;da bir \u015fehir tatili i\u00e7in kullanabilirsiniz. <\/p><p>T\u00fcrkiye sizi \u00e7a\u011f\u0131r\u0131yor! \u015eehirler hakk\u0131nda daha fazla bilgiyi <a href=\"https:\/\/medicaltravel.ch\/warum-tuerkei\/staedte-der-tuerkei\/istanbul-als-stadt\/\" data-type=\"page\" data-id=\"20\">burada <\/a>bulabilirsiniz. <\/p><figure class=\"wp-block-image size-full\"><img fetchpriority=\"high\" decoding=\"async\" width=\"300\" height=\"206\" class=\"wp-image-267\" src=\"https:\/\/medicaltravel.ch\/wp-content\/uploads\/2025\/09\/tuerkei001.jpg\" alt=\"\"><\/figure><p id=\"caption-attachment-137\">Ameliyat\u0131n\u0131z\u0131 T\u00fcrkiye&#8217;nin etkileyici \u015fehirlerinde bir konaklamayla birle\u015ftirin.<\/p><p> <\/p>\t\t\t\t\t\t\t\t<\/div>\n\t\t\t\t\t<\/div>\n\t\t\t\t<\/div>\n\t\t\t\t<\/div>\n\t\t","protected":false},"excerpt":{"rendered":"<p>T\u0131bbi turizm LAZERLE G\u0130R\u0130\u015e: GER\u00c7EKLER T\u00fcrkiye&#8217;nin \u015eehirleri Seyahat tarihi T\u00fcrkiye giderek daha pop\u00fcler hale geliyor. Birka\u00e7 g\u00fcnl\u00fc\u011f\u00fcne ba\u011flant\u0131n\u0131z\u0131 kesmeniz mi gerekiyor? Sundu\u011fumuz f\u0131rsat sayesinde, g\u00f6rme d\u00fczeltme ameliyat\u0131n\u0131z\u0131 bir tatille birle\u015ftirebilirsiniz. \u0130stanbul&#8217;da ge\u00e7irece\u011finiz bir s\u00fcre, ameliyat\u0131n\u0131z\u0131 \u00f6zel ve harika bir deneyim haline getirecektir. Stresli bir ameliyat\u0131 de\u011fil, rahatlat\u0131c\u0131 ve yenileyici bir tatili hat\u0131rlayacaks\u0131n\u0131z. Her y\u0131l, ba\u015fta Avrupa olmak \u00fczere binlerce hasta \u0130stanbul&#8217;a seyahat ediyor. Ameliyat sonras\u0131 yap\u0131lacak bir tatil, hem ameliyat s\u0131ras\u0131ndaki stresi ortadan kald\u0131r\u0131r hem de g\u00f6zlerinize d\u00fcnya \u015fehirlerinde g\u00f6rme yard\u0131mc\u0131lar\u0131 olmadan ilk deneyimini ya\u015fama f\u0131rsat\u0131 sunar. Ameliyattan sonraki ilk birka\u00e7 g\u00fcn zaten \u00e7al\u0131\u015fmaman\u0131z gerekiyor. Bu f\u0131rsat\u0131 \u0130stanbul&#8217;da bir \u015fehir tatili i\u00e7in kullanabilirsiniz. T\u00fcrkiye sizi \u00e7a\u011f\u0131r\u0131yor! \u015eehirler hakk\u0131nda daha fazla bilgiyi burada bulabilirsiniz. Ameliyat\u0131n\u0131z\u0131 T\u00fcrkiye&#8217;nin etkileyici \u015fehirlerinde bir konaklamayla birle\u015ftirin.<\/p>\n","protected":false},"author":4,"featured_media":0,"parent":0,"menu_order":0,"comment_status":"closed","ping_status":"closed","template":"","meta":{"_joinchat":[],"footnotes":""},"class_list":["post-5429","page","type-page","status-publish","hentry"],"acf":[],"_links":{"self":[{"href":"https:\/\/medicaltravel.ch\/tr\/wp-json\/wp\/v2\/pages\/5429","targetHints":{"allow":["GET"]}}],"collection":[{"href":"https:\/\/medicaltravel.ch\/tr\/wp-json\/wp\/v2\/pages"}],"about":[{"href":"https:\/\/medicaltravel.ch\/tr\/wp-json\/wp\/v2\/types\/page"}],"author":[{"embeddable":true,"href":"https:\/\/medicaltravel.ch\/tr\/wp-json\/wp\/v2\/users\/4"}],"replies":[{"embeddable":true,"href":"https:\/\/medicaltravel.ch\/tr\/wp-json\/wp\/v2\/comments?post=5429"}],"version-history":[{"count":1,"href":"https:\/\/medicaltravel.ch\/tr\/wp-json\/wp\/v2\/pages\/5429\/revisions"}],"predecessor-version":[{"id":5431,"href":"https:\/\/medicaltravel.ch\/tr\/wp-json\/wp\/v2\/pages\/5429\/revisions\/5431"}],"wp:attachment":[{"href":"https:\/\/medicaltravel.ch\/tr\/wp-json\/wp\/v2\/media?parent=5429"}],"curies":[{"name":"wp","href":"https:\/\/api.w.org\/{rel}","templated":true}]}}