{"id":5437,"date":"2025-09-17T07:29:31","date_gmt":"2025-09-17T06:29:31","guid":{"rendered":"https:\/\/medicaltravel.ch\/neden-tuerkiye\/tibbi-turizm\/"},"modified":"2026-01-04T18:00:11","modified_gmt":"2026-01-04T17:00:11","slug":"tibbi-turizm","status":"publish","type":"page","link":"https:\/\/medicaltravel.ch\/tr\/neden-tuerkiye\/tibbi-turizm\/","title":{"rendered":"T\u0131bbi turizm"},"content":{"rendered":"\t\t<div data-elementor-type=\"wp-page\" data-elementor-id=\"5437\" class=\"elementor elementor-5437 elementor-14\" data-elementor-post-type=\"page\">\n\t\t\t\t<div class=\"elementor-element elementor-element-5bb5492a e-flex e-con-boxed wpr-particle-no wpr-jarallax-no wpr-parallax-no wpr-sticky-section-no wpr-equal-height-no e-con e-parent\" data-id=\"5bb5492a\" data-element_type=\"container\" data-e-type=\"container\">\n\t\t\t\t\t<div class=\"e-con-inner\">\n\t\t<div class=\"elementor-element elementor-element-fb53570 e-con-full e-flex wpr-particle-no wpr-jarallax-no wpr-parallax-no wpr-sticky-section-no wpr-equal-height-no e-con e-child\" data-id=\"fb53570\" data-element_type=\"container\" data-e-type=\"container\">\n\t\t\t\t<div class=\"elementor-element elementor-element-0ac6882 elementor-widget elementor-widget-button\" data-id=\"0ac6882\" data-element_type=\"widget\" data-e-type=\"widget\" data-widget_type=\"button.default\">\n\t\t\t\t\t\t\t\t\t\t<a class=\"elementor-button elementor-button-link elementor-size-sm\" href=\"https:\/\/www.medicaltravel.ch\/warum-tuerkei\/medizintourismus\/\">\n\t\t\t\t\t\t<span class=\"elementor-button-content-wrapper\">\n\t\t\t\t\t\t\t\t\t<span class=\"elementor-button-text\">T\u0131bbi turizm<\/span>\n\t\t\t\t\t<\/span>\n\t\t\t\t\t<\/a>\n\t\t\t\t\t\t\t\t<\/div>\n\t\t\t\t<div class=\"elementor-element elementor-element-db38785 elementor-widget elementor-widget-button\" data-id=\"db38785\" data-element_type=\"widget\" data-e-type=\"widget\" data-widget_type=\"button.default\">\n\t\t\t\t\t\t\t\t\t\t<a class=\"elementor-button elementor-button-link elementor-size-sm\" href=\"https:\/\/www.medicaltravel.ch\/warum-tuerkei\/lasern-tatsachen\/\">\n\t\t\t\t\t\t<span class=\"elementor-button-content-wrapper\">\n\t\t\t\t\t\t\t\t\t<span class=\"elementor-button-text\">LAZERLE G\u0130R\u0130\u015e: GER\u00c7EKLER<\/span>\n\t\t\t\t\t<\/span>\n\t\t\t\t\t<\/a>\n\t\t\t\t\t\t\t\t<\/div>\n\t\t\t\t<div class=\"elementor-element elementor-element-3a6d6dd elementor-widget elementor-widget-button\" data-id=\"3a6d6dd\" data-element_type=\"widget\" data-e-type=\"widget\" data-widget_type=\"button.default\">\n\t\t\t\t\t\t\t\t\t\t<a class=\"elementor-button elementor-button-link elementor-size-sm\" href=\"https:\/\/www.medicaltravel.ch\/warum-tuerkei\/staedte-der-tuerkei\/istanbul-als-stadt\/\">\n\t\t\t\t\t\t<span class=\"elementor-button-content-wrapper\">\n\t\t\t\t\t\t\t\t\t<span class=\"elementor-button-text\">T\u00fcrkiye'nin \u015eehirleri<\/span>\n\t\t\t\t\t<\/span>\n\t\t\t\t\t<\/a>\n\t\t\t\t\t\t\t\t<\/div>\n\t\t\t\t<div class=\"elementor-element elementor-element-08692bd elementor-widget elementor-widget-button\" data-id=\"08692bd\" data-element_type=\"widget\" data-e-type=\"widget\" data-widget_type=\"button.default\">\n\t\t\t\t\t\t\t\t\t\t<a class=\"elementor-button elementor-button-link elementor-size-sm\" href=\"https:\/\/www.medicaltravel.ch\/warum-tuerkei\/reisedaten\/\">\n\t\t\t\t\t\t<span class=\"elementor-button-content-wrapper\">\n\t\t\t\t\t\t\t\t\t<span class=\"elementor-button-text\">Seyahat tarihi<\/span>\n\t\t\t\t\t<\/span>\n\t\t\t\t\t<\/a>\n\t\t\t\t\t\t\t\t<\/div>\n\t\t\t\t<\/div>\n\t\t\t\t<div class=\"elementor-element elementor-element-7f2251a4 elementor-widget elementor-widget-text-editor\" data-id=\"7f2251a4\" data-element_type=\"widget\" data-e-type=\"widget\" data-widget_type=\"text-editor.default\">\n\t\t\t\t\t\t\t\t\t<ul class=\"wp-block-list\"><\/ul>\n<h2 class=\"wp-block-heading\">TIBB\u0130 SEYAHAT<\/h2>\n<p><\/p>\n<p><\/p>\n<p>T\u0131bbi turizm veya di\u011fer ad\u0131yla t\u0131bbi seyahat, t\u0131bbi hizmet almak i\u00e7in yabanc\u0131 \u00fclkelere seyahat etmek anlam\u0131na gelir.<\/p>\n<p><\/p>\n<p><\/p>\n<p>Bu t\u00fcr geziler genellikle tatillerle birle\u015ftirilir. T\u0131bbi turizm fikri yeni de\u011fildir: M\u00d6 4. y\u00fczy\u0131l gibi erken bir d\u00f6nemde Epidaurus, Akdeniz b\u00f6lgesinin her yerinden \u00e7e\u015fitli hastal\u0131klardan tedavi olmak i\u00e7in Anadolu&#8217;ya gelen insanlar i\u00e7in bir k\u00fclt ve \u015fifa merkeziydi. <\/p>\n<p><\/p>\n<p><\/p>\n<p>\u00d6l\u00fc Deniz&#8217;deki tedavilerin, n\u00f6rodermatit veya sedef hastal\u0131\u011f\u0131 gibi cilt hastal\u0131klar\u0131 i\u00e7in etkili tedavi y\u00f6ntemleri olarak onlarca y\u0131ld\u0131r kabul edildi\u011fi bilinmektedir.<\/p>\n<p><\/p>\n<p><\/p>\n<p><strong>Neden uzaklara seyahat edelim ki?<\/strong><\/p>\n<p><\/p>\n<p><\/p>\n<p>T\u0131bbi turizmin bir\u00e7ok nedeni vard\u0131r: \u0130ngiltere&#8217;deki gibi ameliyatlar i\u00e7in uzun bekleme s\u00fcrelerinden ka\u00e7\u0131nmak, ABD&#8217;deki gibi yetersiz sigorta kapsam\u0131ndan kurtulmak, ayr\u0131ca anonimlik veya ho\u015f bir iklim (s\u0131cakl\u0131k, \u00e7evre, personel) bunlardan baz\u0131lar\u0131d\u0131r.<\/p>\n<p><\/p>\n<p><\/p>\n<p>G\u00fcn\u00fcm\u00fczde \u0130svi\u00e7reliler \u00f6ncelikle di\u015f veya estetik cerrahi i\u015flemleri i\u00e7in, ancak \u00f6zellikle \u0130stanbul, T\u00fcrkiye&#8217;ye olmak \u00fczere g\u00f6z tedavileri (lazer cerrahisi) i\u00e7in de yurt d\u0131\u015f\u0131na seyahat etmektedirler.<\/p>\n<p><\/p>\n<p><\/p>\n<p>Bunlar \u0130svi\u00e7re&#8217;deki sa\u011fl\u0131k sigortas\u0131 kapsam\u0131na girmeyen hizmetlerdir, bu nedenle fiyat en \u00f6nemli fakt\u00f6rd\u00fcr. Yurtd\u0131\u015f\u0131ndaki tedavi maliyetleri genellikle \u0130svi\u00e7reli doktor ve kliniklerin talep etti\u011fi \u00fccretlerden \u00f6nemli \u00f6l\u00e7\u00fcde daha d\u00fc\u015f\u00fckt\u00fcr. <\/p>\n<p><\/p>\n<p><\/p>\n<p><a href=\"https:\/\/medicaltravel.ch\/wp-content\/uploads\/2025\/09\/hier.pdf\" target=\"_blank\" rel=\"noreferrer noopener\">Burada <\/a>T\u00fcrkiye&#8217;deki sa\u011fl\u0131k turizmi hakk\u0131nda (\u0130ngilizce) bir rapor okuyabilirsiniz. Ayr\u0131ca di\u015f turizmi hakk\u0131ndaki <a href=\"https:\/\/en.wikipedia.org\/wiki\/Dental_tourism\" target=\"_blank\" rel=\"noreferrer noopener nofollow\">bu makaleyi<\/a> Vikipedi&#8217;de de bulabilirsiniz. <\/p>\t\t\t\t\t\t\t\t<\/div>\n\t\t\t\t\t<\/div>\n\t\t\t\t<\/div>\n\t\t\t\t<\/div>\n\t\t","protected":false},"excerpt":{"rendered":"<p>T\u0131bbi turizm LAZERLE G\u0130R\u0130\u015e: GER\u00c7EKLER T\u00fcrkiye&#8217;nin \u015eehirleri Seyahat tarihi TIBB\u0130 SEYAHAT T\u0131bbi turizm veya di\u011fer ad\u0131yla t\u0131bbi seyahat, t\u0131bbi hizmet almak i\u00e7in yabanc\u0131 \u00fclkelere seyahat etmek anlam\u0131na gelir. Bu t\u00fcr geziler genellikle tatillerle birle\u015ftirilir. T\u0131bbi turizm fikri yeni de\u011fildir: M\u00d6 4. y\u00fczy\u0131l gibi erken bir d\u00f6nemde Epidaurus, Akdeniz b\u00f6lgesinin her yerinden \u00e7e\u015fitli hastal\u0131klardan tedavi olmak i\u00e7in Anadolu&#8217;ya gelen insanlar i\u00e7in bir k\u00fclt ve \u015fifa merkeziydi. \u00d6l\u00fc Deniz&#8217;deki tedavilerin, n\u00f6rodermatit veya sedef hastal\u0131\u011f\u0131 gibi cilt hastal\u0131klar\u0131 i\u00e7in etkili tedavi y\u00f6ntemleri olarak onlarca y\u0131ld\u0131r kabul edildi\u011fi bilinmektedir. Neden uzaklara seyahat edelim ki? T\u0131bbi turizmin bir\u00e7ok nedeni vard\u0131r: \u0130ngiltere&#8217;deki gibi ameliyatlar i\u00e7in uzun bekleme s\u00fcrelerinden ka\u00e7\u0131nmak, ABD&#8217;deki gibi yetersiz sigorta kapsam\u0131ndan kurtulmak, ayr\u0131ca anonimlik veya ho\u015f bir iklim (s\u0131cakl\u0131k, \u00e7evre, personel) bunlardan baz\u0131lar\u0131d\u0131r. G\u00fcn\u00fcm\u00fczde \u0130svi\u00e7reliler \u00f6ncelikle di\u015f veya estetik cerrahi i\u015flemleri i\u00e7in, ancak \u00f6zellikle \u0130stanbul, T\u00fcrkiye&#8217;ye olmak \u00fczere g\u00f6z tedavileri (lazer cerrahisi) i\u00e7in de yurt d\u0131\u015f\u0131na seyahat etmektedirler. Bunlar \u0130svi\u00e7re&#8217;deki sa\u011fl\u0131k sigortas\u0131 kapsam\u0131na girmeyen hizmetlerdir, bu nedenle fiyat en \u00f6nemli fakt\u00f6rd\u00fcr. Yurtd\u0131\u015f\u0131ndaki tedavi maliyetleri genellikle \u0130svi\u00e7reli doktor ve kliniklerin talep etti\u011fi \u00fccretlerden \u00f6nemli \u00f6l\u00e7\u00fcde daha d\u00fc\u015f\u00fckt\u00fcr. Burada T\u00fcrkiye&#8217;deki sa\u011fl\u0131k turizmi hakk\u0131nda (\u0130ngilizce) bir rapor okuyabilirsiniz. Ayr\u0131ca di\u015f turizmi hakk\u0131ndaki bu makaleyi Vikipedi&#8217;de de bulabilirsiniz.<\/p>\n","protected":false},"author":4,"featured_media":0,"parent":5429,"menu_order":0,"comment_status":"closed","ping_status":"closed","template":"elementor_canvas","meta":{"_joinchat":[],"footnotes":""},"class_list":["post-5437","page","type-page","status-publish","hentry"],"acf":[],"_links":{"self":[{"href":"https:\/\/medicaltravel.ch\/tr\/wp-json\/wp\/v2\/pages\/5437","targetHints":{"allow":["GET"]}}],"collection":[{"href":"https:\/\/medicaltravel.ch\/tr\/wp-json\/wp\/v2\/pages"}],"about":[{"href":"https:\/\/medicaltravel.ch\/tr\/wp-json\/wp\/v2\/types\/page"}],"author":[{"embeddable":true,"href":"https:\/\/medicaltravel.ch\/tr\/wp-json\/wp\/v2\/users\/4"}],"replies":[{"embeddable":true,"href":"https:\/\/medicaltravel.ch\/tr\/wp-json\/wp\/v2\/comments?post=5437"}],"version-history":[{"count":0,"href":"https:\/\/medicaltravel.ch\/tr\/wp-json\/wp\/v2\/pages\/5437\/revisions"}],"up":[{"embeddable":true,"href":"https:\/\/medicaltravel.ch\/tr\/wp-json\/wp\/v2\/pages\/5429"}],"wp:attachment":[{"href":"https:\/\/medicaltravel.ch\/tr\/wp-json\/wp\/v2\/media?parent=5437"}],"curies":[{"name":"wp","href":"https:\/\/api.w.org\/{rel}","templated":true}]}}