{"id":5454,"date":"2025-09-17T07:31:53","date_gmt":"2025-09-17T06:31:53","guid":{"rendered":"https:\/\/medicaltravel.ch\/istanbul-bir-sehir-olarak\/"},"modified":"2026-01-04T18:11:34","modified_gmt":"2026-01-04T17:11:34","slug":"istanbul-bir-sehir-olarak","status":"publish","type":"page","link":"https:\/\/medicaltravel.ch\/tr\/neden-tuerkiye\/tuerkiyenin-sehirleri\/istanbul-bir-sehir-olarak\/","title":{"rendered":"\u0130stanbul bir \u015fehir olarak"},"content":{"rendered":"\t\t<div data-elementor-type=\"wp-page\" data-elementor-id=\"5454\" class=\"elementor elementor-5454 elementor-20\" data-elementor-post-type=\"page\">\n\t\t\t\t<div class=\"elementor-element elementor-element-1d00d940 e-flex e-con-boxed wpr-particle-no wpr-jarallax-no wpr-parallax-no wpr-sticky-section-no e-con e-parent\" data-id=\"1d00d940\" data-element_type=\"container\" data-e-type=\"container\">\n\t\t\t\t\t<div class=\"e-con-inner\">\n\t\t<div class=\"elementor-element elementor-element-48d9023 e-con-full e-flex wpr-particle-no wpr-jarallax-no wpr-parallax-no wpr-sticky-section-no e-con e-child\" data-id=\"48d9023\" data-element_type=\"container\" data-e-type=\"container\">\n\t\t\t\t<div class=\"elementor-element elementor-element-81195c8 elementor-widget elementor-widget-button\" data-id=\"81195c8\" data-element_type=\"widget\" data-e-type=\"widget\" data-widget_type=\"button.default\">\n\t\t\t\t\t\t\t\t\t\t<a class=\"elementor-button elementor-button-link elementor-size-sm\" href=\"https:\/\/medicaltravel.ch\/tr\/neden-tuerkiye\/tuerkiyenin-sehirleri\/istanbul-bir-sehir-olarak\/\">\n\t\t\t\t\t\t<span class=\"elementor-button-content-wrapper\">\n\t\t\t\t\t\t\t\t\t<span class=\"elementor-button-text\">\u0130stanbul bir \u015fehir olarak<\/span>\n\t\t\t\t\t<\/span>\n\t\t\t\t\t<\/a>\n\t\t\t\t\t\t\t\t<\/div>\n\t\t\t\t<div class=\"elementor-element elementor-element-ddacd82 elementor-widget elementor-widget-button\" data-id=\"ddacd82\" data-element_type=\"widget\" data-e-type=\"widget\" data-widget_type=\"button.default\">\n\t\t\t\t\t\t\t\t\t\t<a class=\"elementor-button elementor-button-link elementor-size-sm\" href=\"https:\/\/medicaltravel.ch\/tr\/neden-tuerkiye\/tuerkiyenin-sehirleri\/izmir-bir-sehir-olarak\/\">\n\t\t\t\t\t\t<span class=\"elementor-button-content-wrapper\">\n\t\t\t\t\t\t\t\t\t<span class=\"elementor-button-text\">\u0130zmir bir \u015fehir olarak<\/span>\n\t\t\t\t\t<\/span>\n\t\t\t\t\t<\/a>\n\t\t\t\t\t\t\t\t<\/div>\n\t\t\t\t<div class=\"elementor-element elementor-element-d704e71 elementor-widget elementor-widget-button\" data-id=\"d704e71\" data-element_type=\"widget\" data-e-type=\"widget\" data-widget_type=\"button.default\">\n\t\t\t\t\t\t\t\t\t\t<a class=\"elementor-button elementor-button-link elementor-size-sm\" href=\"https:\/\/medicaltravel.ch\/tr\/neden-tuerkiye\/tuerkiyenin-sehirleri\/antalya-sehri\/\">\n\t\t\t\t\t\t<span class=\"elementor-button-content-wrapper\">\n\t\t\t\t\t\t\t\t\t<span class=\"elementor-button-text\">Antalya \u015fehri<\/span>\n\t\t\t\t\t<\/span>\n\t\t\t\t\t<\/a>\n\t\t\t\t\t\t\t\t<\/div>\n\t\t\t\t<\/div>\n\t\t\t\t<div class=\"elementor-element elementor-element-51f44aa8 elementor-widget elementor-widget-text-editor\" data-id=\"51f44aa8\" data-element_type=\"widget\" data-e-type=\"widget\" data-widget_type=\"text-editor.default\">\n\t\t\t\t\t\t\t\t\t\n<ul class=\"wp-block-list\"><\/ul>\n<h2 class=\"wp-block-heading\"><a href=\"https:\/\/www.youtube.com\/watch?v=CkXni11FpYU&amp;feature=youtu.be\" rel=\"nofollow noopener\" target=\"_blank\">NDE \u015eEH\u0130R &#8211; \u0130STANBUL<\/a><\/h2>\n\n<p>Bir taba\u011fa New York&#8217;tan bir dilim, Miami&#8217;den bir tutam, San Francisco&#8217;dan bir lokma ve M\u0131s\u0131r&#8217;dan bir dilim koyun ve hepsini kar\u0131\u015ft\u0131r\u0131n. Bunu Mexico City ve Viyana&#8217;dan gelen baharatlarla zenginle\u015ftirin: \u0130\u015fte \u0130stanbul! <\/p>\n\n<p>\u0130stanbul, Do\u011fu ve Bat\u0131 k\u00fclt\u00fcrlerinin ilgi \u00e7ekici kar\u0131\u015f\u0131m\u0131yla ziyaret\u00e7ilerini b\u00fcy\u00fcl\u00fcyor. \u0130stanbul, rengarenk pazarlar\u0131, hareketli \u00e7ar\u015f\u0131lar\u0131 ve Do\u011fu ile Bat\u0131&#8217;n\u0131n, gelenek ile modernli\u011fin heyecan verici bir kar\u0131\u015f\u0131m\u0131n\u0131n \u015fehri. Bo\u011faz k\u0131y\u0131s\u0131nda \u015f\u0131k oteller, eski kafeler, muhte\u015fem restoranlar ve gece kul\u00fcpleri bolca bulunuyor. \u0130stanbul, z\u0131tl\u0131klar \u015fehri, say\u0131s\u0131z simge yap\u0131s\u0131, masallardan f\u0131rlam\u0131\u015f gibi duran yerleri, bir\u00e7ok \u015fark\u0131c\u0131, \u015fair ve ressam\u0131n ilham kayna\u011f\u0131, Bin Bir Gece Masallar\u0131&#8217;ndan bir \u00f6yk\u00fc&#8230;   <\/p>\n\n<p>\u0130stanbul \u015fehri iki k\u0131tada yer almaktad\u0131r: Avrupa ve Asya. K\u0131talar Bo\u011faz ile ayr\u0131lm\u0131\u015ft\u0131r. Hali\u00e7 ise \u0130stanbul&#8217;un Avrupa k\u0131sm\u0131n\u0131 kuzey ve g\u00fcney olmak \u00fczere ikiye b\u00f6lmektedir.  <\/p>\n\n<p>Eski \u0130stanbul, g\u00fcney Avrupa yakas\u0131nda yer almaktad\u0131r. Sultanahmet Camii, Topkap\u0131 Saray\u0131 ve Ayasofya gibi \u00fcnl\u00fc tarihi yap\u0131lar\u0131n \u00e7o\u011fu burada bulunmaktad\u0131r. <\/p>\n\n<figure class=\"wp-block-image size-full\"><img fetchpriority=\"high\" decoding=\"async\" width=\"300\" height=\"400\" class=\"wp-image-273\" src=\"https:\/\/medicaltravel.ch\/wp-content\/uploads\/2025\/09\/tuerkei009.jpg\" alt=\"\" srcset=\"https:\/\/medicaltravel.ch\/wp-content\/uploads\/2025\/09\/tuerkei009.jpg 300w, https:\/\/medicaltravel.ch\/wp-content\/uploads\/2025\/09\/tuerkei009-225x300.jpg 225w\" sizes=\"(max-width: 300px) 100vw, 300px\" \/><\/figure>\n\n<p id=\"caption-attachment-170\">\u0130stanbul: Al\u0131\u015fveri\u015f ve k\u00fclt\u00fcr. Lazer g\u00f6z ameliyat\u0131n\u0131zla birlikte bu b\u00fcy\u00fcleyici metropol\u00fcn ve tarihi miras\u0131n\u0131n tad\u0131n\u0131 \u00e7\u0131kar\u0131n. <\/p>\n\n<figure class=\"wp-block-image size-full\"><img decoding=\"async\" width=\"300\" height=\"206\" class=\"wp-image-274\" src=\"https:\/\/medicaltravel.ch\/wp-content\/uploads\/2025\/09\/Lasik-Istanbul-300x206-1.jpg\" alt=\"\"><\/figure>\n\n<p>\u0130stanbul zengin ve olaylarla dolu bir tarihe sahiptir: \u015eehir, M\u00d6 7. y\u00fczy\u0131la kadar uzanan bir ge\u00e7mi\u015fe sahiptir. O zamanlar Bizans olarak adland\u0131r\u0131l\u0131yordu. Merkezi konumu sayesinde Bizans, zamanla geli\u015fen ve refah i\u00e7inde bir ticaret metropol\u00fcne d\u00f6n\u00fc\u015ft\u00fc.  <\/p>\n\n<p>\u015eehir Roma \u0130mparatorlu\u011fu&#8217;na kat\u0131ld\u0131ktan sonra, Bizans, M\u00d6 330 civar\u0131nda Roma \u0130mparatoru Konstantin taraf\u0131ndan ba\u015fkent olarak belirlendi. \u015eehir ba\u015flang\u0131\u00e7ta Yeni Roma olarak adland\u0131r\u0131ld\u0131, ancak daha sonra Konstantinopolis olarak yeniden adland\u0131r\u0131ld\u0131. <\/p>\n\n<p>Roma \u0130mparatorlu\u011fu&#8217;nun b\u00f6l\u00fcnmesinden sonra Konstantinopolis, Bizans \u0130mparatorlu\u011fu&#8217;nun bir par\u00e7as\u0131 oldu ve b\u00f6lgenin siyasi ve k\u00fclt\u00fcrel merkezi olarak kald\u0131. Daha sonra Ha\u00e7l\u0131lar Konstantinopolis&#8217;i fethetti ve \u015fehre Hristiyanl\u0131\u011f\u0131 getirdi. Konstantinopolis, Osmanl\u0131lar \u015fehri fethedip Osmanl\u0131 \u0130mparatorlu\u011fu&#8217;nun ba\u015fkenti yap\u0131p ad\u0131n\u0131 \u0130stanbul olarak de\u011fi\u015ftirene kadar bir gerileme d\u00f6nemi ya\u015fad\u0131. Bu, \u0130stanbul&#8217;un yeniden y\u00fckseli\u015finin ba\u015flang\u0131c\u0131 oldu.   <\/p>\n\n<p>\u0130stanbul ayn\u0131 zamanda bir al\u0131\u015fveri\u015f cenneti. D\u00fcnyan\u0131n en b\u00fcy\u00fck kapal\u0131 al\u0131\u015fveri\u015f merkezi olan tarihi Kapal\u0131 \u00c7ar\u015f\u0131&#8217;dan say\u0131s\u0131z ultra modern al\u0131\u015fveri\u015f merkezine kadar, hayran kalacaks\u0131n\u0131z. Klini\u011fin yak\u0131n\u0131nda d\u00f6rt muhte\u015fem al\u0131\u015fveri\u015f merkezi bulunmaktad\u0131r.  <\/p>\n\n<p>\u0130stanbul&#8217;un birbirinden lezzetli yemeklerini tatmay\u0131 unutmay\u0131n. Binlerce restoran, birbirinden lezzetli yemekler sunuyor. Detayl\u0131 al\u0131\u015fveri\u015f ve restoran \u00f6nerilerini T\u0131bbi Seyahat Kart\u0131n\u0131zda bulabilirsiniz.  <\/p>\n\n<p>\u015eehir ayn\u0131 zamanda zengin bir k\u00fclt\u00fcrel deneyim yelpazesi sunmaktad\u0131r. \u00c7ok say\u0131da k\u00fclt\u00fcrel etkinlik, \u0130stanbul&#8217;daki ya\u015fam\u0131n ayr\u0131lmaz bir par\u00e7as\u0131d\u0131r. <\/p>\n\n<p>\u0130stanbul&#8217;u h\u00e2l\u00e2 tan\u0131m\u0131yor musunuz? \u0130stanbul hakk\u0131ndaki SF Unterwegs program\u0131n\u0131 <a href=\"http:\/\/www.sf.tv\/podcasts\/feed.php?docid=sfunterwegs\u0130stanbul&#039;u h\u00e2l\u00e2 tan\u0131m\u0131yor musunuz? \u0130stanbul hakk\u0131ndaki SF Unterwegs program\u0131n\u0131 buradan izleyin!\" target=\"_blank\" rel=\"noreferrer noopener nofollow\">buradan <\/a>izleyin! <\/p>\n\n<p>\u0130stanbul&#8217;un 2010 y\u0131l\u0131nda Avrupa K\u00fclt\u00fcr Ba\u015fkenti oldu\u011funu biliyor muydunuz? Daha fazla bilgiye <a href=\"http:\/\/www.en.istanbul2010.org\/index.html\" rel=\"nofollow noopener\" target=\"_blank\">buradan <\/a>ula\u015fabilirsiniz. <\/p>\n\n<p>\u0130stanbul&#8217;da harika bir tatil ge\u00e7irmenizi dileriz.<\/p>\n\t\t\t\t\t\t\t\t<\/div>\n\t\t\t\t\t<\/div>\n\t\t\t\t<\/div>\n\t\t\t\t<\/div>\n\t\t","protected":false},"excerpt":{"rendered":"<p>\u0130stanbul bir \u015fehir olarak \u0130zmir bir \u015fehir olarak Antalya \u015fehri NDE \u015eEH\u0130R &#8211; \u0130STANBUL Bir taba\u011fa New York&#8217;tan bir dilim, Miami&#8217;den bir tutam, San Francisco&#8217;dan bir lokma ve M\u0131s\u0131r&#8217;dan bir dilim koyun ve hepsini kar\u0131\u015ft\u0131r\u0131n. Bunu Mexico City ve Viyana&#8217;dan gelen baharatlarla zenginle\u015ftirin: \u0130\u015fte \u0130stanbul! \u0130stanbul, Do\u011fu ve Bat\u0131 k\u00fclt\u00fcrlerinin ilgi \u00e7ekici kar\u0131\u015f\u0131m\u0131yla ziyaret\u00e7ilerini b\u00fcy\u00fcl\u00fcyor. \u0130stanbul, rengarenk pazarlar\u0131, hareketli \u00e7ar\u015f\u0131lar\u0131 ve Do\u011fu ile Bat\u0131&#8217;n\u0131n, gelenek ile modernli\u011fin heyecan verici bir kar\u0131\u015f\u0131m\u0131n\u0131n \u015fehri. Bo\u011faz k\u0131y\u0131s\u0131nda \u015f\u0131k oteller, eski kafeler, muhte\u015fem restoranlar ve gece kul\u00fcpleri bolca bulunuyor. \u0130stanbul, z\u0131tl\u0131klar \u015fehri, say\u0131s\u0131z simge yap\u0131s\u0131, masallardan f\u0131rlam\u0131\u015f gibi duran yerleri, bir\u00e7ok \u015fark\u0131c\u0131, \u015fair ve ressam\u0131n ilham kayna\u011f\u0131, Bin Bir Gece Masallar\u0131&#8217;ndan bir \u00f6yk\u00fc&#8230; \u0130stanbul \u015fehri iki k\u0131tada yer almaktad\u0131r: Avrupa ve Asya. K\u0131talar Bo\u011faz ile ayr\u0131lm\u0131\u015ft\u0131r. Hali\u00e7 ise \u0130stanbul&#8217;un Avrupa k\u0131sm\u0131n\u0131 kuzey ve g\u00fcney olmak \u00fczere ikiye b\u00f6lmektedir. Eski \u0130stanbul, g\u00fcney Avrupa yakas\u0131nda yer almaktad\u0131r. Sultanahmet Camii, Topkap\u0131 Saray\u0131 ve Ayasofya gibi \u00fcnl\u00fc tarihi yap\u0131lar\u0131n \u00e7o\u011fu burada bulunmaktad\u0131r. \u0130stanbul: Al\u0131\u015fveri\u015f ve k\u00fclt\u00fcr. Lazer g\u00f6z ameliyat\u0131n\u0131zla birlikte bu b\u00fcy\u00fcleyici metropol\u00fcn ve tarihi miras\u0131n\u0131n tad\u0131n\u0131 \u00e7\u0131kar\u0131n. \u0130stanbul zengin ve olaylarla dolu bir tarihe sahiptir: \u015eehir, M\u00d6 7. y\u00fczy\u0131la kadar uzanan bir ge\u00e7mi\u015fe sahiptir. O zamanlar Bizans olarak adland\u0131r\u0131l\u0131yordu. Merkezi konumu sayesinde Bizans, zamanla geli\u015fen ve refah i\u00e7inde bir ticaret metropol\u00fcne d\u00f6n\u00fc\u015ft\u00fc. \u015eehir Roma \u0130mparatorlu\u011fu&#8217;na kat\u0131ld\u0131ktan sonra, Bizans, M\u00d6 330 civar\u0131nda Roma \u0130mparatoru Konstantin taraf\u0131ndan ba\u015fkent olarak belirlendi. \u015eehir ba\u015flang\u0131\u00e7ta Yeni Roma olarak adland\u0131r\u0131ld\u0131, ancak daha sonra Konstantinopolis olarak yeniden adland\u0131r\u0131ld\u0131. Roma \u0130mparatorlu\u011fu&#8217;nun b\u00f6l\u00fcnmesinden sonra Konstantinopolis, Bizans \u0130mparatorlu\u011fu&#8217;nun bir par\u00e7as\u0131 oldu ve b\u00f6lgenin siyasi ve k\u00fclt\u00fcrel merkezi olarak kald\u0131. Daha sonra Ha\u00e7l\u0131lar Konstantinopolis&#8217;i fethetti ve \u015fehre Hristiyanl\u0131\u011f\u0131 getirdi. Konstantinopolis, Osmanl\u0131lar \u015fehri fethedip Osmanl\u0131 \u0130mparatorlu\u011fu&#8217;nun ba\u015fkenti yap\u0131p ad\u0131n\u0131 \u0130stanbul olarak de\u011fi\u015ftirene kadar bir gerileme d\u00f6nemi ya\u015fad\u0131. Bu, \u0130stanbul&#8217;un yeniden y\u00fckseli\u015finin ba\u015flang\u0131c\u0131 oldu. \u0130stanbul ayn\u0131 zamanda bir al\u0131\u015fveri\u015f cenneti. D\u00fcnyan\u0131n en b\u00fcy\u00fck kapal\u0131 al\u0131\u015fveri\u015f merkezi olan tarihi Kapal\u0131 \u00c7ar\u015f\u0131&#8217;dan say\u0131s\u0131z ultra modern al\u0131\u015fveri\u015f merkezine kadar, hayran kalacaks\u0131n\u0131z. Klini\u011fin yak\u0131n\u0131nda d\u00f6rt muhte\u015fem al\u0131\u015fveri\u015f merkezi bulunmaktad\u0131r. \u0130stanbul&#8217;un birbirinden lezzetli yemeklerini tatmay\u0131 unutmay\u0131n. Binlerce restoran, birbirinden lezzetli yemekler sunuyor. Detayl\u0131 al\u0131\u015fveri\u015f ve restoran \u00f6nerilerini T\u0131bbi Seyahat Kart\u0131n\u0131zda bulabilirsiniz. \u015eehir ayn\u0131 zamanda zengin bir k\u00fclt\u00fcrel deneyim yelpazesi sunmaktad\u0131r. \u00c7ok say\u0131da k\u00fclt\u00fcrel etkinlik, \u0130stanbul&#8217;daki ya\u015fam\u0131n ayr\u0131lmaz bir par\u00e7as\u0131d\u0131r. \u0130stanbul&#8217;u h\u00e2l\u00e2 tan\u0131m\u0131yor musunuz? \u0130stanbul hakk\u0131ndaki SF Unterwegs program\u0131n\u0131 buradan izleyin! \u0130stanbul&#8217;un 2010 y\u0131l\u0131nda Avrupa K\u00fclt\u00fcr Ba\u015fkenti oldu\u011funu biliyor muydunuz? Daha fazla bilgiye buradan ula\u015fabilirsiniz. \u0130stanbul&#8217;da harika bir tatil ge\u00e7irmenizi dileriz.<\/p>\n","protected":false},"author":4,"featured_media":0,"parent":5464,"menu_order":0,"comment_status":"closed","ping_status":"closed","template":"","meta":{"_joinchat":[],"footnotes":""},"class_list":["post-5454","page","type-page","status-publish","hentry"],"acf":[],"_links":{"self":[{"href":"https:\/\/medicaltravel.ch\/tr\/wp-json\/wp\/v2\/pages\/5454","targetHints":{"allow":["GET"]}}],"collection":[{"href":"https:\/\/medicaltravel.ch\/tr\/wp-json\/wp\/v2\/pages"}],"about":[{"href":"https:\/\/medicaltravel.ch\/tr\/wp-json\/wp\/v2\/types\/page"}],"author":[{"embeddable":true,"href":"https:\/\/medicaltravel.ch\/tr\/wp-json\/wp\/v2\/users\/4"}],"replies":[{"embeddable":true,"href":"https:\/\/medicaltravel.ch\/tr\/wp-json\/wp\/v2\/comments?post=5454"}],"version-history":[{"count":4,"href":"https:\/\/medicaltravel.ch\/tr\/wp-json\/wp\/v2\/pages\/5454\/revisions"}],"predecessor-version":[{"id":5465,"href":"https:\/\/medicaltravel.ch\/tr\/wp-json\/wp\/v2\/pages\/5454\/revisions\/5465"}],"up":[{"embeddable":true,"href":"https:\/\/medicaltravel.ch\/tr\/wp-json\/wp\/v2\/pages\/5464"}],"wp:attachment":[{"href":"https:\/\/medicaltravel.ch\/tr\/wp-json\/wp\/v2\/media?parent=5454"}],"curies":[{"name":"wp","href":"https:\/\/api.w.org\/{rel}","templated":true}]}}