{"id":5460,"date":"2025-09-17T07:33:31","date_gmt":"2025-09-17T06:33:31","guid":{"rendered":"https:\/\/medicaltravel.ch\/antalya-sehri\/"},"modified":"2026-01-04T18:11:34","modified_gmt":"2026-01-04T17:11:34","slug":"antalya-sehri","status":"publish","type":"page","link":"https:\/\/medicaltravel.ch\/tr\/neden-tuerkiye\/tuerkiyenin-sehirleri\/antalya-sehri\/","title":{"rendered":"Antalya \u015fehri"},"content":{"rendered":"\t\t<div data-elementor-type=\"wp-page\" data-elementor-id=\"5460\" class=\"elementor elementor-5460 elementor-24\" data-elementor-post-type=\"page\">\n\t\t\t\t<div class=\"elementor-element elementor-element-53a75ca6 e-flex e-con-boxed wpr-particle-no wpr-jarallax-no wpr-parallax-no wpr-sticky-section-no wpr-equal-height-no e-con e-parent\" data-id=\"53a75ca6\" data-element_type=\"container\" data-e-type=\"container\">\n\t\t\t\t\t<div class=\"e-con-inner\">\n\t\t<div class=\"elementor-element elementor-element-cc10060 e-con-full e-flex wpr-particle-no wpr-jarallax-no wpr-parallax-no wpr-sticky-section-no wpr-equal-height-no e-con e-child\" data-id=\"cc10060\" data-element_type=\"container\" data-e-type=\"container\">\n\t\t\t\t<div class=\"elementor-element elementor-element-0f6176e elementor-widget elementor-widget-button\" data-id=\"0f6176e\" data-element_type=\"widget\" data-e-type=\"widget\" data-widget_type=\"button.default\">\n\t\t\t\t\t\t\t\t\t\t<a class=\"elementor-button elementor-button-link elementor-size-sm\" href=\"https:\/\/medicaltravel.ch\/tr\/neden-tuerkiye\/tuerkiyenin-sehirleri\/istanbul-bir-sehir-olarak\/\">\n\t\t\t\t\t\t<span class=\"elementor-button-content-wrapper\">\n\t\t\t\t\t\t\t\t\t<span class=\"elementor-button-text\">\u0130stanbul bir \u015fehir olarak<\/span>\n\t\t\t\t\t<\/span>\n\t\t\t\t\t<\/a>\n\t\t\t\t\t\t\t\t<\/div>\n\t\t\t\t<div class=\"elementor-element elementor-element-8bf70c9 elementor-widget elementor-widget-button\" data-id=\"8bf70c9\" data-element_type=\"widget\" data-e-type=\"widget\" data-widget_type=\"button.default\">\n\t\t\t\t\t\t\t\t\t\t<a class=\"elementor-button elementor-button-link elementor-size-sm\" href=\"https:\/\/medicaltravel.ch\/tr\/neden-tuerkiye\/tuerkiyenin-sehirleri\/izmir-bir-sehir-olarak\/\">\n\t\t\t\t\t\t<span class=\"elementor-button-content-wrapper\">\n\t\t\t\t\t\t\t\t\t<span class=\"elementor-button-text\">\u0130zmir bir \u015fehir olarak<\/span>\n\t\t\t\t\t<\/span>\n\t\t\t\t\t<\/a>\n\t\t\t\t\t\t\t\t<\/div>\n\t\t\t\t<div class=\"elementor-element elementor-element-b8c2627 elementor-widget elementor-widget-button\" data-id=\"b8c2627\" data-element_type=\"widget\" data-e-type=\"widget\" data-widget_type=\"button.default\">\n\t\t\t\t\t\t\t\t\t\t<a class=\"elementor-button elementor-button-link elementor-size-sm\" href=\"https:\/\/medicaltravel.ch\/tr\/neden-tuerkiye\/tuerkiyenin-sehirleri\/antalya-sehri\/\">\n\t\t\t\t\t\t<span class=\"elementor-button-content-wrapper\">\n\t\t\t\t\t\t\t\t\t<span class=\"elementor-button-text\">Antalya \u015fehri<\/span>\n\t\t\t\t\t<\/span>\n\t\t\t\t\t<\/a>\n\t\t\t\t\t\t\t\t<\/div>\n\t\t\t\t<\/div>\n\t\t\t\t<div class=\"elementor-element elementor-element-65e7522e elementor-widget elementor-widget-text-editor\" data-id=\"65e7522e\" data-element_type=\"widget\" data-e-type=\"widget\" data-widget_type=\"text-editor.default\">\n\t\t\t\t\t\t\t\t\t\n<h2 class=\"wp-block-heading\">G\u00dcNE\u015e VE TAT\u0130L \u015eEHR\u0130 &#8211; ANTALYA<\/h2>\n\n<p>Antalya, Anadolu&#8217;nun en eski yerle\u015fim yerlerinden biridir. Antalya \u015fehir merkezinin sadece 25 km kuzeybat\u0131s\u0131nda, \u015eam Da\u011f\u0131&#8217;n\u0131n kire\u00e7ta\u015f\u0131 yama\u00e7lar\u0131nda yer alan Karain Ma\u011faras\u0131, bir zamanlar 80 ki\u015filik bir toplulu\u011fa ev sahipli\u011fi yapm\u0131\u015f ve Paleolitik d\u00f6neme kadar uzanan yerle\u015fim izleri ta\u015f\u0131maktad\u0131r. Ma\u011fara, 1946 y\u0131l\u0131ndan beri Ankara \u00dcniversitesi&#8217;nden Profes\u00f6r \u0130smail K\u0131l\u0131\u00e7 K\u00f6kten taraf\u0131ndan ara\u015ft\u0131r\u0131lmaktad\u0131r. Ma\u011faradan \u00e7\u0131kar\u0131lan eserler, da\u011f\u0131n ete\u011findeki k\u00fc\u00e7\u00fck bir m\u00fczede, Ankara&#8217;daki Anadolu Medeniyetleri M\u00fczesi&#8217;nde ve Antalya M\u00fczesi&#8217;nin tarih \u00f6ncesi salonunda sergilenmektedir.   <\/p>\n\n<p>M\u00d6 1400&#8217;den imparatorlu\u011fun y\u0131k\u0131l\u0131\u015f\u0131na kadar b\u00f6lge Hititlerin etkisi alt\u0131ndayd\u0131. M\u00d6 11. y\u00fczy\u0131ldan 8. y\u00fczy\u0131la kadar ise \u00f6nce Likyal\u0131lar, ard\u0131ndan Persler g\u00fcn\u00fcm\u00fcz Antalya&#8217;s\u0131n\u0131 y\u00f6netti.  <\/p>\n\n<p>B\u00fcy\u00fck \u0130skender, Pers ve Hindistan&#8217;a giderken, M\u00d6 4. y\u00fczy\u0131lda Anadolu \u00fczerindeki Pers egemenli\u011fini k\u0131rd\u0131. \u00d6l\u00fcm\u00fc ile Romal\u0131lar\u0131n geli\u015fi aras\u0131ndaki d\u00f6nem Helenistik d\u00f6nem olarak bilinir. Bergama Krall\u0131\u011f\u0131, K\u00fc\u00e7\u00fck Asya&#8217;da bu d\u00f6nemin k\u00fclt\u00fcrel temsilcisi olarak kabul edilir. M\u00d6 158&#8217;de Bergama Kral\u0131 II. Attalus, k\u00fc\u00e7\u00fck bir liman in\u015fa ettirdi ve liman\u0131n \u00fczerinde, g\u00fcn\u00fcm\u00fczde Attalus&#8217;un ad\u0131yla Attaleia veya Antalya olarak adland\u0131r\u0131lan yerle\u015fimi kurdu.    <\/p>\n\n<p>Kral Attalus&#8217;un \u00f6l\u00fcm\u00fcnden sonra \u015fehir Roma \u0130mparatorlu\u011fu&#8217;na dahil edildi ve Roma y\u00f6netimi alt\u0131nda zenginlik ve \u00f6nem kazand\u0131. Denizden kayal\u0131klarla korunan Attaleia, karaya bakan taraf\u0131nda g\u00fc\u00e7l\u00fc bir surla \u00e7evriliydi ve bu sur daha sonra \u0130mparator Hadrian taraf\u0131ndan geni\u015fletildi. Eski \u015fehrin kenar\u0131ndaki bir zafer tak\u0131, imparatorun MS 130 y\u0131l\u0131ndaki ziyaretini anmaktad\u0131r.  <\/p>\n\n<p>Bizansl\u0131lar, 7. ve 8. y\u00fczy\u0131llarda \u015fehri Arap bask\u0131nlar\u0131na kar\u015f\u0131 savundular. 1207&#8217;de Sultan I. Keyh\u00fcsrev \u00f6nderli\u011findeki Sel\u00e7uklular b\u00f6lgeyi fethetti. \u015eehirdeki bir\u00e7ok yap\u0131 hala bu d\u00f6neme tan\u0131kl\u0131k etmektedir. 14. y\u00fczy\u0131lda seyyah \u0130bn Battuta, Antalya&#8217;y\u0131 &#8220;d\u00fcnyan\u0131n en g\u00fczel \u015fehirlerinden biri&#8221; olarak tan\u0131mlam\u0131\u015ft\u0131r.       <\/p>\n\n<p>14. y\u00fczy\u0131lda \u015fehri ele ge\u00e7iren Osmanl\u0131lar d\u00f6neminde Antalya bir Osmanl\u0131 liman\u0131 olarak kald\u0131, ancak ticaret azald\u0131 ve \u015fehir \u00f6nemini kaybetti. <\/p>\n\n<figure class=\"wp-block-image size-full\"><img fetchpriority=\"high\" decoding=\"async\" width=\"400\" height=\"506\" class=\"wp-image-280\" src=\"https:\/\/medicaltravel.ch\/wp-content\/uploads\/2025\/09\/Antalya_resim_2.jpg\" alt=\"\" srcset=\"https:\/\/medicaltravel.ch\/wp-content\/uploads\/2025\/09\/Antalya_resim_2.jpg 400w, https:\/\/medicaltravel.ch\/wp-content\/uploads\/2025\/09\/Antalya_resim_2-237x300.jpg 237w\" sizes=\"(max-width: 400px) 100vw, 400px\" \/><\/figure>\n\n<p id=\"caption-attachment-2080\">Antalya: Kum, g\u00fcne\u015f, al\u0131\u015fveri\u015f ve k\u00fclt\u00fcr. Tedavinizin bir par\u00e7as\u0131 olarak bu g\u00fcne\u015fli metropol\u00fcn ve tarihi miras\u0131n\u0131n tad\u0131n\u0131 \u00e7\u0131kar\u0131n. <\/p>\n\n<p>Sevr Antla\u015fmas\u0131 ile Antalya \u0130talya&#8217;ya verildi ve 5 Temmuz 1921&#8217;de gen\u00e7 T\u00fcrkiye Cumhuriyeti&#8217;nin bir par\u00e7as\u0131 oldu. Ba\u015flang\u0131\u00e7ta ekonomik temeli tar\u0131m ve bal\u0131k\u00e7\u0131l\u0131\u011fa dayanan Antalya, bug\u00fcn T\u00fcrkiye&#8217;nin ve Do\u011fu Akdeniz&#8217;in en \u00f6nemli turizm merkezidir. <\/p>\n\n<p>Antalya&#8217;n\u0131n bat\u0131s\u0131nda, tarihteki ilk \u00f6nemli konfederasyon olan Likya Birli\u011fi kuruldu. \u00dcye devletler, b\u00fcy\u00fckl\u00fcklerine ve \u00f6nemlerine g\u00f6re bir, iki veya \u00fc\u00e7 oy hakk\u0131na sahipti. Likyal\u0131lar Antalya ile Fethiye aras\u0131nda ve k\u0131y\u0131 \u015feridinin \u00fczerindeki da\u011flara yerle\u015ftiler. Homeros, \u0130lyada&#8217;da Likyal\u0131lar\u0131, Karyal\u0131larla birlikte, Truva Sava\u015f\u0131 s\u0131ras\u0131nda Truval\u0131lar\u0131n m\u00fcttefikleri olarak tan\u0131mlar.   <\/p>\n\n<p>Antalya&#8217;n\u0131n do\u011fusunda, &#8220;t\u00fcm kabilelerin diyar\u0131&#8221; olarak bilinen Pamfilya uzan\u0131yordu. Sarp da\u011flardan ve az say\u0131daki ovalardan olu\u015fan co\u011frafyas\u0131 nedeniyle bu b\u00f6lge uzun s\u00fcre korsanlar\u0131 kendine \u00e7ekti. Bu korsanlar sadece ticaret gemilerine sald\u0131rmakla kalmay\u0131p, zaman zaman \u015fehirleri de fethedip i\u015fgal ettiler.  <\/p>\n\n<p>Erken Hristiyanl\u0131k d\u00f6neminden kalma bir\u00e7ok yap\u0131, Hristiyanl\u0131\u011f\u0131n burada do\u011fdu\u011funa tan\u0131kl\u0131k etmektedir. B\u00f6lgedeki m\u00fczeler, Hristiyanl\u0131k \u00f6ncesi, Hristiyan ve \u0130slam d\u00f6nemlerine ait eserlere ev sahipli\u011fi yapmaktad\u0131r. D\u00fcnyaca tan\u0131nan ve sayg\u0131 duyulan Aziz Nikolaos, Antalya b\u00f6lgesinden gelmi\u015ftir. Zengin tarihine dair efsaneler, mitler ve an\u0131lar burada her zaman mevcuttur.   <\/p>\n\n<p>Erken Hristiyanl\u0131k d\u00f6neminden kalma bir\u00e7ok yap\u0131, Hristiyanl\u0131\u011f\u0131n burada do\u011fdu\u011funa tan\u0131kl\u0131k etmektedir. B\u00f6lgedeki m\u00fczeler, Hristiyanl\u0131k \u00f6ncesi, Hristiyan ve \u0130slam d\u00f6nemlerine ait eserlere ev sahipli\u011fi yapmaktad\u0131r. D\u00fcnyaca tan\u0131nan ve sayg\u0131 duyulan Aziz Nikolaos, Antalya b\u00f6lgesinden gelmi\u015ftir. Zengin tarihine dair efsaneler, mitler ve an\u0131lar burada her zaman mevcuttur.   <\/p>\n\n<p>Antalya&#8217;da harika bir tatil ge\u00e7irmenizi dileriz.<\/p>\n\n<figure class=\"wp-block-image size-full\"><img decoding=\"async\" width=\"300\" height=\"225\" class=\"wp-image-282\" src=\"https:\/\/medicaltravel.ch\/wp-content\/uploads\/2025\/09\/RTEmagicC_Antalya_Marina_85.jpg-300x225-1.jpg\" alt=\"\"><\/figure>\n\n<p id=\"caption-attachment-2081\">Antalya Eski \u015eehir Koyu<\/p>\n\t\t\t\t\t\t\t\t<\/div>\n\t\t\t\t\t<\/div>\n\t\t\t\t<\/div>\n\t\t\t\t<\/div>\n\t\t","protected":false},"excerpt":{"rendered":"<p>\u0130stanbul bir \u015fehir olarak \u0130zmir bir \u015fehir olarak Antalya \u015fehri G\u00dcNE\u015e VE TAT\u0130L \u015eEHR\u0130 &#8211; ANTALYA Antalya, Anadolu&#8217;nun en eski yerle\u015fim yerlerinden biridir. Antalya \u015fehir merkezinin sadece 25 km kuzeybat\u0131s\u0131nda, \u015eam Da\u011f\u0131&#8217;n\u0131n kire\u00e7ta\u015f\u0131 yama\u00e7lar\u0131nda yer alan Karain Ma\u011faras\u0131, bir zamanlar 80 ki\u015filik bir toplulu\u011fa ev sahipli\u011fi yapm\u0131\u015f ve Paleolitik d\u00f6neme kadar uzanan yerle\u015fim izleri ta\u015f\u0131maktad\u0131r. Ma\u011fara, 1946 y\u0131l\u0131ndan beri Ankara \u00dcniversitesi&#8217;nden Profes\u00f6r \u0130smail K\u0131l\u0131\u00e7 K\u00f6kten taraf\u0131ndan ara\u015ft\u0131r\u0131lmaktad\u0131r. Ma\u011faradan \u00e7\u0131kar\u0131lan eserler, da\u011f\u0131n ete\u011findeki k\u00fc\u00e7\u00fck bir m\u00fczede, Ankara&#8217;daki Anadolu Medeniyetleri M\u00fczesi&#8217;nde ve Antalya M\u00fczesi&#8217;nin tarih \u00f6ncesi salonunda sergilenmektedir. M\u00d6 1400&#8217;den imparatorlu\u011fun y\u0131k\u0131l\u0131\u015f\u0131na kadar b\u00f6lge Hititlerin etkisi alt\u0131ndayd\u0131. M\u00d6 11. y\u00fczy\u0131ldan 8. y\u00fczy\u0131la kadar ise \u00f6nce Likyal\u0131lar, ard\u0131ndan Persler g\u00fcn\u00fcm\u00fcz Antalya&#8217;s\u0131n\u0131 y\u00f6netti. B\u00fcy\u00fck \u0130skender, Pers ve Hindistan&#8217;a giderken, M\u00d6 4. y\u00fczy\u0131lda Anadolu \u00fczerindeki Pers egemenli\u011fini k\u0131rd\u0131. \u00d6l\u00fcm\u00fc ile Romal\u0131lar\u0131n geli\u015fi aras\u0131ndaki d\u00f6nem Helenistik d\u00f6nem olarak bilinir. Bergama Krall\u0131\u011f\u0131, K\u00fc\u00e7\u00fck Asya&#8217;da bu d\u00f6nemin k\u00fclt\u00fcrel temsilcisi olarak kabul edilir. M\u00d6 158&#8217;de Bergama Kral\u0131 II. Attalus, k\u00fc\u00e7\u00fck bir liman in\u015fa ettirdi ve liman\u0131n \u00fczerinde, g\u00fcn\u00fcm\u00fczde Attalus&#8217;un ad\u0131yla Attaleia veya Antalya olarak adland\u0131r\u0131lan yerle\u015fimi kurdu. Kral Attalus&#8217;un \u00f6l\u00fcm\u00fcnden sonra \u015fehir Roma \u0130mparatorlu\u011fu&#8217;na dahil edildi ve Roma y\u00f6netimi alt\u0131nda zenginlik ve \u00f6nem kazand\u0131. Denizden kayal\u0131klarla korunan Attaleia, karaya bakan taraf\u0131nda g\u00fc\u00e7l\u00fc bir surla \u00e7evriliydi ve bu sur daha sonra \u0130mparator Hadrian taraf\u0131ndan geni\u015fletildi. Eski \u015fehrin kenar\u0131ndaki bir zafer tak\u0131, imparatorun MS 130 y\u0131l\u0131ndaki ziyaretini anmaktad\u0131r. Bizansl\u0131lar, 7. ve 8. y\u00fczy\u0131llarda \u015fehri Arap bask\u0131nlar\u0131na kar\u015f\u0131 savundular. 1207&#8217;de Sultan I. Keyh\u00fcsrev \u00f6nderli\u011findeki Sel\u00e7uklular b\u00f6lgeyi fethetti. \u015eehirdeki bir\u00e7ok yap\u0131 hala bu d\u00f6neme tan\u0131kl\u0131k etmektedir. 14. y\u00fczy\u0131lda seyyah \u0130bn Battuta, Antalya&#8217;y\u0131 &#8220;d\u00fcnyan\u0131n en g\u00fczel \u015fehirlerinden biri&#8221; olarak tan\u0131mlam\u0131\u015ft\u0131r. 14. y\u00fczy\u0131lda \u015fehri ele ge\u00e7iren Osmanl\u0131lar d\u00f6neminde Antalya bir Osmanl\u0131 liman\u0131 olarak kald\u0131, ancak ticaret azald\u0131 ve \u015fehir \u00f6nemini kaybetti. Antalya: Kum, g\u00fcne\u015f, al\u0131\u015fveri\u015f ve k\u00fclt\u00fcr. Tedavinizin bir par\u00e7as\u0131 olarak bu g\u00fcne\u015fli metropol\u00fcn ve tarihi miras\u0131n\u0131n tad\u0131n\u0131 \u00e7\u0131kar\u0131n. Sevr Antla\u015fmas\u0131 ile Antalya \u0130talya&#8217;ya verildi ve 5 Temmuz 1921&#8217;de gen\u00e7 T\u00fcrkiye Cumhuriyeti&#8217;nin bir par\u00e7as\u0131 oldu. Ba\u015flang\u0131\u00e7ta ekonomik temeli tar\u0131m ve bal\u0131k\u00e7\u0131l\u0131\u011fa dayanan Antalya, bug\u00fcn T\u00fcrkiye&#8217;nin ve Do\u011fu Akdeniz&#8217;in en \u00f6nemli turizm merkezidir. Antalya&#8217;n\u0131n bat\u0131s\u0131nda, tarihteki ilk \u00f6nemli konfederasyon olan Likya Birli\u011fi kuruldu. \u00dcye devletler, b\u00fcy\u00fckl\u00fcklerine ve \u00f6nemlerine g\u00f6re bir, iki veya \u00fc\u00e7 oy hakk\u0131na sahipti. Likyal\u0131lar Antalya ile Fethiye aras\u0131nda ve k\u0131y\u0131 \u015feridinin \u00fczerindeki da\u011flara yerle\u015ftiler. Homeros, \u0130lyada&#8217;da Likyal\u0131lar\u0131, Karyal\u0131larla birlikte, Truva Sava\u015f\u0131 s\u0131ras\u0131nda Truval\u0131lar\u0131n m\u00fcttefikleri olarak tan\u0131mlar. Antalya&#8217;n\u0131n do\u011fusunda, &#8220;t\u00fcm kabilelerin diyar\u0131&#8221; olarak bilinen Pamfilya uzan\u0131yordu. Sarp da\u011flardan ve az say\u0131daki ovalardan olu\u015fan co\u011frafyas\u0131 nedeniyle bu b\u00f6lge uzun s\u00fcre korsanlar\u0131 kendine \u00e7ekti. Bu korsanlar sadece ticaret gemilerine sald\u0131rmakla kalmay\u0131p, zaman zaman \u015fehirleri de fethedip i\u015fgal ettiler. Erken Hristiyanl\u0131k d\u00f6neminden kalma bir\u00e7ok yap\u0131, Hristiyanl\u0131\u011f\u0131n burada do\u011fdu\u011funa tan\u0131kl\u0131k etmektedir. B\u00f6lgedeki m\u00fczeler, Hristiyanl\u0131k \u00f6ncesi, Hristiyan ve \u0130slam d\u00f6nemlerine ait eserlere ev sahipli\u011fi yapmaktad\u0131r. D\u00fcnyaca tan\u0131nan ve sayg\u0131 duyulan Aziz Nikolaos, Antalya b\u00f6lgesinden gelmi\u015ftir. Zengin tarihine dair efsaneler, mitler ve an\u0131lar burada her zaman mevcuttur. Erken Hristiyanl\u0131k d\u00f6neminden kalma bir\u00e7ok yap\u0131, Hristiyanl\u0131\u011f\u0131n burada do\u011fdu\u011funa tan\u0131kl\u0131k etmektedir. B\u00f6lgedeki m\u00fczeler, Hristiyanl\u0131k \u00f6ncesi, Hristiyan ve \u0130slam d\u00f6nemlerine ait eserlere ev sahipli\u011fi yapmaktad\u0131r. D\u00fcnyaca tan\u0131nan ve sayg\u0131 duyulan Aziz Nikolaos, Antalya b\u00f6lgesinden gelmi\u015ftir. Zengin tarihine dair efsaneler, mitler ve an\u0131lar burada her zaman mevcuttur. Antalya&#8217;da harika bir tatil ge\u00e7irmenizi dileriz. Antalya Eski \u015eehir Koyu<\/p>\n","protected":false},"author":4,"featured_media":0,"parent":5464,"menu_order":0,"comment_status":"closed","ping_status":"closed","template":"","meta":{"_joinchat":[],"footnotes":""},"class_list":["post-5460","page","type-page","status-publish","hentry"],"acf":[],"_links":{"self":[{"href":"https:\/\/medicaltravel.ch\/tr\/wp-json\/wp\/v2\/pages\/5460","targetHints":{"allow":["GET"]}}],"collection":[{"href":"https:\/\/medicaltravel.ch\/tr\/wp-json\/wp\/v2\/pages"}],"about":[{"href":"https:\/\/medicaltravel.ch\/tr\/wp-json\/wp\/v2\/types\/page"}],"author":[{"embeddable":true,"href":"https:\/\/medicaltravel.ch\/tr\/wp-json\/wp\/v2\/users\/4"}],"replies":[{"embeddable":true,"href":"https:\/\/medicaltravel.ch\/tr\/wp-json\/wp\/v2\/comments?post=5460"}],"version-history":[{"count":0,"href":"https:\/\/medicaltravel.ch\/tr\/wp-json\/wp\/v2\/pages\/5460\/revisions"}],"up":[{"embeddable":true,"href":"https:\/\/medicaltravel.ch\/tr\/wp-json\/wp\/v2\/pages\/5464"}],"wp:attachment":[{"href":"https:\/\/medicaltravel.ch\/tr\/wp-json\/wp\/v2\/media?parent=5460"}],"curies":[{"name":"wp","href":"https:\/\/api.w.org\/{rel}","templated":true}]}}