{"id":5483,"date":"2025-09-17T09:53:54","date_gmt":"2025-09-17T08:53:54","guid":{"rendered":"https:\/\/medicaltravel.ch\/daha-ileri-tedaviler\/acibadem-hastanesi\/"},"modified":"2026-01-04T18:19:21","modified_gmt":"2026-01-04T17:19:21","slug":"acibadem-hastanesi","status":"publish","type":"page","link":"https:\/\/medicaltravel.ch\/tr\/daha-ileri-tedaviler\/acibadem-hastanesi\/","title":{"rendered":"Ac\u0131badem Hastanesi"},"content":{"rendered":"\t\t<div data-elementor-type=\"wp-page\" data-elementor-id=\"5483\" class=\"elementor elementor-5483 elementor-169\" data-elementor-post-type=\"page\">\n\t\t\t\t<div class=\"elementor-element elementor-element-19fb673d e-flex e-con-boxed wpr-particle-no wpr-jarallax-no wpr-parallax-no wpr-sticky-section-no wpr-equal-height-no e-con e-parent\" data-id=\"19fb673d\" data-element_type=\"container\" data-e-type=\"container\">\n\t\t\t\t\t<div class=\"e-con-inner\">\n\t\t<div class=\"elementor-element elementor-element-405f3e3 e-con-full e-flex wpr-particle-no wpr-jarallax-no wpr-parallax-no wpr-sticky-section-no wpr-equal-height-no e-con e-child\" data-id=\"405f3e3\" data-element_type=\"container\" data-e-type=\"container\">\n\t\t\t\t<div class=\"elementor-element elementor-element-f3a98b3 elementor-widget elementor-widget-button\" data-id=\"f3a98b3\" data-element_type=\"widget\" data-e-type=\"widget\" data-widget_type=\"button.default\">\n\t\t\t\t\t\t\t\t\t\t<a class=\"elementor-button elementor-button-link elementor-size-sm\" href=\"https:\/\/medicaltravel.ch\/weitere-behandlungen\/weitere-behandlungen\/\">\n\t\t\t\t\t\t<span class=\"elementor-button-content-wrapper\">\n\t\t\t\t\t\t\t\t\t<span class=\"elementor-button-text\">Daha ileri tedaviler<\/span>\n\t\t\t\t\t<\/span>\n\t\t\t\t\t<\/a>\n\t\t\t\t\t\t\t\t<\/div>\n\t\t\t\t<div class=\"elementor-element elementor-element-0c8e977 elementor-widget elementor-widget-button\" data-id=\"0c8e977\" data-element_type=\"widget\" data-e-type=\"widget\" data-widget_type=\"button.default\">\n\t\t\t\t\t\t\t\t\t\t<a class=\"elementor-button elementor-button-link elementor-size-sm\" href=\"https:\/\/medicaltravel.ch\/tr\/daha-ileri-tedaviler\/acibadem-hastanesi\/\">\n\t\t\t\t\t\t<span class=\"elementor-button-content-wrapper\">\n\t\t\t\t\t\t\t\t\t<span class=\"elementor-button-text\">Ac\u0131badem Hastanesi<\/span>\n\t\t\t\t\t<\/span>\n\t\t\t\t\t<\/a>\n\t\t\t\t\t\t\t\t<\/div>\n\t\t\t\t<div class=\"elementor-element elementor-element-a8e31ca elementor-widget elementor-widget-button\" data-id=\"a8e31ca\" data-element_type=\"widget\" data-e-type=\"widget\" data-widget_type=\"button.default\">\n\t\t\t\t\t\t\t\t\t\t<a class=\"elementor-button elementor-button-link elementor-size-sm\" href=\"https:\/\/medicaltravel.ch\/weitere-behandlungen\/weitere-behandlungen\/behandlungsspektrum\/allgemeine-chirurgie\/\">\n\t\t\t\t\t\t<span class=\"elementor-button-content-wrapper\">\n\t\t\t\t\t\t\t\t\t<span class=\"elementor-button-text\">Tedavi yelpazesi<\/span>\n\t\t\t\t\t<\/span>\n\t\t\t\t\t<\/a>\n\t\t\t\t\t\t\t\t<\/div>\n\t\t\t\t<\/div>\n\t\t\t\t<div class=\"elementor-element elementor-element-7dc1b522 elementor-widget elementor-widget-text-editor\" data-id=\"7dc1b522\" data-element_type=\"widget\" data-e-type=\"widget\" data-widget_type=\"text-editor.default\">\n\t\t\t\t\t\t\t\t\t\n<h2 class=\"wp-block-heading\">T\u00fcrkiye&#8217;nin L\u0130DER HASTANELER\u0130: ACIBADEM<\/h2>\n\n<p><g id=\"gid_0\">Ac\u0131badem Hastanesi,<\/g> \u0130stanbul\u2019daki en yeni cihaz ve teknolojiye sahiptir. \u0130stanbul\u2019un en prestijli \u00f6zel hastanelerinden biri olarak kabul edilir ve T\u00fcrkiye\u2019deki ilk 100 \u015firket aras\u0131nda yer al\u0131r. Ayn\u0131 zamanda bir anonim \u015firket olan Ac\u0131badem Sa\u011fl\u0131k Grubu, her y\u0131l b\u00fcy\u00fcy\u00fcp geli\u015fmektedir. AB hijyen standartlar\u0131 fazlas\u0131yla a\u015f\u0131lm\u0131\u015ft\u0131r. Ayr\u0131ca burada \u00e7ok iyi uzman doktorlar ve cerrahlar taraf\u0131ndan tedavi edilirsiniz.    <\/p>\n\n<p>Hastanede 24 farkl\u0131 t\u0131bbi merkez bulunuyor, bunlar\u0131n \u00e7o\u011fu \u0130stanbul\u2019dad\u0131r. Sa\u011fl\u0131k sekt\u00f6r\u00fcnde \u0130stanbul ve T\u00fcrkiye\u2019de ilk tercih edilen adreslerden biridir ve \u0130stanbul ile T\u00fcrkiye\u2019nin \u00fcst s\u0131n\u0131f\u0131 da buray\u0131 tercih eder. T\u00fcrk Milli Futbol Tak\u0131m\u0131 ve Fenerbah\u00e7e, Galatasaray, Be\u015fikta\u015f gibi \u00f6nde gelen kul\u00fcpler de Ac\u0131badem taraf\u0131ndan sa\u011fl\u0131k a\u00e7\u0131s\u0131ndan desteklenmektedir. <\/p>\n\n<p>Ac\u0131badem&#8217;de, tamam\u0131 k\u0131s\u0131rl\u0131k tedavisi konusunda uzmanla\u015fm\u0131\u015f ve s\u00fcrekli olarak bilimsel ve teknolojik geli\u015fmeleri takip eden 1.600 y\u00fcksek e\u011fitimli doktor bulunmaktad\u0131r.<\/p>\n\n<figure class=\"wp-block-image size-full\"><img decoding=\"async\" width=\"80\" height=\"80\" class=\"wp-image-540\" src=\"https:\/\/medicaltravel.ch\/wp-content\/uploads\/2025\/09\/RTEmagicC_jc_goldseal-1040x1040_converted__1__70-3.jpg-3.jpg\" alt=\"\"><\/figure>\n\n<p>Ac\u0131badem Hastanesi, sa\u011fl\u0131k alan\u0131ndaki uluslararas\u0131 kalite standartlar\u0131n\u0131 belirleyen ABD JCI (Joint Commission International) taraf\u0131ndan akreditasyon sertifikas\u0131 alm\u0131\u015ft\u0131r.<\/p>\n\n<p>Ac\u0131badem Hastanesi, uzman sa\u00e7 ekimi cerrahlar\u0131 ve uzmanlar\u0131 da dahil olmak \u00fczere, teknolojik ve bilimsel geli\u015fmeleri s\u00fcrekli olarak takip eden, 1600&#8217;den fazla \u00e7ok iyi e\u011fitimli doktora sahiptir.<\/p>\n\n<p><strong>Warum Acibadem Spital f\u00fcr Ihre Operation in der T\u00fcrkei?<\/strong><\/p>\n\n<p>Hastane:<\/p>\n\n<ul class=\"wp-block-list\">\n<li>&#8220;Joint Commission International taraf\u0131ndan akredite edilmi\u015ftir.&#8221;<\/li>\n\n<li>D\u00fcnyaca \u00fcnl\u00fc Harvard Medical International ile ortakl\u0131k i\u00e7inde \u00e7al\u0131\u015fmaktad\u0131r.<\/li>\n\n<li>Avrupa Kalite Y\u00f6netimi Vakf\u0131 (EFQM) \u00fcyesidir<\/li>\n\n<li>T\u00fcrkiye Milli Futbol Tak\u0131m\u0131\u2019n\u0131n medikal sponsorudur<\/li>\n\n<li>1.600\u2019\u00fc doktor olmak \u00fczere toplam 10.500 \u00e7al\u0131\u015fan istihdam etmektedir<\/li>\n\n<li>T\u00fcrkiye genelinde 24\u2019ten fazla farkl\u0131 t\u0131p merkezine sahiptir<\/li>\n\n<li>\u00dclkenin en iyi 100 \u015firketi aras\u0131nda yer almaktad\u0131r<\/li>\n\n<li>Her t\u00fcrl\u00fc t\u0131bbi tedaviyi sunmaktad\u0131r<\/li>\n\n<li>Almanca ba\u015fta olmak \u00fczere bir\u00e7ok dilde hizmet ve dan\u0131\u015fmanl\u0131k sunulmaktad\u0131r<\/li>\n<\/ul>\n\n<p>Hastanenin geni\u015f hizmet yelpazesi, hastalara farkl\u0131 tedavi se\u00e7enekleri sunmaktad\u0131r. Sunulan ameliyatlarda sahip oldu\u011fu y\u00fcksek deneyim sayesinde, y\u00fcksek beklentilere ve kaliteli hizmet anlay\u0131\u015f\u0131na sahip hastalar i\u00e7in hizmet vermektedir <\/p>\n\n<p>Hastanede bulunan baz\u0131 y\u00fcksek teknoloji cihazlar\u0131 \u015funlard\u0131r:<\/p>\n\n<figure class=\"wp-block-image size-full\"><img decoding=\"async\" width=\"299\" height=\"131\" class=\"wp-image-542\" src=\"https:\/\/medicaltravel.ch\/wp-content\/uploads\/2025\/09\/1-1.jpg\" alt=\"\"><\/figure>\n\n<p id=\"caption-attachment-5081\">Siber B\u0131\u00e7ak<\/p>\n\n<figure class=\"wp-block-image size-full\"><img decoding=\"async\" width=\"300\" height=\"135\" class=\"wp-image-543\" src=\"https:\/\/medicaltravel.ch\/wp-content\/uploads\/2025\/09\/2-1-300x135-1.jpg\" alt=\"\"><\/figure>\n\n<p id=\"caption-attachment-5082\">Fla\u015f CT<\/p>\n\n<figure class=\"wp-block-image size-full\"><img loading=\"lazy\" decoding=\"async\" width=\"300\" height=\"135\" class=\"wp-image-544\" src=\"https:\/\/medicaltravel.ch\/wp-content\/uploads\/2025\/09\/3-1-300x135-1.jpg\" alt=\"\"><\/figure>\n\n<p id=\"caption-attachment-5083\">Da Vinci Robotik Cerrahisi<\/p>\n\n<figure class=\"wp-block-image size-full\"><img loading=\"lazy\" decoding=\"async\" width=\"299\" height=\"131\" class=\"wp-image-545\" src=\"https:\/\/medicaltravel.ch\/wp-content\/uploads\/2025\/09\/4.jpg\" alt=\"\"><\/figure>\n\n<p id=\"caption-attachment-5084\">Gama B\u0131\u00e7a\u011f\u0131<\/p>\n\n<figure class=\"wp-block-image size-full\"><img loading=\"lazy\" decoding=\"async\" width=\"300\" height=\"135\" class=\"wp-image-546\" src=\"https:\/\/medicaltravel.ch\/wp-content\/uploads\/2025\/09\/5-300x135-1.jpg\" alt=\"\"><\/figure>\n\n<p id=\"caption-attachment-5085\">Tek Doz Tedavisi<\/p>\n\n<figure class=\"wp-block-image size-full\"><img loading=\"lazy\" decoding=\"async\" width=\"300\" height=\"135\" class=\"wp-image-547\" src=\"https:\/\/medicaltravel.ch\/wp-content\/uploads\/2025\/09\/6-300x135-1.jpg\" alt=\"\"><\/figure>\n\n<p id=\"caption-attachment-5086\">Dijital Mamografi<\/p>\n\n<figure class=\"wp-block-image size-full\"><img loading=\"lazy\" decoding=\"async\" width=\"300\" height=\"135\" class=\"wp-image-549\" src=\"https:\/\/medicaltravel.ch\/wp-content\/uploads\/2025\/09\/7-300x135-2.jpg\" alt=\"\"><\/figure>\n\n<p id=\"caption-attachment-5087\">T\u00fcm v\u00fccut MR&#8217;\u0131<\/p>\n\n<figure class=\"wp-block-image size-full\"><img loading=\"lazy\" decoding=\"async\" width=\"300\" height=\"135\" class=\"wp-image-550\" src=\"https:\/\/medicaltravel.ch\/wp-content\/uploads\/2025\/09\/6-300x135-1-1.jpg\" alt=\"\"><\/figure>\n\n<p id=\"caption-attachment-5086\">Truebeam STx<\/p>\n\n<figure class=\"wp-block-image size-full\"><img loading=\"lazy\" decoding=\"async\" width=\"300\" height=\"135\" class=\"wp-image-551\" src=\"https:\/\/medicaltravel.ch\/wp-content\/uploads\/2025\/09\/9-300x135-1.jpg\" alt=\"\"><\/figure>\n\n<p id=\"caption-attachment-5089\">\u00dc\u00e7leme<\/p>\n\n<figure class=\"wp-block-image size-full\"><img loading=\"lazy\" decoding=\"async\" width=\"300\" height=\"135\" class=\"wp-image-552\" src=\"https:\/\/medicaltravel.ch\/wp-content\/uploads\/2025\/09\/10-300x135-1.jpg\" alt=\"\"><\/figure>\n\n<p id=\"caption-attachment-5090\">Rapidarc<\/p>\n\t\t\t\t\t\t\t\t<\/div>\n\t\t\t\t\t<\/div>\n\t\t\t\t<\/div>\n\t\t\t\t<\/div>\n\t\t","protected":false},"excerpt":{"rendered":"<p>Daha ileri tedaviler Ac\u0131badem Hastanesi Tedavi yelpazesi T\u00fcrkiye&#8217;nin L\u0130DER HASTANELER\u0130: ACIBADEM Ac\u0131badem Hastanesi, \u0130stanbul\u2019daki en yeni cihaz ve teknolojiye sahiptir. \u0130stanbul\u2019un en prestijli \u00f6zel hastanelerinden biri olarak kabul edilir ve T\u00fcrkiye\u2019deki ilk 100 \u015firket aras\u0131nda yer al\u0131r. Ayn\u0131 zamanda bir anonim \u015firket olan Ac\u0131badem Sa\u011fl\u0131k Grubu, her y\u0131l b\u00fcy\u00fcy\u00fcp geli\u015fmektedir. AB hijyen standartlar\u0131 fazlas\u0131yla a\u015f\u0131lm\u0131\u015ft\u0131r. Ayr\u0131ca burada \u00e7ok iyi uzman doktorlar ve cerrahlar taraf\u0131ndan tedavi edilirsiniz. Hastanede 24 farkl\u0131 t\u0131bbi merkez bulunuyor, bunlar\u0131n \u00e7o\u011fu \u0130stanbul\u2019dad\u0131r. Sa\u011fl\u0131k sekt\u00f6r\u00fcnde \u0130stanbul ve T\u00fcrkiye\u2019de ilk tercih edilen adreslerden biridir ve \u0130stanbul ile T\u00fcrkiye\u2019nin \u00fcst s\u0131n\u0131f\u0131 da buray\u0131 tercih eder. T\u00fcrk Milli Futbol Tak\u0131m\u0131 ve Fenerbah\u00e7e, Galatasaray, Be\u015fikta\u015f gibi \u00f6nde gelen kul\u00fcpler de Ac\u0131badem taraf\u0131ndan sa\u011fl\u0131k a\u00e7\u0131s\u0131ndan desteklenmektedir. Ac\u0131badem&#8217;de, tamam\u0131 k\u0131s\u0131rl\u0131k tedavisi konusunda uzmanla\u015fm\u0131\u015f ve s\u00fcrekli olarak bilimsel ve teknolojik geli\u015fmeleri takip eden 1.600 y\u00fcksek e\u011fitimli doktor bulunmaktad\u0131r. Ac\u0131badem Hastanesi, sa\u011fl\u0131k alan\u0131ndaki uluslararas\u0131 kalite standartlar\u0131n\u0131 belirleyen ABD JCI (Joint Commission International) taraf\u0131ndan akreditasyon sertifikas\u0131 alm\u0131\u015ft\u0131r. Ac\u0131badem Hastanesi, uzman sa\u00e7 ekimi cerrahlar\u0131 ve uzmanlar\u0131 da dahil olmak \u00fczere, teknolojik ve bilimsel geli\u015fmeleri s\u00fcrekli olarak takip eden, 1600&#8217;den fazla \u00e7ok iyi e\u011fitimli doktora sahiptir. Warum Acibadem Spital f\u00fcr Ihre Operation in der T\u00fcrkei? Hastane: &#8220;Joint Commission International taraf\u0131ndan akredite edilmi\u015ftir.&#8221; D\u00fcnyaca \u00fcnl\u00fc Harvard Medical International ile ortakl\u0131k i\u00e7inde \u00e7al\u0131\u015fmaktad\u0131r. Avrupa Kalite Y\u00f6netimi Vakf\u0131 (EFQM) \u00fcyesidir T\u00fcrkiye Milli Futbol Tak\u0131m\u0131\u2019n\u0131n medikal sponsorudur 1.600\u2019\u00fc doktor olmak \u00fczere toplam 10.500 \u00e7al\u0131\u015fan istihdam etmektedir T\u00fcrkiye genelinde 24\u2019ten fazla farkl\u0131 t\u0131p merkezine sahiptir \u00dclkenin en iyi 100 \u015firketi aras\u0131nda yer almaktad\u0131r Her t\u00fcrl\u00fc t\u0131bbi tedaviyi sunmaktad\u0131r Almanca ba\u015fta olmak \u00fczere bir\u00e7ok dilde hizmet ve dan\u0131\u015fmanl\u0131k sunulmaktad\u0131r Hastanenin geni\u015f hizmet yelpazesi, hastalara farkl\u0131 tedavi se\u00e7enekleri sunmaktad\u0131r. Sunulan ameliyatlarda sahip oldu\u011fu y\u00fcksek deneyim sayesinde, y\u00fcksek beklentilere ve kaliteli hizmet anlay\u0131\u015f\u0131na sahip hastalar i\u00e7in hizmet vermektedir Hastanede bulunan baz\u0131 y\u00fcksek teknoloji cihazlar\u0131 \u015funlard\u0131r: Siber B\u0131\u00e7ak Fla\u015f CT Da Vinci Robotik Cerrahisi Gama B\u0131\u00e7a\u011f\u0131 Tek Doz Tedavisi Dijital Mamografi T\u00fcm v\u00fccut MR&#8217;\u0131 Truebeam STx \u00dc\u00e7leme Rapidarc<\/p>\n","protected":false},"author":4,"featured_media":0,"parent":5445,"menu_order":0,"comment_status":"closed","ping_status":"closed","template":"","meta":{"_joinchat":[],"footnotes":""},"class_list":["post-5483","page","type-page","status-publish","hentry"],"acf":[],"_links":{"self":[{"href":"https:\/\/medicaltravel.ch\/tr\/wp-json\/wp\/v2\/pages\/5483","targetHints":{"allow":["GET"]}}],"collection":[{"href":"https:\/\/medicaltravel.ch\/tr\/wp-json\/wp\/v2\/pages"}],"about":[{"href":"https:\/\/medicaltravel.ch\/tr\/wp-json\/wp\/v2\/types\/page"}],"author":[{"embeddable":true,"href":"https:\/\/medicaltravel.ch\/tr\/wp-json\/wp\/v2\/users\/4"}],"replies":[{"embeddable":true,"href":"https:\/\/medicaltravel.ch\/tr\/wp-json\/wp\/v2\/comments?post=5483"}],"version-history":[{"count":0,"href":"https:\/\/medicaltravel.ch\/tr\/wp-json\/wp\/v2\/pages\/5483\/revisions"}],"up":[{"embeddable":true,"href":"https:\/\/medicaltravel.ch\/tr\/wp-json\/wp\/v2\/pages\/5445"}],"wp:attachment":[{"href":"https:\/\/medicaltravel.ch\/tr\/wp-json\/wp\/v2\/media?parent=5483"}],"curies":[{"name":"wp","href":"https:\/\/api.w.org\/{rel}","templated":true}]}}