{"id":5504,"date":"2025-09-17T09:57:09","date_gmt":"2025-09-17T08:57:09","guid":{"rendered":"https:\/\/medicaltravel.ch\/daha-ileri-tedaviler\/daha-ileri-tedaviler\/tedavi-yelpazesi\/genel-cerrahi\/"},"modified":"2026-01-04T18:28:37","modified_gmt":"2026-01-04T17:28:37","slug":"genel-cerrahi","status":"publish","type":"page","link":"https:\/\/medicaltravel.ch\/tr\/daha-ileri-tedaviler\/daha-ileri-tedaviler\/tedavi-yelpazesi\/genel-cerrahi\/","title":{"rendered":"Genel Cerrahi"},"content":{"rendered":"\t\t<div data-elementor-type=\"wp-page\" data-elementor-id=\"5504\" class=\"elementor elementor-5504 elementor-173\" data-elementor-post-type=\"page\">\n\t\t\t\t<div class=\"elementor-element elementor-element-3a804b3b e-flex e-con-boxed wpr-particle-no wpr-jarallax-no wpr-parallax-no wpr-sticky-section-no e-con e-parent\" data-id=\"3a804b3b\" data-element_type=\"container\" data-e-type=\"container\">\n\t\t\t\t\t<div class=\"e-con-inner\">\n\t\t<div class=\"elementor-element elementor-element-0e1a0d6 e-con-full e-flex wpr-particle-no wpr-jarallax-no wpr-parallax-no wpr-sticky-section-no e-con e-child\" data-id=\"0e1a0d6\" data-element_type=\"container\" data-e-type=\"container\">\n\t\t\t\t<div class=\"elementor-element elementor-element-c909dec elementor-widget elementor-widget-button\" data-id=\"c909dec\" data-element_type=\"widget\" data-e-type=\"widget\" data-widget_type=\"button.default\">\n\t\t\t\t\t\t\t\t\t\t<a class=\"elementor-button elementor-button-link elementor-size-sm\" href=\"https:\/\/medicaltravel.ch\/tr\/daha-ileri-tedaviler\/daha-ileri-tedaviler\/tedavi-yelpazesi\/genel-cerrahi\/\">\n\t\t\t\t\t\t<span class=\"elementor-button-content-wrapper\">\n\t\t\t\t\t\t\t\t\t<span class=\"elementor-button-text\">Genel Cerrahi<\/span>\n\t\t\t\t\t<\/span>\n\t\t\t\t\t<\/a>\n\t\t\t\t\t\t\t\t<\/div>\n\t\t\t\t<div class=\"elementor-element elementor-element-ae575ed elementor-widget elementor-widget-button\" data-id=\"ae575ed\" data-element_type=\"widget\" data-e-type=\"widget\" data-widget_type=\"button.default\">\n\t\t\t\t\t\t\t\t\t\t<a class=\"elementor-button elementor-button-link elementor-size-sm\" href=\"https:\/\/medicaltravel.ch\/weitere-behandlungen\/weitere-behandlungen\/behandlungsspektrum\/check-up\/\">\n\t\t\t\t\t\t<span class=\"elementor-button-content-wrapper\">\n\t\t\t\t\t\t\t\t\t<span class=\"elementor-button-text\">Kontrol etmek<\/span>\n\t\t\t\t\t<\/span>\n\t\t\t\t\t<\/a>\n\t\t\t\t\t\t\t\t<\/div>\n\t\t\t\t<div class=\"elementor-element elementor-element-0c8b0ed elementor-widget elementor-widget-button\" data-id=\"0c8b0ed\" data-element_type=\"widget\" data-e-type=\"widget\" data-widget_type=\"button.default\">\n\t\t\t\t\t\t\t\t\t\t<a class=\"elementor-button elementor-button-link elementor-size-sm\" href=\"https:\/\/medicaltravel.ch\/weitere-behandlungen\/weitere-behandlungen\/behandlungsspektrum\/gewichtsreduktion\/\">\n\t\t\t\t\t\t<span class=\"elementor-button-content-wrapper\">\n\t\t\t\t\t\t\t\t\t<span class=\"elementor-button-text\">Kilo kayb\u0131<\/span>\n\t\t\t\t\t<\/span>\n\t\t\t\t\t<\/a>\n\t\t\t\t\t\t\t\t<\/div>\n\t\t\t\t<div class=\"elementor-element elementor-element-1c4f967 elementor-widget elementor-widget-button\" data-id=\"1c4f967\" data-element_type=\"widget\" data-e-type=\"widget\" data-widget_type=\"button.default\">\n\t\t\t\t\t\t\t\t\t\t<a class=\"elementor-button elementor-button-link elementor-size-sm\" href=\"https:\/\/medicaltravel.ch\/weitere-behandlungen\/weitere-behandlungen\/behandlungsspektrum\/orthopaedie\/\">\n\t\t\t\t\t\t<span class=\"elementor-button-content-wrapper\">\n\t\t\t\t\t\t\t\t\t<span class=\"elementor-button-text\">Ortopedi<\/span>\n\t\t\t\t\t<\/span>\n\t\t\t\t\t<\/a>\n\t\t\t\t\t\t\t\t<\/div>\n\t\t\t\t<div class=\"elementor-element elementor-element-15c2631 elementor-widget elementor-widget-button\" data-id=\"15c2631\" data-element_type=\"widget\" data-e-type=\"widget\" data-widget_type=\"button.default\">\n\t\t\t\t\t\t\t\t\t\t<a class=\"elementor-button elementor-button-link elementor-size-sm\" href=\"https:\/\/medicaltravel.ch\/weitere-behandlungen\/weitere-behandlungen\/behandlungsspektrum\/sportmedizin\/\">\n\t\t\t\t\t\t<span class=\"elementor-button-content-wrapper\">\n\t\t\t\t\t\t\t\t\t<span class=\"elementor-button-text\">Spor hekimli\u011fi<\/span>\n\t\t\t\t\t<\/span>\n\t\t\t\t\t<\/a>\n\t\t\t\t\t\t\t\t<\/div>\n\t\t\t\t<div class=\"elementor-element elementor-element-c0d8775 elementor-widget elementor-widget-button\" data-id=\"c0d8775\" data-element_type=\"widget\" data-e-type=\"widget\" data-widget_type=\"button.default\">\n\t\t\t\t\t\t\t\t\t\t<a class=\"elementor-button elementor-button-link elementor-size-sm\" href=\"https:\/\/medicaltravel.ch\/weitere-behandlungen\/weitere-behandlungen\/behandlungsspektrum\/krebsbehandlungen\/\">\n\t\t\t\t\t\t<span class=\"elementor-button-content-wrapper\">\n\t\t\t\t\t\t\t\t\t<span class=\"elementor-button-text\">Kanser tedavileri<\/span>\n\t\t\t\t\t<\/span>\n\t\t\t\t\t<\/a>\n\t\t\t\t\t\t\t\t<\/div>\n\t\t\t\t<div class=\"elementor-element elementor-element-38a8ead elementor-widget elementor-widget-button\" data-id=\"38a8ead\" data-element_type=\"widget\" data-e-type=\"widget\" data-widget_type=\"button.default\">\n\t\t\t\t\t\t\t\t\t\t<a class=\"elementor-button elementor-button-link elementor-size-sm\" href=\"https:\/\/medicaltravel.ch\/weitere-behandlungen\/weitere-behandlungen\/behandlungsspektrum\/organtransplantation\/\">\n\t\t\t\t\t\t<span class=\"elementor-button-content-wrapper\">\n\t\t\t\t\t\t\t\t\t<span class=\"elementor-button-text\">Organ nakli<\/span>\n\t\t\t\t\t<\/span>\n\t\t\t\t\t<\/a>\n\t\t\t\t\t\t\t\t<\/div>\n\t\t\t\t<div class=\"elementor-element elementor-element-07656fb elementor-widget elementor-widget-button\" data-id=\"07656fb\" data-element_type=\"widget\" data-e-type=\"widget\" data-widget_type=\"button.default\">\n\t\t\t\t\t\t\t\t\t\t<a class=\"elementor-button elementor-button-link elementor-size-sm\" href=\"https:\/\/medicaltravel.ch\/weitere-behandlungen\/weitere-behandlungen\/behandlungsspektrum\/herzoperationen\/\">\n\t\t\t\t\t\t<span class=\"elementor-button-content-wrapper\">\n\t\t\t\t\t\t\t\t\t<span class=\"elementor-button-text\">Kalp ameliyat\u0131<\/span>\n\t\t\t\t\t<\/span>\n\t\t\t\t\t<\/a>\n\t\t\t\t\t\t\t\t<\/div>\n\t\t\t\t<div class=\"elementor-element elementor-element-152be35 elementor-widget elementor-widget-button\" data-id=\"152be35\" data-element_type=\"widget\" data-e-type=\"widget\" data-widget_type=\"button.default\">\n\t\t\t\t\t\t\t\t\t\t<a class=\"elementor-button elementor-button-link elementor-size-sm\" href=\"https:\/\/medicaltravel.ch\/weitere-behandlungen\/weitere-behandlungen\/behandlungsspektrum\/hals-nase-ohren\/\">\n\t\t\t\t\t\t<span class=\"elementor-button-content-wrapper\">\n\t\t\t\t\t\t\t\t\t<span class=\"elementor-button-text\">bo\u011faz, burun, kulaklar<\/span>\n\t\t\t\t\t<\/span>\n\t\t\t\t\t<\/a>\n\t\t\t\t\t\t\t\t<\/div>\n\t\t\t\t<div class=\"elementor-element elementor-element-62ed53e elementor-widget elementor-widget-button\" data-id=\"62ed53e\" data-element_type=\"widget\" data-e-type=\"widget\" data-widget_type=\"button.default\">\n\t\t\t\t\t\t\t\t\t\t<a class=\"elementor-button elementor-button-link elementor-size-sm\" href=\"https:\/\/medicaltravel.ch\/weitere-behandlungen\/weitere-behandlungen\/behandlungsspektrum\/neurologie\/\">\n\t\t\t\t\t\t<span class=\"elementor-button-content-wrapper\">\n\t\t\t\t\t\t\t\t\t<span class=\"elementor-button-text\">N\u00f6roloji<\/span>\n\t\t\t\t\t<\/span>\n\t\t\t\t\t<\/a>\n\t\t\t\t\t\t\t\t<\/div>\n\t\t\t\t<\/div>\n\t\t\t\t<div class=\"elementor-element elementor-element-2d29407b elementor-widget elementor-widget-text-editor\" data-id=\"2d29407b\" data-element_type=\"widget\" data-e-type=\"widget\" data-widget_type=\"text-editor.default\">\n\t\t\t\t\t\t\t\t\t\n<h2 class=\"wp-block-heading\">GENEL CERRAH\u0130<\/h2>\n\n<p>Genel cerrahi klini\u011fimiz, deneyimli hekimler ve onlar\u0131n uzmanl\u0131k ve alt uzmanl\u0131k alanlar\u0131 taraf\u0131ndan tasarlanm\u0131\u015ft\u0131r. Toplumda en s\u0131k cerrahi m\u00fcdahale gerektiren alanlar\u0131n temsil edilmesine \u00f6zellikle dikkat edilmi\u015ftir. <\/p>\n\n<p><strong>Gastrointestinal Cerrahi<\/strong><\/p>\n\n<p>Endoskopik ve laparoskopik tekniklerdeki geli\u015fmeler sayesinde mide ve ba\u011f\u0131rsaklar\u0131n cerrahi tedavisi \u00f6nemli \u00f6l\u00e7\u00fcde kolayla\u015fm\u0131\u015ft\u0131r. Genel Cerrahi Anabilim Dal\u0131m\u0131z, \u00f6zellikle kolon hastal\u0131klar\u0131n\u0131n erken te\u015fhisi ve endoskopik ve laparoskopik cerrahi tedavisi konusunda zengin bir deneyime sahiptir. <\/p>\n\n<p><strong>Karaci\u011fer, pankreas ve safra kanal\u0131 ameliyatlar\u0131<\/strong><\/p>\n\n<p>Onkolojik tedavilerdeki son geli\u015fmeler, karaci\u011fer ve pankreas t\u00fcm\u00f6rleri i\u00e7in yeni tedavi y\u00f6ntemlerine olanak sa\u011flamaktad\u0131r. Sadece son derece deneyimli cerrahlar\u0131m\u0131z de\u011fil, ayn\u0131 zamanda giri\u015fimsel radyoloji, endoskopi uzmanlar\u0131 ve onkologlardan olu\u015fan disiplinler aras\u0131 merkezimiz de \u00fclke genelinde karaci\u011fer ve pankreas hastal\u0131klar\u0131n\u0131n tedavisinde yeni olanaklar sunmaktad\u0131r. <\/p>\n\n<p><strong>Meme Klini\u011fi<\/strong><\/p>\n\n<p>Meme klini\u011finde hastalar, poliklinik odalar\u0131, tedavi odalar\u0131, iyile\u015fme odalar\u0131 ve mamografi ve ultrason muayeneleri i\u00e7in ayr\u0131lm\u0131\u015f odalardan olu\u015fan birle\u015fik bir ortamda tedavi edilir. Sa\u011fl\u0131k hizmetleri, genel cerrahi, radyoloji, patoloji ve t\u0131bbi ve radyolojik onkoloji alanlar\u0131nda uzmanlardan olu\u015fan bir t\u00fcm\u00f6r kurulu taraf\u0131ndan y\u00f6netilmektedir. Bu i\u015fbirlik\u00e7i yakla\u015f\u0131m, hastalar\u0131n birden fazla tesise gitmek zorunda kalmadan te\u015fhis ve tedavi edilmelerini sa\u011flar.  <\/p>\n\n<p><strong>Tiroid Klini\u011fi<\/strong><\/p>\n\n<p>Tiroid hastalar\u0131n\u0131n tedavisi sadece cerrahi m\u00fcdahale de\u011fil, ayn\u0131 zamanda endokrinoloji ve n\u00fckleer t\u0131p uzmanlar\u0131yla i\u015f birli\u011fini de gerektirir. Tiroid klini\u011fimizdeki hastalar, bu \u00fc\u00e7 alanda deneyimli uzmanlar taraf\u0131ndan geli\u015ftirilen bir prosed\u00fcre g\u00f6re tedavi edilmektedir. <\/p>\n\n<p>Ac\u0131badem Hastaneler Grubu Genel Cerrahi B\u00f6l\u00fcm\u00fc, hastalar\u0131n muayene ve tedavilerinin hastanelerde, kliniklerde ve polikliniklerde ger\u00e7ekle\u015ftirilece\u011fi \u015fekilde organize edilmi\u015ftir. Yatarak ve ayakta tedavi hizmetleri ile acil servisler 7\/24 hizmet vermektedir. <\/p>\n\n<p>B\u00f6l\u00fcm\u00fcn belirtilen amac\u0131, t\u0131bbi hatalardan ar\u0131nm\u0131\u015f, hasta odakl\u0131, g\u00fcler y\u00fczl\u00fc, nitelikli ve g\u00fcvenilir hizmetler sunmakt\u0131r. Ayr\u0131ca, \u0130stanbul&#8217;da t\u00fcm cerrahi hizmetler, \u00f6zellikle minimal invaziv (laparoskopik\/kanamas\u0131z cerrahi) ve acil cerrahi alanlar\u0131nda \u00f6nde gelen bir merkez olmay\u0131 hedeflemektedir. <\/p>\n\n<p>Haftada bir d\u00fczenli olarak yap\u0131lan e\u011fitim toplant\u0131lar\u0131nda, tamamlanm\u0131\u015f veya yak\u0131nda yap\u0131lacak t\u00fcm operasyonlar tart\u0131\u015f\u0131l\u0131r ve de\u011ferlendirilir. Bu toplant\u0131lar ayr\u0131ca, standartla\u015ft\u0131r\u0131lm\u0131\u015f klinik prosed\u00fcrleri sa\u011flamak amac\u0131yla ilgili departmanlarla i\u015f birli\u011fi i\u00e7inde k\u0131lavuzlar geli\u015ftirmek i\u00e7in bir forum g\u00f6revi g\u00f6r\u00fcr. Farkl\u0131 uzmanl\u0131k alanlar\u0131ndan meslekta\u015flar aras\u0131nda bilgi al\u0131\u015fveri\u015fini kolayla\u015ft\u0131rmak i\u00e7in departmanlardan veya konuk konu\u015fmac\u0131lardan olu\u015fan konferanslar ve komite toplant\u0131lar\u0131 d\u00fczenlenir. Ayr\u0131ca, sekt\u00f6rdeki \u015firketlerle d\u00fczenli toplant\u0131lar yap\u0131l\u0131r; bu toplant\u0131larda yeni \u00fcr\u00fcnler tan\u0131t\u0131l\u0131r ve g\u00fcncel konular\u0131n tart\u0131\u015f\u0131lmas\u0131 i\u00e7in platformlar olu\u015fturulur.   <\/p>\n\n<p>\u00c7e\u015fitli uzmanl\u0131k alanlar\u0131 ve ilgi alanlar\u0131ndaki derin bilgi birikimi sayesinde, \u00f6zellikle minimal invaziv cerrahide, ancak ayn\u0131 zamanda acil cerrahi ve endokrin cerrahisinde (meme, tiroid ve adrenal korteks), gastrointestinal sistem (sindirim sistemi) ve hepatopankreatikobiliyer cerrahide (karaci\u011fer, pankreas ve safra kanal\u0131) yeni y\u00f6ntemler uygulanmaktad\u0131r. Merkez, f\u0131t\u0131k cerrahisi alan\u0131nda \u00f6nde gelen bir merkez olma yolunda ilerlemekte olup, son y\u0131llarda \u00e7ok say\u0131da laparoskopik f\u0131t\u0131k onar\u0131m\u0131 (kanamas\u0131z cerrahi) ger\u00e7ekle\u015ftirmi\u015ftir. <\/p>\n\n<p>Kal\u0131n ba\u011f\u0131rsak (kolon) ve rektum (alt ba\u011f\u0131rsak) hastal\u0131klar\u0131na y\u00f6nelik t\u00fcm i\u015flemler, en son teknoloji kullan\u0131larak ger\u00e7ekle\u015ftirilmektedir. Hastalar\u0131m\u0131za, \u00f6zellikle hemoroid, fist\u00fcl veya fiss\u00fcr gibi anal b\u00f6lgeyi etkileyen rahats\u0131zl\u0131klar i\u00e7in geni\u015f bir tedavi yelpazesi sunulmaktad\u0131r. <\/p>\n\n<p>Ac\u0131badem Hastaneler Grubu&#8217;nda, hasta bak\u0131m\u0131 ve tedavisi i\u00e7in veri elde etmek amac\u0131yla ilgili uzmanlarla i\u015f birli\u011fi i\u00e7inde radyolojik incelemeler (r\u00f6ntgen, ultrason, bilgisayarl\u0131 tomografi, MR, anjiyografi, kolanjiyografi), endoskopi ve perk\u00fctan biyopsi i\u015flemleri ger\u00e7ekle\u015ftirilmektedir.<\/p>\n\t\t\t\t\t\t\t\t<\/div>\n\t\t\t\t\t<\/div>\n\t\t\t\t<\/div>\n\t\t\t\t<\/div>\n\t\t","protected":false},"excerpt":{"rendered":"<p>Genel Cerrahi Kontrol etmek Kilo kayb\u0131 Ortopedi Spor hekimli\u011fi Kanser tedavileri Organ nakli Kalp ameliyat\u0131 bo\u011faz, burun, kulaklar N\u00f6roloji GENEL CERRAH\u0130 Genel cerrahi klini\u011fimiz, deneyimli hekimler ve onlar\u0131n uzmanl\u0131k ve alt uzmanl\u0131k alanlar\u0131 taraf\u0131ndan tasarlanm\u0131\u015ft\u0131r. Toplumda en s\u0131k cerrahi m\u00fcdahale gerektiren alanlar\u0131n temsil edilmesine \u00f6zellikle dikkat edilmi\u015ftir. Gastrointestinal Cerrahi Endoskopik ve laparoskopik tekniklerdeki geli\u015fmeler sayesinde mide ve ba\u011f\u0131rsaklar\u0131n cerrahi tedavisi \u00f6nemli \u00f6l\u00e7\u00fcde kolayla\u015fm\u0131\u015ft\u0131r. Genel Cerrahi Anabilim Dal\u0131m\u0131z, \u00f6zellikle kolon hastal\u0131klar\u0131n\u0131n erken te\u015fhisi ve endoskopik ve laparoskopik cerrahi tedavisi konusunda zengin bir deneyime sahiptir. Karaci\u011fer, pankreas ve safra kanal\u0131 ameliyatlar\u0131 Onkolojik tedavilerdeki son geli\u015fmeler, karaci\u011fer ve pankreas t\u00fcm\u00f6rleri i\u00e7in yeni tedavi y\u00f6ntemlerine olanak sa\u011flamaktad\u0131r. Sadece son derece deneyimli cerrahlar\u0131m\u0131z de\u011fil, ayn\u0131 zamanda giri\u015fimsel radyoloji, endoskopi uzmanlar\u0131 ve onkologlardan olu\u015fan disiplinler aras\u0131 merkezimiz de \u00fclke genelinde karaci\u011fer ve pankreas hastal\u0131klar\u0131n\u0131n tedavisinde yeni olanaklar sunmaktad\u0131r. Meme Klini\u011fi Meme klini\u011finde hastalar, poliklinik odalar\u0131, tedavi odalar\u0131, iyile\u015fme odalar\u0131 ve mamografi ve ultrason muayeneleri i\u00e7in ayr\u0131lm\u0131\u015f odalardan olu\u015fan birle\u015fik bir ortamda tedavi edilir. Sa\u011fl\u0131k hizmetleri, genel cerrahi, radyoloji, patoloji ve t\u0131bbi ve radyolojik onkoloji alanlar\u0131nda uzmanlardan olu\u015fan bir t\u00fcm\u00f6r kurulu taraf\u0131ndan y\u00f6netilmektedir. Bu i\u015fbirlik\u00e7i yakla\u015f\u0131m, hastalar\u0131n birden fazla tesise gitmek zorunda kalmadan te\u015fhis ve tedavi edilmelerini sa\u011flar. Tiroid Klini\u011fi Tiroid hastalar\u0131n\u0131n tedavisi sadece cerrahi m\u00fcdahale de\u011fil, ayn\u0131 zamanda endokrinoloji ve n\u00fckleer t\u0131p uzmanlar\u0131yla i\u015f birli\u011fini de gerektirir. Tiroid klini\u011fimizdeki hastalar, bu \u00fc\u00e7 alanda deneyimli uzmanlar taraf\u0131ndan geli\u015ftirilen bir prosed\u00fcre g\u00f6re tedavi edilmektedir. Ac\u0131badem Hastaneler Grubu Genel Cerrahi B\u00f6l\u00fcm\u00fc, hastalar\u0131n muayene ve tedavilerinin hastanelerde, kliniklerde ve polikliniklerde ger\u00e7ekle\u015ftirilece\u011fi \u015fekilde organize edilmi\u015ftir. Yatarak ve ayakta tedavi hizmetleri ile acil servisler 7\/24 hizmet vermektedir. B\u00f6l\u00fcm\u00fcn belirtilen amac\u0131, t\u0131bbi hatalardan ar\u0131nm\u0131\u015f, hasta odakl\u0131, g\u00fcler y\u00fczl\u00fc, nitelikli ve g\u00fcvenilir hizmetler sunmakt\u0131r. Ayr\u0131ca, \u0130stanbul&#8217;da t\u00fcm cerrahi hizmetler, \u00f6zellikle minimal invaziv (laparoskopik\/kanamas\u0131z cerrahi) ve acil cerrahi alanlar\u0131nda \u00f6nde gelen bir merkez olmay\u0131 hedeflemektedir. Haftada bir d\u00fczenli olarak yap\u0131lan e\u011fitim toplant\u0131lar\u0131nda, tamamlanm\u0131\u015f veya yak\u0131nda yap\u0131lacak t\u00fcm operasyonlar tart\u0131\u015f\u0131l\u0131r ve de\u011ferlendirilir. Bu toplant\u0131lar ayr\u0131ca, standartla\u015ft\u0131r\u0131lm\u0131\u015f klinik prosed\u00fcrleri sa\u011flamak amac\u0131yla ilgili departmanlarla i\u015f birli\u011fi i\u00e7inde k\u0131lavuzlar geli\u015ftirmek i\u00e7in bir forum g\u00f6revi g\u00f6r\u00fcr. Farkl\u0131 uzmanl\u0131k alanlar\u0131ndan meslekta\u015flar aras\u0131nda bilgi al\u0131\u015fveri\u015fini kolayla\u015ft\u0131rmak i\u00e7in departmanlardan veya konuk konu\u015fmac\u0131lardan olu\u015fan konferanslar ve komite toplant\u0131lar\u0131 d\u00fczenlenir. Ayr\u0131ca, sekt\u00f6rdeki \u015firketlerle d\u00fczenli toplant\u0131lar yap\u0131l\u0131r; bu toplant\u0131larda yeni \u00fcr\u00fcnler tan\u0131t\u0131l\u0131r ve g\u00fcncel konular\u0131n tart\u0131\u015f\u0131lmas\u0131 i\u00e7in platformlar olu\u015fturulur. \u00c7e\u015fitli uzmanl\u0131k alanlar\u0131 ve ilgi alanlar\u0131ndaki derin bilgi birikimi sayesinde, \u00f6zellikle minimal invaziv cerrahide, ancak ayn\u0131 zamanda acil cerrahi ve endokrin cerrahisinde (meme, tiroid ve adrenal korteks), gastrointestinal sistem (sindirim sistemi) ve hepatopankreatikobiliyer cerrahide (karaci\u011fer, pankreas ve safra kanal\u0131) yeni y\u00f6ntemler uygulanmaktad\u0131r. Merkez, f\u0131t\u0131k cerrahisi alan\u0131nda \u00f6nde gelen bir merkez olma yolunda ilerlemekte olup, son y\u0131llarda \u00e7ok say\u0131da laparoskopik f\u0131t\u0131k onar\u0131m\u0131 (kanamas\u0131z cerrahi) ger\u00e7ekle\u015ftirmi\u015ftir. Kal\u0131n ba\u011f\u0131rsak (kolon) ve rektum (alt ba\u011f\u0131rsak) hastal\u0131klar\u0131na y\u00f6nelik t\u00fcm i\u015flemler, en son teknoloji kullan\u0131larak ger\u00e7ekle\u015ftirilmektedir. Hastalar\u0131m\u0131za, \u00f6zellikle hemoroid, fist\u00fcl veya fiss\u00fcr gibi anal b\u00f6lgeyi etkileyen rahats\u0131zl\u0131klar i\u00e7in geni\u015f bir tedavi yelpazesi sunulmaktad\u0131r. Ac\u0131badem Hastaneler Grubu&#8217;nda, hasta bak\u0131m\u0131 ve tedavisi i\u00e7in veri elde etmek amac\u0131yla ilgili uzmanlarla i\u015f birli\u011fi i\u00e7inde radyolojik incelemeler (r\u00f6ntgen, ultrason, bilgisayarl\u0131 tomografi, MR, anjiyografi, kolanjiyografi), endoskopi ve perk\u00fctan biyopsi i\u015flemleri ger\u00e7ekle\u015ftirilmektedir.<\/p>\n","protected":false},"author":4,"featured_media":0,"parent":5503,"menu_order":0,"comment_status":"closed","ping_status":"closed","template":"","meta":{"_joinchat":[],"footnotes":""},"class_list":["post-5504","page","type-page","status-publish","hentry"],"acf":[],"_links":{"self":[{"href":"https:\/\/medicaltravel.ch\/tr\/wp-json\/wp\/v2\/pages\/5504","targetHints":{"allow":["GET"]}}],"collection":[{"href":"https:\/\/medicaltravel.ch\/tr\/wp-json\/wp\/v2\/pages"}],"about":[{"href":"https:\/\/medicaltravel.ch\/tr\/wp-json\/wp\/v2\/types\/page"}],"author":[{"embeddable":true,"href":"https:\/\/medicaltravel.ch\/tr\/wp-json\/wp\/v2\/users\/4"}],"replies":[{"embeddable":true,"href":"https:\/\/medicaltravel.ch\/tr\/wp-json\/wp\/v2\/comments?post=5504"}],"version-history":[{"count":3,"href":"https:\/\/medicaltravel.ch\/tr\/wp-json\/wp\/v2\/pages\/5504\/revisions"}],"predecessor-version":[{"id":5507,"href":"https:\/\/medicaltravel.ch\/tr\/wp-json\/wp\/v2\/pages\/5504\/revisions\/5507"}],"up":[{"embeddable":true,"href":"https:\/\/medicaltravel.ch\/tr\/wp-json\/wp\/v2\/pages\/5503"}],"wp:attachment":[{"href":"https:\/\/medicaltravel.ch\/tr\/wp-json\/wp\/v2\/media?parent=5504"}],"curies":[{"name":"wp","href":"https:\/\/api.w.org\/{rel}","templated":true}]}}