{"id":5509,"date":"2025-09-17T09:57:53","date_gmt":"2025-09-17T08:57:53","guid":{"rendered":"https:\/\/medicaltravel.ch\/daha-ileri-tedaviler\/daha-ileri-tedaviler\/tedavi-yelpazesi\/kontrol-etmek\/"},"modified":"2026-01-04T18:33:02","modified_gmt":"2026-01-04T17:33:02","slug":"kontrol-etmek","status":"publish","type":"page","link":"https:\/\/medicaltravel.ch\/tr\/daha-ileri-tedaviler\/daha-ileri-tedaviler\/tedavi-yelpazesi\/kontrol-etmek\/","title":{"rendered":"Kontrol etmek"},"content":{"rendered":"\t\t<div data-elementor-type=\"wp-page\" data-elementor-id=\"5509\" class=\"elementor elementor-5509 elementor-175\" data-elementor-post-type=\"page\">\n\t\t\t\t<div class=\"elementor-element elementor-element-6b5277cc e-flex e-con-boxed wpr-particle-no wpr-jarallax-no wpr-parallax-no wpr-sticky-section-no e-con e-parent\" data-id=\"6b5277cc\" data-element_type=\"container\" data-e-type=\"container\">\n\t\t\t\t\t<div class=\"e-con-inner\">\n\t\t<div class=\"elementor-element elementor-element-2bc1c90 e-con-full e-flex wpr-particle-no wpr-jarallax-no wpr-parallax-no wpr-sticky-section-no e-con e-child\" data-id=\"2bc1c90\" data-element_type=\"container\" data-e-type=\"container\">\n\t\t\t\t<div class=\"elementor-element elementor-element-63cc4b3 elementor-widget elementor-widget-button\" data-id=\"63cc4b3\" data-element_type=\"widget\" data-e-type=\"widget\" data-widget_type=\"button.default\">\n\t\t\t\t\t\t\t\t\t\t<a class=\"elementor-button elementor-button-link elementor-size-sm\" href=\"https:\/\/medicaltravel.ch\/tr\/daha-ileri-tedaviler\/daha-ileri-tedaviler\/tedavi-yelpazesi\/genel-cerrahi\/\">\n\t\t\t\t\t\t<span class=\"elementor-button-content-wrapper\">\n\t\t\t\t\t\t\t\t\t<span class=\"elementor-button-text\">Genel Cerrahi<\/span>\n\t\t\t\t\t<\/span>\n\t\t\t\t\t<\/a>\n\t\t\t\t\t\t\t\t<\/div>\n\t\t\t\t<div class=\"elementor-element elementor-element-4bf71c0 elementor-widget elementor-widget-button\" data-id=\"4bf71c0\" data-element_type=\"widget\" data-e-type=\"widget\" data-widget_type=\"button.default\">\n\t\t\t\t\t\t\t\t\t\t<a class=\"elementor-button elementor-button-link elementor-size-sm\" href=\"https:\/\/medicaltravel.ch\/tr\/daha-ileri-tedaviler\/daha-ileri-tedaviler\/tedavi-yelpazesi\/kontrol-etmek\/\">\n\t\t\t\t\t\t<span class=\"elementor-button-content-wrapper\">\n\t\t\t\t\t\t\t\t\t<span class=\"elementor-button-text\">Kontrol etmek<\/span>\n\t\t\t\t\t<\/span>\n\t\t\t\t\t<\/a>\n\t\t\t\t\t\t\t\t<\/div>\n\t\t\t\t<div class=\"elementor-element elementor-element-f75df1b elementor-widget elementor-widget-button\" data-id=\"f75df1b\" data-element_type=\"widget\" data-e-type=\"widget\" data-widget_type=\"button.default\">\n\t\t\t\t\t\t\t\t\t\t<a class=\"elementor-button elementor-button-link elementor-size-sm\" href=\"https:\/\/medicaltravel.ch\/weitere-behandlungen\/weitere-behandlungen\/behandlungsspektrum\/gewichtsreduktion\/\">\n\t\t\t\t\t\t<span class=\"elementor-button-content-wrapper\">\n\t\t\t\t\t\t\t\t\t<span class=\"elementor-button-text\">Kilo kayb\u0131<\/span>\n\t\t\t\t\t<\/span>\n\t\t\t\t\t<\/a>\n\t\t\t\t\t\t\t\t<\/div>\n\t\t\t\t<div class=\"elementor-element elementor-element-285c712 elementor-widget elementor-widget-button\" data-id=\"285c712\" data-element_type=\"widget\" data-e-type=\"widget\" data-widget_type=\"button.default\">\n\t\t\t\t\t\t\t\t\t\t<a class=\"elementor-button elementor-button-link elementor-size-sm\" href=\"https:\/\/medicaltravel.ch\/weitere-behandlungen\/weitere-behandlungen\/behandlungsspektrum\/orthopaedie\/\">\n\t\t\t\t\t\t<span class=\"elementor-button-content-wrapper\">\n\t\t\t\t\t\t\t\t\t<span class=\"elementor-button-text\">Ortopedi<\/span>\n\t\t\t\t\t<\/span>\n\t\t\t\t\t<\/a>\n\t\t\t\t\t\t\t\t<\/div>\n\t\t\t\t<div class=\"elementor-element elementor-element-c2ea563 elementor-widget elementor-widget-button\" data-id=\"c2ea563\" data-element_type=\"widget\" data-e-type=\"widget\" data-widget_type=\"button.default\">\n\t\t\t\t\t\t\t\t\t\t<a class=\"elementor-button elementor-button-link elementor-size-sm\" href=\"https:\/\/medicaltravel.ch\/weitere-behandlungen\/weitere-behandlungen\/behandlungsspektrum\/sportmedizin\/\">\n\t\t\t\t\t\t<span class=\"elementor-button-content-wrapper\">\n\t\t\t\t\t\t\t\t\t<span class=\"elementor-button-text\">Spor hekimli\u011fi<\/span>\n\t\t\t\t\t<\/span>\n\t\t\t\t\t<\/a>\n\t\t\t\t\t\t\t\t<\/div>\n\t\t\t\t<div class=\"elementor-element elementor-element-6fd27d0 elementor-widget elementor-widget-button\" data-id=\"6fd27d0\" data-element_type=\"widget\" data-e-type=\"widget\" data-widget_type=\"button.default\">\n\t\t\t\t\t\t\t\t\t\t<a class=\"elementor-button elementor-button-link elementor-size-sm\" href=\"https:\/\/medicaltravel.ch\/weitere-behandlungen\/weitere-behandlungen\/behandlungsspektrum\/krebsbehandlungen\/\">\n\t\t\t\t\t\t<span class=\"elementor-button-content-wrapper\">\n\t\t\t\t\t\t\t\t\t<span class=\"elementor-button-text\">Kanser tedavileri<\/span>\n\t\t\t\t\t<\/span>\n\t\t\t\t\t<\/a>\n\t\t\t\t\t\t\t\t<\/div>\n\t\t\t\t<div class=\"elementor-element elementor-element-56e849f elementor-widget elementor-widget-button\" data-id=\"56e849f\" data-element_type=\"widget\" data-e-type=\"widget\" data-widget_type=\"button.default\">\n\t\t\t\t\t\t\t\t\t\t<a class=\"elementor-button elementor-button-link elementor-size-sm\" href=\"https:\/\/medicaltravel.ch\/weitere-behandlungen\/weitere-behandlungen\/behandlungsspektrum\/organtransplantation\/\">\n\t\t\t\t\t\t<span class=\"elementor-button-content-wrapper\">\n\t\t\t\t\t\t\t\t\t<span class=\"elementor-button-text\">Organ nakli<\/span>\n\t\t\t\t\t<\/span>\n\t\t\t\t\t<\/a>\n\t\t\t\t\t\t\t\t<\/div>\n\t\t\t\t<div class=\"elementor-element elementor-element-bd6ae70 elementor-widget elementor-widget-button\" data-id=\"bd6ae70\" data-element_type=\"widget\" data-e-type=\"widget\" data-widget_type=\"button.default\">\n\t\t\t\t\t\t\t\t\t\t<a class=\"elementor-button elementor-button-link elementor-size-sm\" href=\"https:\/\/medicaltravel.ch\/weitere-behandlungen\/weitere-behandlungen\/behandlungsspektrum\/herzoperationen\/\">\n\t\t\t\t\t\t<span class=\"elementor-button-content-wrapper\">\n\t\t\t\t\t\t\t\t\t<span class=\"elementor-button-text\">Kalp ameliyat\u0131<\/span>\n\t\t\t\t\t<\/span>\n\t\t\t\t\t<\/a>\n\t\t\t\t\t\t\t\t<\/div>\n\t\t\t\t<div class=\"elementor-element elementor-element-ab42388 elementor-widget elementor-widget-button\" data-id=\"ab42388\" data-element_type=\"widget\" data-e-type=\"widget\" data-widget_type=\"button.default\">\n\t\t\t\t\t\t\t\t\t\t<a class=\"elementor-button elementor-button-link elementor-size-sm\" href=\"https:\/\/medicaltravel.ch\/weitere-behandlungen\/weitere-behandlungen\/behandlungsspektrum\/hals-nase-ohren\/\">\n\t\t\t\t\t\t<span class=\"elementor-button-content-wrapper\">\n\t\t\t\t\t\t\t\t\t<span class=\"elementor-button-text\">bo\u011faz, burun, kulaklar<\/span>\n\t\t\t\t\t<\/span>\n\t\t\t\t\t<\/a>\n\t\t\t\t\t\t\t\t<\/div>\n\t\t\t\t<div class=\"elementor-element elementor-element-404452a elementor-widget elementor-widget-button\" data-id=\"404452a\" data-element_type=\"widget\" data-e-type=\"widget\" data-widget_type=\"button.default\">\n\t\t\t\t\t\t\t\t\t\t<a class=\"elementor-button elementor-button-link elementor-size-sm\" href=\"https:\/\/medicaltravel.ch\/weitere-behandlungen\/weitere-behandlungen\/behandlungsspektrum\/neurologie\/\">\n\t\t\t\t\t\t<span class=\"elementor-button-content-wrapper\">\n\t\t\t\t\t\t\t\t\t<span class=\"elementor-button-text\">N\u00f6roloji<\/span>\n\t\t\t\t\t<\/span>\n\t\t\t\t\t<\/a>\n\t\t\t\t\t\t\t\t<\/div>\n\t\t\t\t<\/div>\n\t\t\t\t<div class=\"elementor-element elementor-element-4c321857 elementor-widget elementor-widget-text-editor\" data-id=\"4c321857\" data-element_type=\"widget\" data-e-type=\"widget\" data-widget_type=\"text-editor.default\">\n\t\t\t\t\t\t\t\t\t\n<h2 class=\"wp-block-heading\">T\u00dcRK\u0130YE&#8217;DE KONTROL<\/h2>\n\n<h2 class=\"wp-block-heading\">\u0130STANBUL&#8217;DA KONTROL<\/h2>\n\n<p><strong>\u0130stanbul&#8217;da Ac\u0131badem&#8217;in ki\u015fiselle\u015ftirilmi\u015f tarama programlar\u0131yla hastal\u0131k riskinizi azalt\u0131n.<\/strong><\/p>\n\n<p>Sa\u011fl\u0131kl\u0131 hissediyorsan\u0131z hastaneye gitmenin, doktorunuza g\u00f6r\u00fcnmenin veya test yapt\u0131rman\u0131n gereksiz oldu\u011funu d\u00fc\u015f\u00fcnebilirsiniz. Ancak, herkesin maruz kald\u0131\u011f\u0131 \u00e7ok say\u0131da sa\u011fl\u0131k riski vard\u0131r. Bu fakt\u00f6rler ki\u015fisel al\u0131\u015fkanl\u0131klardan aile ge\u00e7mi\u015fine (\u00f6rne\u011fin, aile \u00fcyelerinin diyabet, kalp hastal\u0131\u011f\u0131, kanser vb. rahats\u0131zl\u0131klar\u0131 olup olmamas\u0131) kadar uzan\u0131r ve hangi sa\u011fl\u0131k riskleriyle kar\u015f\u0131 kar\u015f\u0131ya kalaca\u011f\u0131n\u0131z\u0131 belirleyebilir. Bu nedenle tarama testleri, hastal\u0131klar\u0131n erken te\u015fhisinde hayati bir rol oynar. Tarama testinden sonra, sa\u011fl\u0131\u011f\u0131n\u0131z hakk\u0131nda bilmeniz gereken her \u015feyi sadece birka\u00e7 saat i\u00e7inde \u00f6\u011frenebilir ve bu da ciddi hastal\u0131klar\u0131 \u00f6nlemenize yard\u0131mc\u0131 olabilir.    <\/p>\n\n<p><strong>Ac\u0131badem&#8217;de s\u0131nava girmenin faydalar\u0131 nelerdir?<\/strong><\/p>\n\n<ul class=\"wp-block-list\">\n<li>\n<ul class=\"wp-block-list\">\n<li>T\u0131p alan\u0131ndaki en son geli\u015fmeleri ve ara\u015ft\u0131rmalar\u0131 yak\u0131ndan takip eden deneyimli bir sa\u011fl\u0131k uzmanlar\u0131 ekibi taraf\u0131ndan \u00f6zenle bak\u0131lacaks\u0131n\u0131z.<\/li>\n\n<li>Hastane, y\u00fcksek kaliteli sa\u011fl\u0131k hizmetlerini temsil eden JCI taraf\u0131ndan akredite edilmi\u015ftir.<\/li>\n\n<li>Laboratuvar\u0131m\u0131z, T\u00fcrkiye&#8217;de ISO 15189 standard\u0131na g\u00f6re sertifikaland\u0131r\u0131lan ilk laboratuvard\u0131r.<\/li>\n\n<li>Soru\u015fturmalar\u0131n sonu\u00e7lar\u0131 uzmanlar taraf\u0131ndan son derece dikkatli ve titizlikle de\u011ferlendirilmektedir.<\/li>\n\n<li>Entegre bak\u0131m sistemimiz sayesinde, muayene paketine dahil olan hizmetler \u00e7e\u015fitli yerlerde kullan\u0131labilmektedir.<\/li>\n\n<li>Genel muayene, kan tahlili ve EKG muayeneleri \u00f6zel olarak belirlenmi\u015f muayene alanlar\u0131nda ger\u00e7ekle\u015ftirilir.<\/li>\n\n<li>Uluslararas\u0131 hastalar terc\u00fcman hizmeti talep edebilirler.<\/li>\n\n<li>Muayene sonu\u00e7lar\u0131 ve doktor raporu dijital ortamda saklanmaktad\u0131r.<\/li>\n\n<li>Hastalar, muayene s\u00fcreci boyunca bir personel e\u015fli\u011finde bulunurlar.<\/li>\n\n<li>Hastalar muayene sonu\u00e7lar\u0131n\u0131 Ac\u0131badem Hastaneler Grubu&#8217;na ba\u011fl\u0131 hastane ve kliniklerden alabilirler.<\/li>\n\n<li>Hastanelerin muayene odalar\u0131nda \u00f6zel VIP bekleme salonlar\u0131 bulunmaktad\u0131r.<\/li>\n<\/ul>\n<\/li>\n<\/ul>\n\n<figure class=\"wp-block-image size-full\"><img fetchpriority=\"high\" decoding=\"async\" width=\"250\" height=\"231\" class=\"wp-image-557\" src=\"https:\/\/medicaltravel.ch\/wp-content\/uploads\/2025\/09\/1-2.jpg\" alt=\"\"><\/figure>\n\n<p><strong>Test sonu\u00e7lar\u0131n\u0131z\u0131 beklerken \u015fu f\u0131rsatlara sahipsiniz:<\/strong><\/p>\n\n<ul class=\"wp-block-list\">\n<li>E-postalar\u0131n\u0131z\u0131 kontrol etmek i\u00e7in interneti kullan\u0131n.<\/li>\n\n<li>Televizyon, gazete veya dergi arac\u0131l\u0131\u011f\u0131yla g\u00fcncel olaylar hakk\u0131nda bilgi edinmek.<\/li>\n\n<li>S\u0131navlar bittikten sonra, bekleme s\u00fcresini k\u0131saltmak i\u00e7in kendinizi kahvalt\u0131 veya ba\u015fka bir \u00f6\u011f\u00fcnle \u00f6d\u00fcllendirin ya da bir i\u00e7ki i\u00e7menin keyfini \u00e7\u0131kar\u0131n.<\/li>\n<\/ul>\n\n<p><strong>SINAVA HAZIRLIK:<\/strong><\/p>\n\n<ul class=\"wp-block-list\">\n<li>\n<ul class=\"wp-block-list\">\n<li>L\u00fctfen randevunuzdan 10-12 saat \u00f6nce hi\u00e7bir \u015fey yemeyin. Bu s\u00fcre boyunca l\u00fctfen sadece su i\u00e7in. <\/li>\n\n<li>Hamileyseniz (muhtemelen), l\u00fctfen doktorunuzla ileti\u015fime ge\u00e7in.<\/li>\n\n<li>L\u00fctfen demir veya C vitamini i\u00e7eren herhangi bir ila\u00e7 kullanmay\u0131n.<\/li>\n\n<li>Muayeneden \u00f6nceki 2 g\u00fcn boyunca k\u0131rm\u0131z\u0131 et, meyan k\u00f6k\u00fc, pancar, \u0131spanak, paz\u0131, turp ve brokoli gibi yiyecekleri t\u00fcketmeyin.<\/li>\n\n<li>Kad\u0131nlarda muayeneler adet d\u00f6neminde yap\u0131lmamal\u0131d\u0131r.<\/li>\n\n<li>Daha \u00f6nce ald\u0131\u011f\u0131n\u0131z di\u011fer test ve s\u0131nav sonu\u00e7lar\u0131n\u0131z varsa, l\u00fctfen randevunuza gelirken bunlar\u0131 da yan\u0131n\u0131zda getirin.<\/li>\n\n<li>Se\u00e7ti\u011finiz program stres EKG&#8217;si i\u00e7eriyorsa, stres EKG&#8217;sinden \u00f6nce a\u015fa\u011f\u0131daki ila\u00e7lar\u0131 almamal\u0131s\u0131n\u0131z:<\/li>\n<\/ul>\n<\/li>\n<\/ul>\n\n<p>a) Egzersiz EKG&#8217;sinden 1 g\u00fcn \u00f6nce kesilmesi gereken ila\u00e7lar:<br>Beta blokerler (Tensinor, Beloc, Concor, vb.)<br>Kalsiyum kanal blokerleri (Isoptin, Diltizem, vb.)<br>Nitratlar (Monoket, Monolong, vb.)<br>b) Egzersiz EKG&#8217;sinden 1 g\u00fcn \u00f6nce kesilmesi gereken ila\u00e7lar:<br>Digoksin<\/p>\n\n<ul class=\"wp-block-list\">\n<li>Stres EKG&#8217;si \u00e7ektirecekseniz l\u00fctfen spor k\u0131yafetleri ve ayakkab\u0131lar\u0131n\u0131z\u0131 yan\u0131n\u0131zda getirin.<\/li>\n<\/ul>\n\n<p><a href=\"https:\/\/medicaltravel.ch\/tr\/simdi-bize-ulasin\/\" data-type=\"page\" data-id=\"225\">Herhangi bir sorunuz varsa, bug\u00fcn bizimle ileti\u015fime ge\u00e7ebilirsiniz. Yard\u0131mc\u0131 olmaktan memnuniyet duyar\u0131z.<\/a> Size yard\u0131mc\u0131 olmaktan mutluluk duyar\u0131z.<\/p>\n\t\t\t\t\t\t\t\t<\/div>\n\t\t\t\t\t<\/div>\n\t\t\t\t<\/div>\n\t\t\t\t<\/div>\n\t\t","protected":false},"excerpt":{"rendered":"<p>Genel Cerrahi Kontrol etmek Kilo kayb\u0131 Ortopedi Spor hekimli\u011fi Kanser tedavileri Organ nakli Kalp ameliyat\u0131 bo\u011faz, burun, kulaklar N\u00f6roloji T\u00dcRK\u0130YE&#8217;DE KONTROL \u0130STANBUL&#8217;DA KONTROL \u0130stanbul&#8217;da Ac\u0131badem&#8217;in ki\u015fiselle\u015ftirilmi\u015f tarama programlar\u0131yla hastal\u0131k riskinizi azalt\u0131n. Sa\u011fl\u0131kl\u0131 hissediyorsan\u0131z hastaneye gitmenin, doktorunuza g\u00f6r\u00fcnmenin veya test yapt\u0131rman\u0131n gereksiz oldu\u011funu d\u00fc\u015f\u00fcnebilirsiniz. Ancak, herkesin maruz kald\u0131\u011f\u0131 \u00e7ok say\u0131da sa\u011fl\u0131k riski vard\u0131r. Bu fakt\u00f6rler ki\u015fisel al\u0131\u015fkanl\u0131klardan aile ge\u00e7mi\u015fine (\u00f6rne\u011fin, aile \u00fcyelerinin diyabet, kalp hastal\u0131\u011f\u0131, kanser vb. rahats\u0131zl\u0131klar\u0131 olup olmamas\u0131) kadar uzan\u0131r ve hangi sa\u011fl\u0131k riskleriyle kar\u015f\u0131 kar\u015f\u0131ya kalaca\u011f\u0131n\u0131z\u0131 belirleyebilir. Bu nedenle tarama testleri, hastal\u0131klar\u0131n erken te\u015fhisinde hayati bir rol oynar. Tarama testinden sonra, sa\u011fl\u0131\u011f\u0131n\u0131z hakk\u0131nda bilmeniz gereken her \u015feyi sadece birka\u00e7 saat i\u00e7inde \u00f6\u011frenebilir ve bu da ciddi hastal\u0131klar\u0131 \u00f6nlemenize yard\u0131mc\u0131 olabilir. Ac\u0131badem&#8217;de s\u0131nava girmenin faydalar\u0131 nelerdir? T\u0131p alan\u0131ndaki en son geli\u015fmeleri ve ara\u015ft\u0131rmalar\u0131 yak\u0131ndan takip eden deneyimli bir sa\u011fl\u0131k uzmanlar\u0131 ekibi taraf\u0131ndan \u00f6zenle bak\u0131lacaks\u0131n\u0131z. Hastane, y\u00fcksek kaliteli sa\u011fl\u0131k hizmetlerini temsil eden JCI taraf\u0131ndan akredite edilmi\u015ftir. Laboratuvar\u0131m\u0131z, T\u00fcrkiye&#8217;de ISO 15189 standard\u0131na g\u00f6re sertifikaland\u0131r\u0131lan ilk laboratuvard\u0131r. Soru\u015fturmalar\u0131n sonu\u00e7lar\u0131 uzmanlar taraf\u0131ndan son derece dikkatli ve titizlikle de\u011ferlendirilmektedir. Entegre bak\u0131m sistemimiz sayesinde, muayene paketine dahil olan hizmetler \u00e7e\u015fitli yerlerde kullan\u0131labilmektedir. Genel muayene, kan tahlili ve EKG muayeneleri \u00f6zel olarak belirlenmi\u015f muayene alanlar\u0131nda ger\u00e7ekle\u015ftirilir. Uluslararas\u0131 hastalar terc\u00fcman hizmeti talep edebilirler. Muayene sonu\u00e7lar\u0131 ve doktor raporu dijital ortamda saklanmaktad\u0131r. Hastalar, muayene s\u00fcreci boyunca bir personel e\u015fli\u011finde bulunurlar. Hastalar muayene sonu\u00e7lar\u0131n\u0131 Ac\u0131badem Hastaneler Grubu&#8217;na ba\u011fl\u0131 hastane ve kliniklerden alabilirler. Hastanelerin muayene odalar\u0131nda \u00f6zel VIP bekleme salonlar\u0131 bulunmaktad\u0131r. Test sonu\u00e7lar\u0131n\u0131z\u0131 beklerken \u015fu f\u0131rsatlara sahipsiniz: E-postalar\u0131n\u0131z\u0131 kontrol etmek i\u00e7in interneti kullan\u0131n. Televizyon, gazete veya dergi arac\u0131l\u0131\u011f\u0131yla g\u00fcncel olaylar hakk\u0131nda bilgi edinmek. S\u0131navlar bittikten sonra, bekleme s\u00fcresini k\u0131saltmak i\u00e7in kendinizi kahvalt\u0131 veya ba\u015fka bir \u00f6\u011f\u00fcnle \u00f6d\u00fcllendirin ya da bir i\u00e7ki i\u00e7menin keyfini \u00e7\u0131kar\u0131n. SINAVA HAZIRLIK: L\u00fctfen randevunuzdan 10-12 saat \u00f6nce hi\u00e7bir \u015fey yemeyin. Bu s\u00fcre boyunca l\u00fctfen sadece su i\u00e7in. Hamileyseniz (muhtemelen), l\u00fctfen doktorunuzla ileti\u015fime ge\u00e7in. L\u00fctfen demir veya C vitamini i\u00e7eren herhangi bir ila\u00e7 kullanmay\u0131n. Muayeneden \u00f6nceki 2 g\u00fcn boyunca k\u0131rm\u0131z\u0131 et, meyan k\u00f6k\u00fc, pancar, \u0131spanak, paz\u0131, turp ve brokoli gibi yiyecekleri t\u00fcketmeyin. Kad\u0131nlarda muayeneler adet d\u00f6neminde yap\u0131lmamal\u0131d\u0131r. Daha \u00f6nce ald\u0131\u011f\u0131n\u0131z di\u011fer test ve s\u0131nav sonu\u00e7lar\u0131n\u0131z varsa, l\u00fctfen randevunuza gelirken bunlar\u0131 da yan\u0131n\u0131zda getirin. Se\u00e7ti\u011finiz program stres EKG&#8217;si i\u00e7eriyorsa, stres EKG&#8217;sinden \u00f6nce a\u015fa\u011f\u0131daki ila\u00e7lar\u0131 almamal\u0131s\u0131n\u0131z: a) Egzersiz EKG&#8217;sinden 1 g\u00fcn \u00f6nce kesilmesi gereken ila\u00e7lar:Beta blokerler (Tensinor, Beloc, Concor, vb.)Kalsiyum kanal blokerleri (Isoptin, Diltizem, vb.)Nitratlar (Monoket, Monolong, vb.)b) Egzersiz EKG&#8217;sinden 1 g\u00fcn \u00f6nce kesilmesi gereken ila\u00e7lar:Digoksin Stres EKG&#8217;si \u00e7ektirecekseniz l\u00fctfen spor k\u0131yafetleri ve ayakkab\u0131lar\u0131n\u0131z\u0131 yan\u0131n\u0131zda getirin. Herhangi bir sorunuz varsa, bug\u00fcn bizimle ileti\u015fime ge\u00e7ebilirsiniz. Yard\u0131mc\u0131 olmaktan memnuniyet duyar\u0131z. Size yard\u0131mc\u0131 olmaktan mutluluk duyar\u0131z.<\/p>\n","protected":false},"author":4,"featured_media":0,"parent":5503,"menu_order":0,"comment_status":"closed","ping_status":"closed","template":"","meta":{"_joinchat":[],"footnotes":""},"class_list":["post-5509","page","type-page","status-publish","hentry"],"acf":[],"_links":{"self":[{"href":"https:\/\/medicaltravel.ch\/tr\/wp-json\/wp\/v2\/pages\/5509","targetHints":{"allow":["GET"]}}],"collection":[{"href":"https:\/\/medicaltravel.ch\/tr\/wp-json\/wp\/v2\/pages"}],"about":[{"href":"https:\/\/medicaltravel.ch\/tr\/wp-json\/wp\/v2\/types\/page"}],"author":[{"embeddable":true,"href":"https:\/\/medicaltravel.ch\/tr\/wp-json\/wp\/v2\/users\/4"}],"replies":[{"embeddable":true,"href":"https:\/\/medicaltravel.ch\/tr\/wp-json\/wp\/v2\/comments?post=5509"}],"version-history":[{"count":3,"href":"https:\/\/medicaltravel.ch\/tr\/wp-json\/wp\/v2\/pages\/5509\/revisions"}],"predecessor-version":[{"id":5512,"href":"https:\/\/medicaltravel.ch\/tr\/wp-json\/wp\/v2\/pages\/5509\/revisions\/5512"}],"up":[{"embeddable":true,"href":"https:\/\/medicaltravel.ch\/tr\/wp-json\/wp\/v2\/pages\/5503"}],"wp:attachment":[{"href":"https:\/\/medicaltravel.ch\/tr\/wp-json\/wp\/v2\/media?parent=5509"}],"curies":[{"name":"wp","href":"https:\/\/api.w.org\/{rel}","templated":true}]}}