{"id":5521,"date":"2025-09-17T10:02:23","date_gmt":"2025-09-17T09:02:23","guid":{"rendered":"https:\/\/medicaltravel.ch\/daha-ileri-tedaviler\/daha-ileri-tedaviler\/tedavi-yelpazesi\/bogaz-burun-kulaklar\/"},"modified":"2026-01-04T18:43:03","modified_gmt":"2026-01-04T17:43:03","slug":"bogaz-burun-kulaklar","status":"publish","type":"page","link":"https:\/\/medicaltravel.ch\/tr\/daha-ileri-tedaviler\/daha-ileri-tedaviler\/tedavi-yelpazesi\/bogaz-burun-kulaklar\/","title":{"rendered":"bo\u011faz, burun, kulaklar"},"content":{"rendered":"\t\t<div data-elementor-type=\"wp-page\" data-elementor-id=\"5521\" class=\"elementor elementor-5521 elementor-189\" data-elementor-post-type=\"page\">\n\t\t\t\t<div class=\"elementor-element elementor-element-32e83d13 e-flex e-con-boxed wpr-particle-no wpr-jarallax-no wpr-parallax-no wpr-sticky-section-no e-con e-parent\" data-id=\"32e83d13\" data-element_type=\"container\" data-e-type=\"container\">\n\t\t\t\t\t<div class=\"e-con-inner\">\n\t\t<div class=\"elementor-element elementor-element-eef0580 e-con-full e-flex wpr-particle-no wpr-jarallax-no wpr-parallax-no wpr-sticky-section-no e-con e-child\" data-id=\"eef0580\" data-element_type=\"container\" data-e-type=\"container\">\n\t\t\t\t<div class=\"elementor-element elementor-element-5938353 elementor-widget elementor-widget-button\" data-id=\"5938353\" data-element_type=\"widget\" data-e-type=\"widget\" data-widget_type=\"button.default\">\n\t\t\t\t\t\t\t\t\t\t<a class=\"elementor-button elementor-button-link elementor-size-sm\" href=\"https:\/\/medicaltravel.ch\/tr\/daha-ileri-tedaviler\/daha-ileri-tedaviler\/tedavi-yelpazesi\/genel-cerrahi\/\">\n\t\t\t\t\t\t<span class=\"elementor-button-content-wrapper\">\n\t\t\t\t\t\t\t\t\t<span class=\"elementor-button-text\">Genel Cerrahi<\/span>\n\t\t\t\t\t<\/span>\n\t\t\t\t\t<\/a>\n\t\t\t\t\t\t\t\t<\/div>\n\t\t\t\t<div class=\"elementor-element elementor-element-2f0cab3 elementor-widget elementor-widget-button\" data-id=\"2f0cab3\" data-element_type=\"widget\" data-e-type=\"widget\" data-widget_type=\"button.default\">\n\t\t\t\t\t\t\t\t\t\t<a class=\"elementor-button elementor-button-link elementor-size-sm\" href=\"https:\/\/medicaltravel.ch\/tr\/daha-ileri-tedaviler\/daha-ileri-tedaviler\/tedavi-yelpazesi\/kontrol-etmek\/\">\n\t\t\t\t\t\t<span class=\"elementor-button-content-wrapper\">\n\t\t\t\t\t\t\t\t\t<span class=\"elementor-button-text\">Kontrol etmek<\/span>\n\t\t\t\t\t<\/span>\n\t\t\t\t\t<\/a>\n\t\t\t\t\t\t\t\t<\/div>\n\t\t\t\t<div class=\"elementor-element elementor-element-3b652a9 elementor-widget elementor-widget-button\" data-id=\"3b652a9\" data-element_type=\"widget\" data-e-type=\"widget\" data-widget_type=\"button.default\">\n\t\t\t\t\t\t\t\t\t\t<a class=\"elementor-button elementor-button-link elementor-size-sm\" href=\"https:\/\/medicaltravel.ch\/tr\/daha-ileri-tedaviler\/daha-ileri-tedaviler\/tedavi-yelpazesi\/kilo-kaybi\/\">\n\t\t\t\t\t\t<span class=\"elementor-button-content-wrapper\">\n\t\t\t\t\t\t\t\t\t<span class=\"elementor-button-text\">Kilo kayb\u0131<\/span>\n\t\t\t\t\t<\/span>\n\t\t\t\t\t<\/a>\n\t\t\t\t\t\t\t\t<\/div>\n\t\t\t\t<div class=\"elementor-element elementor-element-6e7b58f elementor-widget elementor-widget-button\" data-id=\"6e7b58f\" data-element_type=\"widget\" data-e-type=\"widget\" data-widget_type=\"button.default\">\n\t\t\t\t\t\t\t\t\t\t<a class=\"elementor-button elementor-button-link elementor-size-sm\" href=\"https:\/\/medicaltravel.ch\/weitere-behandlungen\/weitere-behandlungen\/behandlungsspektrum\/orthopaedie\/\">\n\t\t\t\t\t\t<span class=\"elementor-button-content-wrapper\">\n\t\t\t\t\t\t\t\t\t<span class=\"elementor-button-text\">Ortopedi<\/span>\n\t\t\t\t\t<\/span>\n\t\t\t\t\t<\/a>\n\t\t\t\t\t\t\t\t<\/div>\n\t\t\t\t<div class=\"elementor-element elementor-element-9636918 elementor-widget elementor-widget-button\" data-id=\"9636918\" data-element_type=\"widget\" data-e-type=\"widget\" data-widget_type=\"button.default\">\n\t\t\t\t\t\t\t\t\t\t<a class=\"elementor-button elementor-button-link elementor-size-sm\" href=\"https:\/\/medicaltravel.ch\/weitere-behandlungen\/weitere-behandlungen\/behandlungsspektrum\/sportmedizin\/\">\n\t\t\t\t\t\t<span class=\"elementor-button-content-wrapper\">\n\t\t\t\t\t\t\t\t\t<span class=\"elementor-button-text\">Spor hekimli\u011fi<\/span>\n\t\t\t\t\t<\/span>\n\t\t\t\t\t<\/a>\n\t\t\t\t\t\t\t\t<\/div>\n\t\t\t\t<div class=\"elementor-element elementor-element-7067611 elementor-widget elementor-widget-button\" data-id=\"7067611\" data-element_type=\"widget\" data-e-type=\"widget\" data-widget_type=\"button.default\">\n\t\t\t\t\t\t\t\t\t\t<a class=\"elementor-button elementor-button-link elementor-size-sm\" href=\"https:\/\/medicaltravel.ch\/weitere-behandlungen\/weitere-behandlungen\/behandlungsspektrum\/krebsbehandlungen\/\">\n\t\t\t\t\t\t<span class=\"elementor-button-content-wrapper\">\n\t\t\t\t\t\t\t\t\t<span class=\"elementor-button-text\">Kanser tedavileri<\/span>\n\t\t\t\t\t<\/span>\n\t\t\t\t\t<\/a>\n\t\t\t\t\t\t\t\t<\/div>\n\t\t\t\t<div class=\"elementor-element elementor-element-f3351a2 elementor-widget elementor-widget-button\" data-id=\"f3351a2\" data-element_type=\"widget\" data-e-type=\"widget\" data-widget_type=\"button.default\">\n\t\t\t\t\t\t\t\t\t\t<a class=\"elementor-button elementor-button-link elementor-size-sm\" href=\"https:\/\/medicaltravel.ch\/weitere-behandlungen\/weitere-behandlungen\/behandlungsspektrum\/organtransplantation\/\">\n\t\t\t\t\t\t<span class=\"elementor-button-content-wrapper\">\n\t\t\t\t\t\t\t\t\t<span class=\"elementor-button-text\">Organ nakli<\/span>\n\t\t\t\t\t<\/span>\n\t\t\t\t\t<\/a>\n\t\t\t\t\t\t\t\t<\/div>\n\t\t\t\t<div class=\"elementor-element elementor-element-6b787fd elementor-widget elementor-widget-button\" data-id=\"6b787fd\" data-element_type=\"widget\" data-e-type=\"widget\" data-widget_type=\"button.default\">\n\t\t\t\t\t\t\t\t\t\t<a class=\"elementor-button elementor-button-link elementor-size-sm\" href=\"https:\/\/medicaltravel.ch\/weitere-behandlungen\/weitere-behandlungen\/behandlungsspektrum\/herzoperationen\/\">\n\t\t\t\t\t\t<span class=\"elementor-button-content-wrapper\">\n\t\t\t\t\t\t\t\t\t<span class=\"elementor-button-text\">Kalp ameliyat\u0131<\/span>\n\t\t\t\t\t<\/span>\n\t\t\t\t\t<\/a>\n\t\t\t\t\t\t\t\t<\/div>\n\t\t\t\t<div class=\"elementor-element elementor-element-274dcb7 elementor-widget elementor-widget-button\" data-id=\"274dcb7\" data-element_type=\"widget\" data-e-type=\"widget\" data-widget_type=\"button.default\">\n\t\t\t\t\t\t\t\t\t\t<a class=\"elementor-button elementor-button-link elementor-size-sm\" href=\"https:\/\/medicaltravel.ch\/tr\/daha-ileri-tedaviler\/daha-ileri-tedaviler\/tedavi-yelpazesi\/bogaz-burun-kulaklar\/\">\n\t\t\t\t\t\t<span class=\"elementor-button-content-wrapper\">\n\t\t\t\t\t\t\t\t\t<span class=\"elementor-button-text\">bo\u011faz, burun, kulaklar<\/span>\n\t\t\t\t\t<\/span>\n\t\t\t\t\t<\/a>\n\t\t\t\t\t\t\t\t<\/div>\n\t\t\t\t<div class=\"elementor-element elementor-element-ef79234 elementor-widget elementor-widget-button\" data-id=\"ef79234\" data-element_type=\"widget\" data-e-type=\"widget\" data-widget_type=\"button.default\">\n\t\t\t\t\t\t\t\t\t\t<a class=\"elementor-button elementor-button-link elementor-size-sm\" href=\"https:\/\/medicaltravel.ch\/weitere-behandlungen\/weitere-behandlungen\/behandlungsspektrum\/neurologie\/\">\n\t\t\t\t\t\t<span class=\"elementor-button-content-wrapper\">\n\t\t\t\t\t\t\t\t\t<span class=\"elementor-button-text\">N\u00f6roloji<\/span>\n\t\t\t\t\t<\/span>\n\t\t\t\t\t<\/a>\n\t\t\t\t\t\t\t\t<\/div>\n\t\t\t\t<\/div>\n\t\t\t\t<div class=\"elementor-element elementor-element-29a1a50a elementor-widget elementor-widget-text-editor\" data-id=\"29a1a50a\" data-element_type=\"widget\" data-e-type=\"widget\" data-widget_type=\"text-editor.default\">\n\t\t\t\t\t\t\t\t\t\n<h2 class=\"wp-block-heading\">\u0130stanbul&#8217;da Bo\u011faz, Burun ve Kulak Tedavileri<\/h2>\n\n<h2 class=\"wp-block-heading\">T\u00fcrkiye&#8217;de bo\u011faz, burun ve kulak ameliyatlar\u0131<\/h2>\n\n<p>Bu uzmanl\u0131k alanlar\u0131 yo\u011fun ve \u00f6zel e\u011fitim gerektirir. Ac\u0131badem kliniklerindeki deneyimli KBB ve odyoloji uzmanlar\u0131m\u0131z, temel KBB e\u011fitimine ek olarak ileri e\u011fitim de alm\u0131\u015flard\u0131r. Kliniklerimiz en son teknolojiyle tam donan\u0131ml\u0131d\u0131r ve \u015fu anda mevcut olan t\u00fcm uluslararas\u0131 KBB tedavilerini ba\u015far\u0131yla uygulamaktad\u0131r.  <\/p>\n\n<p>Ac\u0131badem KBB kliniklerine geldi\u011finizde, son teknoloji \u00fcr\u00fcn\u00fc, tam donan\u0131ml\u0131 bir muayene odas\u0131nda (sert ve esnek endoskoplar; stroboskop, dijital g\u00f6r\u00fcnt\u00fcleme) y\u00fcksek nitelikli doktorlar taraf\u0131ndan muayene edilecek ve uygun tedaviyi alman\u0131z sa\u011flanacakt\u0131r. Ac\u0131badem&#8217;deki KBB uzmanlar\u0131, kapsaml\u0131 hasta bak\u0131m\u0131 sa\u011flamak i\u00e7in di\u011fer uzmanlarla yak\u0131n i\u015fbirli\u011fi i\u00e7inde \u00e7al\u0131\u015fmaktad\u0131r. <\/p>\n\n<p>Kulak Burun Bo\u011faz\/N\u00f6rotoloji<br>Kulak Burun Bo\u011faz\/N\u00f6rotoloji b\u00f6l\u00fcm\u00fc a\u015fa\u011f\u0131daki tedavileri ger\u00e7ekle\u015ftirmektedir: kulak \u00e7\u0131nlamas\u0131 tedavisi, ba\u015f d\u00f6nmesi tedavisi, kulak zar\u0131 ve orta kulak hastal\u0131klar\u0131 ameliyat\u0131, otoskleroz ameliyat\u0131, i\u015fitme kayb\u0131n\u0131n te\u015fhis ve tedavisi, koklear implant (biyonik kulak olarak da bilinir) cerrahi implantasyonu, i\u015fitme cihazlar\u0131yla rehabilitasyon ve cerrahi olarak implante edilmi\u015f i\u015fitme cihazlar\u0131n\u0131n ayarlanmas\u0131. Ayr\u0131ca kulak displazisi ameliyat\u0131, BAHA uygulamas\u0131 ve mikrotia tedavisi de mevcuttur. <\/p>\n\n<p>KBB B\u00f6lgesindeki T\u00fcm\u00f6rler \u0130\u00e7in Cerrahi<br>KBB cerrahisinde, kulak, burun ve bo\u011faz b\u00f6lgesi, a\u011f\u0131z ve burun bo\u015flu\u011fu, g\u0131rtlak ve t\u00fck\u00fcr\u00fck bezleri ile ilgili rahats\u0131zl\u0131klar\u0131n tedavisinde en modern y\u00f6ntemler kullan\u0131lmaktad\u0131r. Tiroid bezi ve boyun b\u00f6lgesindeki benign ve malign t\u00fcm\u00f6rler de te\u015fhis ve tedavi edilmektedir. Cerrahi i\u015flemlerin yan\u0131 s\u0131ra, hasarl\u0131 dokuyu yeniden yap\u0131land\u0131rmak i\u00e7in ameliyat sonras\u0131 tedaviler ve onkolojik tedaviler de sa\u011flanmaktad\u0131r.  <\/p>\n\n<p>Rinoplasti<br>Rinoloji b\u00f6l\u00fcm\u00fcm\u00fcz, burun t\u0131kan\u0131kl\u0131klar\u0131 ve sin\u00fczit te\u015fhis ve tedavisinde t\u0131bbi ve cerrahi y\u00f6ntemleri ba\u015far\u0131yla uygulamakta ve ayr\u0131ca alerji tedavileri de ger\u00e7ekle\u015ftirmektedir. Koanal atrezi gibi do\u011fu\u015ftan gelen burun t\u0131kan\u0131kl\u0131klar\u0131 da ba\u015far\u0131yla tedavi edilebilmektedir. <\/p>\n\n<p>G\u00fcn\u00fcm\u00fczde endoskopik i\u015flemler, sin\u00fcs hastal\u0131klar\u0131n\u0131n tedavisinde s\u0131kl\u0131kla kullan\u0131lmaktad\u0131r. Klini\u011fimiz, cerrahi komplikasyon riskini \u00f6nemli \u00f6l\u00e7\u00fcde azaltan en geli\u015fmi\u015f ve modern cerrahi navigasyon sistemini kullanmaktad\u0131r. Bu sayede olas\u0131 yan etki riski son derece d\u00fc\u015f\u00fck bir seviyeye indirilebilmektedir. Bu teknik, \u00f6zellikle daha \u00f6nce anatomik yap\u0131lar\u0131nda de\u011fi\u015fikliklere yol a\u00e7an ameliyatlar ge\u00e7irmi\u015f veya t\u00fcm\u00f6rden muzdarip hastalar i\u00e7in olduk\u00e7a faydal\u0131d\u0131r.   <\/p>\n\n<p>\u00c7ocuklarda Kulak Burun Bo\u011faz Hastal\u0131klar\u0131<br>Klini\u011fimiz, bu kadar kapsaml\u0131 tedavi sunan az say\u0131daki merkezden biridir. \u00c7ocuk KBB b\u00f6l\u00fcm\u00fcndeki uzmanlar\u0131m\u0131z, bademcik ve geniz eti ameliyatlar\u0131n\u0131n \u00e7ok \u00f6tesine ge\u00e7en tedaviler uygulamaktad\u0131r. Bunlar aras\u0131nda; do\u011fu\u015ftan gelen anomalilerin (kulak veya burun olmadan do\u011fma, yar\u0131k damak), do\u011fu\u015ftan gelen boyun anomalilerinden kaynaklanan solunum yolu hastal\u0131klar\u0131n\u0131n yan\u0131 s\u0131ra do\u011fu\u015ftan kistler ve yer kaplayan lezyonlar\u0131n tedavisi yer almaktad\u0131r.  <\/p>\n\n<p>Ses ve Yutma Bozukluklar\u0131<br>Ses ve Yutma Bozukluklar\u0131 B\u00f6l\u00fcm\u00fc, disfoni (ses kayb\u0131), ses bozukluklar\u0131, yutma bozukluklar\u0131 ve sialore (a\u011f\u0131zdan t\u00fck\u00fcr\u00fck akmas\u0131) gibi rahats\u0131zl\u0131klar i\u00e7in gerekli muayeneleri, rehabilitasyon \u00f6nlemlerini, tedavileri ve ameliyatlar\u0131 ger\u00e7ekle\u015ftirir.<\/p>\n\n<p>Lumenis CO2 lazeri, d\u00fcnyada sadece birka\u00e7 tesiste bulunan en son teknolojiyi kullanmaktad\u0131r. Deneyimli uzmanlar\u0131m\u0131z, cihaz\u0131 ses teli bozukluklar\u0131 (polipler, lezyonlar), trakea stenozu (trakea t\u00fcm\u00f6rleri) ve boyun t\u00fcm\u00f6rleri gibi durumlar\u0131n tedavisinde kullanmaktad\u0131r. A\u011f\u0131z ve burun t\u00fcm\u00f6rleri ve cilt lezyonlar\u0131 da minimal kanama ile lazerle tedavi edilebilir. Ayr\u0131ca, lazer, solunum yolu viral enfeksiyonu olan papillomlar i\u00e7in olduk\u00e7a etkili bir tedavi se\u00e7ene\u011fi sunmaktad\u0131r. Lazer ayr\u0131ca, cilt lezyonlar\u0131n\u0131n tedavisinde plastik CO2 lazer cerrahisinde de ba\u015far\u0131yla kullan\u0131lmaktad\u0131r.    <\/p>\n\n<p>Horlama ve Uyku Bozukluklar\u0131<br>Klini\u011fimizde horlama ve uyku apnesi sorunu ya\u015fayan hastalar muayene edilmektedir. Uyku bozukluklar\u0131 uyku laboratuvar\u0131m\u0131zda incelenerek uygun tedavi y\u00f6ntemleri (cerrahi veya CPAP \u2013 hava bas\u0131nc\u0131n\u0131 d\u00fczenleyerek solunum yollar\u0131n\u0131 a\u00e7\u0131k tutan bir maske) \u00f6nerilmektedir. <\/p>\n\n<p>\u0130\u015fitme ve Konu\u015fma Bozukluklar\u0131<br>\u0130\u015fitme ve Konu\u015fma Bozukluklar\u0131 B\u00f6l\u00fcm\u00fc a\u015fa\u011f\u0131daki tedavileri sunmaktad\u0131r: i\u015fitme testleri, denge testleri, kulak \u00e7\u0131nlamas\u0131 rehabilitasyonu, denge bozukluklar\u0131n\u0131n tedavisi, konu\u015fma ve yutma terapisi, i\u015fitme cihaz\u0131 se\u00e7imi ve tak\u0131lmas\u0131 ve do\u011fu\u015ftan i\u015fitme kayb\u0131 veya do\u011fum sonras\u0131 ilerleyici i\u015fitme kayb\u0131 olan hastalar i\u00e7in koklear implantasyon. T\u00fcm tedavi \u00f6ncesi testler ve tedavi sonras\u0131 rehabilitasyon, odyoloji uzmanlar\u0131m\u0131z taraf\u0131ndan ger\u00e7ekle\u015ftirilir. Odyoloji b\u00f6l\u00fcm\u00fcm\u00fcz en son teknolojiyi kullanmaktad\u0131r. \u0130\u015fitme testleri normal, yank\u0131s\u0131z odalarda yap\u0131l\u0131r. Klinik, video-ENG, termal test ve pozisyonel denemeler yapmaktad\u0131r. Hastalar ayr\u0131ca i\u015fitme cihaz\u0131 se\u00e7ene\u011fini de tercih edebilir ve cihazlar tak\u0131l\u0131r. Klinik ayr\u0131ca kulak \u00e7\u0131nlamas\u0131 tedavisi i\u00e7in gerekli teknolojiye de sahiptir.      <\/p>\n\n<p><strong>Koklear implant nedir?<\/strong><br>Koklear implant (biyonik kulak implant\u0131), \u015fiddetli veya ileri derecede sens\u00f6rin\u00f6ral i\u015fitme kayb\u0131 (sinirsel sa\u011f\u0131rl\u0131k) olan ki\u015filerde i\u015fitmeyi k\u0131smen geri kazand\u0131rabilen bilgisayar kontroll\u00fc bir cihazd\u0131r. Be\u015f duyudan birini geri kazand\u0131rabilen tek t\u0131bbi teknolojidir. Koklear implantlar, i\u015fitme cihazlar\u0131n\u0131n \u00e7ok az fayda sa\u011flad\u0131\u011f\u0131 ki\u015filere yard\u0131mc\u0131 olabilir. D\u00fcnya \u00e7ap\u0131nda 400.000&#8217;den fazla \u00e7ocuk ve yeti\u015fkin koklear implantlardan faydalanmaktad\u0131r. Geleneksel i\u015fitme cihazlar\u0131n\u0131n aksine, koklear implantlar sesleri y\u00fckseltmez, ancak onlar\u0131 elektriksel sinyallere d\u00f6n\u00fc\u015ft\u00fcr\u00fcr. \u0130\u015fitme cihazlar\u0131 i\u00e7 kulakta i\u015flevsel k\u0131l h\u00fccreleri gerektirirken, koklear implantlar hasarl\u0131 k\u0131l h\u00fccrelerini atlayarak konu\u015fmay\u0131 ve sesleri i\u015fitsel sinire iletilen elektriksel sinyallere d\u00f6n\u00fc\u015ft\u00fcr\u00fcr.     <\/p>\n\n<p>Ba\u015fka sorunuz var m\u0131 Sizinle <a href=\"https:\/\/medicaltravel.ch\/tr\/simdi-bize-ulasin\/\" data-type=\"page\" data-id=\"225\">ileti\u015fime <\/a>ge\u00e7meyi d\u00f6rt g\u00f6zle bekliyoruz. <\/p>\n\t\t\t\t\t\t\t\t<\/div>\n\t\t\t\t\t<\/div>\n\t\t\t\t<\/div>\n\t\t\t\t<\/div>\n\t\t","protected":false},"excerpt":{"rendered":"<p>Genel Cerrahi Kontrol etmek Kilo kayb\u0131 Ortopedi Spor hekimli\u011fi Kanser tedavileri Organ nakli Kalp ameliyat\u0131 bo\u011faz, burun, kulaklar N\u00f6roloji \u0130stanbul&#8217;da Bo\u011faz, Burun ve Kulak Tedavileri T\u00fcrkiye&#8217;de bo\u011faz, burun ve kulak ameliyatlar\u0131 Bu uzmanl\u0131k alanlar\u0131 yo\u011fun ve \u00f6zel e\u011fitim gerektirir. Ac\u0131badem kliniklerindeki deneyimli KBB ve odyoloji uzmanlar\u0131m\u0131z, temel KBB e\u011fitimine ek olarak ileri e\u011fitim de alm\u0131\u015flard\u0131r. Kliniklerimiz en son teknolojiyle tam donan\u0131ml\u0131d\u0131r ve \u015fu anda mevcut olan t\u00fcm uluslararas\u0131 KBB tedavilerini ba\u015far\u0131yla uygulamaktad\u0131r. Ac\u0131badem KBB kliniklerine geldi\u011finizde, son teknoloji \u00fcr\u00fcn\u00fc, tam donan\u0131ml\u0131 bir muayene odas\u0131nda (sert ve esnek endoskoplar; stroboskop, dijital g\u00f6r\u00fcnt\u00fcleme) y\u00fcksek nitelikli doktorlar taraf\u0131ndan muayene edilecek ve uygun tedaviyi alman\u0131z sa\u011flanacakt\u0131r. Ac\u0131badem&#8217;deki KBB uzmanlar\u0131, kapsaml\u0131 hasta bak\u0131m\u0131 sa\u011flamak i\u00e7in di\u011fer uzmanlarla yak\u0131n i\u015fbirli\u011fi i\u00e7inde \u00e7al\u0131\u015fmaktad\u0131r. Kulak Burun Bo\u011faz\/N\u00f6rotolojiKulak Burun Bo\u011faz\/N\u00f6rotoloji b\u00f6l\u00fcm\u00fc a\u015fa\u011f\u0131daki tedavileri ger\u00e7ekle\u015ftirmektedir: kulak \u00e7\u0131nlamas\u0131 tedavisi, ba\u015f d\u00f6nmesi tedavisi, kulak zar\u0131 ve orta kulak hastal\u0131klar\u0131 ameliyat\u0131, otoskleroz ameliyat\u0131, i\u015fitme kayb\u0131n\u0131n te\u015fhis ve tedavisi, koklear implant (biyonik kulak olarak da bilinir) cerrahi implantasyonu, i\u015fitme cihazlar\u0131yla rehabilitasyon ve cerrahi olarak implante edilmi\u015f i\u015fitme cihazlar\u0131n\u0131n ayarlanmas\u0131. Ayr\u0131ca kulak displazisi ameliyat\u0131, BAHA uygulamas\u0131 ve mikrotia tedavisi de mevcuttur. KBB B\u00f6lgesindeki T\u00fcm\u00f6rler \u0130\u00e7in CerrahiKBB cerrahisinde, kulak, burun ve bo\u011faz b\u00f6lgesi, a\u011f\u0131z ve burun bo\u015flu\u011fu, g\u0131rtlak ve t\u00fck\u00fcr\u00fck bezleri ile ilgili rahats\u0131zl\u0131klar\u0131n tedavisinde en modern y\u00f6ntemler kullan\u0131lmaktad\u0131r. Tiroid bezi ve boyun b\u00f6lgesindeki benign ve malign t\u00fcm\u00f6rler de te\u015fhis ve tedavi edilmektedir. Cerrahi i\u015flemlerin yan\u0131 s\u0131ra, hasarl\u0131 dokuyu yeniden yap\u0131land\u0131rmak i\u00e7in ameliyat sonras\u0131 tedaviler ve onkolojik tedaviler de sa\u011flanmaktad\u0131r. RinoplastiRinoloji b\u00f6l\u00fcm\u00fcm\u00fcz, burun t\u0131kan\u0131kl\u0131klar\u0131 ve sin\u00fczit te\u015fhis ve tedavisinde t\u0131bbi ve cerrahi y\u00f6ntemleri ba\u015far\u0131yla uygulamakta ve ayr\u0131ca alerji tedavileri de ger\u00e7ekle\u015ftirmektedir. Koanal atrezi gibi do\u011fu\u015ftan gelen burun t\u0131kan\u0131kl\u0131klar\u0131 da ba\u015far\u0131yla tedavi edilebilmektedir. G\u00fcn\u00fcm\u00fczde endoskopik i\u015flemler, sin\u00fcs hastal\u0131klar\u0131n\u0131n tedavisinde s\u0131kl\u0131kla kullan\u0131lmaktad\u0131r. Klini\u011fimiz, cerrahi komplikasyon riskini \u00f6nemli \u00f6l\u00e7\u00fcde azaltan en geli\u015fmi\u015f ve modern cerrahi navigasyon sistemini kullanmaktad\u0131r. Bu sayede olas\u0131 yan etki riski son derece d\u00fc\u015f\u00fck bir seviyeye indirilebilmektedir. Bu teknik, \u00f6zellikle daha \u00f6nce anatomik yap\u0131lar\u0131nda de\u011fi\u015fikliklere yol a\u00e7an ameliyatlar ge\u00e7irmi\u015f veya t\u00fcm\u00f6rden muzdarip hastalar i\u00e7in olduk\u00e7a faydal\u0131d\u0131r. \u00c7ocuklarda Kulak Burun Bo\u011faz Hastal\u0131klar\u0131Klini\u011fimiz, bu kadar kapsaml\u0131 tedavi sunan az say\u0131daki merkezden biridir. \u00c7ocuk KBB b\u00f6l\u00fcm\u00fcndeki uzmanlar\u0131m\u0131z, bademcik ve geniz eti ameliyatlar\u0131n\u0131n \u00e7ok \u00f6tesine ge\u00e7en tedaviler uygulamaktad\u0131r. Bunlar aras\u0131nda; do\u011fu\u015ftan gelen anomalilerin (kulak veya burun olmadan do\u011fma, yar\u0131k damak), do\u011fu\u015ftan gelen boyun anomalilerinden kaynaklanan solunum yolu hastal\u0131klar\u0131n\u0131n yan\u0131 s\u0131ra do\u011fu\u015ftan kistler ve yer kaplayan lezyonlar\u0131n tedavisi yer almaktad\u0131r. Ses ve Yutma Bozukluklar\u0131Ses ve Yutma Bozukluklar\u0131 B\u00f6l\u00fcm\u00fc, disfoni (ses kayb\u0131), ses bozukluklar\u0131, yutma bozukluklar\u0131 ve sialore (a\u011f\u0131zdan t\u00fck\u00fcr\u00fck akmas\u0131) gibi rahats\u0131zl\u0131klar i\u00e7in gerekli muayeneleri, rehabilitasyon \u00f6nlemlerini, tedavileri ve ameliyatlar\u0131 ger\u00e7ekle\u015ftirir. Lumenis CO2 lazeri, d\u00fcnyada sadece birka\u00e7 tesiste bulunan en son teknolojiyi kullanmaktad\u0131r. Deneyimli uzmanlar\u0131m\u0131z, cihaz\u0131 ses teli bozukluklar\u0131 (polipler, lezyonlar), trakea stenozu (trakea t\u00fcm\u00f6rleri) ve boyun t\u00fcm\u00f6rleri gibi durumlar\u0131n tedavisinde kullanmaktad\u0131r. A\u011f\u0131z ve burun t\u00fcm\u00f6rleri ve cilt lezyonlar\u0131 da minimal kanama ile lazerle tedavi edilebilir. Ayr\u0131ca, lazer, solunum yolu viral enfeksiyonu olan papillomlar i\u00e7in olduk\u00e7a etkili bir tedavi se\u00e7ene\u011fi sunmaktad\u0131r. Lazer ayr\u0131ca, cilt lezyonlar\u0131n\u0131n tedavisinde plastik CO2 lazer cerrahisinde de ba\u015far\u0131yla kullan\u0131lmaktad\u0131r. Horlama ve Uyku Bozukluklar\u0131Klini\u011fimizde horlama ve uyku apnesi sorunu ya\u015fayan hastalar muayene edilmektedir. Uyku bozukluklar\u0131 uyku laboratuvar\u0131m\u0131zda incelenerek uygun tedavi y\u00f6ntemleri (cerrahi veya CPAP \u2013 hava bas\u0131nc\u0131n\u0131 d\u00fczenleyerek solunum yollar\u0131n\u0131 a\u00e7\u0131k tutan bir maske) \u00f6nerilmektedir. \u0130\u015fitme ve Konu\u015fma Bozukluklar\u0131\u0130\u015fitme ve Konu\u015fma Bozukluklar\u0131 B\u00f6l\u00fcm\u00fc a\u015fa\u011f\u0131daki tedavileri sunmaktad\u0131r: i\u015fitme testleri, denge testleri, kulak \u00e7\u0131nlamas\u0131 rehabilitasyonu, denge bozukluklar\u0131n\u0131n tedavisi, konu\u015fma ve yutma terapisi, i\u015fitme cihaz\u0131 se\u00e7imi ve tak\u0131lmas\u0131 ve do\u011fu\u015ftan i\u015fitme kayb\u0131 veya do\u011fum sonras\u0131 ilerleyici i\u015fitme kayb\u0131 olan hastalar i\u00e7in koklear implantasyon. T\u00fcm tedavi \u00f6ncesi testler ve tedavi sonras\u0131 rehabilitasyon, odyoloji uzmanlar\u0131m\u0131z taraf\u0131ndan ger\u00e7ekle\u015ftirilir. Odyoloji b\u00f6l\u00fcm\u00fcm\u00fcz en son teknolojiyi kullanmaktad\u0131r. \u0130\u015fitme testleri normal, yank\u0131s\u0131z odalarda yap\u0131l\u0131r. Klinik, video-ENG, termal test ve pozisyonel denemeler yapmaktad\u0131r. Hastalar ayr\u0131ca i\u015fitme cihaz\u0131 se\u00e7ene\u011fini de tercih edebilir ve cihazlar tak\u0131l\u0131r. Klinik ayr\u0131ca kulak \u00e7\u0131nlamas\u0131 tedavisi i\u00e7in gerekli teknolojiye de sahiptir. Koklear implant nedir?Koklear implant (biyonik kulak implant\u0131), \u015fiddetli veya ileri derecede sens\u00f6rin\u00f6ral i\u015fitme kayb\u0131 (sinirsel sa\u011f\u0131rl\u0131k) olan ki\u015filerde i\u015fitmeyi k\u0131smen geri kazand\u0131rabilen bilgisayar kontroll\u00fc bir cihazd\u0131r. Be\u015f duyudan birini geri kazand\u0131rabilen tek t\u0131bbi teknolojidir. Koklear implantlar, i\u015fitme cihazlar\u0131n\u0131n \u00e7ok az fayda sa\u011flad\u0131\u011f\u0131 ki\u015filere yard\u0131mc\u0131 olabilir. D\u00fcnya \u00e7ap\u0131nda 400.000&#8217;den fazla \u00e7ocuk ve yeti\u015fkin koklear implantlardan faydalanmaktad\u0131r. Geleneksel i\u015fitme cihazlar\u0131n\u0131n aksine, koklear implantlar sesleri y\u00fckseltmez, ancak onlar\u0131 elektriksel sinyallere d\u00f6n\u00fc\u015ft\u00fcr\u00fcr. \u0130\u015fitme cihazlar\u0131 i\u00e7 kulakta i\u015flevsel k\u0131l h\u00fccreleri gerektirirken, koklear implantlar hasarl\u0131 k\u0131l h\u00fccrelerini atlayarak konu\u015fmay\u0131 ve sesleri i\u015fitsel sinire iletilen elektriksel sinyallere d\u00f6n\u00fc\u015ft\u00fcr\u00fcr. Ba\u015fka sorunuz var m\u0131 Sizinle ileti\u015fime ge\u00e7meyi d\u00f6rt g\u00f6zle bekliyoruz.<\/p>\n","protected":false},"author":4,"featured_media":0,"parent":5503,"menu_order":0,"comment_status":"closed","ping_status":"closed","template":"","meta":{"_joinchat":[],"footnotes":""},"class_list":["post-5521","page","type-page","status-publish","hentry"],"acf":[],"_links":{"self":[{"href":"https:\/\/medicaltravel.ch\/tr\/wp-json\/wp\/v2\/pages\/5521","targetHints":{"allow":["GET"]}}],"collection":[{"href":"https:\/\/medicaltravel.ch\/tr\/wp-json\/wp\/v2\/pages"}],"about":[{"href":"https:\/\/medicaltravel.ch\/tr\/wp-json\/wp\/v2\/types\/page"}],"author":[{"embeddable":true,"href":"https:\/\/medicaltravel.ch\/tr\/wp-json\/wp\/v2\/users\/4"}],"replies":[{"embeddable":true,"href":"https:\/\/medicaltravel.ch\/tr\/wp-json\/wp\/v2\/comments?post=5521"}],"version-history":[{"count":3,"href":"https:\/\/medicaltravel.ch\/tr\/wp-json\/wp\/v2\/pages\/5521\/revisions"}],"predecessor-version":[{"id":5524,"href":"https:\/\/medicaltravel.ch\/tr\/wp-json\/wp\/v2\/pages\/5521\/revisions\/5524"}],"up":[{"embeddable":true,"href":"https:\/\/medicaltravel.ch\/tr\/wp-json\/wp\/v2\/pages\/5503"}],"wp:attachment":[{"href":"https:\/\/medicaltravel.ch\/tr\/wp-json\/wp\/v2\/media?parent=5521"}],"curies":[{"name":"wp","href":"https:\/\/api.w.org\/{rel}","templated":true}]}}