{"id":5527,"date":"2025-09-17T10:01:51","date_gmt":"2025-09-17T09:01:51","guid":{"rendered":"https:\/\/medicaltravel.ch\/daha-ileri-tedaviler\/daha-ileri-tedaviler\/tedavi-yelpazesi\/kalp-ameliyati\/"},"modified":"2026-01-04T18:46:26","modified_gmt":"2026-01-04T17:46:26","slug":"kalp-ameliyati","status":"publish","type":"page","link":"https:\/\/medicaltravel.ch\/tr\/daha-ileri-tedaviler\/daha-ileri-tedaviler\/tedavi-yelpazesi\/kalp-ameliyati\/","title":{"rendered":"Kalp ameliyat\u0131"},"content":{"rendered":"\t\t<div data-elementor-type=\"wp-page\" data-elementor-id=\"5527\" class=\"elementor elementor-5527 elementor-187\" data-elementor-post-type=\"page\">\n\t\t\t\t<div class=\"elementor-element elementor-element-48d9874c e-flex e-con-boxed wpr-particle-no wpr-jarallax-no wpr-parallax-no wpr-sticky-section-no wpr-equal-height-no e-con e-parent\" data-id=\"48d9874c\" data-element_type=\"container\" data-e-type=\"container\">\n\t\t\t\t\t<div class=\"e-con-inner\">\n\t\t<div class=\"elementor-element elementor-element-3ec86d6 e-con-full e-flex wpr-particle-no wpr-jarallax-no wpr-parallax-no wpr-sticky-section-no wpr-equal-height-no e-con e-child\" data-id=\"3ec86d6\" data-element_type=\"container\" data-e-type=\"container\">\n\t\t\t\t<div class=\"elementor-element elementor-element-993ce1e elementor-widget elementor-widget-button\" data-id=\"993ce1e\" data-element_type=\"widget\" data-e-type=\"widget\" data-widget_type=\"button.default\">\n\t\t\t\t\t\t\t\t\t\t<a class=\"elementor-button elementor-button-link elementor-size-sm\" href=\"https:\/\/medicaltravel.ch\/tr\/daha-ileri-tedaviler\/daha-ileri-tedaviler\/tedavi-yelpazesi\/genel-cerrahi\/\">\n\t\t\t\t\t\t<span class=\"elementor-button-content-wrapper\">\n\t\t\t\t\t\t\t\t\t<span class=\"elementor-button-text\">Genel Cerrahi<\/span>\n\t\t\t\t\t<\/span>\n\t\t\t\t\t<\/a>\n\t\t\t\t\t\t\t\t<\/div>\n\t\t\t\t<div class=\"elementor-element elementor-element-6855b59 elementor-widget elementor-widget-button\" data-id=\"6855b59\" data-element_type=\"widget\" data-e-type=\"widget\" data-widget_type=\"button.default\">\n\t\t\t\t\t\t\t\t\t\t<a class=\"elementor-button elementor-button-link elementor-size-sm\" href=\"https:\/\/medicaltravel.ch\/tr\/daha-ileri-tedaviler\/daha-ileri-tedaviler\/tedavi-yelpazesi\/kontrol-etmek\/\">\n\t\t\t\t\t\t<span class=\"elementor-button-content-wrapper\">\n\t\t\t\t\t\t\t\t\t<span class=\"elementor-button-text\">Kontrol etmek<\/span>\n\t\t\t\t\t<\/span>\n\t\t\t\t\t<\/a>\n\t\t\t\t\t\t\t\t<\/div>\n\t\t\t\t<div class=\"elementor-element elementor-element-048797e elementor-widget elementor-widget-button\" data-id=\"048797e\" data-element_type=\"widget\" data-e-type=\"widget\" data-widget_type=\"button.default\">\n\t\t\t\t\t\t\t\t\t\t<a class=\"elementor-button elementor-button-link elementor-size-sm\" href=\"https:\/\/medicaltravel.ch\/tr\/daha-ileri-tedaviler\/daha-ileri-tedaviler\/tedavi-yelpazesi\/kilo-kaybi\/\">\n\t\t\t\t\t\t<span class=\"elementor-button-content-wrapper\">\n\t\t\t\t\t\t\t\t\t<span class=\"elementor-button-text\">Kilo kayb\u0131<\/span>\n\t\t\t\t\t<\/span>\n\t\t\t\t\t<\/a>\n\t\t\t\t\t\t\t\t<\/div>\n\t\t\t\t<div class=\"elementor-element elementor-element-74b1b03 elementor-widget elementor-widget-button\" data-id=\"74b1b03\" data-element_type=\"widget\" data-e-type=\"widget\" data-widget_type=\"button.default\">\n\t\t\t\t\t\t\t\t\t\t<a class=\"elementor-button elementor-button-link elementor-size-sm\" href=\"https:\/\/medicaltravel.ch\/weitere-behandlungen\/weitere-behandlungen\/behandlungsspektrum\/orthopaedie\/\">\n\t\t\t\t\t\t<span class=\"elementor-button-content-wrapper\">\n\t\t\t\t\t\t\t\t\t<span class=\"elementor-button-text\">Ortopedi<\/span>\n\t\t\t\t\t<\/span>\n\t\t\t\t\t<\/a>\n\t\t\t\t\t\t\t\t<\/div>\n\t\t\t\t<div class=\"elementor-element elementor-element-b1dd818 elementor-widget elementor-widget-button\" data-id=\"b1dd818\" data-element_type=\"widget\" data-e-type=\"widget\" data-widget_type=\"button.default\">\n\t\t\t\t\t\t\t\t\t\t<a class=\"elementor-button elementor-button-link elementor-size-sm\" href=\"https:\/\/medicaltravel.ch\/weitere-behandlungen\/weitere-behandlungen\/behandlungsspektrum\/sportmedizin\/\">\n\t\t\t\t\t\t<span class=\"elementor-button-content-wrapper\">\n\t\t\t\t\t\t\t\t\t<span class=\"elementor-button-text\">Spor hekimli\u011fi<\/span>\n\t\t\t\t\t<\/span>\n\t\t\t\t\t<\/a>\n\t\t\t\t\t\t\t\t<\/div>\n\t\t\t\t<div class=\"elementor-element elementor-element-5968933 elementor-widget elementor-widget-button\" data-id=\"5968933\" data-element_type=\"widget\" data-e-type=\"widget\" data-widget_type=\"button.default\">\n\t\t\t\t\t\t\t\t\t\t<a class=\"elementor-button elementor-button-link elementor-size-sm\" href=\"https:\/\/medicaltravel.ch\/weitere-behandlungen\/weitere-behandlungen\/behandlungsspektrum\/krebsbehandlungen\/\">\n\t\t\t\t\t\t<span class=\"elementor-button-content-wrapper\">\n\t\t\t\t\t\t\t\t\t<span class=\"elementor-button-text\">Kanser tedavileri<\/span>\n\t\t\t\t\t<\/span>\n\t\t\t\t\t<\/a>\n\t\t\t\t\t\t\t\t<\/div>\n\t\t\t\t<div class=\"elementor-element elementor-element-6186971 elementor-widget elementor-widget-button\" data-id=\"6186971\" data-element_type=\"widget\" data-e-type=\"widget\" data-widget_type=\"button.default\">\n\t\t\t\t\t\t\t\t\t\t<a class=\"elementor-button elementor-button-link elementor-size-sm\" href=\"https:\/\/medicaltravel.ch\/weitere-behandlungen\/weitere-behandlungen\/behandlungsspektrum\/organtransplantation\/\">\n\t\t\t\t\t\t<span class=\"elementor-button-content-wrapper\">\n\t\t\t\t\t\t\t\t\t<span class=\"elementor-button-text\">Organ nakli<\/span>\n\t\t\t\t\t<\/span>\n\t\t\t\t\t<\/a>\n\t\t\t\t\t\t\t\t<\/div>\n\t\t\t\t<div class=\"elementor-element elementor-element-313eaa1 elementor-widget elementor-widget-button\" data-id=\"313eaa1\" data-element_type=\"widget\" data-e-type=\"widget\" data-widget_type=\"button.default\">\n\t\t\t\t\t\t\t\t\t\t<a class=\"elementor-button elementor-button-link elementor-size-sm\" href=\"https:\/\/medicaltravel.ch\/tr\/daha-ileri-tedaviler\/daha-ileri-tedaviler\/tedavi-yelpazesi\/kalp-ameliyati\/\">\n\t\t\t\t\t\t<span class=\"elementor-button-content-wrapper\">\n\t\t\t\t\t\t\t\t\t<span class=\"elementor-button-text\">Kalp ameliyat\u0131<\/span>\n\t\t\t\t\t<\/span>\n\t\t\t\t\t<\/a>\n\t\t\t\t\t\t\t\t<\/div>\n\t\t\t\t<div class=\"elementor-element elementor-element-b0ca17c elementor-widget elementor-widget-button\" data-id=\"b0ca17c\" data-element_type=\"widget\" data-e-type=\"widget\" data-widget_type=\"button.default\">\n\t\t\t\t\t\t\t\t\t\t<a class=\"elementor-button elementor-button-link elementor-size-sm\" href=\"https:\/\/medicaltravel.ch\/tr\/daha-ileri-tedaviler\/daha-ileri-tedaviler\/tedavi-yelpazesi\/bogaz-burun-kulaklar\/\">\n\t\t\t\t\t\t<span class=\"elementor-button-content-wrapper\">\n\t\t\t\t\t\t\t\t\t<span class=\"elementor-button-text\">bo\u011faz, burun, kulaklar<\/span>\n\t\t\t\t\t<\/span>\n\t\t\t\t\t<\/a>\n\t\t\t\t\t\t\t\t<\/div>\n\t\t\t\t<div class=\"elementor-element elementor-element-bdb04e7 elementor-widget elementor-widget-button\" data-id=\"bdb04e7\" data-element_type=\"widget\" data-e-type=\"widget\" data-widget_type=\"button.default\">\n\t\t\t\t\t\t\t\t\t\t<a class=\"elementor-button elementor-button-link elementor-size-sm\" href=\"https:\/\/medicaltravel.ch\/weitere-behandlungen\/weitere-behandlungen\/behandlungsspektrum\/neurologie\/\">\n\t\t\t\t\t\t<span class=\"elementor-button-content-wrapper\">\n\t\t\t\t\t\t\t\t\t<span class=\"elementor-button-text\">N\u00f6roloji<\/span>\n\t\t\t\t\t<\/span>\n\t\t\t\t\t<\/a>\n\t\t\t\t\t\t\t\t<\/div>\n\t\t\t\t<\/div>\n\t\t\t\t<div class=\"elementor-element elementor-element-66584544 elementor-widget elementor-widget-text-editor\" data-id=\"66584544\" data-element_type=\"widget\" data-e-type=\"widget\" data-widget_type=\"text-editor.default\">\n\t\t\t\t\t\t\t\t\t\n<h2 class=\"wp-block-heading\">T\u00dcRK\u0130YE&#8217;DE KALP TEDAV\u0130LER\u0130<\/h2>\n\n<h2 class=\"wp-block-heading\">\u0130stanbul&#8217;da Kalp Ameliyatlar\u0131<\/h2>\n\n<figure class=\"wp-block-image size-full\"><img fetchpriority=\"high\" decoding=\"async\" width=\"621\" height=\"306\" class=\"wp-image-580\" src=\"https:\/\/medicaltravel.ch\/wp-content\/uploads\/2025\/09\/Turkiye-kalp-cerrahisinde-dunyanin-en-onde-gelen-ulkelerindendir.jpg\" alt=\"\" srcset=\"https:\/\/medicaltravel.ch\/wp-content\/uploads\/2025\/09\/Turkiye-kalp-cerrahisinde-dunyanin-en-onde-gelen-ulkelerindendir.jpg 621w, https:\/\/medicaltravel.ch\/wp-content\/uploads\/2025\/09\/Turkiye-kalp-cerrahisinde-dunyanin-en-onde-gelen-ulkelerindendir-300x148.jpg 300w\" sizes=\"(max-width: 621px) 100vw, 621px\" \/><\/figure>\n\n<p id=\"caption-attachment-5217\">T\u00fcrkiye, kalp cerrahisi alan\u0131nda hakl\u0131 bir \u00fcne sahiptir.<\/p>\n\n<p>Kalp ve damar hastal\u0131klar\u0131ndaki art\u0131\u015f, \u00f6nde gelen \u00f6l\u00fcm nedenleri aras\u0131nda yer almaktad\u0131r. Bu hastal\u0131klar\u0131n te\u015fhis ve tedavisi, modern t\u0131bbi teknolojilerle donat\u0131lm\u0131\u015f tam te\u015fekk\u00fcll\u00fc kliniklerde deneyimli hekimler taraf\u0131ndan yap\u0131lmal\u0131d\u0131r. <\/p>\n\n<p>Ac\u0131badem Hastaneler Grubu&#8217;nun kardiyoloji klinikleri, T\u00fcrkiye&#8217;deki en geli\u015fmi\u015f kalp tedavilerini hastalar\u0131na sunarak d\u00fcnya standartlar\u0131nda hizmet vermektedir. Ac\u0131badem, kardiyovask\u00fcler hastal\u0131klar\u0131n erken te\u015fhis ve tedavisi i\u00e7in en modern ekipmanlar\u0131 kullanmaktad\u0131r. <\/p>\n\n<p>Ac\u0131badem Kalp Klinikleri&#8217;nde erken te\u015fhisin amac\u0131 hayat kurtarmakt\u0131r; bu nedenle en son teknolojiye sahip tan\u0131 cihazlar\u0131na \u00f6zel \u00f6nem verilmektedir. Bu tan\u0131 cihazlar\u0131 aras\u0131nda, alt\u0131 saniyede kardiyak anjiyoplasti yapabilen \u00e7ift kaynakl\u0131 64 kesitli bilgisayarl\u0131 tomografi; kalbin hassas g\u00f6r\u00fcnt\u00fclenmesini sa\u011flayan PET\/CT; ve d\u00fcnyan\u0131n en h\u0131zl\u0131 tomografi cihaz\u0131 olan Flash-CT bulunmaktad\u0131r. Flash-CT, 0,25 saniyede kardiyak anjiyoplasti yapabilme \u00f6zelli\u011fine sahip olup ayn\u0131 zamanda d\u00fcnya \u00e7ap\u0131nda en d\u00fc\u015f\u00fck radyasyon seviyelerini sunmaktad\u0131r.   <\/p>\n\n<figure class=\"wp-block-image size-full\"><img decoding=\"async\" width=\"300\" height=\"135\" class=\"wp-image-581\" src=\"https:\/\/medicaltravel.ch\/wp-content\/uploads\/2025\/09\/PetCT-Technology-in-Istanbul-300x135-1.jpg\" alt=\"\"><\/figure>\n\n<p>T\u0131bbi Performans G\u00f6stergeleri<br>Ac\u0131badem Hastaneler Grubu, 2002 y\u0131l\u0131ndan bu yana t\u0131bbi ve idari performans\u0131n\u0131 t\u0131bbi performans g\u00f6stergeleri kullanarak izlemektedir. Hasta g\u00fcvenli\u011fi ve memnuniyeti her \u015feyden \u00f6nemlidir. Ac\u0131badem, kardiyoloji klini\u011finde ve di\u011fer t\u00fcm departmanlarda ald\u0131\u011f\u0131 puanlar\u0131 g\u00f6zden ge\u00e7irerek hasta bak\u0131m\u0131n\u0131 s\u00fcrekli iyile\u015ftirmek i\u00e7in kullanmaktad\u0131r.  <\/p>\n\n<p>Euroscore&#8217;a g\u00f6re a\u00e7\u0131k kalp ameliyat\u0131 i\u00e7in beklenen \u00f6l\u00fcm oran\u0131 %3,8&#8217;dir. Ac\u0131badem i\u00e7in ise bu oran %1,6&#8217;d\u0131r. <\/p>\n\n<p>Euroscore&#8217;a g\u00f6re, koroner arter baypas ameliyat\u0131 i\u00e7in beklenen \u00f6l\u00fcm oran\u0131 %2,7&#8217;dir. Ac\u0131badem i\u00e7in ise bu oran %1,0&#8217;d\u0131r. <\/p>\n\n<p><strong>Euroscore nedir?<\/strong><\/p>\n\n<p>Ya\u015fl\u0131 hastalar, diyabet hastalar\u0131 veya daha \u00f6nce kalp krizi ge\u00e7irmi\u015f, kalp ameliyat\u0131 olmu\u015f veya kalp kas\u0131lma ve geni\u015fleme bozukluklar\u0131n\u0131n yan\u0131 s\u0131ra b\u00f6brek, karaci\u011fer ve akci\u011fer fonksiyon bozukluklar\u0131 olan hastalar i\u00e7in ameliyat daha risklidir. Hastalar\u0131n risklerinin objektif de\u011ferlendirilmesi i\u00e7in \u00e7e\u015fitli risk puanlama sistemleri mevcuttur ve bunlar dikkate al\u0131nmal\u0131d\u0131r. Bu puanlama sistemleri a\u011f\u0131rl\u0131kl\u0131 risk de\u011ferlerini hesaplar. &#8220;Euroscore&#8221; en yayg\u0131n kullan\u0131lan puanlama sistemidir.   <\/p>\n\n<p><strong>Ac\u0131badem Sa\u011fl\u0131k Merkezlerinde Kapsaml\u0131 Kardiyoloji Hizmetleri<\/strong><\/p>\n\n<p>Ac\u0131badem, yeti\u015fkin ve \u00e7ocuk hastalar\u0131na kardiyovask\u00fcler hastal\u0131klar i\u00e7in y\u00fcksek kaliteli, modern tan\u0131, tedavi ve destek hizmetleri sunmaktad\u0131r.<\/p>\n\n<p><a href=\"https:\/\/medicaltravel.ch\/tr\/simdi-bize-ulasin\/\" data-type=\"page\" data-id=\"225\">Herhangi bir sorunuz varsa, bug\u00fcn bizimle ileti\u015fime ge\u00e7ebilirsiniz. Yard\u0131mc\u0131 olmaktan memnuniyet duyar\u0131z.<\/a> Size yard\u0131mc\u0131 olmaktan mutluluk duyar\u0131z.<\/p>\n\t\t\t\t\t\t\t\t<\/div>\n\t\t\t\t\t<\/div>\n\t\t\t\t<\/div>\n\t\t\t\t<\/div>\n\t\t","protected":false},"excerpt":{"rendered":"<p>Genel Cerrahi Kontrol etmek Kilo kayb\u0131 Ortopedi Spor hekimli\u011fi Kanser tedavileri Organ nakli Kalp ameliyat\u0131 bo\u011faz, burun, kulaklar N\u00f6roloji T\u00dcRK\u0130YE&#8217;DE KALP TEDAV\u0130LER\u0130 \u0130stanbul&#8217;da Kalp Ameliyatlar\u0131 T\u00fcrkiye, kalp cerrahisi alan\u0131nda hakl\u0131 bir \u00fcne sahiptir. Kalp ve damar hastal\u0131klar\u0131ndaki art\u0131\u015f, \u00f6nde gelen \u00f6l\u00fcm nedenleri aras\u0131nda yer almaktad\u0131r. Bu hastal\u0131klar\u0131n te\u015fhis ve tedavisi, modern t\u0131bbi teknolojilerle donat\u0131lm\u0131\u015f tam te\u015fekk\u00fcll\u00fc kliniklerde deneyimli hekimler taraf\u0131ndan yap\u0131lmal\u0131d\u0131r. Ac\u0131badem Hastaneler Grubu&#8217;nun kardiyoloji klinikleri, T\u00fcrkiye&#8217;deki en geli\u015fmi\u015f kalp tedavilerini hastalar\u0131na sunarak d\u00fcnya standartlar\u0131nda hizmet vermektedir. Ac\u0131badem, kardiyovask\u00fcler hastal\u0131klar\u0131n erken te\u015fhis ve tedavisi i\u00e7in en modern ekipmanlar\u0131 kullanmaktad\u0131r. Ac\u0131badem Kalp Klinikleri&#8217;nde erken te\u015fhisin amac\u0131 hayat kurtarmakt\u0131r; bu nedenle en son teknolojiye sahip tan\u0131 cihazlar\u0131na \u00f6zel \u00f6nem verilmektedir. Bu tan\u0131 cihazlar\u0131 aras\u0131nda, alt\u0131 saniyede kardiyak anjiyoplasti yapabilen \u00e7ift kaynakl\u0131 64 kesitli bilgisayarl\u0131 tomografi; kalbin hassas g\u00f6r\u00fcnt\u00fclenmesini sa\u011flayan PET\/CT; ve d\u00fcnyan\u0131n en h\u0131zl\u0131 tomografi cihaz\u0131 olan Flash-CT bulunmaktad\u0131r. Flash-CT, 0,25 saniyede kardiyak anjiyoplasti yapabilme \u00f6zelli\u011fine sahip olup ayn\u0131 zamanda d\u00fcnya \u00e7ap\u0131nda en d\u00fc\u015f\u00fck radyasyon seviyelerini sunmaktad\u0131r. T\u0131bbi Performans G\u00f6stergeleriAc\u0131badem Hastaneler Grubu, 2002 y\u0131l\u0131ndan bu yana t\u0131bbi ve idari performans\u0131n\u0131 t\u0131bbi performans g\u00f6stergeleri kullanarak izlemektedir. Hasta g\u00fcvenli\u011fi ve memnuniyeti her \u015feyden \u00f6nemlidir. Ac\u0131badem, kardiyoloji klini\u011finde ve di\u011fer t\u00fcm departmanlarda ald\u0131\u011f\u0131 puanlar\u0131 g\u00f6zden ge\u00e7irerek hasta bak\u0131m\u0131n\u0131 s\u00fcrekli iyile\u015ftirmek i\u00e7in kullanmaktad\u0131r. Euroscore&#8217;a g\u00f6re a\u00e7\u0131k kalp ameliyat\u0131 i\u00e7in beklenen \u00f6l\u00fcm oran\u0131 %3,8&#8217;dir. Ac\u0131badem i\u00e7in ise bu oran %1,6&#8217;d\u0131r. Euroscore&#8217;a g\u00f6re, koroner arter baypas ameliyat\u0131 i\u00e7in beklenen \u00f6l\u00fcm oran\u0131 %2,7&#8217;dir. Ac\u0131badem i\u00e7in ise bu oran %1,0&#8217;d\u0131r. Euroscore nedir? Ya\u015fl\u0131 hastalar, diyabet hastalar\u0131 veya daha \u00f6nce kalp krizi ge\u00e7irmi\u015f, kalp ameliyat\u0131 olmu\u015f veya kalp kas\u0131lma ve geni\u015fleme bozukluklar\u0131n\u0131n yan\u0131 s\u0131ra b\u00f6brek, karaci\u011fer ve akci\u011fer fonksiyon bozukluklar\u0131 olan hastalar i\u00e7in ameliyat daha risklidir. Hastalar\u0131n risklerinin objektif de\u011ferlendirilmesi i\u00e7in \u00e7e\u015fitli risk puanlama sistemleri mevcuttur ve bunlar dikkate al\u0131nmal\u0131d\u0131r. Bu puanlama sistemleri a\u011f\u0131rl\u0131kl\u0131 risk de\u011ferlerini hesaplar. &#8220;Euroscore&#8221; en yayg\u0131n kullan\u0131lan puanlama sistemidir. Ac\u0131badem Sa\u011fl\u0131k Merkezlerinde Kapsaml\u0131 Kardiyoloji Hizmetleri Ac\u0131badem, yeti\u015fkin ve \u00e7ocuk hastalar\u0131na kardiyovask\u00fcler hastal\u0131klar i\u00e7in y\u00fcksek kaliteli, modern tan\u0131, tedavi ve destek hizmetleri sunmaktad\u0131r. Herhangi bir sorunuz varsa, bug\u00fcn bizimle ileti\u015fime ge\u00e7ebilirsiniz. Yard\u0131mc\u0131 olmaktan memnuniyet duyar\u0131z. Size yard\u0131mc\u0131 olmaktan mutluluk duyar\u0131z.<\/p>\n","protected":false},"author":4,"featured_media":0,"parent":5503,"menu_order":0,"comment_status":"closed","ping_status":"closed","template":"","meta":{"_joinchat":[],"footnotes":""},"class_list":["post-5527","page","type-page","status-publish","hentry"],"acf":[],"_links":{"self":[{"href":"https:\/\/medicaltravel.ch\/tr\/wp-json\/wp\/v2\/pages\/5527","targetHints":{"allow":["GET"]}}],"collection":[{"href":"https:\/\/medicaltravel.ch\/tr\/wp-json\/wp\/v2\/pages"}],"about":[{"href":"https:\/\/medicaltravel.ch\/tr\/wp-json\/wp\/v2\/types\/page"}],"author":[{"embeddable":true,"href":"https:\/\/medicaltravel.ch\/tr\/wp-json\/wp\/v2\/users\/4"}],"replies":[{"embeddable":true,"href":"https:\/\/medicaltravel.ch\/tr\/wp-json\/wp\/v2\/comments?post=5527"}],"version-history":[{"count":0,"href":"https:\/\/medicaltravel.ch\/tr\/wp-json\/wp\/v2\/pages\/5527\/revisions"}],"up":[{"embeddable":true,"href":"https:\/\/medicaltravel.ch\/tr\/wp-json\/wp\/v2\/pages\/5503"}],"wp:attachment":[{"href":"https:\/\/medicaltravel.ch\/tr\/wp-json\/wp\/v2\/media?parent=5527"}],"curies":[{"name":"wp","href":"https:\/\/api.w.org\/{rel}","templated":true}]}}