{"id":5536,"date":"2025-09-17T10:02:58","date_gmt":"2025-09-17T09:02:58","guid":{"rendered":"https:\/\/medicaltravel.ch\/daha-ileri-tedaviler\/daha-ileri-tedaviler\/tedavi-yelpazesi\/noeroloji\/"},"modified":"2026-01-04T18:54:20","modified_gmt":"2026-01-04T17:54:20","slug":"noeroloji","status":"publish","type":"page","link":"https:\/\/medicaltravel.ch\/tr\/daha-ileri-tedaviler\/daha-ileri-tedaviler\/tedavi-yelpazesi\/noeroloji\/","title":{"rendered":"N\u00f6roloji"},"content":{"rendered":"\t\t<div data-elementor-type=\"wp-page\" data-elementor-id=\"5536\" class=\"elementor elementor-5536 elementor-191\" data-elementor-post-type=\"page\">\n\t\t\t\t<div class=\"elementor-element elementor-element-3f1a7943 e-flex e-con-boxed wpr-particle-no wpr-jarallax-no wpr-parallax-no wpr-sticky-section-no e-con e-parent\" data-id=\"3f1a7943\" data-element_type=\"container\" data-e-type=\"container\">\n\t\t\t\t\t<div class=\"e-con-inner\">\n\t\t<div class=\"elementor-element elementor-element-a2a8adf e-con-full e-flex wpr-particle-no wpr-jarallax-no wpr-parallax-no wpr-sticky-section-no e-con e-child\" data-id=\"a2a8adf\" data-element_type=\"container\" data-e-type=\"container\">\n\t\t\t\t<div class=\"elementor-element elementor-element-bda2273 elementor-widget elementor-widget-button\" data-id=\"bda2273\" data-element_type=\"widget\" data-e-type=\"widget\" data-widget_type=\"button.default\">\n\t\t\t\t\t\t\t\t\t\t<a class=\"elementor-button elementor-button-link elementor-size-sm\" href=\"https:\/\/medicaltravel.ch\/tr\/daha-ileri-tedaviler\/daha-ileri-tedaviler\/tedavi-yelpazesi\/genel-cerrahi\/\">\n\t\t\t\t\t\t<span class=\"elementor-button-content-wrapper\">\n\t\t\t\t\t\t\t\t\t<span class=\"elementor-button-text\">Genel Cerrahi<\/span>\n\t\t\t\t\t<\/span>\n\t\t\t\t\t<\/a>\n\t\t\t\t\t\t\t\t<\/div>\n\t\t\t\t<div class=\"elementor-element elementor-element-10b1f01 elementor-widget elementor-widget-button\" data-id=\"10b1f01\" data-element_type=\"widget\" data-e-type=\"widget\" data-widget_type=\"button.default\">\n\t\t\t\t\t\t\t\t\t\t<a class=\"elementor-button elementor-button-link elementor-size-sm\" href=\"https:\/\/medicaltravel.ch\/tr\/daha-ileri-tedaviler\/daha-ileri-tedaviler\/tedavi-yelpazesi\/kontrol-etmek\/\">\n\t\t\t\t\t\t<span class=\"elementor-button-content-wrapper\">\n\t\t\t\t\t\t\t\t\t<span class=\"elementor-button-text\">Kontrol etmek<\/span>\n\t\t\t\t\t<\/span>\n\t\t\t\t\t<\/a>\n\t\t\t\t\t\t\t\t<\/div>\n\t\t\t\t<div class=\"elementor-element elementor-element-1e8a0b6 elementor-widget elementor-widget-button\" data-id=\"1e8a0b6\" data-element_type=\"widget\" data-e-type=\"widget\" data-widget_type=\"button.default\">\n\t\t\t\t\t\t\t\t\t\t<a class=\"elementor-button elementor-button-link elementor-size-sm\" href=\"https:\/\/medicaltravel.ch\/tr\/daha-ileri-tedaviler\/daha-ileri-tedaviler\/tedavi-yelpazesi\/kilo-kaybi\/\">\n\t\t\t\t\t\t<span class=\"elementor-button-content-wrapper\">\n\t\t\t\t\t\t\t\t\t<span class=\"elementor-button-text\">Kilo kayb\u0131<\/span>\n\t\t\t\t\t<\/span>\n\t\t\t\t\t<\/a>\n\t\t\t\t\t\t\t\t<\/div>\n\t\t\t\t<div class=\"elementor-element elementor-element-143b9a3 elementor-widget elementor-widget-button\" data-id=\"143b9a3\" data-element_type=\"widget\" data-e-type=\"widget\" data-widget_type=\"button.default\">\n\t\t\t\t\t\t\t\t\t\t<a class=\"elementor-button elementor-button-link elementor-size-sm\" href=\"https:\/\/medicaltravel.ch\/weitere-behandlungen\/weitere-behandlungen\/behandlungsspektrum\/orthopaedie\/\">\n\t\t\t\t\t\t<span class=\"elementor-button-content-wrapper\">\n\t\t\t\t\t\t\t\t\t<span class=\"elementor-button-text\">Ortopedi<\/span>\n\t\t\t\t\t<\/span>\n\t\t\t\t\t<\/a>\n\t\t\t\t\t\t\t\t<\/div>\n\t\t\t\t<div class=\"elementor-element elementor-element-3a9d486 elementor-widget elementor-widget-button\" data-id=\"3a9d486\" data-element_type=\"widget\" data-e-type=\"widget\" data-widget_type=\"button.default\">\n\t\t\t\t\t\t\t\t\t\t<a class=\"elementor-button elementor-button-link elementor-size-sm\" href=\"https:\/\/medicaltravel.ch\/weitere-behandlungen\/weitere-behandlungen\/behandlungsspektrum\/sportmedizin\/\">\n\t\t\t\t\t\t<span class=\"elementor-button-content-wrapper\">\n\t\t\t\t\t\t\t\t\t<span class=\"elementor-button-text\">Spor hekimli\u011fi<\/span>\n\t\t\t\t\t<\/span>\n\t\t\t\t\t<\/a>\n\t\t\t\t\t\t\t\t<\/div>\n\t\t\t\t<div class=\"elementor-element elementor-element-03a2d45 elementor-widget elementor-widget-button\" data-id=\"03a2d45\" data-element_type=\"widget\" data-e-type=\"widget\" data-widget_type=\"button.default\">\n\t\t\t\t\t\t\t\t\t\t<a class=\"elementor-button elementor-button-link elementor-size-sm\" href=\"https:\/\/medicaltravel.ch\/tr\/daha-ileri-tedaviler\/daha-ileri-tedaviler\/tedavi-yelpazesi\/kanser-tedavileri\/\">\n\t\t\t\t\t\t<span class=\"elementor-button-content-wrapper\">\n\t\t\t\t\t\t\t\t\t<span class=\"elementor-button-text\">Kanser tedavileri<\/span>\n\t\t\t\t\t<\/span>\n\t\t\t\t\t<\/a>\n\t\t\t\t\t\t\t\t<\/div>\n\t\t\t\t<div class=\"elementor-element elementor-element-1f913e4 elementor-widget elementor-widget-button\" data-id=\"1f913e4\" data-element_type=\"widget\" data-e-type=\"widget\" data-widget_type=\"button.default\">\n\t\t\t\t\t\t\t\t\t\t<a class=\"elementor-button elementor-button-link elementor-size-sm\" href=\"https:\/\/medicaltravel.ch\/weitere-behandlungen\/weitere-behandlungen\/behandlungsspektrum\/organtransplantation\/\">\n\t\t\t\t\t\t<span class=\"elementor-button-content-wrapper\">\n\t\t\t\t\t\t\t\t\t<span class=\"elementor-button-text\">Organ nakli<\/span>\n\t\t\t\t\t<\/span>\n\t\t\t\t\t<\/a>\n\t\t\t\t\t\t\t\t<\/div>\n\t\t\t\t<div class=\"elementor-element elementor-element-09fd6e2 elementor-widget elementor-widget-button\" data-id=\"09fd6e2\" data-element_type=\"widget\" data-e-type=\"widget\" data-widget_type=\"button.default\">\n\t\t\t\t\t\t\t\t\t\t<a class=\"elementor-button elementor-button-link elementor-size-sm\" href=\"https:\/\/medicaltravel.ch\/tr\/daha-ileri-tedaviler\/daha-ileri-tedaviler\/tedavi-yelpazesi\/kalp-ameliyati\/\">\n\t\t\t\t\t\t<span class=\"elementor-button-content-wrapper\">\n\t\t\t\t\t\t\t\t\t<span class=\"elementor-button-text\">Kalp ameliyat\u0131<\/span>\n\t\t\t\t\t<\/span>\n\t\t\t\t\t<\/a>\n\t\t\t\t\t\t\t\t<\/div>\n\t\t\t\t<div class=\"elementor-element elementor-element-6ab296f elementor-widget elementor-widget-button\" data-id=\"6ab296f\" data-element_type=\"widget\" data-e-type=\"widget\" data-widget_type=\"button.default\">\n\t\t\t\t\t\t\t\t\t\t<a class=\"elementor-button elementor-button-link elementor-size-sm\" href=\"https:\/\/medicaltravel.ch\/tr\/daha-ileri-tedaviler\/daha-ileri-tedaviler\/tedavi-yelpazesi\/bogaz-burun-kulaklar\/\">\n\t\t\t\t\t\t<span class=\"elementor-button-content-wrapper\">\n\t\t\t\t\t\t\t\t\t<span class=\"elementor-button-text\">bo\u011faz, burun, kulaklar<\/span>\n\t\t\t\t\t<\/span>\n\t\t\t\t\t<\/a>\n\t\t\t\t\t\t\t\t<\/div>\n\t\t\t\t<div class=\"elementor-element elementor-element-928b47e elementor-widget elementor-widget-button\" data-id=\"928b47e\" data-element_type=\"widget\" data-e-type=\"widget\" data-widget_type=\"button.default\">\n\t\t\t\t\t\t\t\t\t\t<a class=\"elementor-button elementor-button-link elementor-size-sm\" href=\"https:\/\/medicaltravel.ch\/tr\/daha-ileri-tedaviler\/daha-ileri-tedaviler\/tedavi-yelpazesi\/noeroloji\/\">\n\t\t\t\t\t\t<span class=\"elementor-button-content-wrapper\">\n\t\t\t\t\t\t\t\t\t<span class=\"elementor-button-text\">N\u00f6roloji<\/span>\n\t\t\t\t\t<\/span>\n\t\t\t\t\t<\/a>\n\t\t\t\t\t\t\t\t<\/div>\n\t\t\t\t<\/div>\n\t\t\t\t<div class=\"elementor-element elementor-element-3da681e1 elementor-widget elementor-widget-text-editor\" data-id=\"3da681e1\" data-element_type=\"widget\" data-e-type=\"widget\" data-widget_type=\"text-editor.default\">\n\t\t\t\t\t\t\t\t\t\n<h2 class=\"wp-block-heading\">\u0130stanbul&#8217;da N\u00f6ro\u015fir\u00fcrji<\/h2>\n\n<h2 class=\"wp-block-heading\">T\u00fcrkiye&#8217;de N\u00f6roloji ve Beyin Cerrahisi<\/h2>\n\n<p>Ac\u0131badem Hastaneler Grubu&#8217;nun N\u00f6roloji ve N\u00f6ro\u015fir\u00fcrji b\u00f6l\u00fcmleri, kompleks hastal\u0131klar\u0131 disiplinler aras\u0131 bir \u015fekilde tedavi etmektedir. Hem yeti\u015fkinler hem de \u00e7ocuklar i\u00e7in n\u00f6rolojik ve n\u00f6ro\u015fir\u00fcrjik programlar, hastalar\u0131m\u0131z\u0131n kapsaml\u0131 tedavisini sa\u011flamak amac\u0131yla pediatri, radyoloji ve onkoloji gibi di\u011fer alanlarla yak\u0131n i\u015f birli\u011fi yapmaktad\u0131r. <\/p>\n\n<p>Ac\u0131badem&#8217;deki n\u00f6ro\u015fir\u00fcrjiyonlar ve n\u00f6rologlar, kompleks n\u00f6rolojik hastal\u0131klar\u0131n de\u011ferlendirilmesi ve tedavisinde geni\u015f bir deneyime sahiptir ve en modern tedavi y\u00f6ntemlerini uygulama kapasitesine sahiptir. Ac\u0131badem&#8217;deki n\u00f6ro\u015fir\u00fcrjiyonlar, n\u00f6ro\u015fir\u00fcrjinin en modern teknolojilerini kullanmaktad\u0131r. <\/p>\n\n<p>Ba\u015fka sorunuz var m\u0131 Sizinle <a href=\"https:\/\/medicaltravel.ch\/tr\/simdi-bize-ulasin\/\" data-type=\"page\" data-id=\"225\">ileti\u015fime <\/a>ge\u00e7meyi d\u00f6rt g\u00f6zle bekliyoruz. <\/p>\n\t\t\t\t\t\t\t\t<\/div>\n\t\t\t\t\t<\/div>\n\t\t\t\t<\/div>\n\t\t\t\t<\/div>\n\t\t","protected":false},"excerpt":{"rendered":"<p>Genel Cerrahi Kontrol etmek Kilo kayb\u0131 Ortopedi Spor hekimli\u011fi Kanser tedavileri Organ nakli Kalp ameliyat\u0131 bo\u011faz, burun, kulaklar N\u00f6roloji \u0130stanbul&#8217;da N\u00f6ro\u015fir\u00fcrji T\u00fcrkiye&#8217;de N\u00f6roloji ve Beyin Cerrahisi Ac\u0131badem Hastaneler Grubu&#8217;nun N\u00f6roloji ve N\u00f6ro\u015fir\u00fcrji b\u00f6l\u00fcmleri, kompleks hastal\u0131klar\u0131 disiplinler aras\u0131 bir \u015fekilde tedavi etmektedir. Hem yeti\u015fkinler hem de \u00e7ocuklar i\u00e7in n\u00f6rolojik ve n\u00f6ro\u015fir\u00fcrjik programlar, hastalar\u0131m\u0131z\u0131n kapsaml\u0131 tedavisini sa\u011flamak amac\u0131yla pediatri, radyoloji ve onkoloji gibi di\u011fer alanlarla yak\u0131n i\u015f birli\u011fi yapmaktad\u0131r. Ac\u0131badem&#8217;deki n\u00f6ro\u015fir\u00fcrjiyonlar ve n\u00f6rologlar, kompleks n\u00f6rolojik hastal\u0131klar\u0131n de\u011ferlendirilmesi ve tedavisinde geni\u015f bir deneyime sahiptir ve en modern tedavi y\u00f6ntemlerini uygulama kapasitesine sahiptir. Ac\u0131badem&#8217;deki n\u00f6ro\u015fir\u00fcrjiyonlar, n\u00f6ro\u015fir\u00fcrjinin en modern teknolojilerini kullanmaktad\u0131r. Ba\u015fka sorunuz var m\u0131 Sizinle ileti\u015fime ge\u00e7meyi d\u00f6rt g\u00f6zle bekliyoruz.<\/p>\n","protected":false},"author":4,"featured_media":0,"parent":5503,"menu_order":0,"comment_status":"closed","ping_status":"closed","template":"","meta":{"_joinchat":[],"footnotes":""},"class_list":["post-5536","page","type-page","status-publish","hentry"],"acf":[],"_links":{"self":[{"href":"https:\/\/medicaltravel.ch\/tr\/wp-json\/wp\/v2\/pages\/5536","targetHints":{"allow":["GET"]}}],"collection":[{"href":"https:\/\/medicaltravel.ch\/tr\/wp-json\/wp\/v2\/pages"}],"about":[{"href":"https:\/\/medicaltravel.ch\/tr\/wp-json\/wp\/v2\/types\/page"}],"author":[{"embeddable":true,"href":"https:\/\/medicaltravel.ch\/tr\/wp-json\/wp\/v2\/users\/4"}],"replies":[{"embeddable":true,"href":"https:\/\/medicaltravel.ch\/tr\/wp-json\/wp\/v2\/comments?post=5536"}],"version-history":[{"count":3,"href":"https:\/\/medicaltravel.ch\/tr\/wp-json\/wp\/v2\/pages\/5536\/revisions"}],"predecessor-version":[{"id":5539,"href":"https:\/\/medicaltravel.ch\/tr\/wp-json\/wp\/v2\/pages\/5536\/revisions\/5539"}],"up":[{"embeddable":true,"href":"https:\/\/medicaltravel.ch\/tr\/wp-json\/wp\/v2\/pages\/5503"}],"wp:attachment":[{"href":"https:\/\/medicaltravel.ch\/tr\/wp-json\/wp\/v2\/media?parent=5536"}],"curies":[{"name":"wp","href":"https:\/\/api.w.org\/{rel}","templated":true}]}}