{"id":5562,"date":"2025-09-22T14:15:04","date_gmt":"2025-09-22T13:15:04","guid":{"rendered":"https:\/\/medicaltravel.ch\/yil-2020\/"},"modified":"2026-01-04T19:23:31","modified_gmt":"2026-01-04T18:23:31","slug":"yil-2020","status":"publish","type":"page","link":"https:\/\/medicaltravel.ch\/tr\/yil-2020\/","title":{"rendered":"Y\u0131l: 2020"},"content":{"rendered":"\n<h2 class=\"wp-block-heading\"><a href=\"https:\/\/www.medicaltravel.ch\/2020\/09\/24\/bis-zu-15-rabatt-fuer-ihre-zahnkorrektur-in-istanbul\/\">\u0130stanbul\u2019daki di\u015f d\u00fczeltme tedaviniz i\u00e7in %15\u2019e varan indirim<\/a><\/h2>\n\n<p>24 Eyl\u00fcl 2020<\/p>\n\n<p><a href=\"https:\/\/www.medicaltravel.ch\/2020\/09\/24\/bis-zu-15-rabatt-fuer-ihre-zahnkorrektur-in-istanbul\/#respond\">| Yorum Yok<\/a><\/p>\n\n<p><a href=\"https:\/\/www.medicaltravel.ch\/category\/uncategorized-de\/\">| Kategorilenmemi\u015f<\/a><\/p>\n\n<figure class=\"wp-block-image size-large\"><img fetchpriority=\"high\" decoding=\"async\" width=\"1024\" height=\"576\" src=\"https:\/\/medicaltravel.ch\/wp-content\/uploads\/2025\/09\/15_Prozent_Rabatt_Swiss_CenterDent-1024x576.jpg\" alt=\"\" class=\"wp-image-233\" srcset=\"https:\/\/medicaltravel.ch\/wp-content\/uploads\/2025\/09\/15_Prozent_Rabatt_Swiss_CenterDent-1024x576.jpg 1024w, https:\/\/medicaltravel.ch\/wp-content\/uploads\/2025\/09\/15_Prozent_Rabatt_Swiss_CenterDent-300x169.jpg 300w, https:\/\/medicaltravel.ch\/wp-content\/uploads\/2025\/09\/15_Prozent_Rabatt_Swiss_CenterDent-768x432.jpg 768w, https:\/\/medicaltravel.ch\/wp-content\/uploads\/2025\/09\/15_Prozent_Rabatt_Swiss_CenterDent.jpg 1280w\" sizes=\"(max-width: 1024px) 100vw, 1024px\" \/><\/figure>\n\n<p>\u0130stanbul\u2019daki di\u015f d\u00fczeltme tedaviniz i\u00e7in %15\u2019e varan indirim \u0130stanbul\u2019da, \u0130svi\u00e7reli di\u015f hekimimizle \u0130svi\u00e7re kalitesinde hizmet sunuyoruz. Ayr\u0131ca \u00f6n ve son kontroller ile gerekli sonras\u0131 tedaviler, Z\u00fcrih\u2019teki kendi di\u015f klini\u011fimizde ger\u00e7ekle\u015ftirilmektedir. \u015eimdi bu kaliteye \u00e7ok daha uygun fiyatlarla sahip olabilirsiniz \u2013 10.000 \u20ac&#8217;ya kadar olan t\u00fcm di\u015f tedavilerinde %10 indirim \u2013 %12 indirim [\u2026]<\/p>\n\n<p><a href=\"https:\/\/www.medicaltravel.ch\/2020\/09\/24\/bis-zu-15-rabatt-fuer-ihre-zahnkorrektur-in-istanbul\/\">Devam\u0131n\u0131 oku &#8220;<\/a><\/p>\n\n<h2 class=\"wp-block-heading\"><a href=\"https:\/\/www.medicaltravel.ch\/2020\/04\/23\/beratungen\/\">\u0130stanbul&#8217;da estetik cerrahi ve sa\u00e7 ekimi konusunda dan\u0131\u015fmanl\u0131k hizmeti.<\/a><\/h2>\n\n<p>23 Nisan 2020<\/p>\n\n<p><a href=\"https:\/\/www.medicaltravel.ch\/2020\/04\/23\/beratungen\/#respond\">| Yorum Yok<\/a><\/p>\n\n<p><a href=\"https:\/\/www.medicaltravel.ch\/category\/uncategorized-de\/\">| Kategorilenmemi\u015f<\/a><\/p>\n\n<figure class=\"wp-block-image size-full\"><img decoding=\"async\" width=\"639\" height=\"640\" src=\"https:\/\/medicaltravel.ch\/wp-content\/uploads\/2025\/09\/Fotolia_67623581_XXL_gesicht-Kopie-639x640-1.jpg\" alt=\"\" class=\"wp-image-234\" srcset=\"https:\/\/medicaltravel.ch\/wp-content\/uploads\/2025\/09\/Fotolia_67623581_XXL_gesicht-Kopie-639x640-1.jpg 639w, https:\/\/medicaltravel.ch\/wp-content\/uploads\/2025\/09\/Fotolia_67623581_XXL_gesicht-Kopie-639x640-1-300x300.jpg 300w, https:\/\/medicaltravel.ch\/wp-content\/uploads\/2025\/09\/Fotolia_67623581_XXL_gesicht-Kopie-639x640-1-150x150.jpg 150w\" sizes=\"(max-width: 639px) 100vw, 639px\" \/><figcaption class=\"wp-element-caption\">Ne\u015feli, p\u00fcr\u00fczs\u00fcz cilde sahip bir kad\u0131n, beyaz arka plan \u00f6n\u00fcnde.<\/figcaption><\/figure>\n\n<p><a href=\"https:\/\/www.medicaltravel.ch\/2020\/04\/23\/beratungen\/\">Devam\u0131n\u0131 oku &#8220;<\/a><\/p>\n","protected":false},"excerpt":{"rendered":"<p>\u0130stanbul\u2019daki di\u015f d\u00fczeltme tedaviniz i\u00e7in %15\u2019e varan indirim 24 Eyl\u00fcl 2020 | Yorum Yok | Kategorilenmemi\u015f \u0130stanbul\u2019daki di\u015f d\u00fczeltme tedaviniz i\u00e7in %15\u2019e varan indirim \u0130stanbul\u2019da, \u0130svi\u00e7reli di\u015f hekimimizle \u0130svi\u00e7re kalitesinde hizmet sunuyoruz. Ayr\u0131ca \u00f6n ve son kontroller ile gerekli sonras\u0131 tedaviler, Z\u00fcrih\u2019teki kendi di\u015f klini\u011fimizde ger\u00e7ekle\u015ftirilmektedir. \u015eimdi bu kaliteye \u00e7ok daha uygun fiyatlarla sahip olabilirsiniz \u2013 10.000 \u20ac&#8217;ya kadar olan t\u00fcm di\u015f tedavilerinde %10 indirim \u2013 %12 indirim [\u2026] Devam\u0131n\u0131 oku &#8220; \u0130stanbul&#8217;da estetik cerrahi ve sa\u00e7 ekimi konusunda dan\u0131\u015fmanl\u0131k hizmeti. 23 Nisan 2020 | Yorum Yok | Kategorilenmemi\u015f Devam\u0131n\u0131 oku &#8220;<\/p>\n","protected":false},"author":4,"featured_media":0,"parent":0,"menu_order":0,"comment_status":"closed","ping_status":"closed","template":"","meta":{"_joinchat":[],"footnotes":""},"class_list":["post-5562","page","type-page","status-publish","hentry"],"acf":[],"_links":{"self":[{"href":"https:\/\/medicaltravel.ch\/tr\/wp-json\/wp\/v2\/pages\/5562","targetHints":{"allow":["GET"]}}],"collection":[{"href":"https:\/\/medicaltravel.ch\/tr\/wp-json\/wp\/v2\/pages"}],"about":[{"href":"https:\/\/medicaltravel.ch\/tr\/wp-json\/wp\/v2\/types\/page"}],"author":[{"embeddable":true,"href":"https:\/\/medicaltravel.ch\/tr\/wp-json\/wp\/v2\/users\/4"}],"replies":[{"embeddable":true,"href":"https:\/\/medicaltravel.ch\/tr\/wp-json\/wp\/v2\/comments?post=5562"}],"version-history":[{"count":1,"href":"https:\/\/medicaltravel.ch\/tr\/wp-json\/wp\/v2\/pages\/5562\/revisions"}],"predecessor-version":[{"id":5563,"href":"https:\/\/medicaltravel.ch\/tr\/wp-json\/wp\/v2\/pages\/5562\/revisions\/5563"}],"wp:attachment":[{"href":"https:\/\/medicaltravel.ch\/tr\/wp-json\/wp\/v2\/media?parent=5562"}],"curies":[{"name":"wp","href":"https:\/\/api.w.org\/{rel}","templated":true}]}}