{"id":5568,"date":"2025-09-22T14:23:23","date_gmt":"2025-09-22T13:23:23","guid":{"rendered":"https:\/\/medicaltravel.ch\/yil-2020\/ay-nisan-2020\/tarih-23-nisan-2020\/"},"modified":"2026-01-04T19:26:24","modified_gmt":"2026-01-04T18:26:24","slug":"tarih-23-nisan-2020","status":"publish","type":"page","link":"https:\/\/medicaltravel.ch\/tr\/yil-2020\/ay-nisan-2020\/tarih-23-nisan-2020\/","title":{"rendered":"Tarih: 23 Nisan 2020"},"content":{"rendered":"\n<h2 class=\"wp-block-heading\"><a href=\"https:\/\/www.medicaltravel.ch\/2020\/04\/23\/beratungen\/\">\u0130stanbul&#8217;da estetik cerrahi ve sa\u00e7 ekimi konusunda dan\u0131\u015fmanl\u0131k hizmeti.<\/a><\/h2>\n\n<p>23 Nisan 2020<\/p>\n\n<p><a href=\"https:\/\/www.medicaltravel.ch\/2020\/04\/23\/beratungen\/#respond\">| Yorum Yok<\/a><\/p>\n\n<p><a href=\"https:\/\/www.medicaltravel.ch\/category\/uncategorized-de\/\">| Kategorilenmemi\u015f<\/a><\/p>\n\n<figure class=\"wp-block-image size-full\"><img fetchpriority=\"high\" decoding=\"async\" width=\"639\" height=\"640\" src=\"https:\/\/medicaltravel.ch\/wp-content\/uploads\/2025\/09\/Fotolia_67623581_XXL_gesicht-Kopie-639x640-3.jpg\" alt=\"\" class=\"wp-image-243\" srcset=\"https:\/\/medicaltravel.ch\/wp-content\/uploads\/2025\/09\/Fotolia_67623581_XXL_gesicht-Kopie-639x640-3.jpg 639w, https:\/\/medicaltravel.ch\/wp-content\/uploads\/2025\/09\/Fotolia_67623581_XXL_gesicht-Kopie-639x640-3-300x300.jpg 300w, https:\/\/medicaltravel.ch\/wp-content\/uploads\/2025\/09\/Fotolia_67623581_XXL_gesicht-Kopie-639x640-3-150x150.jpg 150w\" sizes=\"(max-width: 639px) 100vw, 639px\" \/><figcaption class=\"wp-element-caption\">Ne\u015feli, p\u00fcr\u00fczs\u00fcz cilde sahip bir kad\u0131n, beyaz arka plan \u00f6n\u00fcnde.<\/figcaption><\/figure>\n\n<p><a href=\"https:\/\/www.medicaltravel.ch\/2020\/04\/23\/beratungen\/\">Devam\u0131n\u0131 oku &#8220;<\/a><\/p>\n","protected":false},"excerpt":{"rendered":"<p>\u0130stanbul&#8217;da estetik cerrahi ve sa\u00e7 ekimi konusunda dan\u0131\u015fmanl\u0131k hizmeti. 23 Nisan 2020 | Yorum Yok | Kategorilenmemi\u015f Devam\u0131n\u0131 oku &#8220;<\/p>\n","protected":false},"author":4,"featured_media":0,"parent":5565,"menu_order":0,"comment_status":"closed","ping_status":"closed","template":"","meta":{"_joinchat":[],"footnotes":""},"class_list":["post-5568","page","type-page","status-publish","hentry"],"acf":[],"_links":{"self":[{"href":"https:\/\/medicaltravel.ch\/tr\/wp-json\/wp\/v2\/pages\/5568","targetHints":{"allow":["GET"]}}],"collection":[{"href":"https:\/\/medicaltravel.ch\/tr\/wp-json\/wp\/v2\/pages"}],"about":[{"href":"https:\/\/medicaltravel.ch\/tr\/wp-json\/wp\/v2\/types\/page"}],"author":[{"embeddable":true,"href":"https:\/\/medicaltravel.ch\/tr\/wp-json\/wp\/v2\/users\/4"}],"replies":[{"embeddable":true,"href":"https:\/\/medicaltravel.ch\/tr\/wp-json\/wp\/v2\/comments?post=5568"}],"version-history":[{"count":1,"href":"https:\/\/medicaltravel.ch\/tr\/wp-json\/wp\/v2\/pages\/5568\/revisions"}],"predecessor-version":[{"id":5569,"href":"https:\/\/medicaltravel.ch\/tr\/wp-json\/wp\/v2\/pages\/5568\/revisions\/5569"}],"up":[{"embeddable":true,"href":"https:\/\/medicaltravel.ch\/tr\/wp-json\/wp\/v2\/pages\/5565"}],"wp:attachment":[{"href":"https:\/\/medicaltravel.ch\/tr\/wp-json\/wp\/v2\/media?parent=5568"}],"curies":[{"name":"wp","href":"https:\/\/api.w.org\/{rel}","templated":true}]}}