{"id":6920,"date":"2026-01-28T11:49:36","date_gmt":"2026-01-28T10:49:36","guid":{"rendered":"https:\/\/medicaltravel.ch\/?page_id=6920"},"modified":"2026-01-28T11:50:50","modified_gmt":"2026-01-28T10:50:50","slug":"istanbulda-yuez-ve-boyun-germe-deneyim-raporu-5","status":"publish","type":"page","link":"https:\/\/medicaltravel.ch\/tr\/hasta-raporlari\/referanslar-tavsiyeler-tedaviler-degerlendirmeler-turkiye-istanbul\/istanbulda-yuez-ve-boyun-germe-deneyim-raporu-5\/","title":{"rendered":"\u0130stanbul&#8217;da Y\u00fcz ve Boyun Germe Deneyim Raporu"},"content":{"rendered":"\t\t<div data-elementor-type=\"wp-page\" data-elementor-id=\"6920\" class=\"elementor elementor-6920 elementor-6918\" data-elementor-post-type=\"page\">\n\t\t\t\t<div class=\"elementor-element elementor-element-311399ca e-flex e-con-boxed wpr-particle-no wpr-jarallax-no wpr-parallax-no wpr-sticky-section-no e-con e-parent\" data-id=\"311399ca\" data-element_type=\"container\" data-e-type=\"container\">\n\t\t\t\t\t<div class=\"e-con-inner\">\n\t\t\t\t<div class=\"elementor-element elementor-element-54b6cb8b elementor-widget elementor-widget-text-editor\" data-id=\"54b6cb8b\" data-element_type=\"widget\" data-e-type=\"widget\" data-widget_type=\"text-editor.default\">\n\t\t\t\t\t\t\t\t\t<p><strong>ERFAHRUNGSBERICHT FACE-UND NECKLIFT IN ISTANBUL<\/strong><\/p>\n<p>Meine pers\u00f6nliche Geschichte, warum ich mich f\u00fcr ein <a href=\"https:\/\/medicaltravel.ch\/schoenheitsoperation\/behandlungsspektrum\/turkei-istanbul-faceliftung\/\" data-type=\"page\" data-id=\"100\">Facelift<\/a> entschieden habe.<\/p>\n<p>Jeden Morgen, wenn ich in den Spiegel sah, sah ich meine vielen Falten im Gesicht, und w\u00fcnschte mir so oft ein Gesicht ohne Falten zu haben. Nach jedem Mal schminken sah es so aus, als ob meine Falten noch mehr zur Geltung kommen. Und welche Frau m\u00f6chte schon so etwas. Nach mehreren Versuchen von irgendwelchen Cremes, die versprachen die Falten damit loszuwerden oder zu minimieren, ob mit oder ohne Moos, mit oder ohne Hyaluron oder sonstigen Inhaltsstoffen, die ich dann alle, Monate lang ausprobierte und am Ende viel Geld ausgegeben habe, aber leider nie einen Erfolg sah.<\/p>\n<p>Dann vor ein paar Monaten sprach ich mit meinem Freund dar\u00fcber, und er unterst\u00fctzte mich in der Entscheidung, dass ich mir ein <strong>Facelift<\/strong> machen lassen m\u00f6chte. Da es f\u00fcr mich die einzige M\u00f6glichkeit war, meine Falten endg\u00fcltig loszuwerden. Also schrieben wir einige Kliniken in Istanbul an, und informierten uns ausf\u00fchrlich \u00fcber ein Facelift. Ich stand mit verschiedenen Kliniken im Gespr\u00e4ch, doch nur eine davon hat mich und meinen Freund wirklich \u00fcberzeugt, das <a href=\"https:\/\/medicaltravel.ch\/schoenheitsoperation\/die-spitaler\/schoenheitsklinik-in-istanbul\/\" data-type=\"page\" data-id=\"78\">Acibadem Spital<\/a> in Istanbul wo mich <a href=\"https:\/\/medicaltravel.ch\/wp-content\/uploads\/2025\/09\/Lebenslauf_Prof_Dr_Oguz-Kayiran.pdf\" data-type=\"link\" data-id=\"https:\/\/medicaltravel.ch\/wp-content\/uploads\/2025\/09\/Lebenslauf_Prof_Dr_Oguz-Kayiran.pdf\">Professor Dr. Kayiran<\/a> dann operierte. Ich lass alles, was man \u00fcber Professor Dr. Kayiran lesen konnte, ind es blieb bei meiner \u00dcberzeugung.<\/p>\n<p>Ich war dann die ganze Zeit \u00fcber mit <a href=\"https:\/\/medicaltravel.ch\/\" data-type=\"page\" data-id=\"6\">medicaltravel.ch<\/a> in <a href=\"https:\/\/medicaltravel.ch\/kontakt\/\" data-type=\"page\" data-id=\"225\">Kontakt<\/a>, da das ganze \u00fcber diese Organisation lief, und ich bekam dann am 31. Mai 2025 einen <a href=\"https:\/\/medicaltravel.ch\/2020-2\/04-2\/23-2\/beratungen\/\" data-type=\"page\" data-id=\"247\">Beratungstermin<\/a> in der Schweiz in Zug, wo uns dann Professor Dr. Kayjran sehr gut \u00fcber alles beraten und aufgekl\u00e4rt hatte. Dabei war auch ein Dolmetscher, der alles perfekt ins Deutsch f\u00fcr uns \u00fcbersetzt hatte. Das Gespr\u00e4ch sowie der Arzt und der Dolmetscher empfand ich als sehr <strong>angenehm und sympathisch<\/strong>. Und all unsere Fragen wurden <strong>perfekt<\/strong> beantwortet. Da ich dann nicht mehr allzu lange auf meinen OP Termin warten wollte, wurde der 4. Juli 2025 f\u00fcr mich vorgesehen, was mich sehr gl\u00fccklich machte.<\/p>\n<p><strong>Am 3. Juli 2025 war\u2019s dann endlich soweit, und wir flogen mit Pegasus nach <a href=\"https:\/\/medicaltravel.ch\/warum-tuerkei\/staedte-der-tuerkei\/istanbul-als-stadt\/\" data-type=\"page\" data-id=\"20\">Istanbul<\/a>.<\/strong> F\u00fcr mich war es \u00fcberhaupt das erste Mal in der T\u00fcrkei und ich freute mich sehr. Erstaunlicherweise war ich nicht sehr nerv\u00f6s auf mein Facelift, da ich mich schon zwei Monate vorher darauf vorbereiten konnte. In Istanbul angekommen, es war schon abends, sagte ich dem Guide meinen Namen, und er organisierte unser Fahrer, der uns dann ins Hotel fuhr. Wir mussten zwar etwas auf ihn warten, aber das war absolut nicht schlimm denn immerhin ist Istanbul eine riesige Stadt und dann kann es schon mal vorkommen, dass es ein paar Minuten l\u00e4nger dauert. Im <strong>Hotel<\/strong> angekommen, brachten wir unser Gep\u00e4ck aufs Zimmer, und ich war erstaunt, wie angenehm k\u00fchl das Zimmer war. Es war alles <strong>wunderbar klimatisiert.<\/strong> Da ich an diesem Tag noch etwas essen durfte, gingen wir in ein Restaurant.<\/p>\n<p><strong>Das Hotel<\/strong> lag in einer eher ruhigeren Gegend in einer Seitenstrasse. Es war <strong>modern<\/strong> und auch sehr <strong>angenehm<\/strong>, sehr <strong>sauber<\/strong> und das Personal war immer sehr <strong>freundlich<\/strong> und auch sehr <strong>hilfsbereit<\/strong>. An der Rezeption sprachen sie sehr gutes Englisch.<\/p>\n<p>Nun war er da, der 4. Juli. Ich stand schon sehr fr\u00fch auf, da ich um 8:00 Uhr morgens vom <strong>Fahrer der sehr nett war,<\/strong> abgeholt und ins Acibadem Spital gefahren wurde. Es wurden einige Voruntersuchungen gemacht, und ich musste noch ein paar Fragen beantworten. Habe dann noch ein letztes Selfie von mir gemacht, zum Vergleich vorher \/ nachher, dann das Krankenhaus Outfit angezogen, und so gegen Mittag hin wurde ich dann runter in den OP gebracht. <strong>Die OP dauerte viereinhalb Stunden, und verlief sehr gut.<\/strong><\/p>\n<p>Als ich wieder wach war in meinem Zimmer, hatte ich noch keine Ahnung, wie ich aus sah, doch ich hatte einen sehr gut gepolsterten Verband um meinen Kopf, dass das Gesicht st\u00fctzte. Und man hat mir gesagt, dass meine Haare im OP noch gewaschen wurden, da ich die Haare f\u00fcr mindestens eine Woche nicht waschen konnte, was ich vom <strong>Personal sehr freundlich<\/strong> fand und es sehr sch\u00e4tzte.<\/p>\n<p>Man darf nicht erwarten, dass man nach einem Facelift nach der OP aussieht wie das bl\u00fchende Leben. Das Gesicht ist geschwollen, und das dauert etwa drei Tage, bis die Schwellung dann langsam zur\u00fcckgeht. Von den Schmerzen her hatte ich immer wieder Kopfschmerzen, aber dagegen bekam ich dann Schmerzmittel. <strong>Von Tag zu Tag ging es mir besser<\/strong>, und ich machte jeden Tag ein Selfie von mir, damit ich sehen konnte, wie sich mein Gesicht nach dem Facelift ver\u00e4ndert. Und diese <strong>Entwicklung sieht man wirklich jeden Tag<\/strong>.<\/p>\n<p>Jeden zweiten Tag wurde ich vom Fahrer im Hotel abgeholt f\u00fcr einen Kontrolltermin beim Arzt, und der <strong>Dolmetscher<\/strong> war auch jedes Mal dabei, was ich <strong>einfach super fand<\/strong>. Mir wurde dann auch jeden 2. Tag der Verband gewechselt und wieder frisch angelegt. Nach genau einer Woche wurde der Verband endg\u00fcltig entfernt, und ich durfte mich das erste Mal etwas ohne Verband zeigen, <strong>wor\u00fcber ich mich sehr freute.<\/strong><\/p>\n<p>Das Gesicht f\u00fchlte sich noch sehr taub an, was noch eine l\u00e4ngere Zeit so bleiben wird, bis alles endg\u00fcltig verheilt ist. Es freute mich auch sehr zu sehen, <strong>wie gut ich schon aussah, nach dieser kurzen Zeit<\/strong>. Und ich durfte mich dann auch das erste Mal wieder schminken, und kleinere Ausfl\u00fcge unternehmen. Das war f\u00fcr mich ein richtiges Highlight.<\/p>\n<p>Ich bekam dann ein Gesichtskorsett mit, dass ich jeden Tag f\u00fcr drei Wochen noch tragen muss, wobei ich ab und zu mal das Gesichtskorsett ausziehen darf. Aber die meiste Zeit muss ich es tragen, was mir \u00fcbrigens nicht viel ausmachte. Am Sonntag wurden wir dann wieder von unserem Fahrer im Hotel abgeholt, der uns dann zum Flughafen brachte, denn die zehn Tage waren dann auch schon wieder rum und die vergingen wie im Fluge. <strong>P\u00fcnktlich ging der Flug<\/strong> dann zur\u00fcck Richtung Heimat.<\/p>\n<p><strong>Ich bin sehr froh habe ich mich f\u00fcr dieses <a href=\"https:\/\/medicaltravel.ch\/schoenheitsoperation\/behandlungsspektrum\/turkei-istanbul-faceliftung\/\" data-type=\"page\" data-id=\"100\">Facelift<\/a> entschieden<\/strong>. Etwas Skepsis geh\u00f6rt immer dazu. Jede\/er der sich f\u00fcr ein Facelift oder f\u00fcr sonstige <a href=\"https:\/\/medicaltravel.ch\/schoenheitsoperation\/turkei-istanbul-schoenheitsreisen\/\" data-type=\"page\" data-id=\"74\">Sch\u00f6nheits-OPs<\/a> entscheidet, kann ich nur <a href=\"https:\/\/medicaltravel.ch\/wp-content\/uploads\/2025\/09\/Lebenslauf_Prof_Dr_Oguz-Kayiran.pdf\" data-type=\"link\" data-id=\"https:\/\/medicaltravel.ch\/wp-content\/uploads\/2025\/09\/Lebenslauf_Prof_Dr_Oguz-Kayiran.pdf\">Professor Dr. Kayiran<\/a> empfehlen. Denn <strong>bei ihm<\/strong> ist man wirklich <strong>in den besten H\u00e4nden<\/strong>. Er ist <strong>sehr erfahren<\/strong>, sympathisch und man f\u00fchlt sich bei ihm <strong>sehr gut aufgehoben<\/strong>. Ich hatte nicht ein einziges Mal irgendwelche Zweifel. <strong>Ich bin so happy<\/strong> und ihm so sehr dankbar f\u00fcr mein neues Ich.<\/p>\n<p>Im <a href=\"https:\/\/medicaltravel.ch\/schoenheitsoperation\/die-spitaler\/schoenheitsklinik-in-istanbul\/\" data-type=\"page\" data-id=\"78\">Acibadem Spital<\/a> war das <strong>Krankenhauspersonal<\/strong> immer sehr <strong>freundlich<\/strong> und <strong>hilfsbereit<\/strong>. Manche sprachen sogar Englisch, und diejenigen die kein Englisch sprachen, da kam dann die \u00dcbersetzungs- App in den Einsatz. Ich war zwei N\u00e4chte im Spital, und ich wurde <strong>regelm\u00e4ssig von den Krankenschwestern<\/strong> gefragt, wie es mir geht und ob ich Schmerzen habe. Auch dort habe ich mich <strong>sehr gut aufgehoben<\/strong> gef\u00fchlt. Und es war immer <strong>sehr sauber<\/strong> und auch <strong>sehr modern<\/strong>. Auch dieses Spital <strong>kann<\/strong> ich <strong>nur empfehlen<\/strong>.<\/p>\n<p>Ich m\u00f6chte mich noch ganz herzlich bei <a href=\"https:\/\/medicaltravel.ch\/\" data-type=\"page\" data-id=\"6\">medicaltravel.ch<\/a> f\u00fcr Ihre<strong> tolle Organisation<\/strong> bedanken. Es hat<strong> alles<\/strong> von Anfang an bis Ende <strong>sehr gut geklappt<\/strong>. Auch was den <strong>Fahrer<\/strong> betrifft, Flughafen \u2013 Hotel \u2013 Klinik, war <strong>immer alles perfekt.<\/strong> Ich musste an gar nichts denken, denn alles war schon organisiert. <strong>Der VIP Service<\/strong> ist wirklich Gold wert, und f\u00fcr mich nicht mehr wegzudenken.<\/p>\n<p>Ich werde auf jeden Fall wieder nach Istanbul reisen f\u00fcr meine n\u00e4chste <a href=\"https:\/\/medicaltravel.ch\/schoenheitsoperation\/\" data-type=\"page\" data-id=\"72\">Sch\u00f6nheits- OP<\/a>. Ich m\u00f6chte mich auch noch mal ganz herzlich bei Professor Dr. Kayiran f\u00fcr seine Freundlichkeit und f\u00fcr seine grossartige Arbeit bedanken. <strong>Dank Ihm f\u00fchle ich mich selbstbewusster in meinem neuen Aussehen.<\/strong><\/p>\n<div class=\"wp-block-group\"><p>&nbsp;<\/p>\n<p class=\"has-text-align-right\"><a href=\"https:\/\/medicaltravel.ch\/berichte-von-patienten-istanbul-turkei\/erfahrungsberichte\/bewertung-zahnkorrektur-antalya\/\" data-type=\"link\" data-id=\"https:\/\/medicaltravel.ch\/berichte-von-patienten-istanbul-turkei\/erfahrungsberichte\/bewertung-zahnkorrektur-antalya\/\">Der n\u00e4chste Bericht<\/a><\/p>\n<\/div>\t\t\t\t\t\t\t\t<\/div>\n\t\t\t\t\t<\/div>\n\t\t\t\t<\/div>\n\t\t\t\t<\/div>\n\t\t","protected":false},"excerpt":{"rendered":"<p>\u0130STANBUL&#8217;DA Y\u00dcZ VE BOYUN GERME AMEL\u0130YATI DENEY\u0130M RAPORU Y\u00fcz germe ameliyat\u0131 yapt\u0131rmaya karar vermemin ki\u015fisel \u00f6yk\u00fcs\u00fc. Her sabah aynaya bakt\u0131\u011f\u0131mda, y\u00fcz\u00fcmdeki bir\u00e7ok k\u0131r\u0131\u015f\u0131kt\u0131 ve s\u0131kl\u0131kla k\u0131r\u0131\u015f\u0131ks\u0131z bir y\u00fcz\u00fcm olmas\u0131n\u0131 diledim. Makyaj yapt\u0131ktan sonra ise, sanki k\u0131r\u0131\u015f\u0131kl\u0131klar\u0131m daha da belirginle\u015fiyordu. Hangi kad\u0131n b\u00f6yle bir \u015fey ister ki? Bir\u00e7ok krem denedim, bunlar k\u0131r\u0131\u015f\u0131kl\u0131klar\u0131 giderece\u011fini ya da en az\u0131ndan k\u00fc\u00e7\u00fcltece\u011fini vaat ediyordu, ister yosunlu, ister hyaluronlu ya da ba\u015fka i\u00e7eriklerle olsun. Bunlar\u0131 aylarca denedim ve sonunda \u00e7ok para harcad\u0131m ama maalesef hi\u00e7bir sonu\u00e7 alamad\u0131m. Birka\u00e7 ay \u00f6nce bu konuda arkada\u015f\u0131m ile konu\u015fmaya ba\u015flad\u0131m ve o da, k\u0131r\u0131\u015f\u0131kl\u0131klar\u0131mdan kurtulmak i\u00e7in y\u00fcz germe (facelift) yapt\u0131rmam\u0131 destekledi. Bu benim i\u00e7in k\u0131r\u0131\u015f\u0131kl\u0131klar\u0131mdan tamamen kurtulman\u0131n tek yolu gibi g\u00f6r\u00fcn\u00fcyordu. Sonra \u0130stanbul&#8217;daki baz\u0131 kliniklerle ileti\u015fime ge\u00e7tik ve y\u00fcz germe konusunda kapsaml\u0131 bilgi ald\u0131k. Bir\u00e7ok klinik ile g\u00f6r\u00fc\u015fmelerim oldu, ancak yaln\u0131zca biri beni ve arkada\u015f\u0131m\u0131 ger\u00e7ekten ikna etti: \u0130stanbul&#8217;daki Ac\u0131badem Hastanesi, burada beni Prof. Dr. Kay\u0131ran ameliyat etti. Prof. Dr. Kay\u0131ran hakk\u0131nda okudu\u011fum her \u015feyi inceledim ve sonunda karar\u0131mda kesinlikle emin oldum. T\u00fcm s\u00fcre\u00e7 boyunca medicaltravel.ch ile s\u00fcrekli ileti\u015fimde kald\u0131m \u00e7\u00fcnk\u00fc her \u015fey bu organizasyon \u00fczerinden y\u00fcr\u00fcyordu. Sonunda 31 May\u0131s 2025&#8217;te, \u0130svi\u00e7re&#8217;nin Zug \u015fehrinde bir dan\u0131\u015fmanl\u0131k randevusu ald\u0131m. Burada, Prof. Dr. Kay\u0131ran bize her \u015fey hakk\u0131nda \u00e7ok kapsaml\u0131 bir \u015fekilde dan\u0131\u015fmanl\u0131k yapt\u0131 ve bilgilendirdi. Yan\u0131m\u0131zda bir terc\u00fcman da vard\u0131, her \u015feyi m\u00fckemmel bir \u015fekilde Almanca&#8217;ya \u00e7evirdi. Hem g\u00f6r\u00fc\u015fme, hem de doktor ve terc\u00fcman olduk\u00e7a ho\u015f ve samimi bir \u015fekilde yakla\u015ft\u0131lar. T\u00fcm sorular\u0131m\u0131za kusursuz cevaplar ald\u0131k. Ameliyat tarihim i\u00e7in fazla beklemek istemedi\u011fim i\u00e7in 4 Temmuz 2025 tarihi belirlendi, bu da beni ger\u00e7ekten \u00e7ok mutlu etti. 3 Temmuz 2025&#8217;te nihayet o an geldi ve Pegasus ile \u0130stanbul&#8217;a u\u00e7tuk. Bu benim T\u00fcrkiye&#8217;ye ilk geli\u015fimdi ve \u00e7ok heyecanl\u0131yd\u0131m. \u015ea\u015f\u0131rt\u0131c\u0131 bir \u015fekilde, facelift ameliyat\u0131m i\u00e7in \u00e7ok sinirli de\u011fildim \u00e7\u00fcnk\u00fc iki ay \u00f6ncesinden haz\u0131rl\u0131k yapma f\u0131rsat\u0131m olmu\u015ftu. \u0130stanbul&#8217;a vard\u0131\u011f\u0131m\u0131zda, ak\u015fam saatleriydi. Rehberime ad\u0131m\u0131 s\u00f6yledim ve o da bizi alacak s\u00fcr\u00fcc\u00fcy\u00fc organize etti. Biraz beklememiz gerekti, ama bu hi\u00e7 sorun olmad\u0131, \u00e7\u00fcnk\u00fc \u0130stanbul dev bir \u015fehir ve bazen birka\u00e7 dakika daha fazla s\u00fcrebilir. Otele vard\u0131k, valizlerimizi odalar\u0131m\u0131za yerle\u015ftirdik ve oday\u0131 ne kadar serin buldu\u011fumdan \u015fa\u015fk\u0131na d\u00f6nd\u00fcm. Her \u015fey harika bir \u015fekilde klimayla so\u011futulmu\u015ftu. O g\u00fcn hala yemek yiyebilece\u011fim i\u00e7in bir restorana gitmeye karar verdik. Otel, daha sakin bir b\u00f6lgede, bir yan sokakta yer al\u0131yordu. Modern ve olduk\u00e7a rahat bir yerdi, \u00e7ok temizdi ve personel her zaman \u00e7ok arkada\u015f canl\u0131s\u0131 ve yard\u0131mseverdi. Resepsiyondaki ki\u015filer \u00e7ok iyi \u0130ngilizce konu\u015fuyorlard\u0131. Nihayet 4 Temmuz geldi. \u00c7ok erken kalkt\u0131m \u00e7\u00fcnk\u00fc sabah saat 8:00&#8217;de, \u00e7ok nazik olan \u015fof\u00f6r\u00fcm taraf\u0131ndan al\u0131n\u0131p Ac\u0131badem Hastanesi&#8217;ne g\u00f6t\u00fcr\u00fcld\u00fcm. Birka\u00e7 \u00f6n muayene yap\u0131ld\u0131 ve birka\u00e7 soruyu daha yan\u0131tlamam gerekti. Son olarak, \u00f6nceki ve sonraki kar\u015f\u0131la\u015ft\u0131rma i\u00e7in bir selfie \u00e7ektim, hastane k\u0131yafetimi giydim ve \u00f6\u011fle saatlerine do\u011fru ameliyathaneye g\u00f6t\u00fcr\u00fcld\u00fcm. Ameliyat d\u00f6rt bu\u00e7uk saat s\u00fcrd\u00fc ve \u00e7ok iyi ge\u00e7ti. Uyand\u0131\u011f\u0131mda odamda, nas\u0131l g\u00f6r\u00fcnd\u00fc\u011f\u00fcm hakk\u0131nda hi\u00e7bir fikrim yoktu, ancak ba\u015f\u0131mda y\u00fcz\u00fcm\u00fc destekleyen iyi bir \u015fekilde sar\u0131lm\u0131\u015f bir bandaj vard\u0131. Ayr\u0131ca, operasyon s\u0131ras\u0131nda sa\u00e7lar\u0131m\u0131n y\u0131kand\u0131\u011f\u0131 s\u00f6ylendi \u00e7\u00fcnk\u00fc en az bir hafta boyunca sa\u00e7lar\u0131m\u0131 y\u0131kayamam\u0131\u015ft\u0131m. Bu durumu hastane personelinin bana \u00e7ok nazik bir \u015fekilde yard\u0131mc\u0131 olmas\u0131n\u0131 takdir ettim. Bir facelift sonras\u0131, hemen hayat dolu bir g\u00f6r\u00fcn\u00fcm beklenmemeli. Y\u00fcz \u015fi\u015fmi\u015f olur ve bu \u015fi\u015flik \u00fc\u00e7 g\u00fcn kadar s\u00fcrer, sonra yava\u015f\u00e7a azalmaya ba\u015flar. A\u011fr\u0131lar a\u00e7\u0131s\u0131ndan s\u00fcrekli ba\u015f a\u011fr\u0131lar\u0131m oldu, ancak bunun i\u00e7in a\u011fr\u0131 kesici aldim. Her ge\u00e7en g\u00fcn kendimi daha iyi hissettim ve her g\u00fcn bir selfie \u00e7ektim, b\u00f6ylece facelift sonras\u0131 y\u00fcz\u00fcmdeki de\u011fi\u015fimleri g\u00f6rebilirdim. Bu de\u011fi\u015fimi ger\u00e7ekten her g\u00fcn g\u00f6zlemlemek m\u00fcmk\u00fcn oldu. Her iki g\u00fcnde bir, \u015fof\u00f6r beni otelden al\u0131p doktorumla kontrol randevusuna g\u00f6t\u00fcr\u00fcyordu ve her seferinde terc\u00fcman da yan\u0131mdayd\u0131, bu ger\u00e7ekten harikayd\u0131. Her iki g\u00fcnde bir bandaj\u0131m de\u011fi\u015ftirilip tekrar yenisi tak\u0131l\u0131yordu. Tam bir hafta sonra bandaj\u0131m tamamen \u00e7\u0131kar\u0131ld\u0131 ve ilk kez bandajs\u0131z bir \u015fekilde d\u0131\u015far\u0131 \u00e7\u0131kma f\u0131rsat\u0131m oldu, bu beni ger\u00e7ekten \u00e7ok mutlu etti. Y\u00fcz\u00fcm hala \u00e7ok uyu\u015fuk hissediyordu, bu da iyile\u015fme s\u00fcreci tamamlanana kadar bir s\u00fcre daha b\u00f6yle devam edecekti. Ancak, bu k\u0131sa s\u00fcre zarf\u0131nda ne kadar iyi g\u00f6r\u00fcnd\u00fc\u011f\u00fcm\u00fc g\u00f6rmek beni \u00e7ok mutlu etti. Ayr\u0131ca, ilk kez makyaj yapabildim ve k\u00fc\u00e7\u00fck geziler yapmaya ba\u015flad\u0131m. Bu ger\u00e7ekten benim i\u00e7in b\u00fcy\u00fck bir d\u00f6n\u00fcm noktas\u0131yd\u0131. Sonras\u0131nda, her g\u00fcn \u00fc\u00e7 hafta boyunca giymem gereken bir y\u00fcz korsesi verildi, ama ara s\u0131ra \u00e7\u0131karabilece\u011fim zamanlar da oldu. Ancak \u00e7o\u011fu zaman bu korsenin tak\u0131l\u0131 olmas\u0131 gerekti, ki asl\u0131nda bu bana pek zor gelmedi. Pazar g\u00fcn\u00fc, yine \u015fof\u00f6r\u00fcm\u00fcz otelden bizi ald\u0131 ve havaalan\u0131na g\u00f6t\u00fcrd\u00fc \u00e7\u00fcnk\u00fc on g\u00fcn\u00fcm\u00fcz h\u0131zl\u0131ca ge\u00e7ti ve bir anda bitmi\u015fti. U\u00e7u\u015fumuz zaman\u0131nda kalkt\u0131 ve evimize do\u011fru geri d\u00f6nd\u00fck. Bu facelift karar\u0131n\u0131 verdi\u011fim i\u00e7in ger\u00e7ekten \u00e7ok mutluyum. Biraz \u015f\u00fcpheci olmak her zaman do\u011fald\u0131r. Facelift veya di\u011fer estetik operasyonlar i\u00e7in karar veren herkese, yaln\u0131zca Prof. Dr. Kay\u0131ran\u2019\u0131 tavsiye edebilirim. \u00c7\u00fcnk\u00fc onun ellerindesiniz, ger\u00e7ekten en iyi bak\u0131m\u0131 al\u0131yorsunuz. \u00c7ok deneyimli, samimi ve onunla \u00e7ok rahat hissediyorsunuz. Hi\u00e7bir an \u015f\u00fcphe duymad\u0131m. Yeni halimden \u00e7ok mutluyum ve ona yeni benli\u011fimi verdi\u011fi i\u00e7in \u00e7ok minnettar\u0131m. Ac\u0131badem Hastanesi&#8217;nde hastane personeli her zaman \u00e7ok dost\u00e7a ve yard\u0131mseverdi. Baz\u0131lar\u0131 \u0130ngilizce bile konu\u015fabiliyordu, konu\u015famayanlar i\u00e7in ise \u00e7eviri uygulamas\u0131 devreye giriyordu. Hastanede iki gece kald\u0131m ve hem\u015fireler s\u00fcrekli olarak benim nas\u0131l oldu\u011fumu ve a\u011fr\u0131m olup olmad\u0131\u011f\u0131n\u0131 sordular. Burada da ger\u00e7ekten \u00e7ok iyi bak\u0131ld\u0131m. Hastane her zaman \u00e7ok temizdi ve olduk\u00e7a modern bir yap\u0131ya sahipti. Bu hastaneyi de kesinlikle tavsiye ediyorum. Medicaltravel.ch\u2019e m\u00fckemmel organizasyonlar\u0131 i\u00e7in \u00e7ok te\u015fekk\u00fcr etmek istiyorum. Ba\u015flang\u0131\u00e7tan sona kadar her \u015fey \u00e7ok iyi gitti. \u015eof\u00f6r ile ilgili her \u015fey de m\u00fckemmeldi, havaalan\u0131 \u2013 otel \u2013 klinik aras\u0131ndaki transferler her zaman kusursuzdu. Hi\u00e7bir \u015fey hakk\u0131nda endi\u015felenmem gerekmedi \u00e7\u00fcnk\u00fc her \u015fey \u00e7ok \u00f6nceden organize edilmi\u015fti. VIP hizmeti ger\u00e7ekten alt\u0131n de\u011ferinde ve art\u0131k benim i\u00e7in vazge\u00e7ilmez bir \u015fey haline geldi. Kesinlikle bir sonraki estetik operasyonum i\u00e7in tekrar \u0130stanbul&#8217;a seyahat edece\u011fim. Ayr\u0131ca, Prof. Dr. Kay\u0131ran\u2019a nazikli\u011fi ve harika i\u015f\u00e7ili\u011fi i\u00e7in tekrar \u00e7ok te\u015fekk\u00fcr etmek istiyorum. Onun sayesin de yeni g\u00f6r\u00fcn\u00fcm\u00fcmle daha \u00f6zg\u00fcvenli hissediyorum. Bir sonraki rapor<\/p>\n","protected":false},"author":4,"featured_media":6934,"parent":4587,"menu_order":0,"comment_status":"closed","ping_status":"closed","template":"","meta":{"_joinchat":[],"footnotes":""},"class_list":["post-6920","page","type-page","status-publish","has-post-thumbnail","hentry"],"acf":[],"_links":{"self":[{"href":"https:\/\/medicaltravel.ch\/tr\/wp-json\/wp\/v2\/pages\/6920","targetHints":{"allow":["GET"]}}],"collection":[{"href":"https:\/\/medicaltravel.ch\/tr\/wp-json\/wp\/v2\/pages"}],"about":[{"href":"https:\/\/medicaltravel.ch\/tr\/wp-json\/wp\/v2\/types\/page"}],"author":[{"embeddable":true,"href":"https:\/\/medicaltravel.ch\/tr\/wp-json\/wp\/v2\/users\/4"}],"replies":[{"embeddable":true,"href":"https:\/\/medicaltravel.ch\/tr\/wp-json\/wp\/v2\/comments?post=6920"}],"version-history":[{"count":1,"href":"https:\/\/medicaltravel.ch\/tr\/wp-json\/wp\/v2\/pages\/6920\/revisions"}],"predecessor-version":[{"id":6923,"href":"https:\/\/medicaltravel.ch\/tr\/wp-json\/wp\/v2\/pages\/6920\/revisions\/6923"}],"up":[{"embeddable":true,"href":"https:\/\/medicaltravel.ch\/tr\/wp-json\/wp\/v2\/pages\/4587"}],"wp:featuredmedia":[{"embeddable":true,"href":"https:\/\/medicaltravel.ch\/tr\/wp-json\/wp\/v2\/media\/6934"}],"wp:attachment":[{"href":"https:\/\/medicaltravel.ch\/tr\/wp-json\/wp\/v2\/media?parent=6920"}],"curies":[{"name":"wp","href":"https:\/\/api.w.org\/{rel}","templated":true}]}}